{"id":6506,"date":"2022-11-14T18:36:49","date_gmt":"2022-11-14T17:36:49","guid":{"rendered":"https:\/\/lamollla.com\/?post_type=product&#038;p=6506"},"modified":"2025-05-26T17:05:04","modified_gmt":"2025-05-26T15:05:04","slug":"twist-collier-court","status":"publish","type":"product","link":"https:\/\/lamollla.com\/fr\/produit\/twist-collier-court\/","title":{"rendered":"Twist Collier Court"},"content":{"rendered":"<p><b>TWIST \u2013 Collier court en acier inoxydable \u2013 \u00c9l\u00e9gance pratique et design minimaliste<\/b><\/p>\n<p><span style=\"font-weight: 400;\">La version courte du collier <\/span><b>TWIST<\/b><span style=\"font-weight: 400;\"> apporte la m\u00eame brillance, clart\u00e9 et modernit\u00e9 dans un format plus compact, de style ras-du-cou \u2014 parfait pour un usage quotidien.<\/span><span style=\"font-weight: 400;\"><br \/>\n<\/span><span style=\"font-weight: 400;\">Fabriqu\u00e9 en fil d\u2019acier inoxydable flexible, il se pose avec douceur autour du cou et capte la lumi\u00e8re avec une sophistication discr\u00e8te.<\/span><span style=\"font-weight: 400;\"><br \/>\n<\/span><span style=\"font-weight: 400;\">Sa silhouette \u00e9pur\u00e9e et minimaliste en fait un choix id\u00e9al pour ceux qui pr\u00e9f\u00e8rent l\u2019\u00e9l\u00e9gance sans effort, avec une touche contemporaine.<\/span><\/p>\n<p><span style=\"font-weight: 400;\">Ferm\u00e9 par notre fermoir magn\u00e9tique personnalis\u00e9, fabriqu\u00e9 et grav\u00e9 \u00e0 la main au nom de <\/span><i><span style=\"font-weight: 400;\">la mollla\u00ae<\/span><\/i><span style=\"font-weight: 400;\">, ce collier unit praticit\u00e9 et originalit\u00e9 dans une pi\u00e8ce intemporelle.<\/span><span style=\"font-weight: 400;\"><br \/>\n<\/span><b>TWIST Short<\/b><span style=\"font-weight: 400;\"> est le ras-du-cou en acier inoxydable id\u00e9al pour ceux qui valorisent le style, le confort et un design qui parle sans crier.<\/span><\/p>\n<p><span style=\"font-weight: 400;\">Authentique, fabriqu\u00e9 en Italie et en France, notre bijou est con\u00e7u avec un haut niveau de qualit\u00e9 \u00e0 Turin et \u00e0 Paris, avec l\u2019aide de notre r\u00e9seau historique de fournisseurs italiens.<\/span><span style=\"font-weight: 400;\"><br \/>\n<\/span><span style=\"font-weight: 400;\">Issu d\u2019un design industriel rigoureux.<\/span><span style=\"font-weight: 400;\"><br \/>\n<\/span><span style=\"font-weight: 400;\">Avec les soins appropri\u00e9s, il est fait pour durer \u00e9ternellement.<\/span><span style=\"font-weight: 400;\"><br \/>\n<\/span><span style=\"font-weight: 400;\">Chaque collier est compos\u00e9 de ressorts originaux de haute qualit\u00e9 en acier inoxydable pur.<\/span><\/p>\n<p><span style=\"font-weight: 400;\">Design Tiziana Redavid for la mollla<\/span><span style=\"font-weight: 400;\"><br \/>\n<\/span><span style=\"font-weight: 400;\">Beware of imitations<\/span><\/p>\n","protected":false},"excerpt":{"rendered":"<p><span style=\"font-weight: 400;\">Taille : 51 cm<\/span><\/p>\n","protected":false},"featured_media":6508,"template":"","meta":{"_uf_show_specific_survey":0,"_uf_disable_surveys":false},"product_brand":[],"product_cat":[121,100],"product_tag":[243],"class_list":{"0":"post-6506","1":"product","2":"type-product","3":"status-publish","4":"has-post-thumbnail","6":"product_cat-collier","7":"product_cat-twist-fr","8":"product_tag-online-fr","9":"product_shipping_class-coll-saut-fr","11":"first","12":"instock","13":"taxable","14":"shipping-taxable","15":"purchasable","16":"product-type-simple"},"yoast_head":"<!-- This site is optimized with the Yoast SEO plugin v26.8 - https:\/\/yoast.com\/product\/yoast-seo-wordpress\/ -->\n<title>Twist Collier Court - la mollla\u00ae<\/title>\n<meta name=\"robots\" content=\"index, follow, max-snippet:-1, max-image-preview:large, max-video-preview:-1\" \/>\n<link rel=\"canonical\" href=\"https:\/\/lamollla.com\/fr\/produit\/twist-collier-court\/\" \/>\n<meta property=\"og:locale\" content=\"fr_FR\" \/>\n<meta property=\"og:type\" content=\"article\" \/>\n<meta property=\"og:title\" content=\"Twist Collier Court - la mollla\u00ae\" \/>\n<meta property=\"og:description\" content=\"Taille : 51 cm\" \/>\n<meta property=\"og:url\" content=\"https:\/\/lamollla.com\/fr\/produit\/twist-collier-court\/\" \/>\n<meta property=\"og:site_name\" content=\"la mollla\u00ae\" \/>\n<meta property=\"article:publisher\" content=\"https:\/\/www.facebook.com\/TizianaRedavidAteliers\" \/>\n<meta property=\"article:modified_time\" content=\"2025-05-26T15:05:04+00:00\" \/>\n<meta property=\"og:image\" content=\"https:\/\/lamollla.com\/wp-content\/uploads\/2022\/11\/twist_short_necklace-model_web-1024x1024.jpg\" \/>\n\t<meta property=\"og:image:width\" content=\"1024\" \/>\n\t<meta property=\"og:image:height\" content=\"1024\" \/>\n\t<meta property=\"og:image:type\" content=\"image\/jpeg\" \/>\n<meta name=\"twitter:card\" content=\"summary_large_image\" \/>\n<meta name=\"twitter:label1\" content=\"Dur\u00e9e de lecture estim\u00e9e\" \/>\n\t<meta name=\"twitter:data1\" content=\"2 minutes\" \/>\n<script type=\"application\/ld+json\" class=\"yoast-schema-graph\">{\"@context\":\"https:\/\/schema.org\",\"@graph\":[{\"@type\":\"WebPage\",\"@id\":\"https:\/\/lamollla.com\/fr\/produit\/twist-collier-court\/\",\"url\":\"https:\/\/lamollla.com\/fr\/produit\/twist-collier-court\/\",\"name\":\"Twist Collier Court - la mollla\u00ae\",\"isPartOf\":{\"@id\":\"https:\/\/lamollla.com\/fr\/#website\"},\"primaryImageOfPage\":{\"@id\":\"https:\/\/lamollla.com\/fr\/produit\/twist-collier-court\/#primaryimage\"},\"image\":{\"@id\":\"https:\/\/lamollla.com\/fr\/produit\/twist-collier-court\/#primaryimage\"},\"thumbnailUrl\":\"https:\/\/lamollla.com\/wp-content\/uploads\/2022\/11\/twist_short_necklace-model_web.jpg\",\"datePublished\":\"2022-11-14T17:36:49+00:00\",\"dateModified\":\"2025-05-26T15:05:04+00:00\",\"breadcrumb\":{\"@id\":\"https:\/\/lamollla.com\/fr\/produit\/twist-collier-court\/#breadcrumb\"},\"inLanguage\":\"fr-FR\",\"potentialAction\":[{\"@type\":\"ReadAction\",\"target\":[\"https:\/\/lamollla.com\/fr\/produit\/twist-collier-court\/\"]}]},{\"@type\":\"ImageObject\",\"inLanguage\":\"fr-FR\",\"@id\":\"https:\/\/lamollla.com\/fr\/produit\/twist-collier-court\/#primaryimage\",\"url\":\"https:\/\/lamollla.com\/wp-content\/uploads\/2022\/11\/twist_short_necklace-model_web.jpg\",\"contentUrl\":\"https:\/\/lamollla.com\/wp-content\/uploads\/2022\/11\/twist_short_necklace-model_web.jpg\",\"width\":2000,\"height\":2000},{\"@type\":\"BreadcrumbList\",\"@id\":\"https:\/\/lamollla.com\/fr\/produit\/twist-collier-court\/#breadcrumb\",\"itemListElement\":[{\"@type\":\"ListItem\",\"position\":1,\"name\":\"Home\",\"item\":\"https:\/\/lamollla.com\/fr\/\"},{\"@type\":\"ListItem\",\"position\":2,\"name\":\"Boutique\",\"item\":\"https:\/\/lamollla.com\/fr\/boutique\/\"},{\"@type\":\"ListItem\",\"position\":3,\"name\":\"Twist Collier Court\"}]},{\"@type\":\"WebSite\",\"@id\":\"https:\/\/lamollla.com\/fr\/#website\",\"url\":\"https:\/\/lamollla.com\/fr\/\",\"name\":\"la mollla\u00ae\",\"description\":\"\",\"publisher\":{\"@id\":\"https:\/\/lamollla.com\/fr\/#organization\"},\"potentialAction\":[{\"@type\":\"SearchAction\",\"target\":{\"@type\":\"EntryPoint\",\"urlTemplate\":\"https:\/\/lamollla.com\/fr\/?s={search_term_string}\"},\"query-input\":{\"@type\":\"PropertyValueSpecification\",\"valueRequired\":true,\"valueName\":\"search_term_string\"}}],\"inLanguage\":\"fr-FR\"},{\"@type\":\"Organization\",\"@id\":\"https:\/\/lamollla.com\/fr\/#organization\",\"name\":\"Soci\u00e9t\u00e9 Eolienne\",\"url\":\"https:\/\/lamollla.com\/fr\/\",\"logo\":{\"@type\":\"ImageObject\",\"inLanguage\":\"fr-FR\",\"@id\":\"https:\/\/lamollla.com\/fr\/#\/schema\/logo\/image\/\",\"url\":\"https:\/\/lamollla.com\/wp-content\/uploads\/2020\/09\/logo-lamollla@2x.png\",\"contentUrl\":\"https:\/\/lamollla.com\/wp-content\/uploads\/2020\/09\/logo-lamollla@2x.png\",\"width\":968,\"height\":212,\"caption\":\"Soci\u00e9t\u00e9 Eolienne\"},\"image\":{\"@id\":\"https:\/\/lamollla.com\/fr\/#\/schema\/logo\/image\/\"},\"sameAs\":[\"https:\/\/www.facebook.com\/TizianaRedavidAteliers\",\"https:\/\/www.instagram.com\/tizianaredavidesign\/\",\"https:\/\/www.pinterest.it\/tizianaredavid\/\"]}]}<\/script>\n<!-- \/ Yoast SEO plugin. -->","yoast_head_json":{"title":"Twist Collier Court - la mollla\u00ae","robots":{"index":"index","follow":"follow","max-snippet":"max-snippet:-1","max-image-preview":"max-image-preview:large","max-video-preview":"max-video-preview:-1"},"canonical":"https:\/\/lamollla.com\/fr\/produit\/twist-collier-court\/","og_locale":"fr_FR","og_type":"article","og_title":"Twist Collier Court - la mollla\u00ae","og_description":"Taille : 51 cm","og_url":"https:\/\/lamollla.com\/fr\/produit\/twist-collier-court\/","og_site_name":"la mollla\u00ae","article_publisher":"https:\/\/www.facebook.com\/TizianaRedavidAteliers","article_modified_time":"2025-05-26T15:05:04+00:00","og_image":[{"width":1024,"height":1024,"url":"https:\/\/lamollla.com\/wp-content\/uploads\/2022\/11\/twist_short_necklace-model_web-1024x1024.jpg","type":"image\/jpeg"}],"twitter_card":"summary_large_image","twitter_misc":{"Dur\u00e9e de lecture estim\u00e9e":"2 minutes"},"schema":{"@context":"https:\/\/schema.org","@graph":[{"@type":"WebPage","@id":"https:\/\/lamollla.com\/fr\/produit\/twist-collier-court\/","url":"https:\/\/lamollla.com\/fr\/produit\/twist-collier-court\/","name":"Twist Collier Court - la mollla\u00ae","isPartOf":{"@id":"https:\/\/lamollla.com\/fr\/#website"},"primaryImageOfPage":{"@id":"https:\/\/lamollla.com\/fr\/produit\/twist-collier-court\/#primaryimage"},"image":{"@id":"https:\/\/lamollla.com\/fr\/produit\/twist-collier-court\/#primaryimage"},"thumbnailUrl":"https:\/\/lamollla.com\/wp-content\/uploads\/2022\/11\/twist_short_necklace-model_web.jpg","datePublished":"2022-11-14T17:36:49+00:00","dateModified":"2025-05-26T15:05:04+00:00","breadcrumb":{"@id":"https:\/\/lamollla.com\/fr\/produit\/twist-collier-court\/#breadcrumb"},"inLanguage":"fr-FR","potentialAction":[{"@type":"ReadAction","target":["https:\/\/lamollla.com\/fr\/produit\/twist-collier-court\/"]}]},{"@type":"ImageObject","inLanguage":"fr-FR","@id":"https:\/\/lamollla.com\/fr\/produit\/twist-collier-court\/#primaryimage","url":"https:\/\/lamollla.com\/wp-content\/uploads\/2022\/11\/twist_short_necklace-model_web.jpg","contentUrl":"https:\/\/lamollla.com\/wp-content\/uploads\/2022\/11\/twist_short_necklace-model_web.jpg","width":2000,"height":2000},{"@type":"BreadcrumbList","@id":"https:\/\/lamollla.com\/fr\/produit\/twist-collier-court\/#breadcrumb","itemListElement":[{"@type":"ListItem","position":1,"name":"Home","item":"https:\/\/lamollla.com\/fr\/"},{"@type":"ListItem","position":2,"name":"Boutique","item":"https:\/\/lamollla.com\/fr\/boutique\/"},{"@type":"ListItem","position":3,"name":"Twist Collier Court"}]},{"@type":"WebSite","@id":"https:\/\/lamollla.com\/fr\/#website","url":"https:\/\/lamollla.com\/fr\/","name":"la mollla\u00ae","description":"","publisher":{"@id":"https:\/\/lamollla.com\/fr\/#organization"},"potentialAction":[{"@type":"SearchAction","target":{"@type":"EntryPoint","urlTemplate":"https:\/\/lamollla.com\/fr\/?s={search_term_string}"},"query-input":{"@type":"PropertyValueSpecification","valueRequired":true,"valueName":"search_term_string"}}],"inLanguage":"fr-FR"},{"@type":"Organization","@id":"https:\/\/lamollla.com\/fr\/#organization","name":"Soci\u00e9t\u00e9 Eolienne","url":"https:\/\/lamollla.com\/fr\/","logo":{"@type":"ImageObject","inLanguage":"fr-FR","@id":"https:\/\/lamollla.com\/fr\/#\/schema\/logo\/image\/","url":"https:\/\/lamollla.com\/wp-content\/uploads\/2020\/09\/logo-lamollla@2x.png","contentUrl":"https:\/\/lamollla.com\/wp-content\/uploads\/2020\/09\/logo-lamollla@2x.png","width":968,"height":212,"caption":"Soci\u00e9t\u00e9 Eolienne"},"image":{"@id":"https:\/\/lamollla.com\/fr\/#\/schema\/logo\/image\/"},"sameAs":["https:\/\/www.facebook.com\/TizianaRedavidAteliers","https:\/\/www.instagram.com\/tizianaredavidesign\/","https:\/\/www.pinterest.it\/tizianaredavid\/"]}]}},"_links":{"self":[{"href":"https:\/\/lamollla.com\/fr\/wp-json\/wp\/v2\/product\/6506","targetHints":{"allow":["GET"]}}],"collection":[{"href":"https:\/\/lamollla.com\/fr\/wp-json\/wp\/v2\/product"}],"about":[{"href":"https:\/\/lamollla.com\/fr\/wp-json\/wp\/v2\/types\/product"}],"wp:featuredmedia":[{"embeddable":true,"href":"https:\/\/lamollla.com\/fr\/wp-json\/wp\/v2\/media\/6508"}],"wp:attachment":[{"href":"https:\/\/lamollla.com\/fr\/wp-json\/wp\/v2\/media?parent=6506"}],"wp:term":[{"taxonomy":"product_brand","embeddable":true,"href":"https:\/\/lamollla.com\/fr\/wp-json\/wp\/v2\/product_brand?post=6506"},{"taxonomy":"product_cat","embeddable":true,"href":"https:\/\/lamollla.com\/fr\/wp-json\/wp\/v2\/product_cat?post=6506"},{"taxonomy":"product_tag","embeddable":true,"href":"https:\/\/lamollla.com\/fr\/wp-json\/wp\/v2\/product_tag?post=6506"}],"curies":[{"name":"wp","href":"https:\/\/api.w.org\/{rel}","templated":true}]}}