{"id":3617,"date":"2020-08-01T02:15:02","date_gmt":"2021-10-17T10:04:00","guid":{"rendered":"https:\/\/lamollla.com\/product\/boucles-doreilles-epi\/"},"modified":"2024-12-16T15:29:02","modified_gmt":"2024-12-16T14:29:02","slug":"epi-earrings","status":"publish","type":"product","link":"https:\/\/lamollla.com\/fr\/produit\/epi-earrings\/","title":{"rendered":"\u00c9pi Boucles d&#8217;oreilles"},"content":{"rendered":"<p>La ligne EPI a \u00e9t\u00e9 imagin\u00e9e un jour d&#8217;\u00e9t\u00e9, alors que notre designer Tiziana Redavid se trouvait dans un champ de ma\u00efs. Elle a imagin\u00e9 que le ma\u00efs enveloppait soudainement son corps, lui donnant brillance, chaleur, un sentiment d&#8217;appartenance et d&#8217;unicit\u00e9.<br \/>\nChaque perle se positionne diff\u00e9remment sur le corps au gr\u00e9 des mouvements. Comme si l&#8217;on regardait un champ de ma\u00efs imaginaire caress\u00e9 par un vent chaud.<br \/>\nLe collier est compl\u00e9t\u00e9 par une fermeture en acier inoxydable et aimant\u00e9e con\u00e7ue, produite, grav\u00e9e et assembl\u00e9e individuellement.<\/p>\n<p>Authentiques, fabriqu\u00e9s en Italie et en France, nos bijoux sont r\u00e9alis\u00e9s avec un haut niveau de production, \u00e0 Turin et \u00e0 Paris.<br \/>\nIls sont n\u00e9s d&#8217;un design industriel rigoureux.<br \/>\nAvec des soins appropri\u00e9s, ils devraient durer \u00e9ternellement.<br \/>\nChaque boucle d\u2019oreille est fabriqu\u00e9 avec des ressorts d&#8217;acier inoxydable de qualit\u00e9 sup\u00e9rieure.<\/p>\n<p><strong>M\u00e9fiez-vous des imitations.<\/strong><\/p>\n","protected":false},"excerpt":{"rendered":"<p>La ligne EPI a \u00e9t\u00e9 imagin\u00e9e un jour d&#8217;\u00e9t\u00e9, alors que notre designer Tiziana Redavid se trouvait dans un champ de ma\u00efs. Elle a imagin\u00e9 que le ma\u00efs enveloppait soudainement son corps, lui donnant brillance, chaleur, un sentiment d&#8217;appartenance et d&#8217;unicit\u00e9. Chaque perle se positionne diff\u00e9remment sur le corps au gr\u00e9 des mouvements. Comme si &#8230; <a title=\"\u00c9pi Boucles d&#8217;oreilles\" class=\"read-more\" href=\"https:\/\/lamollla.com\/fr\/produit\/epi-earrings\/\" aria-label=\"En savoir plus sur \u00c9pi Boucles d&#8217;oreilles\">Lire plus<\/a><\/p>\n","protected":false},"featured_media":7091,"template":"","meta":{"_uf_show_specific_survey":0,"_uf_disable_surveys":false},"product_brand":[],"product_cat":[129,89],"product_tag":[243],"class_list":{"0":"post-3617","1":"product","2":"type-product","3":"status-publish","4":"has-post-thumbnail","6":"product_cat-boucle-doreille","7":"product_cat-epi-fr","8":"product_tag-online-fr","9":"product_shipping_class-bo-bag-pend-fr","11":"first","12":"instock","13":"taxable","14":"shipping-taxable","15":"purchasable","16":"product-type-simple"},"yoast_head":"<!-- This site is optimized with the Yoast SEO plugin v26.8 - https:\/\/yoast.com\/product\/yoast-seo-wordpress\/ -->\n<title>\u00c9pi Boucles d&#039;oreilles - la mollla\u00ae<\/title>\n<meta name=\"robots\" content=\"index, follow, max-snippet:-1, max-image-preview:large, max-video-preview:-1\" \/>\n<link rel=\"canonical\" href=\"https:\/\/lamollla.com\/fr\/produit\/epi-earrings\/\" \/>\n<meta property=\"og:locale\" content=\"fr_FR\" \/>\n<meta property=\"og:type\" content=\"article\" \/>\n<meta property=\"og:title\" content=\"\u00c9pi Boucles d&#039;oreilles - la mollla\u00ae\" \/>\n<meta property=\"og:description\" content=\"La ligne EPI a \u00e9t\u00e9 imagin\u00e9e un jour d&#8217;\u00e9t\u00e9, alors que notre designer Tiziana Redavid se trouvait dans un champ de ma\u00efs. Elle a imagin\u00e9 que le ma\u00efs enveloppait soudainement son corps, lui donnant brillance, chaleur, un sentiment d&#8217;appartenance et d&#8217;unicit\u00e9. Chaque perle se positionne diff\u00e9remment sur le corps au gr\u00e9 des mouvements. Comme si ... Lire plus\" \/>\n<meta property=\"og:url\" content=\"https:\/\/lamollla.com\/fr\/produit\/epi-earrings\/\" \/>\n<meta property=\"og:site_name\" content=\"la mollla\u00ae\" \/>\n<meta property=\"article:publisher\" content=\"https:\/\/www.facebook.com\/TizianaRedavidAteliers\" \/>\n<meta property=\"article:modified_time\" content=\"2024-12-16T14:29:02+00:00\" \/>\n<meta property=\"og:image\" content=\"https:\/\/lamollla.com\/wp-content\/uploads\/2020\/08\/epi_earrings-01.jpeg\" \/>\n\t<meta property=\"og:image:width\" content=\"1333\" \/>\n\t<meta property=\"og:image:height\" content=\"1333\" \/>\n\t<meta property=\"og:image:type\" content=\"image\/jpeg\" \/>\n<meta name=\"twitter:card\" content=\"summary_large_image\" \/>\n<meta name=\"twitter:label1\" content=\"Dur\u00e9e de lecture estim\u00e9e\" \/>\n\t<meta name=\"twitter:data1\" content=\"1 minute\" \/>\n<script type=\"application\/ld+json\" class=\"yoast-schema-graph\">{\"@context\":\"https:\/\/schema.org\",\"@graph\":[{\"@type\":\"WebPage\",\"@id\":\"https:\/\/lamollla.com\/fr\/produit\/epi-earrings\/\",\"url\":\"https:\/\/lamollla.com\/fr\/produit\/epi-earrings\/\",\"name\":\"\u00c9pi Boucles d'oreilles - la mollla\u00ae\",\"isPartOf\":{\"@id\":\"https:\/\/lamollla.com\/fr\/#website\"},\"primaryImageOfPage\":{\"@id\":\"https:\/\/lamollla.com\/fr\/produit\/epi-earrings\/#primaryimage\"},\"image\":{\"@id\":\"https:\/\/lamollla.com\/fr\/produit\/epi-earrings\/#primaryimage\"},\"thumbnailUrl\":\"https:\/\/lamollla.com\/wp-content\/uploads\/2020\/08\/epi_earrings-01.jpeg\",\"datePublished\":\"2021-10-17T10:04:00+00:00\",\"dateModified\":\"2024-12-16T14:29:02+00:00\",\"breadcrumb\":{\"@id\":\"https:\/\/lamollla.com\/fr\/produit\/epi-earrings\/#breadcrumb\"},\"inLanguage\":\"fr-FR\",\"potentialAction\":[{\"@type\":\"ReadAction\",\"target\":[\"https:\/\/lamollla.com\/fr\/produit\/epi-earrings\/\"]}]},{\"@type\":\"ImageObject\",\"inLanguage\":\"fr-FR\",\"@id\":\"https:\/\/lamollla.com\/fr\/produit\/epi-earrings\/#primaryimage\",\"url\":\"https:\/\/lamollla.com\/wp-content\/uploads\/2020\/08\/epi_earrings-01.jpeg\",\"contentUrl\":\"https:\/\/lamollla.com\/wp-content\/uploads\/2020\/08\/epi_earrings-01.jpeg\",\"width\":1333,\"height\":1333},{\"@type\":\"BreadcrumbList\",\"@id\":\"https:\/\/lamollla.com\/fr\/produit\/epi-earrings\/#breadcrumb\",\"itemListElement\":[{\"@type\":\"ListItem\",\"position\":1,\"name\":\"Home\",\"item\":\"https:\/\/lamollla.com\/fr\/\"},{\"@type\":\"ListItem\",\"position\":2,\"name\":\"Boutique\",\"item\":\"https:\/\/lamollla.com\/fr\/boutique\/\"},{\"@type\":\"ListItem\",\"position\":3,\"name\":\"\u00c9pi Boucles d&#8217;oreilles\"}]},{\"@type\":\"WebSite\",\"@id\":\"https:\/\/lamollla.com\/fr\/#website\",\"url\":\"https:\/\/lamollla.com\/fr\/\",\"name\":\"la mollla\u00ae\",\"description\":\"\",\"publisher\":{\"@id\":\"https:\/\/lamollla.com\/fr\/#organization\"},\"potentialAction\":[{\"@type\":\"SearchAction\",\"target\":{\"@type\":\"EntryPoint\",\"urlTemplate\":\"https:\/\/lamollla.com\/fr\/?s={search_term_string}\"},\"query-input\":{\"@type\":\"PropertyValueSpecification\",\"valueRequired\":true,\"valueName\":\"search_term_string\"}}],\"inLanguage\":\"fr-FR\"},{\"@type\":\"Organization\",\"@id\":\"https:\/\/lamollla.com\/fr\/#organization\",\"name\":\"Soci\u00e9t\u00e9 Eolienne\",\"url\":\"https:\/\/lamollla.com\/fr\/\",\"logo\":{\"@type\":\"ImageObject\",\"inLanguage\":\"fr-FR\",\"@id\":\"https:\/\/lamollla.com\/fr\/#\/schema\/logo\/image\/\",\"url\":\"https:\/\/lamollla.com\/wp-content\/uploads\/2020\/09\/logo-lamollla@2x.png\",\"contentUrl\":\"https:\/\/lamollla.com\/wp-content\/uploads\/2020\/09\/logo-lamollla@2x.png\",\"width\":968,\"height\":212,\"caption\":\"Soci\u00e9t\u00e9 Eolienne\"},\"image\":{\"@id\":\"https:\/\/lamollla.com\/fr\/#\/schema\/logo\/image\/\"},\"sameAs\":[\"https:\/\/www.facebook.com\/TizianaRedavidAteliers\",\"https:\/\/www.instagram.com\/tizianaredavidesign\/\",\"https:\/\/www.pinterest.it\/tizianaredavid\/\"]}]}<\/script>\n<!-- \/ Yoast SEO plugin. -->","yoast_head_json":{"title":"\u00c9pi Boucles d'oreilles - la mollla\u00ae","robots":{"index":"index","follow":"follow","max-snippet":"max-snippet:-1","max-image-preview":"max-image-preview:large","max-video-preview":"max-video-preview:-1"},"canonical":"https:\/\/lamollla.com\/fr\/produit\/epi-earrings\/","og_locale":"fr_FR","og_type":"article","og_title":"\u00c9pi Boucles d'oreilles - la mollla\u00ae","og_description":"La ligne EPI a \u00e9t\u00e9 imagin\u00e9e un jour d&#8217;\u00e9t\u00e9, alors que notre designer Tiziana Redavid se trouvait dans un champ de ma\u00efs. Elle a imagin\u00e9 que le ma\u00efs enveloppait soudainement son corps, lui donnant brillance, chaleur, un sentiment d&#8217;appartenance et d&#8217;unicit\u00e9. Chaque perle se positionne diff\u00e9remment sur le corps au gr\u00e9 des mouvements. Comme si ... Lire plus","og_url":"https:\/\/lamollla.com\/fr\/produit\/epi-earrings\/","og_site_name":"la mollla\u00ae","article_publisher":"https:\/\/www.facebook.com\/TizianaRedavidAteliers","article_modified_time":"2024-12-16T14:29:02+00:00","og_image":[{"width":1333,"height":1333,"url":"https:\/\/lamollla.com\/wp-content\/uploads\/2020\/08\/epi_earrings-01.jpeg","type":"image\/jpeg"}],"twitter_card":"summary_large_image","twitter_misc":{"Dur\u00e9e de lecture estim\u00e9e":"1 minute"},"schema":{"@context":"https:\/\/schema.org","@graph":[{"@type":"WebPage","@id":"https:\/\/lamollla.com\/fr\/produit\/epi-earrings\/","url":"https:\/\/lamollla.com\/fr\/produit\/epi-earrings\/","name":"\u00c9pi Boucles d'oreilles - la mollla\u00ae","isPartOf":{"@id":"https:\/\/lamollla.com\/fr\/#website"},"primaryImageOfPage":{"@id":"https:\/\/lamollla.com\/fr\/produit\/epi-earrings\/#primaryimage"},"image":{"@id":"https:\/\/lamollla.com\/fr\/produit\/epi-earrings\/#primaryimage"},"thumbnailUrl":"https:\/\/lamollla.com\/wp-content\/uploads\/2020\/08\/epi_earrings-01.jpeg","datePublished":"2021-10-17T10:04:00+00:00","dateModified":"2024-12-16T14:29:02+00:00","breadcrumb":{"@id":"https:\/\/lamollla.com\/fr\/produit\/epi-earrings\/#breadcrumb"},"inLanguage":"fr-FR","potentialAction":[{"@type":"ReadAction","target":["https:\/\/lamollla.com\/fr\/produit\/epi-earrings\/"]}]},{"@type":"ImageObject","inLanguage":"fr-FR","@id":"https:\/\/lamollla.com\/fr\/produit\/epi-earrings\/#primaryimage","url":"https:\/\/lamollla.com\/wp-content\/uploads\/2020\/08\/epi_earrings-01.jpeg","contentUrl":"https:\/\/lamollla.com\/wp-content\/uploads\/2020\/08\/epi_earrings-01.jpeg","width":1333,"height":1333},{"@type":"BreadcrumbList","@id":"https:\/\/lamollla.com\/fr\/produit\/epi-earrings\/#breadcrumb","itemListElement":[{"@type":"ListItem","position":1,"name":"Home","item":"https:\/\/lamollla.com\/fr\/"},{"@type":"ListItem","position":2,"name":"Boutique","item":"https:\/\/lamollla.com\/fr\/boutique\/"},{"@type":"ListItem","position":3,"name":"\u00c9pi Boucles d&#8217;oreilles"}]},{"@type":"WebSite","@id":"https:\/\/lamollla.com\/fr\/#website","url":"https:\/\/lamollla.com\/fr\/","name":"la mollla\u00ae","description":"","publisher":{"@id":"https:\/\/lamollla.com\/fr\/#organization"},"potentialAction":[{"@type":"SearchAction","target":{"@type":"EntryPoint","urlTemplate":"https:\/\/lamollla.com\/fr\/?s={search_term_string}"},"query-input":{"@type":"PropertyValueSpecification","valueRequired":true,"valueName":"search_term_string"}}],"inLanguage":"fr-FR"},{"@type":"Organization","@id":"https:\/\/lamollla.com\/fr\/#organization","name":"Soci\u00e9t\u00e9 Eolienne","url":"https:\/\/lamollla.com\/fr\/","logo":{"@type":"ImageObject","inLanguage":"fr-FR","@id":"https:\/\/lamollla.com\/fr\/#\/schema\/logo\/image\/","url":"https:\/\/lamollla.com\/wp-content\/uploads\/2020\/09\/logo-lamollla@2x.png","contentUrl":"https:\/\/lamollla.com\/wp-content\/uploads\/2020\/09\/logo-lamollla@2x.png","width":968,"height":212,"caption":"Soci\u00e9t\u00e9 Eolienne"},"image":{"@id":"https:\/\/lamollla.com\/fr\/#\/schema\/logo\/image\/"},"sameAs":["https:\/\/www.facebook.com\/TizianaRedavidAteliers","https:\/\/www.instagram.com\/tizianaredavidesign\/","https:\/\/www.pinterest.it\/tizianaredavid\/"]}]}},"_links":{"self":[{"href":"https:\/\/lamollla.com\/fr\/wp-json\/wp\/v2\/product\/3617","targetHints":{"allow":["GET"]}}],"collection":[{"href":"https:\/\/lamollla.com\/fr\/wp-json\/wp\/v2\/product"}],"about":[{"href":"https:\/\/lamollla.com\/fr\/wp-json\/wp\/v2\/types\/product"}],"wp:featuredmedia":[{"embeddable":true,"href":"https:\/\/lamollla.com\/fr\/wp-json\/wp\/v2\/media\/7091"}],"wp:attachment":[{"href":"https:\/\/lamollla.com\/fr\/wp-json\/wp\/v2\/media?parent=3617"}],"wp:term":[{"taxonomy":"product_brand","embeddable":true,"href":"https:\/\/lamollla.com\/fr\/wp-json\/wp\/v2\/product_brand?post=3617"},{"taxonomy":"product_cat","embeddable":true,"href":"https:\/\/lamollla.com\/fr\/wp-json\/wp\/v2\/product_cat?post=3617"},{"taxonomy":"product_tag","embeddable":true,"href":"https:\/\/lamollla.com\/fr\/wp-json\/wp\/v2\/product_tag?post=3617"}],"curies":[{"name":"wp","href":"https:\/\/api.w.org\/{rel}","templated":true}]}}