{"id":3606,"date":"2020-08-05T00:32:09","date_gmt":"2021-10-17T09:41:37","guid":{"rendered":"https:\/\/lamollla.com\/product\/n1-boucle-doreille-acier\/"},"modified":"2025-06-01T17:27:11","modified_gmt":"2025-06-01T15:27:11","slug":"n1-acier-boucles-d-oreilles","status":"publish","type":"product","link":"https:\/\/lamollla.com\/fr\/produit\/n1-acier-boucles-d-oreilles\/","title":{"rendered":"N1 Acier Boucles d\u2019Oreilles"},"content":{"rendered":"<p><span style=\"font-weight: 400;\">L\u00e9g\u00e8ret\u00e9 sculpturale et \u00e9l\u00e9gance du quotidien<\/span><\/p>\n<p><span style=\"font-weight: 400;\">La famille N\u00b01 est n\u00e9e de la passion de Tiziana Redavid pour la modularit\u00e9.<\/span><span style=\"font-weight: 400;\"><br \/>\n<\/span><span style=\"font-weight: 400;\">Apr\u00e8s avoir cr\u00e9\u00e9 le bracelet iconique 97, elle commence \u00e0 modeler les micro-ressorts en acier inox pur en de nouvelles formes \u2013 leur donnant vie avec intuition cr\u00e9ative \u00e0 travers une vari\u00e9t\u00e9 de dimensions et de compositions.<\/span><\/p>\n<p><span style=\"font-weight: 400;\">Les boucles d\u2019oreilles N\u00b01 sont l\u2019expression de cette \u00e9volution : fabriqu\u00e9es \u00e0 partir de micro-ressorts en acier inox, elles bougent en harmonie avec le corps, sans jamais s\u2019emm\u00ealer ni perdre leur forme.<\/span><span style=\"font-weight: 400;\"><br \/>\n<\/span><span style=\"font-weight: 400;\">Chaque paire est assembl\u00e9e \u00e0 la main, anneau par anneau, symbole du processus de cr\u00e9ation soign\u00e9e qui d\u00e9finit la mollla\u00ae.<\/span><\/p>\n<p><span style=\"font-weight: 400;\">Mesurant 3,8 cm de long et 2,5 cm de large, pour un poids de 6,5 grammes, ces boucles sont l\u00e9g\u00e8res mais expressives \u2013 si l\u00e9g\u00e8res qu\u2019on en oublie qu\u2019on les porte, tout en offrant une forte pr\u00e9sence visuelle.<\/span><span style=\"font-weight: 400;\"><br \/>\n<\/span><span style=\"font-weight: 400;\">Leur rythme est \u00e0 la fois ordonn\u00e9 et irr\u00e9gulier, captant la lumi\u00e8re de mani\u00e8re changeante \u00e0 chaque mouvement.<\/span><\/p>\n<p><span style=\"font-weight: 400;\">Parfaites du matin au soir, la ligne N\u00b01 est pens\u00e9e pour la vie r\u00e9elle : r\u00e9sistantes \u00e0 l\u2019eau, s\u00e9chant rapidement et insensibles au soleil ou au sable \u2013 le compagnon de voyage id\u00e9al.<\/span><span style=\"font-weight: 400;\"><br \/>\n<\/span><span style=\"font-weight: 400;\">Chaque paire est dot\u00e9e d\u2019un fermoir magn\u00e9tique en acier inox, con\u00e7u sur mesure, grav\u00e9 et assembl\u00e9 \u00e0 la main, portant fi\u00e8rement le nom <\/span><i><span style=\"font-weight: 400;\">la mollla\u00ae<\/span><\/i><span style=\"font-weight: 400;\">.<\/span><\/p>\n<p><span style=\"font-weight: 400;\">Authentique, fabriqu\u00e9 en Italie et en France, notre bijou est con\u00e7u avec un haut niveau de qualit\u00e9 \u00e0 Turin et \u00e0 Paris, avec l\u2019aide de notre r\u00e9seau historique de fournisseurs italiens.<\/span><span style=\"font-weight: 400;\"><br \/>\n<\/span><span style=\"font-weight: 400;\">Issu d\u2019un design industriel rigoureux.<\/span><span style=\"font-weight: 400;\"><br \/>\n<\/span><span style=\"font-weight: 400;\">Avec les soins appropri\u00e9s, il est fait pour durer \u00e9ternellement.<\/span><span style=\"font-weight: 400;\"><br \/>\n<\/span><span style=\"font-weight: 400;\">Chaque boucle d\u2019oreille est compos\u00e9e de ressorts originaux de haute qualit\u00e9 en acier inoxydable pur.<\/span><\/p>\n<p><b>Design Tiziana Redavid for la mollla\u00ae, 1998<\/b><b><br \/>\n<\/b><b>Beware of imitations<\/b><\/p>\n","protected":false},"excerpt":{"rendered":"<p>L\u00e9g\u00e8ret\u00e9 sculpturale et \u00e9l\u00e9gance du quotidien La famille N\u00b01 est n\u00e9e de la passion de Tiziana Redavid pour la modularit\u00e9. Apr\u00e8s avoir cr\u00e9\u00e9 le bracelet iconique 97, elle commence \u00e0 modeler les micro-ressorts en acier inox pur en de nouvelles formes \u2013 leur donnant vie avec intuition cr\u00e9ative \u00e0 travers une vari\u00e9t\u00e9 de dimensions et &#8230; <a title=\"N1 Acier Boucles d\u2019Oreilles\" class=\"read-more\" href=\"https:\/\/lamollla.com\/fr\/produit\/n1-acier-boucles-d-oreilles\/\" aria-label=\"En savoir plus sur N1 Acier Boucles d\u2019Oreilles\">Lire plus<\/a><\/p>\n","protected":false},"featured_media":5087,"template":"","meta":{"_uf_show_specific_survey":0,"_uf_disable_surveys":false},"product_brand":[],"product_cat":[129,98],"product_tag":[243],"class_list":{"0":"post-3606","1":"product","2":"type-product","3":"status-publish","4":"has-post-thumbnail","6":"product_cat-boucle-doreille","7":"product_cat-n1-fr","8":"product_tag-online-fr","9":"product_shipping_class-bo-bag-pend-fr","11":"first","12":"instock","13":"taxable","14":"shipping-taxable","15":"purchasable","16":"product-type-simple"},"yoast_head":"<!-- This site is optimized with the Yoast SEO plugin v26.8 - https:\/\/yoast.com\/product\/yoast-seo-wordpress\/ -->\n<title>N1 Acier Boucles d\u2019Oreilles - la mollla\u00ae<\/title>\n<meta name=\"robots\" content=\"index, follow, max-snippet:-1, max-image-preview:large, max-video-preview:-1\" \/>\n<link rel=\"canonical\" href=\"https:\/\/lamollla.com\/fr\/produit\/n1-acier-boucles-d-oreilles\/\" \/>\n<meta property=\"og:locale\" content=\"fr_FR\" \/>\n<meta property=\"og:type\" content=\"article\" \/>\n<meta property=\"og:title\" content=\"N1 Acier Boucles d\u2019Oreilles - la mollla\u00ae\" \/>\n<meta property=\"og:description\" content=\"L\u00e9g\u00e8ret\u00e9 sculpturale et \u00e9l\u00e9gance du quotidien La famille N\u00b01 est n\u00e9e de la passion de Tiziana Redavid pour la modularit\u00e9. Apr\u00e8s avoir cr\u00e9\u00e9 le bracelet iconique 97, elle commence \u00e0 modeler les micro-ressorts en acier inox pur en de nouvelles formes \u2013 leur donnant vie avec intuition cr\u00e9ative \u00e0 travers une vari\u00e9t\u00e9 de dimensions et ... Lire plus\" \/>\n<meta property=\"og:url\" content=\"https:\/\/lamollla.com\/fr\/produit\/n1-acier-boucles-d-oreilles\/\" \/>\n<meta property=\"og:site_name\" content=\"la mollla\u00ae\" \/>\n<meta property=\"article:publisher\" content=\"https:\/\/www.facebook.com\/TizianaRedavidAteliers\" \/>\n<meta property=\"article:modified_time\" content=\"2025-06-01T15:27:11+00:00\" \/>\n<meta property=\"og:image\" content=\"https:\/\/lamollla.com\/wp-content\/uploads\/2020\/07\/n1bo_lamollla_0248_web.jpg\" \/>\n\t<meta property=\"og:image:width\" content=\"1333\" \/>\n\t<meta property=\"og:image:height\" content=\"2000\" \/>\n\t<meta property=\"og:image:type\" content=\"image\/jpeg\" \/>\n<meta name=\"twitter:card\" content=\"summary_large_image\" \/>\n<meta name=\"twitter:label1\" content=\"Dur\u00e9e de lecture estim\u00e9e\" \/>\n\t<meta name=\"twitter:data1\" content=\"2 minutes\" \/>\n<script type=\"application\/ld+json\" class=\"yoast-schema-graph\">{\"@context\":\"https:\/\/schema.org\",\"@graph\":[{\"@type\":\"WebPage\",\"@id\":\"https:\/\/lamollla.com\/fr\/produit\/n1-acier-boucles-d-oreilles\/\",\"url\":\"https:\/\/lamollla.com\/fr\/produit\/n1-acier-boucles-d-oreilles\/\",\"name\":\"N1 Acier Boucles d\u2019Oreilles - la mollla\u00ae\",\"isPartOf\":{\"@id\":\"https:\/\/lamollla.com\/fr\/#website\"},\"primaryImageOfPage\":{\"@id\":\"https:\/\/lamollla.com\/fr\/produit\/n1-acier-boucles-d-oreilles\/#primaryimage\"},\"image\":{\"@id\":\"https:\/\/lamollla.com\/fr\/produit\/n1-acier-boucles-d-oreilles\/#primaryimage\"},\"thumbnailUrl\":\"https:\/\/lamollla.com\/wp-content\/uploads\/2020\/07\/n1bo_lamollla_0248_web.jpg\",\"datePublished\":\"2021-10-17T09:41:37+00:00\",\"dateModified\":\"2025-06-01T15:27:11+00:00\",\"breadcrumb\":{\"@id\":\"https:\/\/lamollla.com\/fr\/produit\/n1-acier-boucles-d-oreilles\/#breadcrumb\"},\"inLanguage\":\"fr-FR\",\"potentialAction\":[{\"@type\":\"ReadAction\",\"target\":[\"https:\/\/lamollla.com\/fr\/produit\/n1-acier-boucles-d-oreilles\/\"]}]},{\"@type\":\"ImageObject\",\"inLanguage\":\"fr-FR\",\"@id\":\"https:\/\/lamollla.com\/fr\/produit\/n1-acier-boucles-d-oreilles\/#primaryimage\",\"url\":\"https:\/\/lamollla.com\/wp-content\/uploads\/2020\/07\/n1bo_lamollla_0248_web.jpg\",\"contentUrl\":\"https:\/\/lamollla.com\/wp-content\/uploads\/2020\/07\/n1bo_lamollla_0248_web.jpg\",\"width\":1333,\"height\":2000},{\"@type\":\"BreadcrumbList\",\"@id\":\"https:\/\/lamollla.com\/fr\/produit\/n1-acier-boucles-d-oreilles\/#breadcrumb\",\"itemListElement\":[{\"@type\":\"ListItem\",\"position\":1,\"name\":\"Home\",\"item\":\"https:\/\/lamollla.com\/fr\/\"},{\"@type\":\"ListItem\",\"position\":2,\"name\":\"Boutique\",\"item\":\"https:\/\/lamollla.com\/fr\/boutique\/\"},{\"@type\":\"ListItem\",\"position\":3,\"name\":\"N1 Acier Boucles d\u2019Oreilles\"}]},{\"@type\":\"WebSite\",\"@id\":\"https:\/\/lamollla.com\/fr\/#website\",\"url\":\"https:\/\/lamollla.com\/fr\/\",\"name\":\"la mollla\u00ae\",\"description\":\"\",\"publisher\":{\"@id\":\"https:\/\/lamollla.com\/fr\/#organization\"},\"potentialAction\":[{\"@type\":\"SearchAction\",\"target\":{\"@type\":\"EntryPoint\",\"urlTemplate\":\"https:\/\/lamollla.com\/fr\/?s={search_term_string}\"},\"query-input\":{\"@type\":\"PropertyValueSpecification\",\"valueRequired\":true,\"valueName\":\"search_term_string\"}}],\"inLanguage\":\"fr-FR\"},{\"@type\":\"Organization\",\"@id\":\"https:\/\/lamollla.com\/fr\/#organization\",\"name\":\"Soci\u00e9t\u00e9 Eolienne\",\"url\":\"https:\/\/lamollla.com\/fr\/\",\"logo\":{\"@type\":\"ImageObject\",\"inLanguage\":\"fr-FR\",\"@id\":\"https:\/\/lamollla.com\/fr\/#\/schema\/logo\/image\/\",\"url\":\"https:\/\/lamollla.com\/wp-content\/uploads\/2020\/09\/logo-lamollla@2x.png\",\"contentUrl\":\"https:\/\/lamollla.com\/wp-content\/uploads\/2020\/09\/logo-lamollla@2x.png\",\"width\":968,\"height\":212,\"caption\":\"Soci\u00e9t\u00e9 Eolienne\"},\"image\":{\"@id\":\"https:\/\/lamollla.com\/fr\/#\/schema\/logo\/image\/\"},\"sameAs\":[\"https:\/\/www.facebook.com\/TizianaRedavidAteliers\",\"https:\/\/www.instagram.com\/tizianaredavidesign\/\",\"https:\/\/www.pinterest.it\/tizianaredavid\/\"]}]}<\/script>\n<!-- \/ Yoast SEO plugin. -->","yoast_head_json":{"title":"N1 Acier Boucles d\u2019Oreilles - la mollla\u00ae","robots":{"index":"index","follow":"follow","max-snippet":"max-snippet:-1","max-image-preview":"max-image-preview:large","max-video-preview":"max-video-preview:-1"},"canonical":"https:\/\/lamollla.com\/fr\/produit\/n1-acier-boucles-d-oreilles\/","og_locale":"fr_FR","og_type":"article","og_title":"N1 Acier Boucles d\u2019Oreilles - la mollla\u00ae","og_description":"L\u00e9g\u00e8ret\u00e9 sculpturale et \u00e9l\u00e9gance du quotidien La famille N\u00b01 est n\u00e9e de la passion de Tiziana Redavid pour la modularit\u00e9. Apr\u00e8s avoir cr\u00e9\u00e9 le bracelet iconique 97, elle commence \u00e0 modeler les micro-ressorts en acier inox pur en de nouvelles formes \u2013 leur donnant vie avec intuition cr\u00e9ative \u00e0 travers une vari\u00e9t\u00e9 de dimensions et ... Lire plus","og_url":"https:\/\/lamollla.com\/fr\/produit\/n1-acier-boucles-d-oreilles\/","og_site_name":"la mollla\u00ae","article_publisher":"https:\/\/www.facebook.com\/TizianaRedavidAteliers","article_modified_time":"2025-06-01T15:27:11+00:00","og_image":[{"width":1333,"height":2000,"url":"https:\/\/lamollla.com\/wp-content\/uploads\/2020\/07\/n1bo_lamollla_0248_web.jpg","type":"image\/jpeg"}],"twitter_card":"summary_large_image","twitter_misc":{"Dur\u00e9e de lecture estim\u00e9e":"2 minutes"},"schema":{"@context":"https:\/\/schema.org","@graph":[{"@type":"WebPage","@id":"https:\/\/lamollla.com\/fr\/produit\/n1-acier-boucles-d-oreilles\/","url":"https:\/\/lamollla.com\/fr\/produit\/n1-acier-boucles-d-oreilles\/","name":"N1 Acier Boucles d\u2019Oreilles - la mollla\u00ae","isPartOf":{"@id":"https:\/\/lamollla.com\/fr\/#website"},"primaryImageOfPage":{"@id":"https:\/\/lamollla.com\/fr\/produit\/n1-acier-boucles-d-oreilles\/#primaryimage"},"image":{"@id":"https:\/\/lamollla.com\/fr\/produit\/n1-acier-boucles-d-oreilles\/#primaryimage"},"thumbnailUrl":"https:\/\/lamollla.com\/wp-content\/uploads\/2020\/07\/n1bo_lamollla_0248_web.jpg","datePublished":"2021-10-17T09:41:37+00:00","dateModified":"2025-06-01T15:27:11+00:00","breadcrumb":{"@id":"https:\/\/lamollla.com\/fr\/produit\/n1-acier-boucles-d-oreilles\/#breadcrumb"},"inLanguage":"fr-FR","potentialAction":[{"@type":"ReadAction","target":["https:\/\/lamollla.com\/fr\/produit\/n1-acier-boucles-d-oreilles\/"]}]},{"@type":"ImageObject","inLanguage":"fr-FR","@id":"https:\/\/lamollla.com\/fr\/produit\/n1-acier-boucles-d-oreilles\/#primaryimage","url":"https:\/\/lamollla.com\/wp-content\/uploads\/2020\/07\/n1bo_lamollla_0248_web.jpg","contentUrl":"https:\/\/lamollla.com\/wp-content\/uploads\/2020\/07\/n1bo_lamollla_0248_web.jpg","width":1333,"height":2000},{"@type":"BreadcrumbList","@id":"https:\/\/lamollla.com\/fr\/produit\/n1-acier-boucles-d-oreilles\/#breadcrumb","itemListElement":[{"@type":"ListItem","position":1,"name":"Home","item":"https:\/\/lamollla.com\/fr\/"},{"@type":"ListItem","position":2,"name":"Boutique","item":"https:\/\/lamollla.com\/fr\/boutique\/"},{"@type":"ListItem","position":3,"name":"N1 Acier Boucles d\u2019Oreilles"}]},{"@type":"WebSite","@id":"https:\/\/lamollla.com\/fr\/#website","url":"https:\/\/lamollla.com\/fr\/","name":"la mollla\u00ae","description":"","publisher":{"@id":"https:\/\/lamollla.com\/fr\/#organization"},"potentialAction":[{"@type":"SearchAction","target":{"@type":"EntryPoint","urlTemplate":"https:\/\/lamollla.com\/fr\/?s={search_term_string}"},"query-input":{"@type":"PropertyValueSpecification","valueRequired":true,"valueName":"search_term_string"}}],"inLanguage":"fr-FR"},{"@type":"Organization","@id":"https:\/\/lamollla.com\/fr\/#organization","name":"Soci\u00e9t\u00e9 Eolienne","url":"https:\/\/lamollla.com\/fr\/","logo":{"@type":"ImageObject","inLanguage":"fr-FR","@id":"https:\/\/lamollla.com\/fr\/#\/schema\/logo\/image\/","url":"https:\/\/lamollla.com\/wp-content\/uploads\/2020\/09\/logo-lamollla@2x.png","contentUrl":"https:\/\/lamollla.com\/wp-content\/uploads\/2020\/09\/logo-lamollla@2x.png","width":968,"height":212,"caption":"Soci\u00e9t\u00e9 Eolienne"},"image":{"@id":"https:\/\/lamollla.com\/fr\/#\/schema\/logo\/image\/"},"sameAs":["https:\/\/www.facebook.com\/TizianaRedavidAteliers","https:\/\/www.instagram.com\/tizianaredavidesign\/","https:\/\/www.pinterest.it\/tizianaredavid\/"]}]}},"_links":{"self":[{"href":"https:\/\/lamollla.com\/fr\/wp-json\/wp\/v2\/product\/3606","targetHints":{"allow":["GET"]}}],"collection":[{"href":"https:\/\/lamollla.com\/fr\/wp-json\/wp\/v2\/product"}],"about":[{"href":"https:\/\/lamollla.com\/fr\/wp-json\/wp\/v2\/types\/product"}],"wp:featuredmedia":[{"embeddable":true,"href":"https:\/\/lamollla.com\/fr\/wp-json\/wp\/v2\/media\/5087"}],"wp:attachment":[{"href":"https:\/\/lamollla.com\/fr\/wp-json\/wp\/v2\/media?parent=3606"}],"wp:term":[{"taxonomy":"product_brand","embeddable":true,"href":"https:\/\/lamollla.com\/fr\/wp-json\/wp\/v2\/product_brand?post=3606"},{"taxonomy":"product_cat","embeddable":true,"href":"https:\/\/lamollla.com\/fr\/wp-json\/wp\/v2\/product_cat?post=3606"},{"taxonomy":"product_tag","embeddable":true,"href":"https:\/\/lamollla.com\/fr\/wp-json\/wp\/v2\/product_tag?post=3606"}],"curies":[{"name":"wp","href":"https:\/\/api.w.org\/{rel}","templated":true}]}}