{"id":3600,"date":"2020-08-01T14:41:33","date_gmt":"2021-10-17T09:33:02","guid":{"rendered":"https:\/\/lamollla.com\/product\/sautoir-pearl\/"},"modified":"2024-12-16T15:28:59","modified_gmt":"2024-12-16T14:28:59","slug":"pearl-long-necklace","status":"publish","type":"product","link":"https:\/\/lamollla.com\/fr\/produit\/pearl-long-necklace\/","title":{"rendered":"Pearl Sautoir"},"content":{"rendered":"<p>Le sautoir PEARL est n\u00e9 d&#8217;un r\u00eave : nous avons modifi\u00e9 la structure pour d\u00e9former le ressort, le gonfler jusqu&#8217;\u00e0 ce qu&#8217;il explose, puis le faire rena\u00eetre. Pour des raisons techniques, le fil ne pouvait supporter une perle ronde de tr\u00e8s grosse taille, la forme en fuseau est donc devenue n\u00e9cessaire, donnant naissance au PEARL. Le collier est compl\u00e9t\u00e9 d&#8217;un fermoir en acier inoxydable avec des aimants, sp\u00e9cialement con\u00e7u, produit, grav\u00e9 et mont\u00e9 individuellement. L&#8217;intense luminosit\u00e9 du fuseau illumine la peau et la caresse d\u00e9licatement<\/p>\n<p>Authentiques, fabriqu\u00e9s en Italie et en France, nos bijoux sont r\u00e9alis\u00e9s avec un haut niveau de production, \u00e0 Turin et \u00e0 Paris.<br \/>\nIls sont n\u00e9s d&#8217;un design industriel rigoureux.<br \/>\nAvec des soins appropri\u00e9s, ils devraient durer \u00e9ternellement.<br \/>\nChaque collier est fabriqu\u00e9 avec des ressorts d&#8217;acier inoxydable de qualit\u00e9 sup\u00e9rieure.<br \/>\nM\u00e9fiez-vous des imitations.<\/p>\n","protected":false},"excerpt":{"rendered":"<p>Taille : 90 cm<\/p>\n","protected":false},"featured_media":3278,"template":"","meta":{"_uf_show_specific_survey":0,"_uf_disable_surveys":false},"product_brand":[],"product_cat":[94,128],"product_tag":[243],"class_list":{"0":"post-3600","1":"product","2":"type-product","3":"status-publish","4":"has-post-thumbnail","6":"product_cat-pearl-fr","7":"product_cat-sautoir","8":"product_tag-online-fr","9":"product_shipping_class-coll-saut-fr","11":"first","12":"instock","13":"taxable","14":"shipping-taxable","15":"purchasable","16":"product-type-simple"},"yoast_head":"<!-- This site is optimized with the Yoast SEO plugin v26.8 - https:\/\/yoast.com\/product\/yoast-seo-wordpress\/ -->\n<title>Pearl Sautoir - la mollla\u00ae<\/title>\n<meta name=\"robots\" content=\"index, follow, max-snippet:-1, max-image-preview:large, max-video-preview:-1\" \/>\n<link rel=\"canonical\" href=\"https:\/\/lamollla.com\/fr\/produit\/pearl-long-necklace\/\" \/>\n<meta property=\"og:locale\" content=\"fr_FR\" \/>\n<meta property=\"og:type\" content=\"article\" \/>\n<meta property=\"og:title\" content=\"Pearl Sautoir - la mollla\u00ae\" \/>\n<meta property=\"og:description\" content=\"Taille : 90 cm\" \/>\n<meta property=\"og:url\" content=\"https:\/\/lamollla.com\/fr\/produit\/pearl-long-necklace\/\" \/>\n<meta property=\"og:site_name\" content=\"la mollla\u00ae\" \/>\n<meta property=\"article:publisher\" content=\"https:\/\/www.facebook.com\/TizianaRedavidAteliers\" \/>\n<meta property=\"article:modified_time\" content=\"2024-12-16T14:28:59+00:00\" \/>\n<meta property=\"og:image\" content=\"https:\/\/lamollla.com\/wp-content\/uploads\/2020\/08\/pearl-saut-my-colorato.jpg\" \/>\n\t<meta property=\"og:image:width\" content=\"924\" \/>\n\t<meta property=\"og:image:height\" content=\"1000\" \/>\n\t<meta property=\"og:image:type\" content=\"image\/jpeg\" \/>\n<meta name=\"twitter:card\" content=\"summary_large_image\" \/>\n<meta name=\"twitter:label1\" content=\"Dur\u00e9e de lecture estim\u00e9e\" \/>\n\t<meta name=\"twitter:data1\" content=\"1 minute\" \/>\n<script type=\"application\/ld+json\" class=\"yoast-schema-graph\">{\"@context\":\"https:\/\/schema.org\",\"@graph\":[{\"@type\":\"WebPage\",\"@id\":\"https:\/\/lamollla.com\/fr\/produit\/pearl-long-necklace\/\",\"url\":\"https:\/\/lamollla.com\/fr\/produit\/pearl-long-necklace\/\",\"name\":\"Pearl Sautoir - la mollla\u00ae\",\"isPartOf\":{\"@id\":\"https:\/\/lamollla.com\/fr\/#website\"},\"primaryImageOfPage\":{\"@id\":\"https:\/\/lamollla.com\/fr\/produit\/pearl-long-necklace\/#primaryimage\"},\"image\":{\"@id\":\"https:\/\/lamollla.com\/fr\/produit\/pearl-long-necklace\/#primaryimage\"},\"thumbnailUrl\":\"https:\/\/lamollla.com\/wp-content\/uploads\/2020\/08\/pearl-saut-my-colorato.jpg\",\"datePublished\":\"2021-10-17T09:33:02+00:00\",\"dateModified\":\"2024-12-16T14:28:59+00:00\",\"breadcrumb\":{\"@id\":\"https:\/\/lamollla.com\/fr\/produit\/pearl-long-necklace\/#breadcrumb\"},\"inLanguage\":\"fr-FR\",\"potentialAction\":[{\"@type\":\"ReadAction\",\"target\":[\"https:\/\/lamollla.com\/fr\/produit\/pearl-long-necklace\/\"]}]},{\"@type\":\"ImageObject\",\"inLanguage\":\"fr-FR\",\"@id\":\"https:\/\/lamollla.com\/fr\/produit\/pearl-long-necklace\/#primaryimage\",\"url\":\"https:\/\/lamollla.com\/wp-content\/uploads\/2020\/08\/pearl-saut-my-colorato.jpg\",\"contentUrl\":\"https:\/\/lamollla.com\/wp-content\/uploads\/2020\/08\/pearl-saut-my-colorato.jpg\",\"width\":924,\"height\":1000},{\"@type\":\"BreadcrumbList\",\"@id\":\"https:\/\/lamollla.com\/fr\/produit\/pearl-long-necklace\/#breadcrumb\",\"itemListElement\":[{\"@type\":\"ListItem\",\"position\":1,\"name\":\"Home\",\"item\":\"https:\/\/lamollla.com\/fr\/\"},{\"@type\":\"ListItem\",\"position\":2,\"name\":\"Boutique\",\"item\":\"https:\/\/lamollla.com\/fr\/boutique\/\"},{\"@type\":\"ListItem\",\"position\":3,\"name\":\"Pearl Sautoir\"}]},{\"@type\":\"WebSite\",\"@id\":\"https:\/\/lamollla.com\/fr\/#website\",\"url\":\"https:\/\/lamollla.com\/fr\/\",\"name\":\"la mollla\u00ae\",\"description\":\"\",\"publisher\":{\"@id\":\"https:\/\/lamollla.com\/fr\/#organization\"},\"potentialAction\":[{\"@type\":\"SearchAction\",\"target\":{\"@type\":\"EntryPoint\",\"urlTemplate\":\"https:\/\/lamollla.com\/fr\/?s={search_term_string}\"},\"query-input\":{\"@type\":\"PropertyValueSpecification\",\"valueRequired\":true,\"valueName\":\"search_term_string\"}}],\"inLanguage\":\"fr-FR\"},{\"@type\":\"Organization\",\"@id\":\"https:\/\/lamollla.com\/fr\/#organization\",\"name\":\"Soci\u00e9t\u00e9 Eolienne\",\"url\":\"https:\/\/lamollla.com\/fr\/\",\"logo\":{\"@type\":\"ImageObject\",\"inLanguage\":\"fr-FR\",\"@id\":\"https:\/\/lamollla.com\/fr\/#\/schema\/logo\/image\/\",\"url\":\"https:\/\/lamollla.com\/wp-content\/uploads\/2020\/09\/logo-lamollla@2x.png\",\"contentUrl\":\"https:\/\/lamollla.com\/wp-content\/uploads\/2020\/09\/logo-lamollla@2x.png\",\"width\":968,\"height\":212,\"caption\":\"Soci\u00e9t\u00e9 Eolienne\"},\"image\":{\"@id\":\"https:\/\/lamollla.com\/fr\/#\/schema\/logo\/image\/\"},\"sameAs\":[\"https:\/\/www.facebook.com\/TizianaRedavidAteliers\",\"https:\/\/www.instagram.com\/tizianaredavidesign\/\",\"https:\/\/www.pinterest.it\/tizianaredavid\/\"]}]}<\/script>\n<!-- \/ Yoast SEO plugin. -->","yoast_head_json":{"title":"Pearl Sautoir - la mollla\u00ae","robots":{"index":"index","follow":"follow","max-snippet":"max-snippet:-1","max-image-preview":"max-image-preview:large","max-video-preview":"max-video-preview:-1"},"canonical":"https:\/\/lamollla.com\/fr\/produit\/pearl-long-necklace\/","og_locale":"fr_FR","og_type":"article","og_title":"Pearl Sautoir - la mollla\u00ae","og_description":"Taille : 90 cm","og_url":"https:\/\/lamollla.com\/fr\/produit\/pearl-long-necklace\/","og_site_name":"la mollla\u00ae","article_publisher":"https:\/\/www.facebook.com\/TizianaRedavidAteliers","article_modified_time":"2024-12-16T14:28:59+00:00","og_image":[{"width":924,"height":1000,"url":"https:\/\/lamollla.com\/wp-content\/uploads\/2020\/08\/pearl-saut-my-colorato.jpg","type":"image\/jpeg"}],"twitter_card":"summary_large_image","twitter_misc":{"Dur\u00e9e de lecture estim\u00e9e":"1 minute"},"schema":{"@context":"https:\/\/schema.org","@graph":[{"@type":"WebPage","@id":"https:\/\/lamollla.com\/fr\/produit\/pearl-long-necklace\/","url":"https:\/\/lamollla.com\/fr\/produit\/pearl-long-necklace\/","name":"Pearl Sautoir - la mollla\u00ae","isPartOf":{"@id":"https:\/\/lamollla.com\/fr\/#website"},"primaryImageOfPage":{"@id":"https:\/\/lamollla.com\/fr\/produit\/pearl-long-necklace\/#primaryimage"},"image":{"@id":"https:\/\/lamollla.com\/fr\/produit\/pearl-long-necklace\/#primaryimage"},"thumbnailUrl":"https:\/\/lamollla.com\/wp-content\/uploads\/2020\/08\/pearl-saut-my-colorato.jpg","datePublished":"2021-10-17T09:33:02+00:00","dateModified":"2024-12-16T14:28:59+00:00","breadcrumb":{"@id":"https:\/\/lamollla.com\/fr\/produit\/pearl-long-necklace\/#breadcrumb"},"inLanguage":"fr-FR","potentialAction":[{"@type":"ReadAction","target":["https:\/\/lamollla.com\/fr\/produit\/pearl-long-necklace\/"]}]},{"@type":"ImageObject","inLanguage":"fr-FR","@id":"https:\/\/lamollla.com\/fr\/produit\/pearl-long-necklace\/#primaryimage","url":"https:\/\/lamollla.com\/wp-content\/uploads\/2020\/08\/pearl-saut-my-colorato.jpg","contentUrl":"https:\/\/lamollla.com\/wp-content\/uploads\/2020\/08\/pearl-saut-my-colorato.jpg","width":924,"height":1000},{"@type":"BreadcrumbList","@id":"https:\/\/lamollla.com\/fr\/produit\/pearl-long-necklace\/#breadcrumb","itemListElement":[{"@type":"ListItem","position":1,"name":"Home","item":"https:\/\/lamollla.com\/fr\/"},{"@type":"ListItem","position":2,"name":"Boutique","item":"https:\/\/lamollla.com\/fr\/boutique\/"},{"@type":"ListItem","position":3,"name":"Pearl Sautoir"}]},{"@type":"WebSite","@id":"https:\/\/lamollla.com\/fr\/#website","url":"https:\/\/lamollla.com\/fr\/","name":"la mollla\u00ae","description":"","publisher":{"@id":"https:\/\/lamollla.com\/fr\/#organization"},"potentialAction":[{"@type":"SearchAction","target":{"@type":"EntryPoint","urlTemplate":"https:\/\/lamollla.com\/fr\/?s={search_term_string}"},"query-input":{"@type":"PropertyValueSpecification","valueRequired":true,"valueName":"search_term_string"}}],"inLanguage":"fr-FR"},{"@type":"Organization","@id":"https:\/\/lamollla.com\/fr\/#organization","name":"Soci\u00e9t\u00e9 Eolienne","url":"https:\/\/lamollla.com\/fr\/","logo":{"@type":"ImageObject","inLanguage":"fr-FR","@id":"https:\/\/lamollla.com\/fr\/#\/schema\/logo\/image\/","url":"https:\/\/lamollla.com\/wp-content\/uploads\/2020\/09\/logo-lamollla@2x.png","contentUrl":"https:\/\/lamollla.com\/wp-content\/uploads\/2020\/09\/logo-lamollla@2x.png","width":968,"height":212,"caption":"Soci\u00e9t\u00e9 Eolienne"},"image":{"@id":"https:\/\/lamollla.com\/fr\/#\/schema\/logo\/image\/"},"sameAs":["https:\/\/www.facebook.com\/TizianaRedavidAteliers","https:\/\/www.instagram.com\/tizianaredavidesign\/","https:\/\/www.pinterest.it\/tizianaredavid\/"]}]}},"_links":{"self":[{"href":"https:\/\/lamollla.com\/fr\/wp-json\/wp\/v2\/product\/3600","targetHints":{"allow":["GET"]}}],"collection":[{"href":"https:\/\/lamollla.com\/fr\/wp-json\/wp\/v2\/product"}],"about":[{"href":"https:\/\/lamollla.com\/fr\/wp-json\/wp\/v2\/types\/product"}],"wp:featuredmedia":[{"embeddable":true,"href":"https:\/\/lamollla.com\/fr\/wp-json\/wp\/v2\/media\/3278"}],"wp:attachment":[{"href":"https:\/\/lamollla.com\/fr\/wp-json\/wp\/v2\/media?parent=3600"}],"wp:term":[{"taxonomy":"product_brand","embeddable":true,"href":"https:\/\/lamollla.com\/fr\/wp-json\/wp\/v2\/product_brand?post=3600"},{"taxonomy":"product_cat","embeddable":true,"href":"https:\/\/lamollla.com\/fr\/wp-json\/wp\/v2\/product_cat?post=3600"},{"taxonomy":"product_tag","embeddable":true,"href":"https:\/\/lamollla.com\/fr\/wp-json\/wp\/v2\/product_tag?post=3600"}],"curies":[{"name":"wp","href":"https:\/\/api.w.org\/{rel}","templated":true}]}}