{"id":3558,"date":"2020-08-05T00:41:46","date_gmt":"2021-10-17T08:30:56","guid":{"rendered":"https:\/\/lamollla.com\/product\/n1-collier-dark\/"},"modified":"2024-12-16T15:28:16","modified_gmt":"2024-12-16T14:28:16","slug":"n1-dark-necklace","status":"publish","type":"product","link":"https:\/\/lamollla.com\/fr\/produit\/n1-dark-necklace\/","title":{"rendered":"N1 Dark Collier"},"content":{"rendered":"<p>La variante DARK poss\u00e8de toutes les caract\u00e9ristiques de la ligne N\u00b01 : la souplesse d&#8217;un design qui plie l&#8217;acier pour le faire glisser en douceur et la l\u00e9g\u00e8ret\u00e9 impalpable d&#8217;un mat\u00e9riau dompt\u00e9 par la cr\u00e9ativit\u00e9.<br \/>\nSon suppl\u00e9ment de lumi\u00e8re est d\u00fb aux chauds anneaux de couleur chocolat et acier qui s&#8217;entrelacent.<br \/>\nCes \u00e9l\u00e9ments conf\u00e8rent \u00e0 la personne qui les porte chaleur, \u00e9l\u00e9gance puissante et aura moderne et sophistiqu\u00e9e.<br \/>\nLe nom de la marque est grav\u00e9 sur la fermeture en acier inoxydable et aimants sp\u00e9cialement con\u00e7ue, produite, grav\u00e9e et mont\u00e9e individuellement.<\/p>\n<p>Authentiques, fabriqu\u00e9s en Italie et en France, nos bijoux sont r\u00e9alis\u00e9s avec un haut niveau de production, \u00e0 Turin et \u00e0 Paris.<br \/>\nIls sont n\u00e9s d&#8217;un design industriel rigoureux.<br \/>\nAvec des soins appropri\u00e9s, ils devraient durer \u00e9ternellement.<br \/>\nChaque collier est fabriqu\u00e9 avec des ressorts d&#8217;acier inoxydable de qualit\u00e9 sup\u00e9rieure.<br \/>\nM\u00e9fiez-vous des imitations.<\/p>\n","protected":false},"excerpt":{"rendered":"<p>La variante DARK poss\u00e8de toutes les caract\u00e9ristiques de la ligne N\u00b01 : la souplesse d&#8217;un design qui plie l&#8217;acier pour le faire glisser en douceur et la l\u00e9g\u00e8ret\u00e9 impalpable d&#8217;un mat\u00e9riau dompt\u00e9 par la cr\u00e9ativit\u00e9. Son suppl\u00e9ment de lumi\u00e8re est d\u00fb aux chauds anneaux de couleur chocolat et acier qui s&#8217;entrelacent. Ces \u00e9l\u00e9ments conf\u00e8rent \u00e0 &#8230; <a title=\"N1 Dark Collier\" class=\"read-more\" href=\"https:\/\/lamollla.com\/fr\/produit\/n1-dark-necklace\/\" aria-label=\"En savoir plus sur N1 Dark Collier\">Lire plus<\/a><\/p>\n","protected":false},"featured_media":5096,"template":"","meta":{"_uf_show_specific_survey":0,"_uf_disable_surveys":false},"product_brand":[],"product_cat":[121,98],"product_tag":[243],"class_list":{"0":"post-3558","1":"product","2":"type-product","3":"status-publish","4":"has-post-thumbnail","6":"product_cat-collier","7":"product_cat-n1-fr","8":"product_tag-online-fr","9":"product_shipping_class-coll-saut-fr","11":"first","12":"instock","13":"taxable","14":"shipping-taxable","15":"purchasable","16":"product-type-variable"},"yoast_head":"<!-- This site is optimized with the Yoast SEO plugin v26.8 - https:\/\/yoast.com\/product\/yoast-seo-wordpress\/ -->\n<title>N1 Dark Collier - la mollla\u00ae<\/title>\n<meta name=\"robots\" content=\"index, follow, max-snippet:-1, max-image-preview:large, max-video-preview:-1\" \/>\n<link rel=\"canonical\" href=\"https:\/\/lamollla.com\/fr\/produit\/n1-dark-necklace\/\" \/>\n<meta property=\"og:locale\" content=\"fr_FR\" \/>\n<meta property=\"og:type\" content=\"article\" \/>\n<meta property=\"og:title\" content=\"N1 Dark Collier - la mollla\u00ae\" \/>\n<meta property=\"og:description\" content=\"La variante DARK poss\u00e8de toutes les caract\u00e9ristiques de la ligne N\u00b01 : la souplesse d&#8217;un design qui plie l&#8217;acier pour le faire glisser en douceur et la l\u00e9g\u00e8ret\u00e9 impalpable d&#8217;un mat\u00e9riau dompt\u00e9 par la cr\u00e9ativit\u00e9. Son suppl\u00e9ment de lumi\u00e8re est d\u00fb aux chauds anneaux de couleur chocolat et acier qui s&#8217;entrelacent. Ces \u00e9l\u00e9ments conf\u00e8rent \u00e0 ... Lire plus\" \/>\n<meta property=\"og:url\" content=\"https:\/\/lamollla.com\/fr\/produit\/n1-dark-necklace\/\" \/>\n<meta property=\"og:site_name\" content=\"la mollla\u00ae\" \/>\n<meta property=\"article:publisher\" content=\"https:\/\/www.facebook.com\/TizianaRedavidAteliers\" \/>\n<meta property=\"article:modified_time\" content=\"2024-12-16T14:28:16+00:00\" \/>\n<meta property=\"og:image\" content=\"https:\/\/lamollla.com\/wp-content\/uploads\/2020\/07\/n1colldark_lamollla_0359_web.jpg\" \/>\n\t<meta property=\"og:image:width\" content=\"1333\" \/>\n\t<meta property=\"og:image:height\" content=\"2000\" \/>\n\t<meta property=\"og:image:type\" content=\"image\/jpeg\" \/>\n<meta name=\"twitter:card\" content=\"summary_large_image\" \/>\n<meta name=\"twitter:label1\" content=\"Dur\u00e9e de lecture estim\u00e9e\" \/>\n\t<meta name=\"twitter:data1\" content=\"1 minute\" \/>\n<script type=\"application\/ld+json\" class=\"yoast-schema-graph\">{\"@context\":\"https:\/\/schema.org\",\"@graph\":[{\"@type\":\"WebPage\",\"@id\":\"https:\/\/lamollla.com\/fr\/produit\/n1-dark-necklace\/\",\"url\":\"https:\/\/lamollla.com\/fr\/produit\/n1-dark-necklace\/\",\"name\":\"N1 Dark Collier - la mollla\u00ae\",\"isPartOf\":{\"@id\":\"https:\/\/lamollla.com\/fr\/#website\"},\"primaryImageOfPage\":{\"@id\":\"https:\/\/lamollla.com\/fr\/produit\/n1-dark-necklace\/#primaryimage\"},\"image\":{\"@id\":\"https:\/\/lamollla.com\/fr\/produit\/n1-dark-necklace\/#primaryimage\"},\"thumbnailUrl\":\"https:\/\/lamollla.com\/wp-content\/uploads\/2020\/07\/n1colldark_lamollla_0359_web.jpg\",\"datePublished\":\"2021-10-17T08:30:56+00:00\",\"dateModified\":\"2024-12-16T14:28:16+00:00\",\"breadcrumb\":{\"@id\":\"https:\/\/lamollla.com\/fr\/produit\/n1-dark-necklace\/#breadcrumb\"},\"inLanguage\":\"fr-FR\",\"potentialAction\":[{\"@type\":\"ReadAction\",\"target\":[\"https:\/\/lamollla.com\/fr\/produit\/n1-dark-necklace\/\"]}]},{\"@type\":\"ImageObject\",\"inLanguage\":\"fr-FR\",\"@id\":\"https:\/\/lamollla.com\/fr\/produit\/n1-dark-necklace\/#primaryimage\",\"url\":\"https:\/\/lamollla.com\/wp-content\/uploads\/2020\/07\/n1colldark_lamollla_0359_web.jpg\",\"contentUrl\":\"https:\/\/lamollla.com\/wp-content\/uploads\/2020\/07\/n1colldark_lamollla_0359_web.jpg\",\"width\":1333,\"height\":2000},{\"@type\":\"BreadcrumbList\",\"@id\":\"https:\/\/lamollla.com\/fr\/produit\/n1-dark-necklace\/#breadcrumb\",\"itemListElement\":[{\"@type\":\"ListItem\",\"position\":1,\"name\":\"Home\",\"item\":\"https:\/\/lamollla.com\/fr\/\"},{\"@type\":\"ListItem\",\"position\":2,\"name\":\"Boutique\",\"item\":\"https:\/\/lamollla.com\/fr\/boutique\/\"},{\"@type\":\"ListItem\",\"position\":3,\"name\":\"N1 Dark Collier\"}]},{\"@type\":\"WebSite\",\"@id\":\"https:\/\/lamollla.com\/fr\/#website\",\"url\":\"https:\/\/lamollla.com\/fr\/\",\"name\":\"la mollla\u00ae\",\"description\":\"\",\"publisher\":{\"@id\":\"https:\/\/lamollla.com\/fr\/#organization\"},\"potentialAction\":[{\"@type\":\"SearchAction\",\"target\":{\"@type\":\"EntryPoint\",\"urlTemplate\":\"https:\/\/lamollla.com\/fr\/?s={search_term_string}\"},\"query-input\":{\"@type\":\"PropertyValueSpecification\",\"valueRequired\":true,\"valueName\":\"search_term_string\"}}],\"inLanguage\":\"fr-FR\"},{\"@type\":\"Organization\",\"@id\":\"https:\/\/lamollla.com\/fr\/#organization\",\"name\":\"Soci\u00e9t\u00e9 Eolienne\",\"url\":\"https:\/\/lamollla.com\/fr\/\",\"logo\":{\"@type\":\"ImageObject\",\"inLanguage\":\"fr-FR\",\"@id\":\"https:\/\/lamollla.com\/fr\/#\/schema\/logo\/image\/\",\"url\":\"https:\/\/lamollla.com\/wp-content\/uploads\/2020\/09\/logo-lamollla@2x.png\",\"contentUrl\":\"https:\/\/lamollla.com\/wp-content\/uploads\/2020\/09\/logo-lamollla@2x.png\",\"width\":968,\"height\":212,\"caption\":\"Soci\u00e9t\u00e9 Eolienne\"},\"image\":{\"@id\":\"https:\/\/lamollla.com\/fr\/#\/schema\/logo\/image\/\"},\"sameAs\":[\"https:\/\/www.facebook.com\/TizianaRedavidAteliers\",\"https:\/\/www.instagram.com\/tizianaredavidesign\/\",\"https:\/\/www.pinterest.it\/tizianaredavid\/\"]}]}<\/script>\n<!-- \/ Yoast SEO plugin. -->","yoast_head_json":{"title":"N1 Dark Collier - la mollla\u00ae","robots":{"index":"index","follow":"follow","max-snippet":"max-snippet:-1","max-image-preview":"max-image-preview:large","max-video-preview":"max-video-preview:-1"},"canonical":"https:\/\/lamollla.com\/fr\/produit\/n1-dark-necklace\/","og_locale":"fr_FR","og_type":"article","og_title":"N1 Dark Collier - la mollla\u00ae","og_description":"La variante DARK poss\u00e8de toutes les caract\u00e9ristiques de la ligne N\u00b01 : la souplesse d&#8217;un design qui plie l&#8217;acier pour le faire glisser en douceur et la l\u00e9g\u00e8ret\u00e9 impalpable d&#8217;un mat\u00e9riau dompt\u00e9 par la cr\u00e9ativit\u00e9. Son suppl\u00e9ment de lumi\u00e8re est d\u00fb aux chauds anneaux de couleur chocolat et acier qui s&#8217;entrelacent. Ces \u00e9l\u00e9ments conf\u00e8rent \u00e0 ... Lire plus","og_url":"https:\/\/lamollla.com\/fr\/produit\/n1-dark-necklace\/","og_site_name":"la mollla\u00ae","article_publisher":"https:\/\/www.facebook.com\/TizianaRedavidAteliers","article_modified_time":"2024-12-16T14:28:16+00:00","og_image":[{"width":1333,"height":2000,"url":"https:\/\/lamollla.com\/wp-content\/uploads\/2020\/07\/n1colldark_lamollla_0359_web.jpg","type":"image\/jpeg"}],"twitter_card":"summary_large_image","twitter_misc":{"Dur\u00e9e de lecture estim\u00e9e":"1 minute"},"schema":{"@context":"https:\/\/schema.org","@graph":[{"@type":"WebPage","@id":"https:\/\/lamollla.com\/fr\/produit\/n1-dark-necklace\/","url":"https:\/\/lamollla.com\/fr\/produit\/n1-dark-necklace\/","name":"N1 Dark Collier - la mollla\u00ae","isPartOf":{"@id":"https:\/\/lamollla.com\/fr\/#website"},"primaryImageOfPage":{"@id":"https:\/\/lamollla.com\/fr\/produit\/n1-dark-necklace\/#primaryimage"},"image":{"@id":"https:\/\/lamollla.com\/fr\/produit\/n1-dark-necklace\/#primaryimage"},"thumbnailUrl":"https:\/\/lamollla.com\/wp-content\/uploads\/2020\/07\/n1colldark_lamollla_0359_web.jpg","datePublished":"2021-10-17T08:30:56+00:00","dateModified":"2024-12-16T14:28:16+00:00","breadcrumb":{"@id":"https:\/\/lamollla.com\/fr\/produit\/n1-dark-necklace\/#breadcrumb"},"inLanguage":"fr-FR","potentialAction":[{"@type":"ReadAction","target":["https:\/\/lamollla.com\/fr\/produit\/n1-dark-necklace\/"]}]},{"@type":"ImageObject","inLanguage":"fr-FR","@id":"https:\/\/lamollla.com\/fr\/produit\/n1-dark-necklace\/#primaryimage","url":"https:\/\/lamollla.com\/wp-content\/uploads\/2020\/07\/n1colldark_lamollla_0359_web.jpg","contentUrl":"https:\/\/lamollla.com\/wp-content\/uploads\/2020\/07\/n1colldark_lamollla_0359_web.jpg","width":1333,"height":2000},{"@type":"BreadcrumbList","@id":"https:\/\/lamollla.com\/fr\/produit\/n1-dark-necklace\/#breadcrumb","itemListElement":[{"@type":"ListItem","position":1,"name":"Home","item":"https:\/\/lamollla.com\/fr\/"},{"@type":"ListItem","position":2,"name":"Boutique","item":"https:\/\/lamollla.com\/fr\/boutique\/"},{"@type":"ListItem","position":3,"name":"N1 Dark Collier"}]},{"@type":"WebSite","@id":"https:\/\/lamollla.com\/fr\/#website","url":"https:\/\/lamollla.com\/fr\/","name":"la mollla\u00ae","description":"","publisher":{"@id":"https:\/\/lamollla.com\/fr\/#organization"},"potentialAction":[{"@type":"SearchAction","target":{"@type":"EntryPoint","urlTemplate":"https:\/\/lamollla.com\/fr\/?s={search_term_string}"},"query-input":{"@type":"PropertyValueSpecification","valueRequired":true,"valueName":"search_term_string"}}],"inLanguage":"fr-FR"},{"@type":"Organization","@id":"https:\/\/lamollla.com\/fr\/#organization","name":"Soci\u00e9t\u00e9 Eolienne","url":"https:\/\/lamollla.com\/fr\/","logo":{"@type":"ImageObject","inLanguage":"fr-FR","@id":"https:\/\/lamollla.com\/fr\/#\/schema\/logo\/image\/","url":"https:\/\/lamollla.com\/wp-content\/uploads\/2020\/09\/logo-lamollla@2x.png","contentUrl":"https:\/\/lamollla.com\/wp-content\/uploads\/2020\/09\/logo-lamollla@2x.png","width":968,"height":212,"caption":"Soci\u00e9t\u00e9 Eolienne"},"image":{"@id":"https:\/\/lamollla.com\/fr\/#\/schema\/logo\/image\/"},"sameAs":["https:\/\/www.facebook.com\/TizianaRedavidAteliers","https:\/\/www.instagram.com\/tizianaredavidesign\/","https:\/\/www.pinterest.it\/tizianaredavid\/"]}]}},"_links":{"self":[{"href":"https:\/\/lamollla.com\/fr\/wp-json\/wp\/v2\/product\/3558","targetHints":{"allow":["GET"]}}],"collection":[{"href":"https:\/\/lamollla.com\/fr\/wp-json\/wp\/v2\/product"}],"about":[{"href":"https:\/\/lamollla.com\/fr\/wp-json\/wp\/v2\/types\/product"}],"wp:featuredmedia":[{"embeddable":true,"href":"https:\/\/lamollla.com\/fr\/wp-json\/wp\/v2\/media\/5096"}],"wp:attachment":[{"href":"https:\/\/lamollla.com\/fr\/wp-json\/wp\/v2\/media?parent=3558"}],"wp:term":[{"taxonomy":"product_brand","embeddable":true,"href":"https:\/\/lamollla.com\/fr\/wp-json\/wp\/v2\/product_brand?post=3558"},{"taxonomy":"product_cat","embeddable":true,"href":"https:\/\/lamollla.com\/fr\/wp-json\/wp\/v2\/product_cat?post=3558"},{"taxonomy":"product_tag","embeddable":true,"href":"https:\/\/lamollla.com\/fr\/wp-json\/wp\/v2\/product_tag?post=3558"}],"curies":[{"name":"wp","href":"https:\/\/api.w.org\/{rel}","templated":true}]}}