{"id":3553,"date":"2020-07-27T16:06:44","date_gmt":"2021-10-17T07:10:47","guid":{"rendered":"https:\/\/lamollla.com\/product\/bracelet-chapelet\/"},"modified":"2025-05-26T16:12:35","modified_gmt":"2025-05-26T14:12:35","slug":"chapelet-bracelet","status":"publish","type":"product","link":"https:\/\/lamollla.com\/fr\/produit\/chapelet-bracelet\/","title":{"rendered":"Bracelet Chapelet en Acier Inox"},"content":{"rendered":"<p><span style=\"font-weight: 400;\">L\u00e9g\u00e8ret\u00e9 sculpturale avec une touche contemporaine<\/span><\/p>\n<p><span style=\"font-weight: 400;\">Le bracelet Chapelet condense l\u2019essence du collier iconique dans une version raffin\u00e9e pour le poignet.<\/span><span style=\"font-weight: 400;\"><br \/>\n<\/span><span style=\"font-weight: 400;\">Compos\u00e9 de 8 \u00e9l\u00e9ments d\u00e9licats en micro-ressorts d\u2019acier inoxydable, ce bracelet offre une sensation de l\u00e9g\u00e8ret\u00e9 sculpturale, avec des reflets lumineux qui dansent subtilement sur la peau.<\/span><\/p>\n<p><span style=\"font-weight: 400;\">Avec une circonf\u00e9rence de 18 cm, il s\u2019ajuste confortablement tout en affirmant une forte pr\u00e9sence visuelle par son esprit minimaliste. Con\u00e7u pour \u00e9quilibrer esth\u00e9tique et confort quotidien, il s\u2019enfile en le faisant rouler d\u00e9licatement sur la main \u2014 un geste distinctif qui renforce son identit\u00e9 unique.<\/span><\/p>\n<p><span style=\"font-weight: 400;\">Fabriqu\u00e9 en Italie et en France selon les plus hauts standards de production et une vision rigoureuse du design industriel, le bracelet Chapelet est un choix original pour celles et ceux qui recherchent un accessoire durable, essentiel et r\u00e9solument moderne.<\/span><\/p>\n<p><b>Design Tiziana Redavid pour la mollla\u00ae<\/b><\/p>\n<p><b>Beware of imitations<\/b><\/p>\n","protected":false},"excerpt":{"rendered":"<p>Taille: 18 cm. Ensemble compos\u00e9 de 8 rangs.<\/p>\n","protected":false},"featured_media":13815,"template":"","meta":{"_uf_show_specific_survey":0,"_uf_disable_surveys":false},"product_brand":[],"product_cat":[97,117],"product_tag":[243],"class_list":{"0":"post-3553","1":"product","2":"type-product","3":"status-publish","4":"has-post-thumbnail","6":"product_cat-bracelet-fr","7":"product_cat-chapelet-fr","8":"product_tag-online-fr","9":"product_shipping_class-bra-fr","11":"first","12":"instock","13":"taxable","14":"shipping-taxable","15":"purchasable","16":"product-type-simple"},"yoast_head":"<!-- This site is optimized with the Yoast SEO plugin v26.8 - https:\/\/yoast.com\/product\/yoast-seo-wordpress\/ -->\n<title>Bracelet Chapelet en Acier Inox - la mollla\u00ae<\/title>\n<meta name=\"description\" content=\"Fabriqu\u00e9 \u00e0 la main en Italie et en France. Chaque object est fabriqu\u00e9 avec des ressorts d&#039;acier inoxydable de qualit\u00e9 sup\u00e9rieure et vendu dans une petite bo\u00eete individuelle. Nos produits sont dot\u00e9s d&#039;une \u00e9tiquette d&#039;authentification.\" \/>\n<meta name=\"robots\" content=\"index, follow, max-snippet:-1, max-image-preview:large, max-video-preview:-1\" \/>\n<link rel=\"canonical\" href=\"https:\/\/lamollla.com\/fr\/produit\/chapelet-bracelet\/\" \/>\n<meta property=\"og:locale\" content=\"fr_FR\" \/>\n<meta property=\"og:type\" content=\"article\" \/>\n<meta property=\"og:title\" content=\"Bracelet Chapelet en Acier Inox - la mollla\u00ae\" \/>\n<meta property=\"og:description\" content=\"Fabriqu\u00e9 \u00e0 la main en Italie et en France. Chaque object est fabriqu\u00e9 avec des ressorts d&#039;acier inoxydable de qualit\u00e9 sup\u00e9rieure et vendu dans une petite bo\u00eete individuelle. Nos produits sont dot\u00e9s d&#039;une \u00e9tiquette d&#039;authentification.\" \/>\n<meta property=\"og:url\" content=\"https:\/\/lamollla.com\/fr\/produit\/chapelet-bracelet\/\" \/>\n<meta property=\"og:site_name\" content=\"la mollla\u00ae\" \/>\n<meta property=\"article:publisher\" content=\"https:\/\/www.facebook.com\/TizianaRedavidAteliers\" \/>\n<meta property=\"article:modified_time\" content=\"2025-05-26T14:12:35+00:00\" \/>\n<meta property=\"og:image\" content=\"https:\/\/lamollla.com\/wp-content\/uploads\/2020\/07\/K7A7468-web.jpg\" \/>\n\t<meta property=\"og:image:width\" content=\"1333\" \/>\n\t<meta property=\"og:image:height\" content=\"2000\" \/>\n\t<meta property=\"og:image:type\" content=\"image\/jpeg\" \/>\n<meta name=\"twitter:card\" content=\"summary_large_image\" \/>\n<meta name=\"twitter:label1\" content=\"Dur\u00e9e de lecture estim\u00e9e\" \/>\n\t<meta name=\"twitter:data1\" content=\"1 minute\" \/>\n<script type=\"application\/ld+json\" class=\"yoast-schema-graph\">{\"@context\":\"https:\/\/schema.org\",\"@graph\":[{\"@type\":\"WebPage\",\"@id\":\"https:\/\/lamollla.com\/fr\/produit\/chapelet-bracelet\/\",\"url\":\"https:\/\/lamollla.com\/fr\/produit\/chapelet-bracelet\/\",\"name\":\"Bracelet Chapelet en Acier Inox - la mollla\u00ae\",\"isPartOf\":{\"@id\":\"https:\/\/lamollla.com\/fr\/#website\"},\"primaryImageOfPage\":{\"@id\":\"https:\/\/lamollla.com\/fr\/produit\/chapelet-bracelet\/#primaryimage\"},\"image\":{\"@id\":\"https:\/\/lamollla.com\/fr\/produit\/chapelet-bracelet\/#primaryimage\"},\"thumbnailUrl\":\"https:\/\/lamollla.com\/wp-content\/uploads\/2020\/07\/K7A7468-web.jpg\",\"datePublished\":\"2021-10-17T07:10:47+00:00\",\"dateModified\":\"2025-05-26T14:12:35+00:00\",\"description\":\"Fabriqu\u00e9 \u00e0 la main en Italie et en France. Chaque object est fabriqu\u00e9 avec des ressorts d'acier inoxydable de qualit\u00e9 sup\u00e9rieure et vendu dans une petite bo\u00eete individuelle. Nos produits sont dot\u00e9s d'une \u00e9tiquette d'authentification.\",\"breadcrumb\":{\"@id\":\"https:\/\/lamollla.com\/fr\/produit\/chapelet-bracelet\/#breadcrumb\"},\"inLanguage\":\"fr-FR\",\"potentialAction\":[{\"@type\":\"ReadAction\",\"target\":[\"https:\/\/lamollla.com\/fr\/produit\/chapelet-bracelet\/\"]}]},{\"@type\":\"ImageObject\",\"inLanguage\":\"fr-FR\",\"@id\":\"https:\/\/lamollla.com\/fr\/produit\/chapelet-bracelet\/#primaryimage\",\"url\":\"https:\/\/lamollla.com\/wp-content\/uploads\/2020\/07\/K7A7468-web.jpg\",\"contentUrl\":\"https:\/\/lamollla.com\/wp-content\/uploads\/2020\/07\/K7A7468-web.jpg\",\"width\":1333,\"height\":2000},{\"@type\":\"BreadcrumbList\",\"@id\":\"https:\/\/lamollla.com\/fr\/produit\/chapelet-bracelet\/#breadcrumb\",\"itemListElement\":[{\"@type\":\"ListItem\",\"position\":1,\"name\":\"Home\",\"item\":\"https:\/\/lamollla.com\/fr\/\"},{\"@type\":\"ListItem\",\"position\":2,\"name\":\"Boutique\",\"item\":\"https:\/\/lamollla.com\/fr\/boutique\/\"},{\"@type\":\"ListItem\",\"position\":3,\"name\":\"Bracelet Chapelet en Acier Inox\"}]},{\"@type\":\"WebSite\",\"@id\":\"https:\/\/lamollla.com\/fr\/#website\",\"url\":\"https:\/\/lamollla.com\/fr\/\",\"name\":\"la mollla\u00ae\",\"description\":\"\",\"publisher\":{\"@id\":\"https:\/\/lamollla.com\/fr\/#organization\"},\"potentialAction\":[{\"@type\":\"SearchAction\",\"target\":{\"@type\":\"EntryPoint\",\"urlTemplate\":\"https:\/\/lamollla.com\/fr\/?s={search_term_string}\"},\"query-input\":{\"@type\":\"PropertyValueSpecification\",\"valueRequired\":true,\"valueName\":\"search_term_string\"}}],\"inLanguage\":\"fr-FR\"},{\"@type\":\"Organization\",\"@id\":\"https:\/\/lamollla.com\/fr\/#organization\",\"name\":\"Soci\u00e9t\u00e9 Eolienne\",\"url\":\"https:\/\/lamollla.com\/fr\/\",\"logo\":{\"@type\":\"ImageObject\",\"inLanguage\":\"fr-FR\",\"@id\":\"https:\/\/lamollla.com\/fr\/#\/schema\/logo\/image\/\",\"url\":\"https:\/\/lamollla.com\/wp-content\/uploads\/2020\/09\/logo-lamollla@2x.png\",\"contentUrl\":\"https:\/\/lamollla.com\/wp-content\/uploads\/2020\/09\/logo-lamollla@2x.png\",\"width\":968,\"height\":212,\"caption\":\"Soci\u00e9t\u00e9 Eolienne\"},\"image\":{\"@id\":\"https:\/\/lamollla.com\/fr\/#\/schema\/logo\/image\/\"},\"sameAs\":[\"https:\/\/www.facebook.com\/TizianaRedavidAteliers\",\"https:\/\/www.instagram.com\/tizianaredavidesign\/\",\"https:\/\/www.pinterest.it\/tizianaredavid\/\"]}]}<\/script>\n<!-- \/ Yoast SEO plugin. -->","yoast_head_json":{"title":"Bracelet Chapelet en Acier Inox - la mollla\u00ae","description":"Fabriqu\u00e9 \u00e0 la main en Italie et en France. Chaque object est fabriqu\u00e9 avec des ressorts d'acier inoxydable de qualit\u00e9 sup\u00e9rieure et vendu dans une petite bo\u00eete individuelle. Nos produits sont dot\u00e9s d'une \u00e9tiquette d'authentification.","robots":{"index":"index","follow":"follow","max-snippet":"max-snippet:-1","max-image-preview":"max-image-preview:large","max-video-preview":"max-video-preview:-1"},"canonical":"https:\/\/lamollla.com\/fr\/produit\/chapelet-bracelet\/","og_locale":"fr_FR","og_type":"article","og_title":"Bracelet Chapelet en Acier Inox - la mollla\u00ae","og_description":"Fabriqu\u00e9 \u00e0 la main en Italie et en France. Chaque object est fabriqu\u00e9 avec des ressorts d'acier inoxydable de qualit\u00e9 sup\u00e9rieure et vendu dans une petite bo\u00eete individuelle. Nos produits sont dot\u00e9s d'une \u00e9tiquette d'authentification.","og_url":"https:\/\/lamollla.com\/fr\/produit\/chapelet-bracelet\/","og_site_name":"la mollla\u00ae","article_publisher":"https:\/\/www.facebook.com\/TizianaRedavidAteliers","article_modified_time":"2025-05-26T14:12:35+00:00","og_image":[{"width":1333,"height":2000,"url":"https:\/\/lamollla.com\/wp-content\/uploads\/2020\/07\/K7A7468-web.jpg","type":"image\/jpeg"}],"twitter_card":"summary_large_image","twitter_misc":{"Dur\u00e9e de lecture estim\u00e9e":"1 minute"},"schema":{"@context":"https:\/\/schema.org","@graph":[{"@type":"WebPage","@id":"https:\/\/lamollla.com\/fr\/produit\/chapelet-bracelet\/","url":"https:\/\/lamollla.com\/fr\/produit\/chapelet-bracelet\/","name":"Bracelet Chapelet en Acier Inox - la mollla\u00ae","isPartOf":{"@id":"https:\/\/lamollla.com\/fr\/#website"},"primaryImageOfPage":{"@id":"https:\/\/lamollla.com\/fr\/produit\/chapelet-bracelet\/#primaryimage"},"image":{"@id":"https:\/\/lamollla.com\/fr\/produit\/chapelet-bracelet\/#primaryimage"},"thumbnailUrl":"https:\/\/lamollla.com\/wp-content\/uploads\/2020\/07\/K7A7468-web.jpg","datePublished":"2021-10-17T07:10:47+00:00","dateModified":"2025-05-26T14:12:35+00:00","description":"Fabriqu\u00e9 \u00e0 la main en Italie et en France. Chaque object est fabriqu\u00e9 avec des ressorts d'acier inoxydable de qualit\u00e9 sup\u00e9rieure et vendu dans une petite bo\u00eete individuelle. Nos produits sont dot\u00e9s d'une \u00e9tiquette d'authentification.","breadcrumb":{"@id":"https:\/\/lamollla.com\/fr\/produit\/chapelet-bracelet\/#breadcrumb"},"inLanguage":"fr-FR","potentialAction":[{"@type":"ReadAction","target":["https:\/\/lamollla.com\/fr\/produit\/chapelet-bracelet\/"]}]},{"@type":"ImageObject","inLanguage":"fr-FR","@id":"https:\/\/lamollla.com\/fr\/produit\/chapelet-bracelet\/#primaryimage","url":"https:\/\/lamollla.com\/wp-content\/uploads\/2020\/07\/K7A7468-web.jpg","contentUrl":"https:\/\/lamollla.com\/wp-content\/uploads\/2020\/07\/K7A7468-web.jpg","width":1333,"height":2000},{"@type":"BreadcrumbList","@id":"https:\/\/lamollla.com\/fr\/produit\/chapelet-bracelet\/#breadcrumb","itemListElement":[{"@type":"ListItem","position":1,"name":"Home","item":"https:\/\/lamollla.com\/fr\/"},{"@type":"ListItem","position":2,"name":"Boutique","item":"https:\/\/lamollla.com\/fr\/boutique\/"},{"@type":"ListItem","position":3,"name":"Bracelet Chapelet en Acier Inox"}]},{"@type":"WebSite","@id":"https:\/\/lamollla.com\/fr\/#website","url":"https:\/\/lamollla.com\/fr\/","name":"la mollla\u00ae","description":"","publisher":{"@id":"https:\/\/lamollla.com\/fr\/#organization"},"potentialAction":[{"@type":"SearchAction","target":{"@type":"EntryPoint","urlTemplate":"https:\/\/lamollla.com\/fr\/?s={search_term_string}"},"query-input":{"@type":"PropertyValueSpecification","valueRequired":true,"valueName":"search_term_string"}}],"inLanguage":"fr-FR"},{"@type":"Organization","@id":"https:\/\/lamollla.com\/fr\/#organization","name":"Soci\u00e9t\u00e9 Eolienne","url":"https:\/\/lamollla.com\/fr\/","logo":{"@type":"ImageObject","inLanguage":"fr-FR","@id":"https:\/\/lamollla.com\/fr\/#\/schema\/logo\/image\/","url":"https:\/\/lamollla.com\/wp-content\/uploads\/2020\/09\/logo-lamollla@2x.png","contentUrl":"https:\/\/lamollla.com\/wp-content\/uploads\/2020\/09\/logo-lamollla@2x.png","width":968,"height":212,"caption":"Soci\u00e9t\u00e9 Eolienne"},"image":{"@id":"https:\/\/lamollla.com\/fr\/#\/schema\/logo\/image\/"},"sameAs":["https:\/\/www.facebook.com\/TizianaRedavidAteliers","https:\/\/www.instagram.com\/tizianaredavidesign\/","https:\/\/www.pinterest.it\/tizianaredavid\/"]}]}},"_links":{"self":[{"href":"https:\/\/lamollla.com\/fr\/wp-json\/wp\/v2\/product\/3553","targetHints":{"allow":["GET"]}}],"collection":[{"href":"https:\/\/lamollla.com\/fr\/wp-json\/wp\/v2\/product"}],"about":[{"href":"https:\/\/lamollla.com\/fr\/wp-json\/wp\/v2\/types\/product"}],"wp:featuredmedia":[{"embeddable":true,"href":"https:\/\/lamollla.com\/fr\/wp-json\/wp\/v2\/media\/13815"}],"wp:attachment":[{"href":"https:\/\/lamollla.com\/fr\/wp-json\/wp\/v2\/media?parent=3553"}],"wp:term":[{"taxonomy":"product_brand","embeddable":true,"href":"https:\/\/lamollla.com\/fr\/wp-json\/wp\/v2\/product_brand?post=3553"},{"taxonomy":"product_cat","embeddable":true,"href":"https:\/\/lamollla.com\/fr\/wp-json\/wp\/v2\/product_cat?post=3553"},{"taxonomy":"product_tag","embeddable":true,"href":"https:\/\/lamollla.com\/fr\/wp-json\/wp\/v2\/product_tag?post=3553"}],"curies":[{"name":"wp","href":"https:\/\/api.w.org\/{rel}","templated":true}]}}