{"id":3492,"date":"2020-08-04T23:19:48","date_gmt":"2021-09-21T10:41:46","guid":{"rendered":"https:\/\/lamollla.com\/product\/sel-poivre-or-bracelet\/"},"modified":"2025-05-26T15:56:58","modified_gmt":"2025-05-26T13:56:58","slug":"sel-poivre-or-bracelet","status":"publish","type":"product","link":"https:\/\/lamollla.com\/fr\/produit\/sel-poivre-or-bracelet\/","title":{"rendered":"Sel &#038; Poivre Or Bracelet \u2013 \u00c9clat dor\u00e9 et intemporel"},"content":{"rendered":"<p><span style=\"font-weight: 400;\">Le <\/span><b>Sel &amp; Poivre Or Bracelet<\/b><span style=\"font-weight: 400;\"> est une \u00e9volution du bracelet 97 : une histoire d\u2019amiti\u00e9 et d\u2019amour qui traverse l\u2019espace et le temps, avec une touche de couleur.<\/span><span style=\"font-weight: 400;\"><br \/>\n<\/span><span style=\"font-weight: 400;\">Ses vingt fils dor\u00e9s s\u2019associent harmonieusement \u00e0 ses soixante fils en acier inoxydable pur.<\/span><span style=\"font-weight: 400;\"><br \/>\n<\/span><span style=\"font-weight: 400;\">Ils peuvent \u00eatre port\u00e9s ensemble, s\u00e9par\u00e9ment ou partag\u00e9s avec les \u00eatres chers, les amis, les \u00e2mes s\u0153urs : un geste qui devient un pr\u00e9cieux symbole d\u2019amiti\u00e9, un lien profond entre les personnes, un fil qui unit les affinit\u00e9s \u00e9lectives.<\/span><\/p>\n<p><span style=\"font-weight: 400;\">Chaque bracelet du mod\u00e8le <\/span><b>Sel &amp; Poivre Or<\/b><span style=\"font-weight: 400;\"> (Sel et Poivre) est compos\u00e9 de 60 ressorts en acier inoxydable de premi\u00e8re qualit\u00e9 et de 20 ressorts dor\u00e9s.<\/span><span style=\"font-weight: 400;\"><br \/>\n<\/span><span style=\"font-weight: 400;\">Fabriqu\u00e9s en Italie et en France, nos bijoux sont produits avec un haut niveau d\u2019exigence \u00e0 Turin et \u00e0 Paris, gr\u00e2ce \u00e0 notre r\u00e9seau historique de fournisseurs italiens.<\/span><\/p>\n<p><span style=\"font-weight: 400;\">Issus d\u2019un design industriel rigoureux, ils sont faits pour durer \u00e9ternellement avec les soins appropri\u00e9s.<\/span><\/p>\n<p><span style=\"font-weight: 400;\">Bracelet historique cr\u00e9\u00e9 par Tiziana Redavid en 1987, mis en vente \u00e0 partir de 1997.<\/span><span style=\"font-weight: 400;\"><br \/>\n<\/span><span style=\"font-weight: 400;\">Chaque set contient \u00e9galement un tube en acier inoxydable, garantissant l\u2019authenticit\u00e9 de la marque <\/span><i><span style=\"font-weight: 400;\">la mollla by Tiziana Redavid<\/span><\/i><span style=\"font-weight: 400;\">.<\/span><\/p>\n<p><span style=\"font-weight: 400;\">Victime de son succ\u00e8s, ce bracelet est encore copi\u00e9 et vendu aujourd\u2019hui par de nombreux revendeurs dans le monde.<\/span><\/p>\n<p><span style=\"font-weight: 400;\">Design Tiziana Redavid for la mollla in 1997<\/span><span style=\"font-weight: 400;\"><br \/>\n<\/span><span style=\"font-weight: 400;\">Beware of imitations<\/span><\/p>\n","protected":false},"excerpt":{"rendered":"<p><span style=\"font-weight: 400;\">Set compos\u00e9 de 20 ressorts dor\u00e9s et de 60 ressorts en acier.<\/span><\/p>\n","protected":false},"featured_media":6285,"template":"","meta":{"_uf_show_specific_survey":0,"_uf_disable_surveys":false},"product_brand":[],"product_cat":[97,101],"product_tag":[243],"class_list":{"0":"post-3492","1":"product","2":"type-product","3":"status-publish","4":"has-post-thumbnail","6":"product_cat-bracelet-fr","7":"product_cat-sel-poivre-fr","8":"product_tag-online-fr","9":"product_shipping_class-bra-fr","11":"first","12":"instock","13":"taxable","14":"shipping-taxable","15":"purchasable","16":"product-type-variable"},"yoast_head":"<!-- This site is optimized with the Yoast SEO plugin v26.8 - https:\/\/yoast.com\/product\/yoast-seo-wordpress\/ -->\n<title>Sel &amp; Poivre Or Bracelet \u2013 \u00c9clat dor\u00e9 et intemporel - la mollla\u00ae<\/title>\n<meta name=\"robots\" content=\"index, follow, max-snippet:-1, max-image-preview:large, max-video-preview:-1\" \/>\n<link rel=\"canonical\" href=\"https:\/\/lamollla.com\/fr\/produit\/sel-poivre-or-bracelet\/\" \/>\n<meta property=\"og:locale\" content=\"fr_FR\" \/>\n<meta property=\"og:type\" content=\"article\" \/>\n<meta property=\"og:title\" content=\"Sel &amp; Poivre Or Bracelet \u2013 \u00c9clat dor\u00e9 et intemporel - la mollla\u00ae\" \/>\n<meta property=\"og:description\" content=\"Set compos\u00e9 de 20 ressorts dor\u00e9s et de 60 ressorts en acier.\" \/>\n<meta property=\"og:url\" content=\"https:\/\/lamollla.com\/fr\/produit\/sel-poivre-or-bracelet\/\" \/>\n<meta property=\"og:site_name\" content=\"la mollla\u00ae\" \/>\n<meta property=\"article:publisher\" content=\"https:\/\/www.facebook.com\/TizianaRedavidAteliers\" \/>\n<meta property=\"article:modified_time\" content=\"2025-05-26T13:56:58+00:00\" \/>\n<meta property=\"og:image\" content=\"https:\/\/lamollla.com\/wp-content\/uploads\/2020\/08\/selpoivre_or_bracelet-model_web-1024x1024.jpg\" \/>\n\t<meta property=\"og:image:width\" content=\"1024\" \/>\n\t<meta property=\"og:image:height\" content=\"1024\" \/>\n\t<meta property=\"og:image:type\" content=\"image\/jpeg\" \/>\n<meta name=\"twitter:card\" content=\"summary_large_image\" \/>\n<meta name=\"twitter:label1\" content=\"Dur\u00e9e de lecture estim\u00e9e\" \/>\n\t<meta name=\"twitter:data1\" content=\"2 minutes\" \/>\n<script type=\"application\/ld+json\" class=\"yoast-schema-graph\">{\"@context\":\"https:\/\/schema.org\",\"@graph\":[{\"@type\":\"WebPage\",\"@id\":\"https:\/\/lamollla.com\/fr\/produit\/sel-poivre-or-bracelet\/\",\"url\":\"https:\/\/lamollla.com\/fr\/produit\/sel-poivre-or-bracelet\/\",\"name\":\"Sel & Poivre Or Bracelet \u2013 \u00c9clat dor\u00e9 et intemporel - la mollla\u00ae\",\"isPartOf\":{\"@id\":\"https:\/\/lamollla.com\/fr\/#website\"},\"primaryImageOfPage\":{\"@id\":\"https:\/\/lamollla.com\/fr\/produit\/sel-poivre-or-bracelet\/#primaryimage\"},\"image\":{\"@id\":\"https:\/\/lamollla.com\/fr\/produit\/sel-poivre-or-bracelet\/#primaryimage\"},\"thumbnailUrl\":\"https:\/\/lamollla.com\/wp-content\/uploads\/2020\/08\/selpoivre_or_bracelet-model_web.jpg\",\"datePublished\":\"2021-09-21T10:41:46+00:00\",\"dateModified\":\"2025-05-26T13:56:58+00:00\",\"breadcrumb\":{\"@id\":\"https:\/\/lamollla.com\/fr\/produit\/sel-poivre-or-bracelet\/#breadcrumb\"},\"inLanguage\":\"fr-FR\",\"potentialAction\":[{\"@type\":\"ReadAction\",\"target\":[\"https:\/\/lamollla.com\/fr\/produit\/sel-poivre-or-bracelet\/\"]}]},{\"@type\":\"ImageObject\",\"inLanguage\":\"fr-FR\",\"@id\":\"https:\/\/lamollla.com\/fr\/produit\/sel-poivre-or-bracelet\/#primaryimage\",\"url\":\"https:\/\/lamollla.com\/wp-content\/uploads\/2020\/08\/selpoivre_or_bracelet-model_web.jpg\",\"contentUrl\":\"https:\/\/lamollla.com\/wp-content\/uploads\/2020\/08\/selpoivre_or_bracelet-model_web.jpg\",\"width\":2000,\"height\":2000},{\"@type\":\"BreadcrumbList\",\"@id\":\"https:\/\/lamollla.com\/fr\/produit\/sel-poivre-or-bracelet\/#breadcrumb\",\"itemListElement\":[{\"@type\":\"ListItem\",\"position\":1,\"name\":\"Home\",\"item\":\"https:\/\/lamollla.com\/fr\/\"},{\"@type\":\"ListItem\",\"position\":2,\"name\":\"Boutique\",\"item\":\"https:\/\/lamollla.com\/fr\/boutique\/\"},{\"@type\":\"ListItem\",\"position\":3,\"name\":\"Sel &#038; Poivre Or Bracelet \u2013 \u00c9clat dor\u00e9 et intemporel\"}]},{\"@type\":\"WebSite\",\"@id\":\"https:\/\/lamollla.com\/fr\/#website\",\"url\":\"https:\/\/lamollla.com\/fr\/\",\"name\":\"la mollla\u00ae\",\"description\":\"\",\"publisher\":{\"@id\":\"https:\/\/lamollla.com\/fr\/#organization\"},\"potentialAction\":[{\"@type\":\"SearchAction\",\"target\":{\"@type\":\"EntryPoint\",\"urlTemplate\":\"https:\/\/lamollla.com\/fr\/?s={search_term_string}\"},\"query-input\":{\"@type\":\"PropertyValueSpecification\",\"valueRequired\":true,\"valueName\":\"search_term_string\"}}],\"inLanguage\":\"fr-FR\"},{\"@type\":\"Organization\",\"@id\":\"https:\/\/lamollla.com\/fr\/#organization\",\"name\":\"Soci\u00e9t\u00e9 Eolienne\",\"url\":\"https:\/\/lamollla.com\/fr\/\",\"logo\":{\"@type\":\"ImageObject\",\"inLanguage\":\"fr-FR\",\"@id\":\"https:\/\/lamollla.com\/fr\/#\/schema\/logo\/image\/\",\"url\":\"https:\/\/lamollla.com\/wp-content\/uploads\/2020\/09\/logo-lamollla@2x.png\",\"contentUrl\":\"https:\/\/lamollla.com\/wp-content\/uploads\/2020\/09\/logo-lamollla@2x.png\",\"width\":968,\"height\":212,\"caption\":\"Soci\u00e9t\u00e9 Eolienne\"},\"image\":{\"@id\":\"https:\/\/lamollla.com\/fr\/#\/schema\/logo\/image\/\"},\"sameAs\":[\"https:\/\/www.facebook.com\/TizianaRedavidAteliers\",\"https:\/\/www.instagram.com\/tizianaredavidesign\/\",\"https:\/\/www.pinterest.it\/tizianaredavid\/\"]}]}<\/script>\n<!-- \/ Yoast SEO plugin. -->","yoast_head_json":{"title":"Sel & Poivre Or Bracelet \u2013 \u00c9clat dor\u00e9 et intemporel - la mollla\u00ae","robots":{"index":"index","follow":"follow","max-snippet":"max-snippet:-1","max-image-preview":"max-image-preview:large","max-video-preview":"max-video-preview:-1"},"canonical":"https:\/\/lamollla.com\/fr\/produit\/sel-poivre-or-bracelet\/","og_locale":"fr_FR","og_type":"article","og_title":"Sel & Poivre Or Bracelet \u2013 \u00c9clat dor\u00e9 et intemporel - la mollla\u00ae","og_description":"Set compos\u00e9 de 20 ressorts dor\u00e9s et de 60 ressorts en acier.","og_url":"https:\/\/lamollla.com\/fr\/produit\/sel-poivre-or-bracelet\/","og_site_name":"la mollla\u00ae","article_publisher":"https:\/\/www.facebook.com\/TizianaRedavidAteliers","article_modified_time":"2025-05-26T13:56:58+00:00","og_image":[{"width":1024,"height":1024,"url":"https:\/\/lamollla.com\/wp-content\/uploads\/2020\/08\/selpoivre_or_bracelet-model_web-1024x1024.jpg","type":"image\/jpeg"}],"twitter_card":"summary_large_image","twitter_misc":{"Dur\u00e9e de lecture estim\u00e9e":"2 minutes"},"schema":{"@context":"https:\/\/schema.org","@graph":[{"@type":"WebPage","@id":"https:\/\/lamollla.com\/fr\/produit\/sel-poivre-or-bracelet\/","url":"https:\/\/lamollla.com\/fr\/produit\/sel-poivre-or-bracelet\/","name":"Sel & Poivre Or Bracelet \u2013 \u00c9clat dor\u00e9 et intemporel - la mollla\u00ae","isPartOf":{"@id":"https:\/\/lamollla.com\/fr\/#website"},"primaryImageOfPage":{"@id":"https:\/\/lamollla.com\/fr\/produit\/sel-poivre-or-bracelet\/#primaryimage"},"image":{"@id":"https:\/\/lamollla.com\/fr\/produit\/sel-poivre-or-bracelet\/#primaryimage"},"thumbnailUrl":"https:\/\/lamollla.com\/wp-content\/uploads\/2020\/08\/selpoivre_or_bracelet-model_web.jpg","datePublished":"2021-09-21T10:41:46+00:00","dateModified":"2025-05-26T13:56:58+00:00","breadcrumb":{"@id":"https:\/\/lamollla.com\/fr\/produit\/sel-poivre-or-bracelet\/#breadcrumb"},"inLanguage":"fr-FR","potentialAction":[{"@type":"ReadAction","target":["https:\/\/lamollla.com\/fr\/produit\/sel-poivre-or-bracelet\/"]}]},{"@type":"ImageObject","inLanguage":"fr-FR","@id":"https:\/\/lamollla.com\/fr\/produit\/sel-poivre-or-bracelet\/#primaryimage","url":"https:\/\/lamollla.com\/wp-content\/uploads\/2020\/08\/selpoivre_or_bracelet-model_web.jpg","contentUrl":"https:\/\/lamollla.com\/wp-content\/uploads\/2020\/08\/selpoivre_or_bracelet-model_web.jpg","width":2000,"height":2000},{"@type":"BreadcrumbList","@id":"https:\/\/lamollla.com\/fr\/produit\/sel-poivre-or-bracelet\/#breadcrumb","itemListElement":[{"@type":"ListItem","position":1,"name":"Home","item":"https:\/\/lamollla.com\/fr\/"},{"@type":"ListItem","position":2,"name":"Boutique","item":"https:\/\/lamollla.com\/fr\/boutique\/"},{"@type":"ListItem","position":3,"name":"Sel &#038; Poivre Or Bracelet \u2013 \u00c9clat dor\u00e9 et intemporel"}]},{"@type":"WebSite","@id":"https:\/\/lamollla.com\/fr\/#website","url":"https:\/\/lamollla.com\/fr\/","name":"la mollla\u00ae","description":"","publisher":{"@id":"https:\/\/lamollla.com\/fr\/#organization"},"potentialAction":[{"@type":"SearchAction","target":{"@type":"EntryPoint","urlTemplate":"https:\/\/lamollla.com\/fr\/?s={search_term_string}"},"query-input":{"@type":"PropertyValueSpecification","valueRequired":true,"valueName":"search_term_string"}}],"inLanguage":"fr-FR"},{"@type":"Organization","@id":"https:\/\/lamollla.com\/fr\/#organization","name":"Soci\u00e9t\u00e9 Eolienne","url":"https:\/\/lamollla.com\/fr\/","logo":{"@type":"ImageObject","inLanguage":"fr-FR","@id":"https:\/\/lamollla.com\/fr\/#\/schema\/logo\/image\/","url":"https:\/\/lamollla.com\/wp-content\/uploads\/2020\/09\/logo-lamollla@2x.png","contentUrl":"https:\/\/lamollla.com\/wp-content\/uploads\/2020\/09\/logo-lamollla@2x.png","width":968,"height":212,"caption":"Soci\u00e9t\u00e9 Eolienne"},"image":{"@id":"https:\/\/lamollla.com\/fr\/#\/schema\/logo\/image\/"},"sameAs":["https:\/\/www.facebook.com\/TizianaRedavidAteliers","https:\/\/www.instagram.com\/tizianaredavidesign\/","https:\/\/www.pinterest.it\/tizianaredavid\/"]}]}},"_links":{"self":[{"href":"https:\/\/lamollla.com\/fr\/wp-json\/wp\/v2\/product\/3492","targetHints":{"allow":["GET"]}}],"collection":[{"href":"https:\/\/lamollla.com\/fr\/wp-json\/wp\/v2\/product"}],"about":[{"href":"https:\/\/lamollla.com\/fr\/wp-json\/wp\/v2\/types\/product"}],"wp:featuredmedia":[{"embeddable":true,"href":"https:\/\/lamollla.com\/fr\/wp-json\/wp\/v2\/media\/6285"}],"wp:attachment":[{"href":"https:\/\/lamollla.com\/fr\/wp-json\/wp\/v2\/media?parent=3492"}],"wp:term":[{"taxonomy":"product_brand","embeddable":true,"href":"https:\/\/lamollla.com\/fr\/wp-json\/wp\/v2\/product_brand?post=3492"},{"taxonomy":"product_cat","embeddable":true,"href":"https:\/\/lamollla.com\/fr\/wp-json\/wp\/v2\/product_cat?post=3492"},{"taxonomy":"product_tag","embeddable":true,"href":"https:\/\/lamollla.com\/fr\/wp-json\/wp\/v2\/product_tag?post=3492"}],"curies":[{"name":"wp","href":"https:\/\/api.w.org\/{rel}","templated":true}]}}