{"id":3486,"date":"2020-08-04T23:31:23","date_gmt":"2021-09-21T10:34:02","guid":{"rendered":"https:\/\/lamollla.com\/product\/twist-bracelet\/"},"modified":"2025-05-26T16:09:49","modified_gmt":"2025-05-26T14:09:49","slug":"twist-bracelet-en-acier-inox","status":"publish","type":"product","link":"https:\/\/lamollla.com\/fr\/produit\/twist-bracelet-en-acier-inox\/","title":{"rendered":"Twist Bracelet en Acier Inox"},"content":{"rendered":"<p><span style=\"font-weight: 400;\">Simplicit\u00e9 sculpturale avec une touche dynamique<\/span><\/p>\n<p><span style=\"font-weight: 400;\">Le bracelet Twist incarne la clart\u00e9, la brillance et le mouvement de la ligne iconique Twist dans une version raffin\u00e9e pour le poignet.<\/span><span style=\"font-weight: 400;\"><br \/>\n<\/span><span style=\"font-weight: 400;\">Compos\u00e9 de 8 brins fins en acier inoxydable flexible, il s\u2019adapte et se transforme \u2014 port\u00e9 lisse ou torsad\u00e9 \u2014 pour cr\u00e9er de subtiles variations de texture et de forme.<\/span><span style=\"font-weight: 400;\"><br \/>\n<\/span><span style=\"font-weight: 400;\">Sa structure joue avec la lumi\u00e8re, cr\u00e9ant des reflets chatoyants \u00e0 chaque mouvement.<\/span><\/p>\n<p><span style=\"font-weight: 400;\">Disponible en deux tailles (M : 19 cm \/ L : 20 cm), il s\u2019enroule naturellement autour du poignet et se ferme en toute s\u00e9curit\u00e9 gr\u00e2ce \u00e0 un fermoir magn\u00e9tique con\u00e7u sur mesure, fabriqu\u00e9 et grav\u00e9 avec le nom <\/span><i><span style=\"font-weight: 400;\">la mollla\u00ae<\/span><\/i><span style=\"font-weight: 400;\">.<\/span><span style=\"font-weight: 400;\"><br \/>\n<\/span><span style=\"font-weight: 400;\">Chaque pi\u00e8ce est l\u00e9g\u00e8re mais marquante, parfaite pour celles et ceux qui appr\u00e9cient l\u2019innovation, la pr\u00e9cision et l\u2019\u00e9l\u00e9gance sans exc\u00e8s.<\/span><\/p>\n<p><span style=\"font-weight: 400;\">Authentique, fabriqu\u00e9 en Italie et en France<\/span><span style=\"font-weight: 400;\"><br \/>\n<\/span><span style=\"font-weight: 400;\">Notre bijou est con\u00e7u avec un haut niveau de qualit\u00e9 \u00e0 Turin et \u00e0 Paris, avec l\u2019aide de notre r\u00e9seau historique de fournisseurs italiens.<\/span><span style=\"font-weight: 400;\"><br \/>\n<\/span><span style=\"font-weight: 400;\">Issu d\u2019un design industriel rigoureux.<\/span><span style=\"font-weight: 400;\"><br \/>\n<\/span><span style=\"font-weight: 400;\">Avec les soins appropri\u00e9s, il est fait pour durer \u00e9ternellement.<\/span><\/p>\n<p><b>Design Tiziana Redavid pour la mollla\u00ae<\/b><\/p>\n<p><b>Beware of imitations<\/b><\/p>\n","protected":false},"excerpt":{"rendered":"<p>Simplicit\u00e9 sculpturale avec une touche dynamique Le bracelet Twist incarne la clart\u00e9, la brillance et le mouvement de la ligne iconique Twist dans une version raffin\u00e9e pour le poignet. Compos\u00e9 de 8 brins fins en acier inoxydable flexible, il s\u2019adapte et se transforme \u2014 port\u00e9 lisse ou torsad\u00e9 \u2014 pour cr\u00e9er de subtiles variations de &#8230; <a title=\"Twist Bracelet en Acier Inox\" class=\"read-more\" href=\"https:\/\/lamollla.com\/fr\/produit\/twist-bracelet-en-acier-inox\/\" aria-label=\"En savoir plus sur Twist Bracelet en Acier Inox\">Lire plus<\/a><\/p>\n","protected":false},"featured_media":7189,"template":"","meta":{"_uf_show_specific_survey":0,"_uf_disable_surveys":false},"product_brand":[],"product_cat":[97,100],"product_tag":[243],"class_list":{"0":"post-3486","1":"product","2":"type-product","3":"status-publish","4":"has-post-thumbnail","6":"product_cat-bracelet-fr","7":"product_cat-twist-fr","8":"product_tag-online-fr","9":"product_shipping_class-bra-fr","11":"first","12":"instock","13":"taxable","14":"shipping-taxable","15":"purchasable","16":"product-type-variable"},"yoast_head":"<!-- This site is optimized with the Yoast SEO plugin v26.8 - https:\/\/yoast.com\/product\/yoast-seo-wordpress\/ -->\n<title>Twist Bracelet en Acier Inox - la mollla\u00ae<\/title>\n<meta name=\"robots\" content=\"index, follow, max-snippet:-1, max-image-preview:large, max-video-preview:-1\" \/>\n<link rel=\"canonical\" href=\"https:\/\/lamollla.com\/fr\/produit\/twist-bracelet-en-acier-inox\/\" \/>\n<meta property=\"og:locale\" content=\"fr_FR\" \/>\n<meta property=\"og:type\" content=\"article\" \/>\n<meta property=\"og:title\" content=\"Twist Bracelet en Acier Inox - la mollla\u00ae\" \/>\n<meta property=\"og:description\" content=\"Simplicit\u00e9 sculpturale avec une touche dynamique Le bracelet Twist incarne la clart\u00e9, la brillance et le mouvement de la ligne iconique Twist dans une version raffin\u00e9e pour le poignet. Compos\u00e9 de 8 brins fins en acier inoxydable flexible, il s\u2019adapte et se transforme \u2014 port\u00e9 lisse ou torsad\u00e9 \u2014 pour cr\u00e9er de subtiles variations de ... Lire plus\" \/>\n<meta property=\"og:url\" content=\"https:\/\/lamollla.com\/fr\/produit\/twist-bracelet-en-acier-inox\/\" \/>\n<meta property=\"og:site_name\" content=\"la mollla\u00ae\" \/>\n<meta property=\"article:publisher\" content=\"https:\/\/www.facebook.com\/TizianaRedavidAteliers\" \/>\n<meta property=\"article:modified_time\" content=\"2025-05-26T14:09:49+00:00\" \/>\n<meta property=\"og:image\" content=\"https:\/\/lamollla.com\/wp-content\/uploads\/2020\/08\/twist_bracelet-front-01.jpeg\" \/>\n\t<meta property=\"og:image:width\" content=\"1333\" \/>\n\t<meta property=\"og:image:height\" content=\"1333\" \/>\n\t<meta property=\"og:image:type\" content=\"image\/jpeg\" \/>\n<meta name=\"twitter:card\" content=\"summary_large_image\" \/>\n<meta name=\"twitter:label1\" content=\"Dur\u00e9e de lecture estim\u00e9e\" \/>\n\t<meta name=\"twitter:data1\" content=\"2 minutes\" \/>\n<script type=\"application\/ld+json\" class=\"yoast-schema-graph\">{\"@context\":\"https:\/\/schema.org\",\"@graph\":[{\"@type\":\"WebPage\",\"@id\":\"https:\/\/lamollla.com\/fr\/produit\/twist-bracelet-en-acier-inox\/\",\"url\":\"https:\/\/lamollla.com\/fr\/produit\/twist-bracelet-en-acier-inox\/\",\"name\":\"Twist Bracelet en Acier Inox - la mollla\u00ae\",\"isPartOf\":{\"@id\":\"https:\/\/lamollla.com\/fr\/#website\"},\"primaryImageOfPage\":{\"@id\":\"https:\/\/lamollla.com\/fr\/produit\/twist-bracelet-en-acier-inox\/#primaryimage\"},\"image\":{\"@id\":\"https:\/\/lamollla.com\/fr\/produit\/twist-bracelet-en-acier-inox\/#primaryimage\"},\"thumbnailUrl\":\"https:\/\/lamollla.com\/wp-content\/uploads\/2020\/08\/twist_bracelet-front-01.jpeg\",\"datePublished\":\"2021-09-21T10:34:02+00:00\",\"dateModified\":\"2025-05-26T14:09:49+00:00\",\"breadcrumb\":{\"@id\":\"https:\/\/lamollla.com\/fr\/produit\/twist-bracelet-en-acier-inox\/#breadcrumb\"},\"inLanguage\":\"fr-FR\",\"potentialAction\":[{\"@type\":\"ReadAction\",\"target\":[\"https:\/\/lamollla.com\/fr\/produit\/twist-bracelet-en-acier-inox\/\"]}]},{\"@type\":\"ImageObject\",\"inLanguage\":\"fr-FR\",\"@id\":\"https:\/\/lamollla.com\/fr\/produit\/twist-bracelet-en-acier-inox\/#primaryimage\",\"url\":\"https:\/\/lamollla.com\/wp-content\/uploads\/2020\/08\/twist_bracelet-front-01.jpeg\",\"contentUrl\":\"https:\/\/lamollla.com\/wp-content\/uploads\/2020\/08\/twist_bracelet-front-01.jpeg\",\"width\":1333,\"height\":1333},{\"@type\":\"BreadcrumbList\",\"@id\":\"https:\/\/lamollla.com\/fr\/produit\/twist-bracelet-en-acier-inox\/#breadcrumb\",\"itemListElement\":[{\"@type\":\"ListItem\",\"position\":1,\"name\":\"Home\",\"item\":\"https:\/\/lamollla.com\/fr\/\"},{\"@type\":\"ListItem\",\"position\":2,\"name\":\"Boutique\",\"item\":\"https:\/\/lamollla.com\/fr\/boutique\/\"},{\"@type\":\"ListItem\",\"position\":3,\"name\":\"Twist Bracelet en Acier Inox\"}]},{\"@type\":\"WebSite\",\"@id\":\"https:\/\/lamollla.com\/fr\/#website\",\"url\":\"https:\/\/lamollla.com\/fr\/\",\"name\":\"la mollla\u00ae\",\"description\":\"\",\"publisher\":{\"@id\":\"https:\/\/lamollla.com\/fr\/#organization\"},\"potentialAction\":[{\"@type\":\"SearchAction\",\"target\":{\"@type\":\"EntryPoint\",\"urlTemplate\":\"https:\/\/lamollla.com\/fr\/?s={search_term_string}\"},\"query-input\":{\"@type\":\"PropertyValueSpecification\",\"valueRequired\":true,\"valueName\":\"search_term_string\"}}],\"inLanguage\":\"fr-FR\"},{\"@type\":\"Organization\",\"@id\":\"https:\/\/lamollla.com\/fr\/#organization\",\"name\":\"Soci\u00e9t\u00e9 Eolienne\",\"url\":\"https:\/\/lamollla.com\/fr\/\",\"logo\":{\"@type\":\"ImageObject\",\"inLanguage\":\"fr-FR\",\"@id\":\"https:\/\/lamollla.com\/fr\/#\/schema\/logo\/image\/\",\"url\":\"https:\/\/lamollla.com\/wp-content\/uploads\/2020\/09\/logo-lamollla@2x.png\",\"contentUrl\":\"https:\/\/lamollla.com\/wp-content\/uploads\/2020\/09\/logo-lamollla@2x.png\",\"width\":968,\"height\":212,\"caption\":\"Soci\u00e9t\u00e9 Eolienne\"},\"image\":{\"@id\":\"https:\/\/lamollla.com\/fr\/#\/schema\/logo\/image\/\"},\"sameAs\":[\"https:\/\/www.facebook.com\/TizianaRedavidAteliers\",\"https:\/\/www.instagram.com\/tizianaredavidesign\/\",\"https:\/\/www.pinterest.it\/tizianaredavid\/\"]}]}<\/script>\n<!-- \/ Yoast SEO plugin. -->","yoast_head_json":{"title":"Twist Bracelet en Acier Inox - la mollla\u00ae","robots":{"index":"index","follow":"follow","max-snippet":"max-snippet:-1","max-image-preview":"max-image-preview:large","max-video-preview":"max-video-preview:-1"},"canonical":"https:\/\/lamollla.com\/fr\/produit\/twist-bracelet-en-acier-inox\/","og_locale":"fr_FR","og_type":"article","og_title":"Twist Bracelet en Acier Inox - la mollla\u00ae","og_description":"Simplicit\u00e9 sculpturale avec une touche dynamique Le bracelet Twist incarne la clart\u00e9, la brillance et le mouvement de la ligne iconique Twist dans une version raffin\u00e9e pour le poignet. Compos\u00e9 de 8 brins fins en acier inoxydable flexible, il s\u2019adapte et se transforme \u2014 port\u00e9 lisse ou torsad\u00e9 \u2014 pour cr\u00e9er de subtiles variations de ... Lire plus","og_url":"https:\/\/lamollla.com\/fr\/produit\/twist-bracelet-en-acier-inox\/","og_site_name":"la mollla\u00ae","article_publisher":"https:\/\/www.facebook.com\/TizianaRedavidAteliers","article_modified_time":"2025-05-26T14:09:49+00:00","og_image":[{"width":1333,"height":1333,"url":"https:\/\/lamollla.com\/wp-content\/uploads\/2020\/08\/twist_bracelet-front-01.jpeg","type":"image\/jpeg"}],"twitter_card":"summary_large_image","twitter_misc":{"Dur\u00e9e de lecture estim\u00e9e":"2 minutes"},"schema":{"@context":"https:\/\/schema.org","@graph":[{"@type":"WebPage","@id":"https:\/\/lamollla.com\/fr\/produit\/twist-bracelet-en-acier-inox\/","url":"https:\/\/lamollla.com\/fr\/produit\/twist-bracelet-en-acier-inox\/","name":"Twist Bracelet en Acier Inox - la mollla\u00ae","isPartOf":{"@id":"https:\/\/lamollla.com\/fr\/#website"},"primaryImageOfPage":{"@id":"https:\/\/lamollla.com\/fr\/produit\/twist-bracelet-en-acier-inox\/#primaryimage"},"image":{"@id":"https:\/\/lamollla.com\/fr\/produit\/twist-bracelet-en-acier-inox\/#primaryimage"},"thumbnailUrl":"https:\/\/lamollla.com\/wp-content\/uploads\/2020\/08\/twist_bracelet-front-01.jpeg","datePublished":"2021-09-21T10:34:02+00:00","dateModified":"2025-05-26T14:09:49+00:00","breadcrumb":{"@id":"https:\/\/lamollla.com\/fr\/produit\/twist-bracelet-en-acier-inox\/#breadcrumb"},"inLanguage":"fr-FR","potentialAction":[{"@type":"ReadAction","target":["https:\/\/lamollla.com\/fr\/produit\/twist-bracelet-en-acier-inox\/"]}]},{"@type":"ImageObject","inLanguage":"fr-FR","@id":"https:\/\/lamollla.com\/fr\/produit\/twist-bracelet-en-acier-inox\/#primaryimage","url":"https:\/\/lamollla.com\/wp-content\/uploads\/2020\/08\/twist_bracelet-front-01.jpeg","contentUrl":"https:\/\/lamollla.com\/wp-content\/uploads\/2020\/08\/twist_bracelet-front-01.jpeg","width":1333,"height":1333},{"@type":"BreadcrumbList","@id":"https:\/\/lamollla.com\/fr\/produit\/twist-bracelet-en-acier-inox\/#breadcrumb","itemListElement":[{"@type":"ListItem","position":1,"name":"Home","item":"https:\/\/lamollla.com\/fr\/"},{"@type":"ListItem","position":2,"name":"Boutique","item":"https:\/\/lamollla.com\/fr\/boutique\/"},{"@type":"ListItem","position":3,"name":"Twist Bracelet en Acier Inox"}]},{"@type":"WebSite","@id":"https:\/\/lamollla.com\/fr\/#website","url":"https:\/\/lamollla.com\/fr\/","name":"la mollla\u00ae","description":"","publisher":{"@id":"https:\/\/lamollla.com\/fr\/#organization"},"potentialAction":[{"@type":"SearchAction","target":{"@type":"EntryPoint","urlTemplate":"https:\/\/lamollla.com\/fr\/?s={search_term_string}"},"query-input":{"@type":"PropertyValueSpecification","valueRequired":true,"valueName":"search_term_string"}}],"inLanguage":"fr-FR"},{"@type":"Organization","@id":"https:\/\/lamollla.com\/fr\/#organization","name":"Soci\u00e9t\u00e9 Eolienne","url":"https:\/\/lamollla.com\/fr\/","logo":{"@type":"ImageObject","inLanguage":"fr-FR","@id":"https:\/\/lamollla.com\/fr\/#\/schema\/logo\/image\/","url":"https:\/\/lamollla.com\/wp-content\/uploads\/2020\/09\/logo-lamollla@2x.png","contentUrl":"https:\/\/lamollla.com\/wp-content\/uploads\/2020\/09\/logo-lamollla@2x.png","width":968,"height":212,"caption":"Soci\u00e9t\u00e9 Eolienne"},"image":{"@id":"https:\/\/lamollla.com\/fr\/#\/schema\/logo\/image\/"},"sameAs":["https:\/\/www.facebook.com\/TizianaRedavidAteliers","https:\/\/www.instagram.com\/tizianaredavidesign\/","https:\/\/www.pinterest.it\/tizianaredavid\/"]}]}},"_links":{"self":[{"href":"https:\/\/lamollla.com\/fr\/wp-json\/wp\/v2\/product\/3486","targetHints":{"allow":["GET"]}}],"collection":[{"href":"https:\/\/lamollla.com\/fr\/wp-json\/wp\/v2\/product"}],"about":[{"href":"https:\/\/lamollla.com\/fr\/wp-json\/wp\/v2\/types\/product"}],"wp:featuredmedia":[{"embeddable":true,"href":"https:\/\/lamollla.com\/fr\/wp-json\/wp\/v2\/media\/7189"}],"wp:attachment":[{"href":"https:\/\/lamollla.com\/fr\/wp-json\/wp\/v2\/media?parent=3486"}],"wp:term":[{"taxonomy":"product_brand","embeddable":true,"href":"https:\/\/lamollla.com\/fr\/wp-json\/wp\/v2\/product_brand?post=3486"},{"taxonomy":"product_cat","embeddable":true,"href":"https:\/\/lamollla.com\/fr\/wp-json\/wp\/v2\/product_cat?post=3486"},{"taxonomy":"product_tag","embeddable":true,"href":"https:\/\/lamollla.com\/fr\/wp-json\/wp\/v2\/product_tag?post=3486"}],"curies":[{"name":"wp","href":"https:\/\/api.w.org\/{rel}","templated":true}]}}