{"id":3483,"date":"2020-08-05T00:26:53","date_gmt":"2021-09-21T10:33:25","guid":{"rendered":"https:\/\/lamollla.com\/product\/n1-bracelet-acier\/"},"modified":"2025-05-26T16:06:23","modified_gmt":"2025-05-26T14:06:23","slug":"n1-acier-bracelet","status":"publish","type":"product","link":"https:\/\/lamollla.com\/fr\/produit\/n1-acier-bracelet\/","title":{"rendered":"N\u00b01 Bracelet en Acier Inox"},"content":{"rendered":"<p><span style=\"font-weight: 400;\">L\u00e9g\u00e8ret\u00e9 sculpturale et \u00e9l\u00e9gance du quotidien<\/span><\/p>\n<p><span style=\"font-weight: 400;\">La famille N\u00b01 est n\u00e9e de la passion de Tiziana Redavid pour la modularit\u00e9.<\/span><span style=\"font-weight: 400;\"><br \/>\n<\/span><span style=\"font-weight: 400;\">\u00c0 la suite du succ\u00e8s du bracelet iconique 97, elle commence \u00e0 fa\u00e7onner des micro-ressorts en acier inox pur sous de nouvelles formes \u2014 exprimant mouvement, volume et texture \u00e0 travers un langage de design fait de simplicit\u00e9 et de pr\u00e9cision.<\/span><\/p>\n<p><span style=\"font-weight: 400;\">Le bracelet N\u00b01 poursuit cette \u00e9volution avec une composition raffin\u00e9e et stratifi\u00e9e d\u2019anneaux en acier inoxydable qui enveloppent le poignet dans une structure l\u00e9g\u00e8re mais expressive.<\/span><span style=\"font-weight: 400;\"><br \/>\n<\/span><span style=\"font-weight: 400;\">Comme toutes les pi\u00e8ces de la ligne, il accompagne le corps avec fluidit\u00e9, sans s\u2019emm\u00ealer ni perdre sa forme, et il est assembl\u00e9 \u00e0 la main, anneau par anneau \u2014 un geste d\u2019attention artisanale propre \u00e0 la mollla\u00ae.<\/span><\/p>\n<p><span style=\"font-weight: 400;\">Pour le porter, il suffit de faire rouler le bracelet doucement sur la main \u2014 un rituel tactile qui renforce sa relation harmonieuse avec le corps.<\/span><span style=\"font-weight: 400;\"><br \/>\n<\/span><span style=\"font-weight: 400;\">M\u00eame l\u2019int\u00e9rieur du bracelet est r\u00e9alis\u00e9 avec les m\u00eames micro-ressorts en acier inox, garantissant une continuit\u00e9 visuelle et mat\u00e9rielle dans l\u2019ensemble de la pi\u00e8ce.<\/span><\/p>\n<p><span style=\"font-weight: 400;\">Disponible en plusieurs tailles, il s\u2019adapte naturellement au poignet et devient une extension de soi \u2014 si l\u00e9ger qu\u2019on l\u2019oublie, mais riche de caract\u00e8re.<\/span><span style=\"font-weight: 400;\"><br \/>\n<\/span><span style=\"font-weight: 400;\">Sa structure rythm\u00e9e scintille de mani\u00e8re inattendue, refl\u00e9tant la dualit\u00e9 entre ordre et spontan\u00e9it\u00e9 \u00e0 chaque mouvement.<\/span><\/p>\n<p><span style=\"font-weight: 400;\">R\u00e9sistant \u00e0 l\u2019eau, s\u00e9chant rapidement, et insensible au soleil comme au sable, le bracelet N\u00b01 est un essentiel nomade \u2014 intemporel et contemporain \u00e0 la fois.<\/span><\/p>\n<p><span style=\"font-weight: 400;\">Authentique, fabriqu\u00e9 en Italie et en France<\/span><span style=\"font-weight: 400;\"><br \/>\n<\/span><span style=\"font-weight: 400;\">Con\u00e7u \u00e0 Turin et \u00e0 Paris avec le soutien de notre r\u00e9seau historique de fournisseurs italiens, selon un design industriel rigoureux et un savoir-faire artisanal.<\/span><\/p>\n<p><span style=\"font-weight: 400;\">Chaque bracelet est compos\u00e9 de ressorts originaux de haute qualit\u00e9 en acier inoxydable pur<\/span><\/p>\n<p><b>Design Tiziana Redavid pour la mollla\u00ae, 1998<\/b><\/p>\n<p><b>Beware of imitations<\/b><\/p>\n","protected":false},"excerpt":{"rendered":"<p>L\u00e9g\u00e8ret\u00e9 sculpturale et \u00e9l\u00e9gance du quotidien La famille N\u00b01 est n\u00e9e de la passion de Tiziana Redavid pour la modularit\u00e9. \u00c0 la suite du succ\u00e8s du bracelet iconique 97, elle commence \u00e0 fa\u00e7onner des micro-ressorts en acier inox pur sous de nouvelles formes \u2014 exprimant mouvement, volume et texture \u00e0 travers un langage de design &#8230; <a title=\"N\u00b01 Bracelet en Acier Inox\" class=\"read-more\" href=\"https:\/\/lamollla.com\/fr\/produit\/n1-acier-bracelet\/\" aria-label=\"En savoir plus sur N\u00b01 Bracelet en Acier Inox\">Lire plus<\/a><\/p>\n","protected":false},"featured_media":5084,"template":"","meta":{"_uf_show_specific_survey":0,"_uf_disable_surveys":false},"product_brand":[],"product_cat":[97,98],"product_tag":[243],"class_list":{"0":"post-3483","1":"product","2":"type-product","3":"status-publish","4":"has-post-thumbnail","6":"product_cat-bracelet-fr","7":"product_cat-n1-fr","8":"product_tag-online-fr","9":"product_shipping_class-bra-fr","11":"first","12":"instock","13":"taxable","14":"shipping-taxable","15":"purchasable","16":"product-type-variable"},"yoast_head":"<!-- This site is optimized with the Yoast SEO plugin v26.8 - https:\/\/yoast.com\/product\/yoast-seo-wordpress\/ -->\n<title>N\u00b01 Bracelet en Acier Inox - la mollla\u00ae<\/title>\n<meta name=\"robots\" content=\"index, follow, max-snippet:-1, max-image-preview:large, max-video-preview:-1\" \/>\n<link rel=\"canonical\" href=\"https:\/\/lamollla.com\/fr\/produit\/n1-acier-bracelet\/\" \/>\n<meta property=\"og:locale\" content=\"fr_FR\" \/>\n<meta property=\"og:type\" content=\"article\" \/>\n<meta property=\"og:title\" content=\"N\u00b01 Bracelet en Acier Inox - la mollla\u00ae\" \/>\n<meta property=\"og:description\" content=\"L\u00e9g\u00e8ret\u00e9 sculpturale et \u00e9l\u00e9gance du quotidien La famille N\u00b01 est n\u00e9e de la passion de Tiziana Redavid pour la modularit\u00e9. \u00c0 la suite du succ\u00e8s du bracelet iconique 97, elle commence \u00e0 fa\u00e7onner des micro-ressorts en acier inox pur sous de nouvelles formes \u2014 exprimant mouvement, volume et texture \u00e0 travers un langage de design ... Lire plus\" \/>\n<meta property=\"og:url\" content=\"https:\/\/lamollla.com\/fr\/produit\/n1-acier-bracelet\/\" \/>\n<meta property=\"og:site_name\" content=\"la mollla\u00ae\" \/>\n<meta property=\"article:publisher\" content=\"https:\/\/www.facebook.com\/TizianaRedavidAteliers\" \/>\n<meta property=\"article:modified_time\" content=\"2025-05-26T14:06:23+00:00\" \/>\n<meta property=\"og:image\" content=\"https:\/\/lamollla.com\/wp-content\/uploads\/2020\/07\/n1-bra_lamollla_0200_web-e1699879698497.jpg\" \/>\n\t<meta property=\"og:image:width\" content=\"1332\" \/>\n\t<meta property=\"og:image:height\" content=\"1344\" \/>\n\t<meta property=\"og:image:type\" content=\"image\/jpeg\" \/>\n<meta name=\"twitter:card\" content=\"summary_large_image\" \/>\n<meta name=\"twitter:label1\" content=\"Dur\u00e9e de lecture estim\u00e9e\" \/>\n\t<meta name=\"twitter:data1\" content=\"2 minutes\" \/>\n<script type=\"application\/ld+json\" class=\"yoast-schema-graph\">{\"@context\":\"https:\/\/schema.org\",\"@graph\":[{\"@type\":\"WebPage\",\"@id\":\"https:\/\/lamollla.com\/fr\/produit\/n1-acier-bracelet\/\",\"url\":\"https:\/\/lamollla.com\/fr\/produit\/n1-acier-bracelet\/\",\"name\":\"N\u00b01 Bracelet en Acier Inox - la mollla\u00ae\",\"isPartOf\":{\"@id\":\"https:\/\/lamollla.com\/fr\/#website\"},\"primaryImageOfPage\":{\"@id\":\"https:\/\/lamollla.com\/fr\/produit\/n1-acier-bracelet\/#primaryimage\"},\"image\":{\"@id\":\"https:\/\/lamollla.com\/fr\/produit\/n1-acier-bracelet\/#primaryimage\"},\"thumbnailUrl\":\"https:\/\/lamollla.com\/wp-content\/uploads\/2020\/07\/n1-bra_lamollla_0200_web-e1699879698497.jpg\",\"datePublished\":\"2021-09-21T10:33:25+00:00\",\"dateModified\":\"2025-05-26T14:06:23+00:00\",\"breadcrumb\":{\"@id\":\"https:\/\/lamollla.com\/fr\/produit\/n1-acier-bracelet\/#breadcrumb\"},\"inLanguage\":\"fr-FR\",\"potentialAction\":[{\"@type\":\"ReadAction\",\"target\":[\"https:\/\/lamollla.com\/fr\/produit\/n1-acier-bracelet\/\"]}]},{\"@type\":\"ImageObject\",\"inLanguage\":\"fr-FR\",\"@id\":\"https:\/\/lamollla.com\/fr\/produit\/n1-acier-bracelet\/#primaryimage\",\"url\":\"https:\/\/lamollla.com\/wp-content\/uploads\/2020\/07\/n1-bra_lamollla_0200_web-e1699879698497.jpg\",\"contentUrl\":\"https:\/\/lamollla.com\/wp-content\/uploads\/2020\/07\/n1-bra_lamollla_0200_web-e1699879698497.jpg\",\"width\":1332,\"height\":1344},{\"@type\":\"BreadcrumbList\",\"@id\":\"https:\/\/lamollla.com\/fr\/produit\/n1-acier-bracelet\/#breadcrumb\",\"itemListElement\":[{\"@type\":\"ListItem\",\"position\":1,\"name\":\"Home\",\"item\":\"https:\/\/lamollla.com\/fr\/\"},{\"@type\":\"ListItem\",\"position\":2,\"name\":\"Boutique\",\"item\":\"https:\/\/lamollla.com\/fr\/boutique\/\"},{\"@type\":\"ListItem\",\"position\":3,\"name\":\"N\u00b01 Bracelet en Acier Inox\"}]},{\"@type\":\"WebSite\",\"@id\":\"https:\/\/lamollla.com\/fr\/#website\",\"url\":\"https:\/\/lamollla.com\/fr\/\",\"name\":\"la mollla\u00ae\",\"description\":\"\",\"publisher\":{\"@id\":\"https:\/\/lamollla.com\/fr\/#organization\"},\"potentialAction\":[{\"@type\":\"SearchAction\",\"target\":{\"@type\":\"EntryPoint\",\"urlTemplate\":\"https:\/\/lamollla.com\/fr\/?s={search_term_string}\"},\"query-input\":{\"@type\":\"PropertyValueSpecification\",\"valueRequired\":true,\"valueName\":\"search_term_string\"}}],\"inLanguage\":\"fr-FR\"},{\"@type\":\"Organization\",\"@id\":\"https:\/\/lamollla.com\/fr\/#organization\",\"name\":\"Soci\u00e9t\u00e9 Eolienne\",\"url\":\"https:\/\/lamollla.com\/fr\/\",\"logo\":{\"@type\":\"ImageObject\",\"inLanguage\":\"fr-FR\",\"@id\":\"https:\/\/lamollla.com\/fr\/#\/schema\/logo\/image\/\",\"url\":\"https:\/\/lamollla.com\/wp-content\/uploads\/2020\/09\/logo-lamollla@2x.png\",\"contentUrl\":\"https:\/\/lamollla.com\/wp-content\/uploads\/2020\/09\/logo-lamollla@2x.png\",\"width\":968,\"height\":212,\"caption\":\"Soci\u00e9t\u00e9 Eolienne\"},\"image\":{\"@id\":\"https:\/\/lamollla.com\/fr\/#\/schema\/logo\/image\/\"},\"sameAs\":[\"https:\/\/www.facebook.com\/TizianaRedavidAteliers\",\"https:\/\/www.instagram.com\/tizianaredavidesign\/\",\"https:\/\/www.pinterest.it\/tizianaredavid\/\"]}]}<\/script>\n<!-- \/ Yoast SEO plugin. -->","yoast_head_json":{"title":"N\u00b01 Bracelet en Acier Inox - la mollla\u00ae","robots":{"index":"index","follow":"follow","max-snippet":"max-snippet:-1","max-image-preview":"max-image-preview:large","max-video-preview":"max-video-preview:-1"},"canonical":"https:\/\/lamollla.com\/fr\/produit\/n1-acier-bracelet\/","og_locale":"fr_FR","og_type":"article","og_title":"N\u00b01 Bracelet en Acier Inox - la mollla\u00ae","og_description":"L\u00e9g\u00e8ret\u00e9 sculpturale et \u00e9l\u00e9gance du quotidien La famille N\u00b01 est n\u00e9e de la passion de Tiziana Redavid pour la modularit\u00e9. \u00c0 la suite du succ\u00e8s du bracelet iconique 97, elle commence \u00e0 fa\u00e7onner des micro-ressorts en acier inox pur sous de nouvelles formes \u2014 exprimant mouvement, volume et texture \u00e0 travers un langage de design ... Lire plus","og_url":"https:\/\/lamollla.com\/fr\/produit\/n1-acier-bracelet\/","og_site_name":"la mollla\u00ae","article_publisher":"https:\/\/www.facebook.com\/TizianaRedavidAteliers","article_modified_time":"2025-05-26T14:06:23+00:00","og_image":[{"width":1332,"height":1344,"url":"https:\/\/lamollla.com\/wp-content\/uploads\/2020\/07\/n1-bra_lamollla_0200_web-e1699879698497.jpg","type":"image\/jpeg"}],"twitter_card":"summary_large_image","twitter_misc":{"Dur\u00e9e de lecture estim\u00e9e":"2 minutes"},"schema":{"@context":"https:\/\/schema.org","@graph":[{"@type":"WebPage","@id":"https:\/\/lamollla.com\/fr\/produit\/n1-acier-bracelet\/","url":"https:\/\/lamollla.com\/fr\/produit\/n1-acier-bracelet\/","name":"N\u00b01 Bracelet en Acier Inox - la mollla\u00ae","isPartOf":{"@id":"https:\/\/lamollla.com\/fr\/#website"},"primaryImageOfPage":{"@id":"https:\/\/lamollla.com\/fr\/produit\/n1-acier-bracelet\/#primaryimage"},"image":{"@id":"https:\/\/lamollla.com\/fr\/produit\/n1-acier-bracelet\/#primaryimage"},"thumbnailUrl":"https:\/\/lamollla.com\/wp-content\/uploads\/2020\/07\/n1-bra_lamollla_0200_web-e1699879698497.jpg","datePublished":"2021-09-21T10:33:25+00:00","dateModified":"2025-05-26T14:06:23+00:00","breadcrumb":{"@id":"https:\/\/lamollla.com\/fr\/produit\/n1-acier-bracelet\/#breadcrumb"},"inLanguage":"fr-FR","potentialAction":[{"@type":"ReadAction","target":["https:\/\/lamollla.com\/fr\/produit\/n1-acier-bracelet\/"]}]},{"@type":"ImageObject","inLanguage":"fr-FR","@id":"https:\/\/lamollla.com\/fr\/produit\/n1-acier-bracelet\/#primaryimage","url":"https:\/\/lamollla.com\/wp-content\/uploads\/2020\/07\/n1-bra_lamollla_0200_web-e1699879698497.jpg","contentUrl":"https:\/\/lamollla.com\/wp-content\/uploads\/2020\/07\/n1-bra_lamollla_0200_web-e1699879698497.jpg","width":1332,"height":1344},{"@type":"BreadcrumbList","@id":"https:\/\/lamollla.com\/fr\/produit\/n1-acier-bracelet\/#breadcrumb","itemListElement":[{"@type":"ListItem","position":1,"name":"Home","item":"https:\/\/lamollla.com\/fr\/"},{"@type":"ListItem","position":2,"name":"Boutique","item":"https:\/\/lamollla.com\/fr\/boutique\/"},{"@type":"ListItem","position":3,"name":"N\u00b01 Bracelet en Acier Inox"}]},{"@type":"WebSite","@id":"https:\/\/lamollla.com\/fr\/#website","url":"https:\/\/lamollla.com\/fr\/","name":"la mollla\u00ae","description":"","publisher":{"@id":"https:\/\/lamollla.com\/fr\/#organization"},"potentialAction":[{"@type":"SearchAction","target":{"@type":"EntryPoint","urlTemplate":"https:\/\/lamollla.com\/fr\/?s={search_term_string}"},"query-input":{"@type":"PropertyValueSpecification","valueRequired":true,"valueName":"search_term_string"}}],"inLanguage":"fr-FR"},{"@type":"Organization","@id":"https:\/\/lamollla.com\/fr\/#organization","name":"Soci\u00e9t\u00e9 Eolienne","url":"https:\/\/lamollla.com\/fr\/","logo":{"@type":"ImageObject","inLanguage":"fr-FR","@id":"https:\/\/lamollla.com\/fr\/#\/schema\/logo\/image\/","url":"https:\/\/lamollla.com\/wp-content\/uploads\/2020\/09\/logo-lamollla@2x.png","contentUrl":"https:\/\/lamollla.com\/wp-content\/uploads\/2020\/09\/logo-lamollla@2x.png","width":968,"height":212,"caption":"Soci\u00e9t\u00e9 Eolienne"},"image":{"@id":"https:\/\/lamollla.com\/fr\/#\/schema\/logo\/image\/"},"sameAs":["https:\/\/www.facebook.com\/TizianaRedavidAteliers","https:\/\/www.instagram.com\/tizianaredavidesign\/","https:\/\/www.pinterest.it\/tizianaredavid\/"]}]}},"_links":{"self":[{"href":"https:\/\/lamollla.com\/fr\/wp-json\/wp\/v2\/product\/3483","targetHints":{"allow":["GET"]}}],"collection":[{"href":"https:\/\/lamollla.com\/fr\/wp-json\/wp\/v2\/product"}],"about":[{"href":"https:\/\/lamollla.com\/fr\/wp-json\/wp\/v2\/types\/product"}],"wp:featuredmedia":[{"embeddable":true,"href":"https:\/\/lamollla.com\/fr\/wp-json\/wp\/v2\/media\/5084"}],"wp:attachment":[{"href":"https:\/\/lamollla.com\/fr\/wp-json\/wp\/v2\/media?parent=3483"}],"wp:term":[{"taxonomy":"product_brand","embeddable":true,"href":"https:\/\/lamollla.com\/fr\/wp-json\/wp\/v2\/product_brand?post=3483"},{"taxonomy":"product_cat","embeddable":true,"href":"https:\/\/lamollla.com\/fr\/wp-json\/wp\/v2\/product_cat?post=3483"},{"taxonomy":"product_tag","embeddable":true,"href":"https:\/\/lamollla.com\/fr\/wp-json\/wp\/v2\/product_tag?post=3483"}],"curies":[{"name":"wp","href":"https:\/\/api.w.org\/{rel}","templated":true}]}}