{"id":3474,"date":"2020-08-01T02:39:00","date_gmt":"2021-09-21T10:28:59","guid":{"rendered":"https:\/\/lamollla.com\/product\/lotus-pendentif\/"},"modified":"2024-12-16T15:29:00","modified_gmt":"2024-12-16T14:29:00","slug":"lotus-pendant","status":"publish","type":"product","link":"https:\/\/lamollla.com\/fr\/produit\/lotus-pendant\/","title":{"rendered":"Lotus Pendentif"},"content":{"rendered":"<p>La ligne LOTUS se caract\u00e9rise par une perle classique, semblable \u00e0 celle du DOT, mais allong\u00e9e, presque comme un fuseau. Comme pour Aurore, dans la l\u00e9gende de la Belle au bois dormant, le fuseau repr\u00e9sente l&#8217;attraction, la conscience profonde, l&#8217;appartenance \u00e0 une constellation familiale et la lib\u00e9ration du mal.<br \/>\nLe design \u00e9tir\u00e9 du LOTUS conf\u00e8re \u00e0 la perle une luminosit\u00e9 intense : la lumi\u00e8re qui embrasse notre sentiment d&#8217;obscurit\u00e9 profonde et cr\u00e9e le bien.<br \/>\nLes perles en mouvement caressent agr\u00e9ablement la peau et produisent un bruissement : elles repr\u00e9sentent le son qui accompagne le rythme de la vie.<br \/>\nLOTUS est une famille, une constellation, plus riche que les autres : en particulier, le pendentif peut \u00eatre port\u00e9 de multiples combinaisons. LOTUS convient \u00e0 ceux qui aiment et ressentent l&#8217;attrait profond et \u00e9mouvant de la musique de la vie.<\/p>\n<p>Authentiques, fabriqu\u00e9s en Italie et en France, nos bijoux sont r\u00e9alis\u00e9s avec un haut niveau de production, \u00e0 Turin et \u00e0 Paris.<br \/>\nIls sont n\u00e9s d&#8217;un design industriel rigoureux.<br \/>\nAvec des soins appropri\u00e9s, ils devraient durer \u00e9ternellement.<br \/>\nChaque pendentif est fabriqu\u00e9 avec des ressorts d&#8217;acier inoxydable de qualit\u00e9 sup\u00e9rieure.<br \/>\nM\u00e9fiez-vous des imitations.<\/p>\n","protected":false},"excerpt":{"rendered":"<p>Taille: 70 cm de circonf\u00e9rence, plus 3 cm de longueur de l&#8217;\u00e9l\u00e9ment<\/p>\n","protected":false},"featured_media":2771,"template":"","meta":{"_uf_show_specific_survey":0,"_uf_disable_surveys":false},"product_brand":[],"product_cat":[88,90],"product_tag":[243],"class_list":{"0":"post-3474","1":"product","2":"type-product","3":"status-publish","4":"has-post-thumbnail","6":"product_cat-lotus-fr","7":"product_cat-pendentif","8":"product_tag-online-fr","9":"product_shipping_class-bo-bag-pend-fr","11":"first","12":"instock","13":"taxable","14":"shipping-taxable","15":"purchasable","16":"product-type-simple"},"yoast_head":"<!-- This site is optimized with the Yoast SEO plugin v26.8 - https:\/\/yoast.com\/product\/yoast-seo-wordpress\/ -->\n<title>Lotus Pendentif - la mollla\u00ae<\/title>\n<meta name=\"robots\" content=\"index, follow, max-snippet:-1, max-image-preview:large, max-video-preview:-1\" \/>\n<link rel=\"canonical\" href=\"https:\/\/lamollla.com\/fr\/produit\/lotus-pendant\/\" \/>\n<meta property=\"og:locale\" content=\"fr_FR\" \/>\n<meta property=\"og:type\" content=\"article\" \/>\n<meta property=\"og:title\" content=\"Lotus Pendentif - la mollla\u00ae\" \/>\n<meta property=\"og:description\" content=\"Taille: 70 cm de circonf\u00e9rence, plus 3 cm de longueur de l&#039;\u00e9l\u00e9ment\" \/>\n<meta property=\"og:url\" content=\"https:\/\/lamollla.com\/fr\/produit\/lotus-pendant\/\" \/>\n<meta property=\"og:site_name\" content=\"la mollla\u00ae\" \/>\n<meta property=\"article:publisher\" content=\"https:\/\/www.facebook.com\/TizianaRedavidAteliers\" \/>\n<meta property=\"article:modified_time\" content=\"2024-12-16T14:29:00+00:00\" \/>\n<meta property=\"og:image\" content=\"https:\/\/lamollla.com\/wp-content\/uploads\/2020\/08\/lotus-pendente.jpg\" \/>\n\t<meta property=\"og:image:width\" content=\"1000\" \/>\n\t<meta property=\"og:image:height\" content=\"1000\" \/>\n\t<meta property=\"og:image:type\" content=\"image\/jpeg\" \/>\n<meta name=\"twitter:card\" content=\"summary_large_image\" \/>\n<meta name=\"twitter:label1\" content=\"Dur\u00e9e de lecture estim\u00e9e\" \/>\n\t<meta name=\"twitter:data1\" content=\"1 minute\" \/>\n<script type=\"application\/ld+json\" class=\"yoast-schema-graph\">{\"@context\":\"https:\/\/schema.org\",\"@graph\":[{\"@type\":\"WebPage\",\"@id\":\"https:\/\/lamollla.com\/fr\/produit\/lotus-pendant\/\",\"url\":\"https:\/\/lamollla.com\/fr\/produit\/lotus-pendant\/\",\"name\":\"Lotus Pendentif - la mollla\u00ae\",\"isPartOf\":{\"@id\":\"https:\/\/lamollla.com\/fr\/#website\"},\"primaryImageOfPage\":{\"@id\":\"https:\/\/lamollla.com\/fr\/produit\/lotus-pendant\/#primaryimage\"},\"image\":{\"@id\":\"https:\/\/lamollla.com\/fr\/produit\/lotus-pendant\/#primaryimage\"},\"thumbnailUrl\":\"https:\/\/lamollla.com\/wp-content\/uploads\/2020\/08\/lotus-pendente.jpg\",\"datePublished\":\"2021-09-21T10:28:59+00:00\",\"dateModified\":\"2024-12-16T14:29:00+00:00\",\"breadcrumb\":{\"@id\":\"https:\/\/lamollla.com\/fr\/produit\/lotus-pendant\/#breadcrumb\"},\"inLanguage\":\"fr-FR\",\"potentialAction\":[{\"@type\":\"ReadAction\",\"target\":[\"https:\/\/lamollla.com\/fr\/produit\/lotus-pendant\/\"]}]},{\"@type\":\"ImageObject\",\"inLanguage\":\"fr-FR\",\"@id\":\"https:\/\/lamollla.com\/fr\/produit\/lotus-pendant\/#primaryimage\",\"url\":\"https:\/\/lamollla.com\/wp-content\/uploads\/2020\/08\/lotus-pendente.jpg\",\"contentUrl\":\"https:\/\/lamollla.com\/wp-content\/uploads\/2020\/08\/lotus-pendente.jpg\",\"width\":1000,\"height\":1000},{\"@type\":\"BreadcrumbList\",\"@id\":\"https:\/\/lamollla.com\/fr\/produit\/lotus-pendant\/#breadcrumb\",\"itemListElement\":[{\"@type\":\"ListItem\",\"position\":1,\"name\":\"Home\",\"item\":\"https:\/\/lamollla.com\/fr\/\"},{\"@type\":\"ListItem\",\"position\":2,\"name\":\"Boutique\",\"item\":\"https:\/\/lamollla.com\/fr\/boutique\/\"},{\"@type\":\"ListItem\",\"position\":3,\"name\":\"Lotus Pendentif\"}]},{\"@type\":\"WebSite\",\"@id\":\"https:\/\/lamollla.com\/fr\/#website\",\"url\":\"https:\/\/lamollla.com\/fr\/\",\"name\":\"la mollla\u00ae\",\"description\":\"\",\"publisher\":{\"@id\":\"https:\/\/lamollla.com\/fr\/#organization\"},\"potentialAction\":[{\"@type\":\"SearchAction\",\"target\":{\"@type\":\"EntryPoint\",\"urlTemplate\":\"https:\/\/lamollla.com\/fr\/?s={search_term_string}\"},\"query-input\":{\"@type\":\"PropertyValueSpecification\",\"valueRequired\":true,\"valueName\":\"search_term_string\"}}],\"inLanguage\":\"fr-FR\"},{\"@type\":\"Organization\",\"@id\":\"https:\/\/lamollla.com\/fr\/#organization\",\"name\":\"Soci\u00e9t\u00e9 Eolienne\",\"url\":\"https:\/\/lamollla.com\/fr\/\",\"logo\":{\"@type\":\"ImageObject\",\"inLanguage\":\"fr-FR\",\"@id\":\"https:\/\/lamollla.com\/fr\/#\/schema\/logo\/image\/\",\"url\":\"https:\/\/lamollla.com\/wp-content\/uploads\/2020\/09\/logo-lamollla@2x.png\",\"contentUrl\":\"https:\/\/lamollla.com\/wp-content\/uploads\/2020\/09\/logo-lamollla@2x.png\",\"width\":968,\"height\":212,\"caption\":\"Soci\u00e9t\u00e9 Eolienne\"},\"image\":{\"@id\":\"https:\/\/lamollla.com\/fr\/#\/schema\/logo\/image\/\"},\"sameAs\":[\"https:\/\/www.facebook.com\/TizianaRedavidAteliers\",\"https:\/\/www.instagram.com\/tizianaredavidesign\/\",\"https:\/\/www.pinterest.it\/tizianaredavid\/\"]}]}<\/script>\n<!-- \/ Yoast SEO plugin. -->","yoast_head_json":{"title":"Lotus Pendentif - la mollla\u00ae","robots":{"index":"index","follow":"follow","max-snippet":"max-snippet:-1","max-image-preview":"max-image-preview:large","max-video-preview":"max-video-preview:-1"},"canonical":"https:\/\/lamollla.com\/fr\/produit\/lotus-pendant\/","og_locale":"fr_FR","og_type":"article","og_title":"Lotus Pendentif - la mollla\u00ae","og_description":"Taille: 70 cm de circonf\u00e9rence, plus 3 cm de longueur de l'\u00e9l\u00e9ment","og_url":"https:\/\/lamollla.com\/fr\/produit\/lotus-pendant\/","og_site_name":"la mollla\u00ae","article_publisher":"https:\/\/www.facebook.com\/TizianaRedavidAteliers","article_modified_time":"2024-12-16T14:29:00+00:00","og_image":[{"width":1000,"height":1000,"url":"https:\/\/lamollla.com\/wp-content\/uploads\/2020\/08\/lotus-pendente.jpg","type":"image\/jpeg"}],"twitter_card":"summary_large_image","twitter_misc":{"Dur\u00e9e de lecture estim\u00e9e":"1 minute"},"schema":{"@context":"https:\/\/schema.org","@graph":[{"@type":"WebPage","@id":"https:\/\/lamollla.com\/fr\/produit\/lotus-pendant\/","url":"https:\/\/lamollla.com\/fr\/produit\/lotus-pendant\/","name":"Lotus Pendentif - la mollla\u00ae","isPartOf":{"@id":"https:\/\/lamollla.com\/fr\/#website"},"primaryImageOfPage":{"@id":"https:\/\/lamollla.com\/fr\/produit\/lotus-pendant\/#primaryimage"},"image":{"@id":"https:\/\/lamollla.com\/fr\/produit\/lotus-pendant\/#primaryimage"},"thumbnailUrl":"https:\/\/lamollla.com\/wp-content\/uploads\/2020\/08\/lotus-pendente.jpg","datePublished":"2021-09-21T10:28:59+00:00","dateModified":"2024-12-16T14:29:00+00:00","breadcrumb":{"@id":"https:\/\/lamollla.com\/fr\/produit\/lotus-pendant\/#breadcrumb"},"inLanguage":"fr-FR","potentialAction":[{"@type":"ReadAction","target":["https:\/\/lamollla.com\/fr\/produit\/lotus-pendant\/"]}]},{"@type":"ImageObject","inLanguage":"fr-FR","@id":"https:\/\/lamollla.com\/fr\/produit\/lotus-pendant\/#primaryimage","url":"https:\/\/lamollla.com\/wp-content\/uploads\/2020\/08\/lotus-pendente.jpg","contentUrl":"https:\/\/lamollla.com\/wp-content\/uploads\/2020\/08\/lotus-pendente.jpg","width":1000,"height":1000},{"@type":"BreadcrumbList","@id":"https:\/\/lamollla.com\/fr\/produit\/lotus-pendant\/#breadcrumb","itemListElement":[{"@type":"ListItem","position":1,"name":"Home","item":"https:\/\/lamollla.com\/fr\/"},{"@type":"ListItem","position":2,"name":"Boutique","item":"https:\/\/lamollla.com\/fr\/boutique\/"},{"@type":"ListItem","position":3,"name":"Lotus Pendentif"}]},{"@type":"WebSite","@id":"https:\/\/lamollla.com\/fr\/#website","url":"https:\/\/lamollla.com\/fr\/","name":"la mollla\u00ae","description":"","publisher":{"@id":"https:\/\/lamollla.com\/fr\/#organization"},"potentialAction":[{"@type":"SearchAction","target":{"@type":"EntryPoint","urlTemplate":"https:\/\/lamollla.com\/fr\/?s={search_term_string}"},"query-input":{"@type":"PropertyValueSpecification","valueRequired":true,"valueName":"search_term_string"}}],"inLanguage":"fr-FR"},{"@type":"Organization","@id":"https:\/\/lamollla.com\/fr\/#organization","name":"Soci\u00e9t\u00e9 Eolienne","url":"https:\/\/lamollla.com\/fr\/","logo":{"@type":"ImageObject","inLanguage":"fr-FR","@id":"https:\/\/lamollla.com\/fr\/#\/schema\/logo\/image\/","url":"https:\/\/lamollla.com\/wp-content\/uploads\/2020\/09\/logo-lamollla@2x.png","contentUrl":"https:\/\/lamollla.com\/wp-content\/uploads\/2020\/09\/logo-lamollla@2x.png","width":968,"height":212,"caption":"Soci\u00e9t\u00e9 Eolienne"},"image":{"@id":"https:\/\/lamollla.com\/fr\/#\/schema\/logo\/image\/"},"sameAs":["https:\/\/www.facebook.com\/TizianaRedavidAteliers","https:\/\/www.instagram.com\/tizianaredavidesign\/","https:\/\/www.pinterest.it\/tizianaredavid\/"]}]}},"_links":{"self":[{"href":"https:\/\/lamollla.com\/fr\/wp-json\/wp\/v2\/product\/3474","targetHints":{"allow":["GET"]}}],"collection":[{"href":"https:\/\/lamollla.com\/fr\/wp-json\/wp\/v2\/product"}],"about":[{"href":"https:\/\/lamollla.com\/fr\/wp-json\/wp\/v2\/types\/product"}],"wp:featuredmedia":[{"embeddable":true,"href":"https:\/\/lamollla.com\/fr\/wp-json\/wp\/v2\/media\/2771"}],"wp:attachment":[{"href":"https:\/\/lamollla.com\/fr\/wp-json\/wp\/v2\/media?parent=3474"}],"wp:term":[{"taxonomy":"product_brand","embeddable":true,"href":"https:\/\/lamollla.com\/fr\/wp-json\/wp\/v2\/product_brand?post=3474"},{"taxonomy":"product_cat","embeddable":true,"href":"https:\/\/lamollla.com\/fr\/wp-json\/wp\/v2\/product_cat?post=3474"},{"taxonomy":"product_tag","embeddable":true,"href":"https:\/\/lamollla.com\/fr\/wp-json\/wp\/v2\/product_tag?post=3474"}],"curies":[{"name":"wp","href":"https:\/\/api.w.org\/{rel}","templated":true}]}}