{"id":3457,"date":"2020-08-01T02:16:46","date_gmt":"2020-08-01T00:16:46","guid":{"rendered":"https:\/\/lamollla.com\/product\/epi-bague\/"},"modified":"2026-01-22T05:19:51","modified_gmt":"2026-01-22T04:19:51","slug":"epi-bague","status":"publish","type":"product","link":"https:\/\/lamollla.com\/fr\/produit\/epi-bague\/","title":{"rendered":"\u00c9pi Bague"},"content":{"rendered":"<p>Authentiques, fabriqu\u00e9s en Italie et en France, nos bijoux sont r\u00e9alis\u00e9s avec un haut niveau de production, \u00e0 Turin et \u00e0 Paris.<br \/>\nIls sont n\u00e9s d&#8217;un design industriel rigoureux.<br \/>\nAvec des soins appropri\u00e9s, ils devraient durer \u00e9ternellement.<br \/>\nChaque bague est fabriqu\u00e9 avec des ressorts d&#8217;acier inoxydable de qualit\u00e9 sup\u00e9rieure.<br \/>\nM\u00e9fiez-vous des imitations.<\/p>\n","protected":false},"excerpt":{"rendered":"<p>Authentiques, fabriqu\u00e9s en Italie et en France, nos bijoux sont r\u00e9alis\u00e9s avec un haut niveau de production, \u00e0 Turin et \u00e0 Paris. Ils sont n\u00e9s d&#8217;un design industriel rigoureux. Avec des soins appropri\u00e9s, ils devraient durer \u00e9ternellement. Chaque bague est fabriqu\u00e9 avec des ressorts d&#8217;acier inoxydable de qualit\u00e9 sup\u00e9rieure. M\u00e9fiez-vous des imitations.<\/p>\n","protected":false},"featured_media":7084,"template":"","meta":{"_uf_show_specific_survey":0,"_uf_disable_surveys":false},"product_brand":[],"product_cat":[82,89],"product_tag":[243],"class_list":{"0":"post-3457","1":"product","2":"type-product","3":"status-publish","4":"has-post-thumbnail","6":"product_cat-ring-fr","7":"product_cat-epi-fr","8":"product_tag-online-fr","9":"product_shipping_class-bo-bag-pend-fr","11":"first","12":"instock","13":"taxable","14":"shipping-taxable","15":"purchasable","16":"product-type-variable"},"yoast_head":"<!-- This site is optimized with the Yoast SEO plugin v26.8 - https:\/\/yoast.com\/product\/yoast-seo-wordpress\/ -->\n<title>\u00c9pi Bague - la mollla\u00ae<\/title>\n<meta name=\"robots\" content=\"index, follow, max-snippet:-1, max-image-preview:large, max-video-preview:-1\" \/>\n<link rel=\"canonical\" href=\"https:\/\/lamollla.com\/fr\/produit\/epi-bague\/\" \/>\n<meta property=\"og:locale\" content=\"fr_FR\" \/>\n<meta property=\"og:type\" content=\"article\" \/>\n<meta property=\"og:title\" content=\"\u00c9pi Bague - la mollla\u00ae\" \/>\n<meta property=\"og:description\" content=\"Authentiques, fabriqu\u00e9s en Italie et en France, nos bijoux sont r\u00e9alis\u00e9s avec un haut niveau de production, \u00e0 Turin et \u00e0 Paris. Ils sont n\u00e9s d&#8217;un design industriel rigoureux. Avec des soins appropri\u00e9s, ils devraient durer \u00e9ternellement. Chaque bague est fabriqu\u00e9 avec des ressorts d&#8217;acier inoxydable de qualit\u00e9 sup\u00e9rieure. M\u00e9fiez-vous des imitations.\" \/>\n<meta property=\"og:url\" content=\"https:\/\/lamollla.com\/fr\/produit\/epi-bague\/\" \/>\n<meta property=\"og:site_name\" content=\"la mollla\u00ae\" \/>\n<meta property=\"article:publisher\" content=\"https:\/\/www.facebook.com\/TizianaRedavidAteliers\" \/>\n<meta property=\"article:modified_time\" content=\"2026-01-22T04:19:51+00:00\" \/>\n<meta property=\"og:image\" content=\"https:\/\/lamollla.com\/wp-content\/uploads\/2020\/08\/epi_ring-lateral-01.jpeg\" \/>\n\t<meta property=\"og:image:width\" content=\"1333\" \/>\n\t<meta property=\"og:image:height\" content=\"1333\" \/>\n\t<meta property=\"og:image:type\" content=\"image\/jpeg\" \/>\n<meta name=\"twitter:card\" content=\"summary_large_image\" \/>\n<meta name=\"twitter:label1\" content=\"Dur\u00e9e de lecture estim\u00e9e\" \/>\n\t<meta name=\"twitter:data1\" content=\"1 minute\" \/>\n<script type=\"application\/ld+json\" class=\"yoast-schema-graph\">{\"@context\":\"https:\/\/schema.org\",\"@graph\":[{\"@type\":\"WebPage\",\"@id\":\"https:\/\/lamollla.com\/fr\/produit\/epi-bague\/\",\"url\":\"https:\/\/lamollla.com\/fr\/produit\/epi-bague\/\",\"name\":\"\u00c9pi Bague - la mollla\u00ae\",\"isPartOf\":{\"@id\":\"https:\/\/lamollla.com\/fr\/#website\"},\"primaryImageOfPage\":{\"@id\":\"https:\/\/lamollla.com\/fr\/produit\/epi-bague\/#primaryimage\"},\"image\":{\"@id\":\"https:\/\/lamollla.com\/fr\/produit\/epi-bague\/#primaryimage\"},\"thumbnailUrl\":\"https:\/\/lamollla.com\/wp-content\/uploads\/2020\/08\/epi_ring-lateral-01.jpeg\",\"datePublished\":\"2020-08-01T00:16:46+00:00\",\"dateModified\":\"2026-01-22T04:19:51+00:00\",\"breadcrumb\":{\"@id\":\"https:\/\/lamollla.com\/fr\/produit\/epi-bague\/#breadcrumb\"},\"inLanguage\":\"fr-FR\",\"potentialAction\":[{\"@type\":\"ReadAction\",\"target\":[\"https:\/\/lamollla.com\/fr\/produit\/epi-bague\/\"]}]},{\"@type\":\"ImageObject\",\"inLanguage\":\"fr-FR\",\"@id\":\"https:\/\/lamollla.com\/fr\/produit\/epi-bague\/#primaryimage\",\"url\":\"https:\/\/lamollla.com\/wp-content\/uploads\/2020\/08\/epi_ring-lateral-01.jpeg\",\"contentUrl\":\"https:\/\/lamollla.com\/wp-content\/uploads\/2020\/08\/epi_ring-lateral-01.jpeg\",\"width\":1333,\"height\":1333},{\"@type\":\"BreadcrumbList\",\"@id\":\"https:\/\/lamollla.com\/fr\/produit\/epi-bague\/#breadcrumb\",\"itemListElement\":[{\"@type\":\"ListItem\",\"position\":1,\"name\":\"Home\",\"item\":\"https:\/\/lamollla.com\/fr\/\"},{\"@type\":\"ListItem\",\"position\":2,\"name\":\"Boutique\",\"item\":\"https:\/\/lamollla.com\/fr\/boutique\/\"},{\"@type\":\"ListItem\",\"position\":3,\"name\":\"\u00c9pi Bague\"}]},{\"@type\":\"WebSite\",\"@id\":\"https:\/\/lamollla.com\/fr\/#website\",\"url\":\"https:\/\/lamollla.com\/fr\/\",\"name\":\"la mollla\u00ae\",\"description\":\"\",\"publisher\":{\"@id\":\"https:\/\/lamollla.com\/fr\/#organization\"},\"potentialAction\":[{\"@type\":\"SearchAction\",\"target\":{\"@type\":\"EntryPoint\",\"urlTemplate\":\"https:\/\/lamollla.com\/fr\/?s={search_term_string}\"},\"query-input\":{\"@type\":\"PropertyValueSpecification\",\"valueRequired\":true,\"valueName\":\"search_term_string\"}}],\"inLanguage\":\"fr-FR\"},{\"@type\":\"Organization\",\"@id\":\"https:\/\/lamollla.com\/fr\/#organization\",\"name\":\"Soci\u00e9t\u00e9 Eolienne\",\"url\":\"https:\/\/lamollla.com\/fr\/\",\"logo\":{\"@type\":\"ImageObject\",\"inLanguage\":\"fr-FR\",\"@id\":\"https:\/\/lamollla.com\/fr\/#\/schema\/logo\/image\/\",\"url\":\"https:\/\/lamollla.com\/wp-content\/uploads\/2020\/09\/logo-lamollla@2x.png\",\"contentUrl\":\"https:\/\/lamollla.com\/wp-content\/uploads\/2020\/09\/logo-lamollla@2x.png\",\"width\":968,\"height\":212,\"caption\":\"Soci\u00e9t\u00e9 Eolienne\"},\"image\":{\"@id\":\"https:\/\/lamollla.com\/fr\/#\/schema\/logo\/image\/\"},\"sameAs\":[\"https:\/\/www.facebook.com\/TizianaRedavidAteliers\",\"https:\/\/www.instagram.com\/tizianaredavidesign\/\",\"https:\/\/www.pinterest.it\/tizianaredavid\/\"]}]}<\/script>\n<!-- \/ Yoast SEO plugin. -->","yoast_head_json":{"title":"\u00c9pi Bague - la mollla\u00ae","robots":{"index":"index","follow":"follow","max-snippet":"max-snippet:-1","max-image-preview":"max-image-preview:large","max-video-preview":"max-video-preview:-1"},"canonical":"https:\/\/lamollla.com\/fr\/produit\/epi-bague\/","og_locale":"fr_FR","og_type":"article","og_title":"\u00c9pi Bague - la mollla\u00ae","og_description":"Authentiques, fabriqu\u00e9s en Italie et en France, nos bijoux sont r\u00e9alis\u00e9s avec un haut niveau de production, \u00e0 Turin et \u00e0 Paris. Ils sont n\u00e9s d&#8217;un design industriel rigoureux. Avec des soins appropri\u00e9s, ils devraient durer \u00e9ternellement. Chaque bague est fabriqu\u00e9 avec des ressorts d&#8217;acier inoxydable de qualit\u00e9 sup\u00e9rieure. M\u00e9fiez-vous des imitations.","og_url":"https:\/\/lamollla.com\/fr\/produit\/epi-bague\/","og_site_name":"la mollla\u00ae","article_publisher":"https:\/\/www.facebook.com\/TizianaRedavidAteliers","article_modified_time":"2026-01-22T04:19:51+00:00","og_image":[{"width":1333,"height":1333,"url":"https:\/\/lamollla.com\/wp-content\/uploads\/2020\/08\/epi_ring-lateral-01.jpeg","type":"image\/jpeg"}],"twitter_card":"summary_large_image","twitter_misc":{"Dur\u00e9e de lecture estim\u00e9e":"1 minute"},"schema":{"@context":"https:\/\/schema.org","@graph":[{"@type":"WebPage","@id":"https:\/\/lamollla.com\/fr\/produit\/epi-bague\/","url":"https:\/\/lamollla.com\/fr\/produit\/epi-bague\/","name":"\u00c9pi Bague - la mollla\u00ae","isPartOf":{"@id":"https:\/\/lamollla.com\/fr\/#website"},"primaryImageOfPage":{"@id":"https:\/\/lamollla.com\/fr\/produit\/epi-bague\/#primaryimage"},"image":{"@id":"https:\/\/lamollla.com\/fr\/produit\/epi-bague\/#primaryimage"},"thumbnailUrl":"https:\/\/lamollla.com\/wp-content\/uploads\/2020\/08\/epi_ring-lateral-01.jpeg","datePublished":"2020-08-01T00:16:46+00:00","dateModified":"2026-01-22T04:19:51+00:00","breadcrumb":{"@id":"https:\/\/lamollla.com\/fr\/produit\/epi-bague\/#breadcrumb"},"inLanguage":"fr-FR","potentialAction":[{"@type":"ReadAction","target":["https:\/\/lamollla.com\/fr\/produit\/epi-bague\/"]}]},{"@type":"ImageObject","inLanguage":"fr-FR","@id":"https:\/\/lamollla.com\/fr\/produit\/epi-bague\/#primaryimage","url":"https:\/\/lamollla.com\/wp-content\/uploads\/2020\/08\/epi_ring-lateral-01.jpeg","contentUrl":"https:\/\/lamollla.com\/wp-content\/uploads\/2020\/08\/epi_ring-lateral-01.jpeg","width":1333,"height":1333},{"@type":"BreadcrumbList","@id":"https:\/\/lamollla.com\/fr\/produit\/epi-bague\/#breadcrumb","itemListElement":[{"@type":"ListItem","position":1,"name":"Home","item":"https:\/\/lamollla.com\/fr\/"},{"@type":"ListItem","position":2,"name":"Boutique","item":"https:\/\/lamollla.com\/fr\/boutique\/"},{"@type":"ListItem","position":3,"name":"\u00c9pi Bague"}]},{"@type":"WebSite","@id":"https:\/\/lamollla.com\/fr\/#website","url":"https:\/\/lamollla.com\/fr\/","name":"la mollla\u00ae","description":"","publisher":{"@id":"https:\/\/lamollla.com\/fr\/#organization"},"potentialAction":[{"@type":"SearchAction","target":{"@type":"EntryPoint","urlTemplate":"https:\/\/lamollla.com\/fr\/?s={search_term_string}"},"query-input":{"@type":"PropertyValueSpecification","valueRequired":true,"valueName":"search_term_string"}}],"inLanguage":"fr-FR"},{"@type":"Organization","@id":"https:\/\/lamollla.com\/fr\/#organization","name":"Soci\u00e9t\u00e9 Eolienne","url":"https:\/\/lamollla.com\/fr\/","logo":{"@type":"ImageObject","inLanguage":"fr-FR","@id":"https:\/\/lamollla.com\/fr\/#\/schema\/logo\/image\/","url":"https:\/\/lamollla.com\/wp-content\/uploads\/2020\/09\/logo-lamollla@2x.png","contentUrl":"https:\/\/lamollla.com\/wp-content\/uploads\/2020\/09\/logo-lamollla@2x.png","width":968,"height":212,"caption":"Soci\u00e9t\u00e9 Eolienne"},"image":{"@id":"https:\/\/lamollla.com\/fr\/#\/schema\/logo\/image\/"},"sameAs":["https:\/\/www.facebook.com\/TizianaRedavidAteliers","https:\/\/www.instagram.com\/tizianaredavidesign\/","https:\/\/www.pinterest.it\/tizianaredavid\/"]}]}},"_links":{"self":[{"href":"https:\/\/lamollla.com\/fr\/wp-json\/wp\/v2\/product\/3457","targetHints":{"allow":["GET"]}}],"collection":[{"href":"https:\/\/lamollla.com\/fr\/wp-json\/wp\/v2\/product"}],"about":[{"href":"https:\/\/lamollla.com\/fr\/wp-json\/wp\/v2\/types\/product"}],"wp:featuredmedia":[{"embeddable":true,"href":"https:\/\/lamollla.com\/fr\/wp-json\/wp\/v2\/media\/7084"}],"wp:attachment":[{"href":"https:\/\/lamollla.com\/fr\/wp-json\/wp\/v2\/media?parent=3457"}],"wp:term":[{"taxonomy":"product_brand","embeddable":true,"href":"https:\/\/lamollla.com\/fr\/wp-json\/wp\/v2\/product_brand?post=3457"},{"taxonomy":"product_cat","embeddable":true,"href":"https:\/\/lamollla.com\/fr\/wp-json\/wp\/v2\/product_cat?post=3457"},{"taxonomy":"product_tag","embeddable":true,"href":"https:\/\/lamollla.com\/fr\/wp-json\/wp\/v2\/product_tag?post=3457"}],"curies":[{"name":"wp","href":"https:\/\/api.w.org\/{rel}","templated":true}]}}