{"id":3451,"date":"2020-08-01T14:48:18","date_gmt":"2020-08-01T12:48:18","guid":{"rendered":"https:\/\/lamollla.com\/product\/porc-epic-bague\/"},"modified":"2026-01-22T05:07:36","modified_gmt":"2026-01-22T04:07:36","slug":"porc-epic-bague","status":"publish","type":"product","link":"https:\/\/lamollla.com\/fr\/produit\/porc-epic-bague\/","title":{"rendered":"Porc \u00e9pic Bague"},"content":{"rendered":"<p>Un h\u00e9risson, un porc-\u00e9pic, une \u00e9toile de mer ou un corail pr\u00e9cieux : la ligne PORC EPIC a \u00e9t\u00e9 inspir\u00e9e par l&#8217;observation de la nature et des animaux et par l&#8217;amour de la vie et de toutes ses formes.<br \/>\nNous avons souhait\u00e9 c\u00e9l\u00e9brer la diff\u00e9rence entre l&#8217;\u00catre et l&#8217;Apparition lors du passage de la nature \u00e0 l&#8217;usine de fabrication.<br \/>\nEn fait, au premier abord, ces bijoux peuvent sembler hostiles et agressifs.<br \/>\nLa magie op\u00e8re lorsque vous les touchez : vous pouvez sentir leur douceur soyeuse.<br \/>\nPORC EPIC enveloppe et scintille de mani\u00e8re affirmative. Celui qui le porte t\u00e9moigne pr\u00e9cis\u00e9ment qu&#8217;\u00e0 tout moment, force et tendresse peuvent coexister dans chaque \u00e2me et ne faire qu&#8217;un avec la nature qui nous entoure.<br \/>\nLe collier est compl\u00e9t\u00e9 par une fermeture en acier inoxydable et aimant\u00e9e con\u00e7ue, produite, grav\u00e9e et assembl\u00e9e individuellement.<\/p>\n<p>Authentiques, fabriqu\u00e9s en Italie et en France, nos bijoux sont r\u00e9alis\u00e9s avec un haut niveau de production, \u00e0 Turin et \u00e0 Paris.<br \/>\nIls sont n\u00e9s d&#8217;un design industriel rigoureux.<br \/>\nAvec des soins appropri\u00e9s, ils devraient durer \u00e9ternellement.<br \/>\nChaque bague est fabriqu\u00e9 avec des ressorts d&#8217;acier inoxydable de qualit\u00e9 sup\u00e9rieure.<br \/>\nM\u00e9fiez-vous des imitations.<\/p>\n","protected":false},"excerpt":{"rendered":"<p>Un h\u00e9risson, un porc-\u00e9pic, une \u00e9toile de mer ou un corail pr\u00e9cieux : la ligne PORC EPIC a \u00e9t\u00e9 inspir\u00e9e par l&#8217;observation de la nature et des animaux et par l&#8217;amour de la vie et de toutes ses formes. Nous avons souhait\u00e9 c\u00e9l\u00e9brer la diff\u00e9rence entre l&#8217;\u00catre et l&#8217;Apparition lors du passage de la nature &#8230; <a title=\"Porc \u00e9pic Bague\" class=\"read-more\" href=\"https:\/\/lamollla.com\/fr\/produit\/porc-epic-bague\/\" aria-label=\"En savoir plus sur Porc \u00e9pic Bague\">Lire plus<\/a><\/p>\n","protected":false},"featured_media":5279,"template":"","meta":{"_uf_show_specific_survey":0,"_uf_disable_surveys":false},"product_brand":[],"product_cat":[82,87],"product_tag":[243],"class_list":{"0":"post-3451","1":"product","2":"type-product","3":"status-publish","4":"has-post-thumbnail","6":"product_cat-ring-fr","7":"product_cat-porc-epic-fr","8":"product_tag-online-fr","9":"product_shipping_class-bo-bag-pend-fr","11":"first","12":"instock","13":"taxable","14":"shipping-taxable","15":"purchasable","16":"product-type-variable"},"yoast_head":"<!-- This site is optimized with the Yoast SEO plugin v26.8 - https:\/\/yoast.com\/product\/yoast-seo-wordpress\/ -->\n<title>Porc \u00e9pic Bague - la mollla\u00ae<\/title>\n<meta name=\"robots\" content=\"index, follow, max-snippet:-1, max-image-preview:large, max-video-preview:-1\" \/>\n<link rel=\"canonical\" href=\"https:\/\/lamollla.com\/fr\/produit\/porc-epic-bague\/\" \/>\n<meta property=\"og:locale\" content=\"fr_FR\" \/>\n<meta property=\"og:type\" content=\"article\" \/>\n<meta property=\"og:title\" content=\"Porc \u00e9pic Bague - la mollla\u00ae\" \/>\n<meta property=\"og:description\" content=\"Un h\u00e9risson, un porc-\u00e9pic, une \u00e9toile de mer ou un corail pr\u00e9cieux : la ligne PORC EPIC a \u00e9t\u00e9 inspir\u00e9e par l&#8217;observation de la nature et des animaux et par l&#8217;amour de la vie et de toutes ses formes. Nous avons souhait\u00e9 c\u00e9l\u00e9brer la diff\u00e9rence entre l&#8217;\u00catre et l&#8217;Apparition lors du passage de la nature ... Lire plus\" \/>\n<meta property=\"og:url\" content=\"https:\/\/lamollla.com\/fr\/produit\/porc-epic-bague\/\" \/>\n<meta property=\"og:site_name\" content=\"la mollla\u00ae\" \/>\n<meta property=\"article:publisher\" content=\"https:\/\/www.facebook.com\/TizianaRedavidAteliers\" \/>\n<meta property=\"article:modified_time\" content=\"2026-01-22T04:07:36+00:00\" \/>\n<meta property=\"og:image\" content=\"https:\/\/lamollla.com\/wp-content\/uploads\/2020\/07\/porcbag_lamollla_0915web.jpg\" \/>\n\t<meta property=\"og:image:width\" content=\"1333\" \/>\n\t<meta property=\"og:image:height\" content=\"2000\" \/>\n\t<meta property=\"og:image:type\" content=\"image\/jpeg\" \/>\n<meta name=\"twitter:card\" content=\"summary_large_image\" \/>\n<meta name=\"twitter:label1\" content=\"Dur\u00e9e de lecture estim\u00e9e\" \/>\n\t<meta name=\"twitter:data1\" content=\"2 minutes\" \/>\n<script type=\"application\/ld+json\" class=\"yoast-schema-graph\">{\"@context\":\"https:\/\/schema.org\",\"@graph\":[{\"@type\":\"WebPage\",\"@id\":\"https:\/\/lamollla.com\/fr\/produit\/porc-epic-bague\/\",\"url\":\"https:\/\/lamollla.com\/fr\/produit\/porc-epic-bague\/\",\"name\":\"Porc \u00e9pic Bague - la mollla\u00ae\",\"isPartOf\":{\"@id\":\"https:\/\/lamollla.com\/fr\/#website\"},\"primaryImageOfPage\":{\"@id\":\"https:\/\/lamollla.com\/fr\/produit\/porc-epic-bague\/#primaryimage\"},\"image\":{\"@id\":\"https:\/\/lamollla.com\/fr\/produit\/porc-epic-bague\/#primaryimage\"},\"thumbnailUrl\":\"https:\/\/lamollla.com\/wp-content\/uploads\/2020\/07\/porcbag_lamollla_0915web.jpg\",\"datePublished\":\"2020-08-01T12:48:18+00:00\",\"dateModified\":\"2026-01-22T04:07:36+00:00\",\"breadcrumb\":{\"@id\":\"https:\/\/lamollla.com\/fr\/produit\/porc-epic-bague\/#breadcrumb\"},\"inLanguage\":\"fr-FR\",\"potentialAction\":[{\"@type\":\"ReadAction\",\"target\":[\"https:\/\/lamollla.com\/fr\/produit\/porc-epic-bague\/\"]}]},{\"@type\":\"ImageObject\",\"inLanguage\":\"fr-FR\",\"@id\":\"https:\/\/lamollla.com\/fr\/produit\/porc-epic-bague\/#primaryimage\",\"url\":\"https:\/\/lamollla.com\/wp-content\/uploads\/2020\/07\/porcbag_lamollla_0915web.jpg\",\"contentUrl\":\"https:\/\/lamollla.com\/wp-content\/uploads\/2020\/07\/porcbag_lamollla_0915web.jpg\",\"width\":1333,\"height\":2000},{\"@type\":\"BreadcrumbList\",\"@id\":\"https:\/\/lamollla.com\/fr\/produit\/porc-epic-bague\/#breadcrumb\",\"itemListElement\":[{\"@type\":\"ListItem\",\"position\":1,\"name\":\"Home\",\"item\":\"https:\/\/lamollla.com\/fr\/\"},{\"@type\":\"ListItem\",\"position\":2,\"name\":\"Boutique\",\"item\":\"https:\/\/lamollla.com\/fr\/boutique\/\"},{\"@type\":\"ListItem\",\"position\":3,\"name\":\"Porc \u00e9pic Bague\"}]},{\"@type\":\"WebSite\",\"@id\":\"https:\/\/lamollla.com\/fr\/#website\",\"url\":\"https:\/\/lamollla.com\/fr\/\",\"name\":\"la mollla\u00ae\",\"description\":\"\",\"publisher\":{\"@id\":\"https:\/\/lamollla.com\/fr\/#organization\"},\"potentialAction\":[{\"@type\":\"SearchAction\",\"target\":{\"@type\":\"EntryPoint\",\"urlTemplate\":\"https:\/\/lamollla.com\/fr\/?s={search_term_string}\"},\"query-input\":{\"@type\":\"PropertyValueSpecification\",\"valueRequired\":true,\"valueName\":\"search_term_string\"}}],\"inLanguage\":\"fr-FR\"},{\"@type\":\"Organization\",\"@id\":\"https:\/\/lamollla.com\/fr\/#organization\",\"name\":\"Soci\u00e9t\u00e9 Eolienne\",\"url\":\"https:\/\/lamollla.com\/fr\/\",\"logo\":{\"@type\":\"ImageObject\",\"inLanguage\":\"fr-FR\",\"@id\":\"https:\/\/lamollla.com\/fr\/#\/schema\/logo\/image\/\",\"url\":\"https:\/\/lamollla.com\/wp-content\/uploads\/2020\/09\/logo-lamollla@2x.png\",\"contentUrl\":\"https:\/\/lamollla.com\/wp-content\/uploads\/2020\/09\/logo-lamollla@2x.png\",\"width\":968,\"height\":212,\"caption\":\"Soci\u00e9t\u00e9 Eolienne\"},\"image\":{\"@id\":\"https:\/\/lamollla.com\/fr\/#\/schema\/logo\/image\/\"},\"sameAs\":[\"https:\/\/www.facebook.com\/TizianaRedavidAteliers\",\"https:\/\/www.instagram.com\/tizianaredavidesign\/\",\"https:\/\/www.pinterest.it\/tizianaredavid\/\"]}]}<\/script>\n<!-- \/ Yoast SEO plugin. -->","yoast_head_json":{"title":"Porc \u00e9pic Bague - la mollla\u00ae","robots":{"index":"index","follow":"follow","max-snippet":"max-snippet:-1","max-image-preview":"max-image-preview:large","max-video-preview":"max-video-preview:-1"},"canonical":"https:\/\/lamollla.com\/fr\/produit\/porc-epic-bague\/","og_locale":"fr_FR","og_type":"article","og_title":"Porc \u00e9pic Bague - la mollla\u00ae","og_description":"Un h\u00e9risson, un porc-\u00e9pic, une \u00e9toile de mer ou un corail pr\u00e9cieux : la ligne PORC EPIC a \u00e9t\u00e9 inspir\u00e9e par l&#8217;observation de la nature et des animaux et par l&#8217;amour de la vie et de toutes ses formes. Nous avons souhait\u00e9 c\u00e9l\u00e9brer la diff\u00e9rence entre l&#8217;\u00catre et l&#8217;Apparition lors du passage de la nature ... Lire plus","og_url":"https:\/\/lamollla.com\/fr\/produit\/porc-epic-bague\/","og_site_name":"la mollla\u00ae","article_publisher":"https:\/\/www.facebook.com\/TizianaRedavidAteliers","article_modified_time":"2026-01-22T04:07:36+00:00","og_image":[{"width":1333,"height":2000,"url":"https:\/\/lamollla.com\/wp-content\/uploads\/2020\/07\/porcbag_lamollla_0915web.jpg","type":"image\/jpeg"}],"twitter_card":"summary_large_image","twitter_misc":{"Dur\u00e9e de lecture estim\u00e9e":"2 minutes"},"schema":{"@context":"https:\/\/schema.org","@graph":[{"@type":"WebPage","@id":"https:\/\/lamollla.com\/fr\/produit\/porc-epic-bague\/","url":"https:\/\/lamollla.com\/fr\/produit\/porc-epic-bague\/","name":"Porc \u00e9pic Bague - la mollla\u00ae","isPartOf":{"@id":"https:\/\/lamollla.com\/fr\/#website"},"primaryImageOfPage":{"@id":"https:\/\/lamollla.com\/fr\/produit\/porc-epic-bague\/#primaryimage"},"image":{"@id":"https:\/\/lamollla.com\/fr\/produit\/porc-epic-bague\/#primaryimage"},"thumbnailUrl":"https:\/\/lamollla.com\/wp-content\/uploads\/2020\/07\/porcbag_lamollla_0915web.jpg","datePublished":"2020-08-01T12:48:18+00:00","dateModified":"2026-01-22T04:07:36+00:00","breadcrumb":{"@id":"https:\/\/lamollla.com\/fr\/produit\/porc-epic-bague\/#breadcrumb"},"inLanguage":"fr-FR","potentialAction":[{"@type":"ReadAction","target":["https:\/\/lamollla.com\/fr\/produit\/porc-epic-bague\/"]}]},{"@type":"ImageObject","inLanguage":"fr-FR","@id":"https:\/\/lamollla.com\/fr\/produit\/porc-epic-bague\/#primaryimage","url":"https:\/\/lamollla.com\/wp-content\/uploads\/2020\/07\/porcbag_lamollla_0915web.jpg","contentUrl":"https:\/\/lamollla.com\/wp-content\/uploads\/2020\/07\/porcbag_lamollla_0915web.jpg","width":1333,"height":2000},{"@type":"BreadcrumbList","@id":"https:\/\/lamollla.com\/fr\/produit\/porc-epic-bague\/#breadcrumb","itemListElement":[{"@type":"ListItem","position":1,"name":"Home","item":"https:\/\/lamollla.com\/fr\/"},{"@type":"ListItem","position":2,"name":"Boutique","item":"https:\/\/lamollla.com\/fr\/boutique\/"},{"@type":"ListItem","position":3,"name":"Porc \u00e9pic Bague"}]},{"@type":"WebSite","@id":"https:\/\/lamollla.com\/fr\/#website","url":"https:\/\/lamollla.com\/fr\/","name":"la mollla\u00ae","description":"","publisher":{"@id":"https:\/\/lamollla.com\/fr\/#organization"},"potentialAction":[{"@type":"SearchAction","target":{"@type":"EntryPoint","urlTemplate":"https:\/\/lamollla.com\/fr\/?s={search_term_string}"},"query-input":{"@type":"PropertyValueSpecification","valueRequired":true,"valueName":"search_term_string"}}],"inLanguage":"fr-FR"},{"@type":"Organization","@id":"https:\/\/lamollla.com\/fr\/#organization","name":"Soci\u00e9t\u00e9 Eolienne","url":"https:\/\/lamollla.com\/fr\/","logo":{"@type":"ImageObject","inLanguage":"fr-FR","@id":"https:\/\/lamollla.com\/fr\/#\/schema\/logo\/image\/","url":"https:\/\/lamollla.com\/wp-content\/uploads\/2020\/09\/logo-lamollla@2x.png","contentUrl":"https:\/\/lamollla.com\/wp-content\/uploads\/2020\/09\/logo-lamollla@2x.png","width":968,"height":212,"caption":"Soci\u00e9t\u00e9 Eolienne"},"image":{"@id":"https:\/\/lamollla.com\/fr\/#\/schema\/logo\/image\/"},"sameAs":["https:\/\/www.facebook.com\/TizianaRedavidAteliers","https:\/\/www.instagram.com\/tizianaredavidesign\/","https:\/\/www.pinterest.it\/tizianaredavid\/"]}]}},"_links":{"self":[{"href":"https:\/\/lamollla.com\/fr\/wp-json\/wp\/v2\/product\/3451","targetHints":{"allow":["GET"]}}],"collection":[{"href":"https:\/\/lamollla.com\/fr\/wp-json\/wp\/v2\/product"}],"about":[{"href":"https:\/\/lamollla.com\/fr\/wp-json\/wp\/v2\/types\/product"}],"wp:featuredmedia":[{"embeddable":true,"href":"https:\/\/lamollla.com\/fr\/wp-json\/wp\/v2\/media\/5279"}],"wp:attachment":[{"href":"https:\/\/lamollla.com\/fr\/wp-json\/wp\/v2\/media?parent=3451"}],"wp:term":[{"taxonomy":"product_brand","embeddable":true,"href":"https:\/\/lamollla.com\/fr\/wp-json\/wp\/v2\/product_brand?post=3451"},{"taxonomy":"product_cat","embeddable":true,"href":"https:\/\/lamollla.com\/fr\/wp-json\/wp\/v2\/product_cat?post=3451"},{"taxonomy":"product_tag","embeddable":true,"href":"https:\/\/lamollla.com\/fr\/wp-json\/wp\/v2\/product_tag?post=3451"}],"curies":[{"name":"wp","href":"https:\/\/api.w.org\/{rel}","templated":true}]}}