{"id":3445,"date":"2020-08-01T15:11:27","date_gmt":"2021-09-17T10:55:11","guid":{"rendered":"https:\/\/lamollla.com\/product\/tiziana-ring\/"},"modified":"2025-05-26T16:17:23","modified_gmt":"2025-05-26T14:17:23","slug":"tiziana-ring","status":"publish","type":"product","link":"https:\/\/lamollla.com\/fr\/produit\/tiziana-ring\/","title":{"rendered":"Tiziana Ring \u2013 Structure et \u00e9l\u00e9gance"},"content":{"rendered":"<p><span style=\"font-weight: 400;\">Con\u00e7u en 1998<\/span><\/p>\n<ul>\n<li><strong>La taille M correspond \u00e0 la taille europ\u00e9enne 54\/55.<\/strong><\/li>\n<li><strong>La taille L correspond \u00e0 la taille europ\u00e9enne 58\/59.<\/strong><\/li>\n<\/ul>\n<p><span style=\"font-weight: 400;\">Avant l\u2019exp\u00e9dition de votre commande, nous vous demandons de bien v\u00e9rifier la taille de votre doigt, car la <\/span><b>bague Tiziana<\/b><span style=\"font-weight: 400;\">, compos\u00e9e de 10 ressorts, est plut\u00f4t ajust\u00e9e.<\/span><span style=\"font-weight: 400;\"><br \/>\n<\/span><span style=\"font-weight: 400;\">La taille Small ne figure pas dans notre catalogue, mais nos d\u00e9signations standard \u201cMedium\u201d et \u201cLarge\u201d correspondent respectivement aux tailles EU 54\/55 et 58\/59.<\/span><span style=\"font-weight: 400;\"><br \/>\n<\/span><span style=\"font-weight: 400;\">Veuillez \u00e9galement noter que, contrairement \u00e0 une bague traditionnelle, la n\u00f4tre a une forme tubulaire d\u2019une hauteur d\u2019environ 1,3 cm, atteignant en moyenne le milieu du doigt.<\/span><\/p>\n<p><span style=\"font-weight: 400;\">Toutes les tailles de la <\/span><b>bague Tiziana<\/b><span style=\"font-weight: 400;\"> sont l\u00e9g\u00e8rement adaptables, car les ressorts, \u00e9tant \u00e9lastiques, ont cette magie de s\u2019adapter \u00e0 votre corps&#8230; n\u2019attendez pas des miracles, mais presque !<\/span><\/p>\n<p><span style=\"font-weight: 400;\">Tiziana Redavid a cr\u00e9\u00e9 cette bague \u00e0 partir de l\u2019id\u00e9e de brins d\u00e9licats qui, en se multipliant, donnent \u00e0 vos mains un objet incisif, original et simple \u00e0 la fois : une magnifique tour de 14 mm sur votre doigt.<\/span><\/p>\n<p><b>Mati\u00e8re<\/b><b><br \/>\n<\/b><span style=\"font-weight: 400;\">Acier inoxydable brillant et satin\u00e9<\/span><span style=\"font-weight: 400;\"><br \/>\n<\/span><span style=\"font-weight: 400;\">Fa\u00e7onn\u00e9 sous forme de ressorts<\/span><\/p>\n<p><span style=\"font-weight: 400;\">Authentique, fabriqu\u00e9 en Italie et en France, notre bijou est con\u00e7u avec un haut niveau de qualit\u00e9 \u00e0 Turin et \u00e0 Paris, avec l\u2019aide de notre r\u00e9seau historique de fournisseurs italiens.<\/span><span style=\"font-weight: 400;\"><br \/>\n<\/span><span style=\"font-weight: 400;\">Issu d\u2019un design industriel rigoureux.<\/span><span style=\"font-weight: 400;\"><br \/>\n<\/span><span style=\"font-weight: 400;\">Avec les soins appropri\u00e9s, il est fait pour durer \u00e9ternellement.<\/span><span style=\"font-weight: 400;\"><br \/>\n<\/span><span style=\"font-weight: 400;\">Chaque bague est compos\u00e9e de ressorts originaux de haute qualit\u00e9 en acier inoxydable pur.<\/span><\/p>\n<p><span style=\"font-weight: 400;\">Design Tiziana Redavid for la mollla in 1998<\/span><span style=\"font-weight: 400;\"><br \/>\n<\/span><span style=\"font-weight: 400;\">Beware of imitations<\/span><\/p>\n","protected":false},"excerpt":{"rendered":"<p><span style=\"font-weight: 400;\">Set compos\u00e9 de 10 ressorts en acier inoxydable.<\/span><span style=\"font-weight: 400;\"><br \/>\n<\/span><span style=\"font-weight: 400;\">Taille M : correspond \u00e0 la taille EU 54\/55<\/span><span style=\"font-weight: 400;\"><br \/>\n<\/span><span style=\"font-weight: 400;\">Taille L : correspond \u00e0 la taille EU 58\/59<\/span><\/p>\n","protected":false},"featured_media":13301,"template":"","meta":{"_uf_show_specific_survey":0,"_uf_disable_surveys":false},"product_brand":[],"product_cat":[82,85],"product_tag":[243],"class_list":{"0":"post-3445","1":"product","2":"type-product","3":"status-publish","4":"has-post-thumbnail","6":"product_cat-ring-fr","7":"product_cat-tiziana-fr","8":"product_tag-online-fr","9":"product_shipping_class-bo-bag-pend-fr","11":"first","12":"instock","13":"taxable","14":"shipping-taxable","15":"purchasable","16":"product-type-variable"},"yoast_head":"<!-- This site is optimized with the Yoast SEO plugin v26.8 - https:\/\/yoast.com\/product\/yoast-seo-wordpress\/ -->\n<title>Tiziana Ring \u2013 Structure et \u00e9l\u00e9gance - la mollla\u00ae<\/title>\n<meta name=\"robots\" content=\"index, follow, max-snippet:-1, max-image-preview:large, max-video-preview:-1\" \/>\n<link rel=\"canonical\" href=\"https:\/\/lamollla.com\/fr\/produit\/tiziana-ring\/\" \/>\n<meta property=\"og:locale\" content=\"fr_FR\" \/>\n<meta property=\"og:type\" content=\"article\" \/>\n<meta property=\"og:title\" content=\"Tiziana Ring \u2013 Structure et \u00e9l\u00e9gance - la mollla\u00ae\" \/>\n<meta property=\"og:description\" content=\"Set compos\u00e9 de 10 ressorts en acier inoxydable. Taille M : correspond \u00e0 la taille EU 54\/55 Taille L : correspond \u00e0 la taille EU 58\/59\" \/>\n<meta property=\"og:url\" content=\"https:\/\/lamollla.com\/fr\/produit\/tiziana-ring\/\" \/>\n<meta property=\"og:site_name\" content=\"la mollla\u00ae\" \/>\n<meta property=\"article:publisher\" content=\"https:\/\/www.facebook.com\/TizianaRedavidAteliers\" \/>\n<meta property=\"article:modified_time\" content=\"2025-05-26T14:17:23+00:00\" \/>\n<meta property=\"og:image\" content=\"https:\/\/lamollla.com\/wp-content\/uploads\/2020\/08\/035__K7A2488-1-web-682x1024.jpg\" \/>\n\t<meta property=\"og:image:width\" content=\"682\" \/>\n\t<meta property=\"og:image:height\" content=\"1024\" \/>\n\t<meta property=\"og:image:type\" content=\"image\/jpeg\" \/>\n<meta name=\"twitter:card\" content=\"summary_large_image\" \/>\n<meta name=\"twitter:label1\" content=\"Dur\u00e9e de lecture estim\u00e9e\" \/>\n\t<meta name=\"twitter:data1\" content=\"2 minutes\" \/>\n<script type=\"application\/ld+json\" class=\"yoast-schema-graph\">{\"@context\":\"https:\/\/schema.org\",\"@graph\":[{\"@type\":\"WebPage\",\"@id\":\"https:\/\/lamollla.com\/fr\/produit\/tiziana-ring\/\",\"url\":\"https:\/\/lamollla.com\/fr\/produit\/tiziana-ring\/\",\"name\":\"Tiziana Ring \u2013 Structure et \u00e9l\u00e9gance - la mollla\u00ae\",\"isPartOf\":{\"@id\":\"https:\/\/lamollla.com\/fr\/#website\"},\"primaryImageOfPage\":{\"@id\":\"https:\/\/lamollla.com\/fr\/produit\/tiziana-ring\/#primaryimage\"},\"image\":{\"@id\":\"https:\/\/lamollla.com\/fr\/produit\/tiziana-ring\/#primaryimage\"},\"thumbnailUrl\":\"https:\/\/lamollla.com\/wp-content\/uploads\/2020\/08\/035__K7A2488-1-web.jpg\",\"datePublished\":\"2021-09-17T10:55:11+00:00\",\"dateModified\":\"2025-05-26T14:17:23+00:00\",\"breadcrumb\":{\"@id\":\"https:\/\/lamollla.com\/fr\/produit\/tiziana-ring\/#breadcrumb\"},\"inLanguage\":\"fr-FR\",\"potentialAction\":[{\"@type\":\"ReadAction\",\"target\":[\"https:\/\/lamollla.com\/fr\/produit\/tiziana-ring\/\"]}]},{\"@type\":\"ImageObject\",\"inLanguage\":\"fr-FR\",\"@id\":\"https:\/\/lamollla.com\/fr\/produit\/tiziana-ring\/#primaryimage\",\"url\":\"https:\/\/lamollla.com\/wp-content\/uploads\/2020\/08\/035__K7A2488-1-web.jpg\",\"contentUrl\":\"https:\/\/lamollla.com\/wp-content\/uploads\/2020\/08\/035__K7A2488-1-web.jpg\",\"width\":1333,\"height\":2000},{\"@type\":\"BreadcrumbList\",\"@id\":\"https:\/\/lamollla.com\/fr\/produit\/tiziana-ring\/#breadcrumb\",\"itemListElement\":[{\"@type\":\"ListItem\",\"position\":1,\"name\":\"Home\",\"item\":\"https:\/\/lamollla.com\/fr\/\"},{\"@type\":\"ListItem\",\"position\":2,\"name\":\"Boutique\",\"item\":\"https:\/\/lamollla.com\/fr\/boutique\/\"},{\"@type\":\"ListItem\",\"position\":3,\"name\":\"Tiziana Ring \u2013 Structure et \u00e9l\u00e9gance\"}]},{\"@type\":\"WebSite\",\"@id\":\"https:\/\/lamollla.com\/fr\/#website\",\"url\":\"https:\/\/lamollla.com\/fr\/\",\"name\":\"la mollla\u00ae\",\"description\":\"\",\"publisher\":{\"@id\":\"https:\/\/lamollla.com\/fr\/#organization\"},\"potentialAction\":[{\"@type\":\"SearchAction\",\"target\":{\"@type\":\"EntryPoint\",\"urlTemplate\":\"https:\/\/lamollla.com\/fr\/?s={search_term_string}\"},\"query-input\":{\"@type\":\"PropertyValueSpecification\",\"valueRequired\":true,\"valueName\":\"search_term_string\"}}],\"inLanguage\":\"fr-FR\"},{\"@type\":\"Organization\",\"@id\":\"https:\/\/lamollla.com\/fr\/#organization\",\"name\":\"Soci\u00e9t\u00e9 Eolienne\",\"url\":\"https:\/\/lamollla.com\/fr\/\",\"logo\":{\"@type\":\"ImageObject\",\"inLanguage\":\"fr-FR\",\"@id\":\"https:\/\/lamollla.com\/fr\/#\/schema\/logo\/image\/\",\"url\":\"https:\/\/lamollla.com\/wp-content\/uploads\/2020\/09\/logo-lamollla@2x.png\",\"contentUrl\":\"https:\/\/lamollla.com\/wp-content\/uploads\/2020\/09\/logo-lamollla@2x.png\",\"width\":968,\"height\":212,\"caption\":\"Soci\u00e9t\u00e9 Eolienne\"},\"image\":{\"@id\":\"https:\/\/lamollla.com\/fr\/#\/schema\/logo\/image\/\"},\"sameAs\":[\"https:\/\/www.facebook.com\/TizianaRedavidAteliers\",\"https:\/\/www.instagram.com\/tizianaredavidesign\/\",\"https:\/\/www.pinterest.it\/tizianaredavid\/\"]}]}<\/script>\n<!-- \/ Yoast SEO plugin. -->","yoast_head_json":{"title":"Tiziana Ring \u2013 Structure et \u00e9l\u00e9gance - la mollla\u00ae","robots":{"index":"index","follow":"follow","max-snippet":"max-snippet:-1","max-image-preview":"max-image-preview:large","max-video-preview":"max-video-preview:-1"},"canonical":"https:\/\/lamollla.com\/fr\/produit\/tiziana-ring\/","og_locale":"fr_FR","og_type":"article","og_title":"Tiziana Ring \u2013 Structure et \u00e9l\u00e9gance - la mollla\u00ae","og_description":"Set compos\u00e9 de 10 ressorts en acier inoxydable. Taille M : correspond \u00e0 la taille EU 54\/55 Taille L : correspond \u00e0 la taille EU 58\/59","og_url":"https:\/\/lamollla.com\/fr\/produit\/tiziana-ring\/","og_site_name":"la mollla\u00ae","article_publisher":"https:\/\/www.facebook.com\/TizianaRedavidAteliers","article_modified_time":"2025-05-26T14:17:23+00:00","og_image":[{"width":682,"height":1024,"url":"https:\/\/lamollla.com\/wp-content\/uploads\/2020\/08\/035__K7A2488-1-web-682x1024.jpg","type":"image\/jpeg"}],"twitter_card":"summary_large_image","twitter_misc":{"Dur\u00e9e de lecture estim\u00e9e":"2 minutes"},"schema":{"@context":"https:\/\/schema.org","@graph":[{"@type":"WebPage","@id":"https:\/\/lamollla.com\/fr\/produit\/tiziana-ring\/","url":"https:\/\/lamollla.com\/fr\/produit\/tiziana-ring\/","name":"Tiziana Ring \u2013 Structure et \u00e9l\u00e9gance - la mollla\u00ae","isPartOf":{"@id":"https:\/\/lamollla.com\/fr\/#website"},"primaryImageOfPage":{"@id":"https:\/\/lamollla.com\/fr\/produit\/tiziana-ring\/#primaryimage"},"image":{"@id":"https:\/\/lamollla.com\/fr\/produit\/tiziana-ring\/#primaryimage"},"thumbnailUrl":"https:\/\/lamollla.com\/wp-content\/uploads\/2020\/08\/035__K7A2488-1-web.jpg","datePublished":"2021-09-17T10:55:11+00:00","dateModified":"2025-05-26T14:17:23+00:00","breadcrumb":{"@id":"https:\/\/lamollla.com\/fr\/produit\/tiziana-ring\/#breadcrumb"},"inLanguage":"fr-FR","potentialAction":[{"@type":"ReadAction","target":["https:\/\/lamollla.com\/fr\/produit\/tiziana-ring\/"]}]},{"@type":"ImageObject","inLanguage":"fr-FR","@id":"https:\/\/lamollla.com\/fr\/produit\/tiziana-ring\/#primaryimage","url":"https:\/\/lamollla.com\/wp-content\/uploads\/2020\/08\/035__K7A2488-1-web.jpg","contentUrl":"https:\/\/lamollla.com\/wp-content\/uploads\/2020\/08\/035__K7A2488-1-web.jpg","width":1333,"height":2000},{"@type":"BreadcrumbList","@id":"https:\/\/lamollla.com\/fr\/produit\/tiziana-ring\/#breadcrumb","itemListElement":[{"@type":"ListItem","position":1,"name":"Home","item":"https:\/\/lamollla.com\/fr\/"},{"@type":"ListItem","position":2,"name":"Boutique","item":"https:\/\/lamollla.com\/fr\/boutique\/"},{"@type":"ListItem","position":3,"name":"Tiziana Ring \u2013 Structure et \u00e9l\u00e9gance"}]},{"@type":"WebSite","@id":"https:\/\/lamollla.com\/fr\/#website","url":"https:\/\/lamollla.com\/fr\/","name":"la mollla\u00ae","description":"","publisher":{"@id":"https:\/\/lamollla.com\/fr\/#organization"},"potentialAction":[{"@type":"SearchAction","target":{"@type":"EntryPoint","urlTemplate":"https:\/\/lamollla.com\/fr\/?s={search_term_string}"},"query-input":{"@type":"PropertyValueSpecification","valueRequired":true,"valueName":"search_term_string"}}],"inLanguage":"fr-FR"},{"@type":"Organization","@id":"https:\/\/lamollla.com\/fr\/#organization","name":"Soci\u00e9t\u00e9 Eolienne","url":"https:\/\/lamollla.com\/fr\/","logo":{"@type":"ImageObject","inLanguage":"fr-FR","@id":"https:\/\/lamollla.com\/fr\/#\/schema\/logo\/image\/","url":"https:\/\/lamollla.com\/wp-content\/uploads\/2020\/09\/logo-lamollla@2x.png","contentUrl":"https:\/\/lamollla.com\/wp-content\/uploads\/2020\/09\/logo-lamollla@2x.png","width":968,"height":212,"caption":"Soci\u00e9t\u00e9 Eolienne"},"image":{"@id":"https:\/\/lamollla.com\/fr\/#\/schema\/logo\/image\/"},"sameAs":["https:\/\/www.facebook.com\/TizianaRedavidAteliers","https:\/\/www.instagram.com\/tizianaredavidesign\/","https:\/\/www.pinterest.it\/tizianaredavid\/"]}]}},"_links":{"self":[{"href":"https:\/\/lamollla.com\/fr\/wp-json\/wp\/v2\/product\/3445","targetHints":{"allow":["GET"]}}],"collection":[{"href":"https:\/\/lamollla.com\/fr\/wp-json\/wp\/v2\/product"}],"about":[{"href":"https:\/\/lamollla.com\/fr\/wp-json\/wp\/v2\/types\/product"}],"wp:featuredmedia":[{"embeddable":true,"href":"https:\/\/lamollla.com\/fr\/wp-json\/wp\/v2\/media\/13301"}],"wp:attachment":[{"href":"https:\/\/lamollla.com\/fr\/wp-json\/wp\/v2\/media?parent=3445"}],"wp:term":[{"taxonomy":"product_brand","embeddable":true,"href":"https:\/\/lamollla.com\/fr\/wp-json\/wp\/v2\/product_brand?post=3445"},{"taxonomy":"product_cat","embeddable":true,"href":"https:\/\/lamollla.com\/fr\/wp-json\/wp\/v2\/product_cat?post=3445"},{"taxonomy":"product_tag","embeddable":true,"href":"https:\/\/lamollla.com\/fr\/wp-json\/wp\/v2\/product_tag?post=3445"}],"curies":[{"name":"wp","href":"https:\/\/api.w.org\/{rel}","templated":true}]}}