{"id":16780,"date":"2026-01-21T10:34:42","date_gmt":"2026-01-21T09:34:42","guid":{"rendered":"https:\/\/lamollla.com\/?post_type=product&#038;p=16780"},"modified":"2026-01-22T04:47:27","modified_gmt":"2026-01-22T03:47:27","slug":"trio-bague","status":"publish","type":"product","link":"https:\/\/lamollla.com\/fr\/produit\/trio-bague\/","title":{"rendered":"Trio bague"},"content":{"rendered":"<p data-start=\"39\" data-end=\"279\">Trois lignes parall\u00e8les, un d\u00e9tail intelligent. La bague Trio est compos\u00e9e de micro-ressorts en acier inoxydable : lumineuse, mais avec une finition satin\u00e9e qui garde la lumi\u00e8re douce et ma\u00eetris\u00e9e, jamais effet miroir.<\/p>\n<p data-start=\"281\" data-end=\"580\">Les trois brins sont r\u00e9unis par une petite plaquette fix\u00e9e d\u2019un seul c\u00f4t\u00e9. C\u2019est ce qui la rend unique : elle se porte de deux fa\u00e7ons. Plaquette visible, la bague devient plus architecturale et graphique ; tourn\u00e9e, elle se transforme en rythme minimal \u2014 trois lignes nettes qui enveloppent le doigt.<\/p>\n<p data-start=\"582\" data-end=\"751\">Toutes les tailles de la bague Trio sont l\u00e9g\u00e8rement adaptables : l\u2019\u00e9lasticit\u00e9 des ressorts a cette magie de s\u2019ajuster au corps\u2026 sans attendre de miracles, mais presque !<\/p>\n<p data-start=\"753\" data-end=\"766\"><strong data-start=\"753\" data-end=\"764\">Mati\u00e8re<\/strong><\/p>\n<ul data-start=\"767\" data-end=\"843\">\n<li data-start=\"767\" data-end=\"806\">\n<p data-start=\"769\" data-end=\"806\">Acier inoxydable brillant et satin\u00e9<\/p>\n<\/li>\n<li data-start=\"807\" data-end=\"843\">\n<p data-start=\"809\" data-end=\"843\">Usin\u00e9 sous forme de micro-ressorts<\/p>\n<\/li>\n<\/ul>\n<p data-start=\"845\" data-end=\"1253\"><strong data-start=\"845\" data-end=\"860\">Authentique<\/strong><br data-start=\"860\" data-end=\"863\" \/>Authentique, Made in Italy and France : nos bijoux sont fabriqu\u00e9s avec un haut niveau de qualit\u00e9 en Italie et en France, gr\u00e2ce \u00e0 notre r\u00e9seau historique de fournisseurs italiens. Ils sont issus d\u2019un design industriel rigoureux. Avec les soins appropri\u00e9s, ils peuvent durer toute une vie. Chaque bague est r\u00e9alis\u00e9e \u00e0 partir de ressorts originaux de premi\u00e8re qualit\u00e9, en acier inoxydable pur.<\/p>\n<p data-start=\"1255\" data-end=\"1291\">Design Tiziana Redavid for la mollla<\/p>\n<p data-start=\"1293\" data-end=\"1314\">Beware of imitations.<\/p>\n<p data-start=\"1316\" data-end=\"1565\">product short description<br data-start=\"1341\" data-end=\"1344\" \/>Bague Trio en micro-ressorts d\u2019acier inoxydable satin\u00e9 : trois lignes parall\u00e8les et une plaquette asym\u00e9trique pour un port r\u00e9versible, graphique ou minimal. Tailles l\u00e9g\u00e8rement adaptables gr\u00e2ce \u00e0 l\u2019\u00e9lasticit\u00e9 des ressorts.<\/p>\n","protected":false},"excerpt":{"rendered":"<p data-start=\"0\" data-end=\"174\">Bague r\u00e9versible en micro-ressorts d\u2019acier inoxydable : trois brins satin\u00e9-brillant r\u00e9unis par une plaquette sur un seul c\u00f4t\u00e9, pour deux looks diff\u00e9rents.<\/p>\n<p data-start=\"176\" data-end=\"184\">Size M<\/p>\n<p data-start=\"186\" data-end=\"194\">Size L<\/p>\n","protected":false},"featured_media":16799,"template":"","meta":{"_uf_show_specific_survey":0,"_uf_disable_surveys":false},"product_brand":[],"product_cat":[82,85],"product_tag":[243],"class_list":{"0":"post-16780","1":"product","2":"type-product","3":"status-publish","4":"has-post-thumbnail","6":"product_cat-ring-fr","7":"product_cat-tiziana-fr","8":"product_tag-online-fr","10":"first","11":"instock","12":"taxable","13":"shipping-taxable","14":"purchasable","15":"product-type-variable"},"yoast_head":"<!-- This site is optimized with the Yoast SEO plugin v26.8 - https:\/\/yoast.com\/product\/yoast-seo-wordpress\/ -->\n<title>Trio bague - la mollla\u00ae<\/title>\n<meta name=\"robots\" content=\"index, follow, max-snippet:-1, max-image-preview:large, max-video-preview:-1\" \/>\n<link rel=\"canonical\" href=\"https:\/\/lamollla.com\/fr\/produit\/trio-bague\/\" \/>\n<meta property=\"og:locale\" content=\"fr_FR\" \/>\n<meta property=\"og:type\" content=\"article\" \/>\n<meta property=\"og:title\" content=\"Trio bague - la mollla\u00ae\" \/>\n<meta property=\"og:description\" content=\"Bague r\u00e9versible en micro-ressorts d\u2019acier inoxydable : trois brins satin\u00e9-brillant r\u00e9unis par une plaquette sur un seul c\u00f4t\u00e9, pour deux looks diff\u00e9rents. Size M Size L\" \/>\n<meta property=\"og:url\" content=\"https:\/\/lamollla.com\/fr\/produit\/trio-bague\/\" \/>\n<meta property=\"og:site_name\" content=\"la mollla\u00ae\" \/>\n<meta property=\"article:publisher\" content=\"https:\/\/www.facebook.com\/TizianaRedavidAteliers\" \/>\n<meta property=\"article:modified_time\" content=\"2026-01-22T03:47:27+00:00\" \/>\n<meta property=\"og:image\" content=\"https:\/\/lamollla.com\/wp-content\/uploads\/2026\/01\/135_lamollla-web-web.webp\" \/>\n\t<meta property=\"og:image:width\" content=\"800\" \/>\n\t<meta property=\"og:image:height\" content=\"1000\" \/>\n\t<meta property=\"og:image:type\" content=\"image\/jpeg\" \/>\n<meta name=\"twitter:card\" content=\"summary_large_image\" \/>\n<meta name=\"twitter:label1\" content=\"Dur\u00e9e de lecture estim\u00e9e\" \/>\n\t<meta name=\"twitter:data1\" content=\"2 minutes\" \/>\n<script type=\"application\/ld+json\" class=\"yoast-schema-graph\">{\"@context\":\"https:\/\/schema.org\",\"@graph\":[{\"@type\":\"WebPage\",\"@id\":\"https:\/\/lamollla.com\/fr\/produit\/trio-bague\/\",\"url\":\"https:\/\/lamollla.com\/fr\/produit\/trio-bague\/\",\"name\":\"Trio bague - la mollla\u00ae\",\"isPartOf\":{\"@id\":\"https:\/\/lamollla.com\/fr\/#website\"},\"primaryImageOfPage\":{\"@id\":\"https:\/\/lamollla.com\/fr\/produit\/trio-bague\/#primaryimage\"},\"image\":{\"@id\":\"https:\/\/lamollla.com\/fr\/produit\/trio-bague\/#primaryimage\"},\"thumbnailUrl\":\"https:\/\/lamollla.com\/wp-content\/uploads\/2026\/01\/135_lamollla-web-web.webp\",\"datePublished\":\"2026-01-21T09:34:42+00:00\",\"dateModified\":\"2026-01-22T03:47:27+00:00\",\"breadcrumb\":{\"@id\":\"https:\/\/lamollla.com\/fr\/produit\/trio-bague\/#breadcrumb\"},\"inLanguage\":\"fr-FR\",\"potentialAction\":[{\"@type\":\"ReadAction\",\"target\":[\"https:\/\/lamollla.com\/fr\/produit\/trio-bague\/\"]}]},{\"@type\":\"ImageObject\",\"inLanguage\":\"fr-FR\",\"@id\":\"https:\/\/lamollla.com\/fr\/produit\/trio-bague\/#primaryimage\",\"url\":\"https:\/\/lamollla.com\/wp-content\/uploads\/2026\/01\/135_lamollla-web-web.webp\",\"contentUrl\":\"https:\/\/lamollla.com\/wp-content\/uploads\/2026\/01\/135_lamollla-web-web.webp\",\"width\":800,\"height\":1000},{\"@type\":\"BreadcrumbList\",\"@id\":\"https:\/\/lamollla.com\/fr\/produit\/trio-bague\/#breadcrumb\",\"itemListElement\":[{\"@type\":\"ListItem\",\"position\":1,\"name\":\"Home\",\"item\":\"https:\/\/lamollla.com\/fr\/\"},{\"@type\":\"ListItem\",\"position\":2,\"name\":\"Boutique\",\"item\":\"https:\/\/lamollla.com\/fr\/boutique\/\"},{\"@type\":\"ListItem\",\"position\":3,\"name\":\"Trio bague\"}]},{\"@type\":\"WebSite\",\"@id\":\"https:\/\/lamollla.com\/fr\/#website\",\"url\":\"https:\/\/lamollla.com\/fr\/\",\"name\":\"la mollla\u00ae\",\"description\":\"\",\"publisher\":{\"@id\":\"https:\/\/lamollla.com\/fr\/#organization\"},\"potentialAction\":[{\"@type\":\"SearchAction\",\"target\":{\"@type\":\"EntryPoint\",\"urlTemplate\":\"https:\/\/lamollla.com\/fr\/?s={search_term_string}\"},\"query-input\":{\"@type\":\"PropertyValueSpecification\",\"valueRequired\":true,\"valueName\":\"search_term_string\"}}],\"inLanguage\":\"fr-FR\"},{\"@type\":\"Organization\",\"@id\":\"https:\/\/lamollla.com\/fr\/#organization\",\"name\":\"Soci\u00e9t\u00e9 Eolienne\",\"url\":\"https:\/\/lamollla.com\/fr\/\",\"logo\":{\"@type\":\"ImageObject\",\"inLanguage\":\"fr-FR\",\"@id\":\"https:\/\/lamollla.com\/fr\/#\/schema\/logo\/image\/\",\"url\":\"https:\/\/lamollla.com\/wp-content\/uploads\/2020\/09\/logo-lamollla@2x.png\",\"contentUrl\":\"https:\/\/lamollla.com\/wp-content\/uploads\/2020\/09\/logo-lamollla@2x.png\",\"width\":968,\"height\":212,\"caption\":\"Soci\u00e9t\u00e9 Eolienne\"},\"image\":{\"@id\":\"https:\/\/lamollla.com\/fr\/#\/schema\/logo\/image\/\"},\"sameAs\":[\"https:\/\/www.facebook.com\/TizianaRedavidAteliers\",\"https:\/\/www.instagram.com\/tizianaredavidesign\/\",\"https:\/\/www.pinterest.it\/tizianaredavid\/\"]}]}<\/script>\n<!-- \/ Yoast SEO plugin. -->","yoast_head_json":{"title":"Trio bague - la mollla\u00ae","robots":{"index":"index","follow":"follow","max-snippet":"max-snippet:-1","max-image-preview":"max-image-preview:large","max-video-preview":"max-video-preview:-1"},"canonical":"https:\/\/lamollla.com\/fr\/produit\/trio-bague\/","og_locale":"fr_FR","og_type":"article","og_title":"Trio bague - la mollla\u00ae","og_description":"Bague r\u00e9versible en micro-ressorts d\u2019acier inoxydable : trois brins satin\u00e9-brillant r\u00e9unis par une plaquette sur un seul c\u00f4t\u00e9, pour deux looks diff\u00e9rents. Size M Size L","og_url":"https:\/\/lamollla.com\/fr\/produit\/trio-bague\/","og_site_name":"la mollla\u00ae","article_publisher":"https:\/\/www.facebook.com\/TizianaRedavidAteliers","article_modified_time":"2026-01-22T03:47:27+00:00","og_image":[{"width":800,"height":1000,"url":"https:\/\/lamollla.com\/wp-content\/uploads\/2026\/01\/135_lamollla-web-web.webp","type":"image\/jpeg"}],"twitter_card":"summary_large_image","twitter_misc":{"Dur\u00e9e de lecture estim\u00e9e":"2 minutes"},"schema":{"@context":"https:\/\/schema.org","@graph":[{"@type":"WebPage","@id":"https:\/\/lamollla.com\/fr\/produit\/trio-bague\/","url":"https:\/\/lamollla.com\/fr\/produit\/trio-bague\/","name":"Trio bague - la mollla\u00ae","isPartOf":{"@id":"https:\/\/lamollla.com\/fr\/#website"},"primaryImageOfPage":{"@id":"https:\/\/lamollla.com\/fr\/produit\/trio-bague\/#primaryimage"},"image":{"@id":"https:\/\/lamollla.com\/fr\/produit\/trio-bague\/#primaryimage"},"thumbnailUrl":"https:\/\/lamollla.com\/wp-content\/uploads\/2026\/01\/135_lamollla-web-web.webp","datePublished":"2026-01-21T09:34:42+00:00","dateModified":"2026-01-22T03:47:27+00:00","breadcrumb":{"@id":"https:\/\/lamollla.com\/fr\/produit\/trio-bague\/#breadcrumb"},"inLanguage":"fr-FR","potentialAction":[{"@type":"ReadAction","target":["https:\/\/lamollla.com\/fr\/produit\/trio-bague\/"]}]},{"@type":"ImageObject","inLanguage":"fr-FR","@id":"https:\/\/lamollla.com\/fr\/produit\/trio-bague\/#primaryimage","url":"https:\/\/lamollla.com\/wp-content\/uploads\/2026\/01\/135_lamollla-web-web.webp","contentUrl":"https:\/\/lamollla.com\/wp-content\/uploads\/2026\/01\/135_lamollla-web-web.webp","width":800,"height":1000},{"@type":"BreadcrumbList","@id":"https:\/\/lamollla.com\/fr\/produit\/trio-bague\/#breadcrumb","itemListElement":[{"@type":"ListItem","position":1,"name":"Home","item":"https:\/\/lamollla.com\/fr\/"},{"@type":"ListItem","position":2,"name":"Boutique","item":"https:\/\/lamollla.com\/fr\/boutique\/"},{"@type":"ListItem","position":3,"name":"Trio bague"}]},{"@type":"WebSite","@id":"https:\/\/lamollla.com\/fr\/#website","url":"https:\/\/lamollla.com\/fr\/","name":"la mollla\u00ae","description":"","publisher":{"@id":"https:\/\/lamollla.com\/fr\/#organization"},"potentialAction":[{"@type":"SearchAction","target":{"@type":"EntryPoint","urlTemplate":"https:\/\/lamollla.com\/fr\/?s={search_term_string}"},"query-input":{"@type":"PropertyValueSpecification","valueRequired":true,"valueName":"search_term_string"}}],"inLanguage":"fr-FR"},{"@type":"Organization","@id":"https:\/\/lamollla.com\/fr\/#organization","name":"Soci\u00e9t\u00e9 Eolienne","url":"https:\/\/lamollla.com\/fr\/","logo":{"@type":"ImageObject","inLanguage":"fr-FR","@id":"https:\/\/lamollla.com\/fr\/#\/schema\/logo\/image\/","url":"https:\/\/lamollla.com\/wp-content\/uploads\/2020\/09\/logo-lamollla@2x.png","contentUrl":"https:\/\/lamollla.com\/wp-content\/uploads\/2020\/09\/logo-lamollla@2x.png","width":968,"height":212,"caption":"Soci\u00e9t\u00e9 Eolienne"},"image":{"@id":"https:\/\/lamollla.com\/fr\/#\/schema\/logo\/image\/"},"sameAs":["https:\/\/www.facebook.com\/TizianaRedavidAteliers","https:\/\/www.instagram.com\/tizianaredavidesign\/","https:\/\/www.pinterest.it\/tizianaredavid\/"]}]}},"_links":{"self":[{"href":"https:\/\/lamollla.com\/fr\/wp-json\/wp\/v2\/product\/16780","targetHints":{"allow":["GET"]}}],"collection":[{"href":"https:\/\/lamollla.com\/fr\/wp-json\/wp\/v2\/product"}],"about":[{"href":"https:\/\/lamollla.com\/fr\/wp-json\/wp\/v2\/types\/product"}],"wp:featuredmedia":[{"embeddable":true,"href":"https:\/\/lamollla.com\/fr\/wp-json\/wp\/v2\/media\/16799"}],"wp:attachment":[{"href":"https:\/\/lamollla.com\/fr\/wp-json\/wp\/v2\/media?parent=16780"}],"wp:term":[{"taxonomy":"product_brand","embeddable":true,"href":"https:\/\/lamollla.com\/fr\/wp-json\/wp\/v2\/product_brand?post=16780"},{"taxonomy":"product_cat","embeddable":true,"href":"https:\/\/lamollla.com\/fr\/wp-json\/wp\/v2\/product_cat?post=16780"},{"taxonomy":"product_tag","embeddable":true,"href":"https:\/\/lamollla.com\/fr\/wp-json\/wp\/v2\/product_tag?post=16780"}],"curies":[{"name":"wp","href":"https:\/\/api.w.org\/{rel}","templated":true}]}}