{"id":13806,"date":"2025-05-23T09:25:00","date_gmt":"2025-05-23T07:25:00","guid":{"rendered":"https:\/\/lamollla.com\/?post_type=product&#038;p=13806"},"modified":"2026-01-22T05:12:21","modified_gmt":"2026-01-22T04:12:21","slug":"bloom-earrings-legerete-et-nature","status":"publish","type":"product","link":"https:\/\/lamollla.com\/fr\/produit\/bloom-earrings-legerete-et-nature\/","title":{"rendered":"Bloom Earrings \u2013 L\u00e9g\u00e8ret\u00e9 et nature"},"content":{"rendered":"<p><span style=\"font-weight: 400;\">Les <\/span><b>boucles d\u2019oreilles BLOOM<\/b><span style=\"font-weight: 400;\"> sont r\u00e9alis\u00e9es \u00e0 partir de micro-ressorts en acier inoxydable, inspir\u00e9es par la forme d\u2019une fleur en pleine floraison.<\/span><span style=\"font-weight: 400;\"><br \/>\n<\/span><span style=\"font-weight: 400;\">Mesurant 5,5 cm de long, elles sont l\u00e9g\u00e8rement pendantes et apportent un mouvement subtil.<\/span><span style=\"font-weight: 400;\"><br \/>\n<\/span><span style=\"font-weight: 400;\">Simples mais distinctives, elles sont parfaites pour ceux qui recherchent des boucles d\u2019oreilles modernes, l\u00e9g\u00e8res et faciles \u00e0 porter en acier inoxydable.<\/span><span style=\"font-weight: 400;\"><br \/>\n<\/span><span style=\"font-weight: 400;\">Vendues par paire.<\/span><\/p>\n<p><span style=\"font-weight: 400;\">Authentique, fabriqu\u00e9 en Italie et en France, notre bijou est con\u00e7u avec un haut niveau de qualit\u00e9 \u00e0 Turin et \u00e0 Paris, avec l\u2019aide de notre r\u00e9seau historique de fournisseurs italiens.<\/span><span style=\"font-weight: 400;\"><br \/>\n<\/span><span style=\"font-weight: 400;\">Issu d\u2019un design industriel rigoureux.<\/span><span style=\"font-weight: 400;\"><br \/>\n<\/span><span style=\"font-weight: 400;\">Avec les soins appropri\u00e9s, il est fait pour durer \u00e9ternellement.<\/span><span style=\"font-weight: 400;\"><br \/>\n<\/span><span style=\"font-weight: 400;\">Chaque boucle est compos\u00e9e de ressorts originaux de haute qualit\u00e9 en acier inoxydable pur.<\/span><\/p>\n<p><span style=\"font-weight: 400;\">Design Tiziana Redavid for la mollla<\/span><span style=\"font-weight: 400;\"><br \/>\n<\/span><span style=\"font-weight: 400;\">Beware of imitations<\/span><\/p>\n","protected":false},"excerpt":{"rendered":"<p>Les boucles d\u2019oreilles BLOOM sont r\u00e9alis\u00e9es \u00e0 partir de micro-ressorts en acier inoxydable, inspir\u00e9es par la forme d\u2019une fleur en pleine floraison. Mesurant 5,5 cm de long, elles sont l\u00e9g\u00e8rement pendantes et apportent un mouvement subtil. Simples mais distinctives, elles sont parfaites pour ceux qui recherchent des boucles d\u2019oreilles modernes, l\u00e9g\u00e8res et faciles \u00e0 porter &#8230; <a title=\"Bloom Earrings \u2013 L\u00e9g\u00e8ret\u00e9 et nature\" class=\"read-more\" href=\"https:\/\/lamollla.com\/fr\/produit\/bloom-earrings-legerete-et-nature\/\" aria-label=\"En savoir plus sur Bloom Earrings \u2013 L\u00e9g\u00e8ret\u00e9 et nature\">Lire plus<\/a><\/p>\n","protected":false},"featured_media":13808,"template":"","meta":{"_uf_show_specific_survey":0,"_uf_disable_surveys":false},"product_brand":[],"product_cat":[129],"product_tag":[243],"class_list":{"0":"post-13806","1":"product","2":"type-product","3":"status-publish","4":"has-post-thumbnail","6":"product_cat-boucle-doreille","7":"product_tag-online-fr","8":"product_shipping_class-bo-bag-pend-fr","10":"first","11":"instock","12":"taxable","13":"shipping-taxable","14":"purchasable","15":"product-type-simple"},"yoast_head":"<!-- This site is optimized with the Yoast SEO plugin v26.8 - https:\/\/yoast.com\/product\/yoast-seo-wordpress\/ -->\n<title>Bloom Earrings \u2013 L\u00e9g\u00e8ret\u00e9 et nature - la mollla\u00ae<\/title>\n<meta name=\"robots\" content=\"index, follow, max-snippet:-1, max-image-preview:large, max-video-preview:-1\" \/>\n<link rel=\"canonical\" href=\"https:\/\/lamollla.com\/fr\/produit\/bloom-earrings-legerete-et-nature\/\" \/>\n<meta property=\"og:locale\" content=\"fr_FR\" \/>\n<meta property=\"og:type\" content=\"article\" \/>\n<meta property=\"og:title\" content=\"Bloom Earrings \u2013 L\u00e9g\u00e8ret\u00e9 et nature - la mollla\u00ae\" \/>\n<meta property=\"og:description\" content=\"Les boucles d\u2019oreilles BLOOM sont r\u00e9alis\u00e9es \u00e0 partir de micro-ressorts en acier inoxydable, inspir\u00e9es par la forme d\u2019une fleur en pleine floraison. Mesurant 5,5 cm de long, elles sont l\u00e9g\u00e8rement pendantes et apportent un mouvement subtil. Simples mais distinctives, elles sont parfaites pour ceux qui recherchent des boucles d\u2019oreilles modernes, l\u00e9g\u00e8res et faciles \u00e0 porter ... Lire plus\" \/>\n<meta property=\"og:url\" content=\"https:\/\/lamollla.com\/fr\/produit\/bloom-earrings-legerete-et-nature\/\" \/>\n<meta property=\"og:site_name\" content=\"la mollla\u00ae\" \/>\n<meta property=\"article:publisher\" content=\"https:\/\/www.facebook.com\/TizianaRedavidAteliers\" \/>\n<meta property=\"article:modified_time\" content=\"2026-01-22T04:12:21+00:00\" \/>\n<meta property=\"og:image\" content=\"https:\/\/lamollla.com\/wp-content\/uploads\/2025\/05\/003__K7A2363-1-web.jpg\" \/>\n\t<meta property=\"og:image:width\" content=\"1333\" \/>\n\t<meta property=\"og:image:height\" content=\"2000\" \/>\n\t<meta property=\"og:image:type\" content=\"image\/jpeg\" \/>\n<meta name=\"twitter:card\" content=\"summary_large_image\" \/>\n<meta name=\"twitter:label1\" content=\"Dur\u00e9e de lecture estim\u00e9e\" \/>\n\t<meta name=\"twitter:data1\" content=\"1 minute\" \/>\n<script type=\"application\/ld+json\" class=\"yoast-schema-graph\">{\"@context\":\"https:\/\/schema.org\",\"@graph\":[{\"@type\":\"WebPage\",\"@id\":\"https:\/\/lamollla.com\/fr\/produit\/bloom-earrings-legerete-et-nature\/\",\"url\":\"https:\/\/lamollla.com\/fr\/produit\/bloom-earrings-legerete-et-nature\/\",\"name\":\"Bloom Earrings \u2013 L\u00e9g\u00e8ret\u00e9 et nature - la mollla\u00ae\",\"isPartOf\":{\"@id\":\"https:\/\/lamollla.com\/fr\/#website\"},\"primaryImageOfPage\":{\"@id\":\"https:\/\/lamollla.com\/fr\/produit\/bloom-earrings-legerete-et-nature\/#primaryimage\"},\"image\":{\"@id\":\"https:\/\/lamollla.com\/fr\/produit\/bloom-earrings-legerete-et-nature\/#primaryimage\"},\"thumbnailUrl\":\"https:\/\/lamollla.com\/wp-content\/uploads\/2025\/05\/003__K7A2363-1-web.jpg\",\"datePublished\":\"2025-05-23T07:25:00+00:00\",\"dateModified\":\"2026-01-22T04:12:21+00:00\",\"breadcrumb\":{\"@id\":\"https:\/\/lamollla.com\/fr\/produit\/bloom-earrings-legerete-et-nature\/#breadcrumb\"},\"inLanguage\":\"fr-FR\",\"potentialAction\":[{\"@type\":\"ReadAction\",\"target\":[\"https:\/\/lamollla.com\/fr\/produit\/bloom-earrings-legerete-et-nature\/\"]}]},{\"@type\":\"ImageObject\",\"inLanguage\":\"fr-FR\",\"@id\":\"https:\/\/lamollla.com\/fr\/produit\/bloom-earrings-legerete-et-nature\/#primaryimage\",\"url\":\"https:\/\/lamollla.com\/wp-content\/uploads\/2025\/05\/003__K7A2363-1-web.jpg\",\"contentUrl\":\"https:\/\/lamollla.com\/wp-content\/uploads\/2025\/05\/003__K7A2363-1-web.jpg\",\"width\":1333,\"height\":2000},{\"@type\":\"BreadcrumbList\",\"@id\":\"https:\/\/lamollla.com\/fr\/produit\/bloom-earrings-legerete-et-nature\/#breadcrumb\",\"itemListElement\":[{\"@type\":\"ListItem\",\"position\":1,\"name\":\"Home\",\"item\":\"https:\/\/lamollla.com\/fr\/\"},{\"@type\":\"ListItem\",\"position\":2,\"name\":\"Boutique\",\"item\":\"https:\/\/lamollla.com\/fr\/boutique\/\"},{\"@type\":\"ListItem\",\"position\":3,\"name\":\"Bloom Earrings \u2013 L\u00e9g\u00e8ret\u00e9 et nature\"}]},{\"@type\":\"WebSite\",\"@id\":\"https:\/\/lamollla.com\/fr\/#website\",\"url\":\"https:\/\/lamollla.com\/fr\/\",\"name\":\"la mollla\u00ae\",\"description\":\"\",\"publisher\":{\"@id\":\"https:\/\/lamollla.com\/fr\/#organization\"},\"potentialAction\":[{\"@type\":\"SearchAction\",\"target\":{\"@type\":\"EntryPoint\",\"urlTemplate\":\"https:\/\/lamollla.com\/fr\/?s={search_term_string}\"},\"query-input\":{\"@type\":\"PropertyValueSpecification\",\"valueRequired\":true,\"valueName\":\"search_term_string\"}}],\"inLanguage\":\"fr-FR\"},{\"@type\":\"Organization\",\"@id\":\"https:\/\/lamollla.com\/fr\/#organization\",\"name\":\"Soci\u00e9t\u00e9 Eolienne\",\"url\":\"https:\/\/lamollla.com\/fr\/\",\"logo\":{\"@type\":\"ImageObject\",\"inLanguage\":\"fr-FR\",\"@id\":\"https:\/\/lamollla.com\/fr\/#\/schema\/logo\/image\/\",\"url\":\"https:\/\/lamollla.com\/wp-content\/uploads\/2020\/09\/logo-lamollla@2x.png\",\"contentUrl\":\"https:\/\/lamollla.com\/wp-content\/uploads\/2020\/09\/logo-lamollla@2x.png\",\"width\":968,\"height\":212,\"caption\":\"Soci\u00e9t\u00e9 Eolienne\"},\"image\":{\"@id\":\"https:\/\/lamollla.com\/fr\/#\/schema\/logo\/image\/\"},\"sameAs\":[\"https:\/\/www.facebook.com\/TizianaRedavidAteliers\",\"https:\/\/www.instagram.com\/tizianaredavidesign\/\",\"https:\/\/www.pinterest.it\/tizianaredavid\/\"]}]}<\/script>\n<!-- \/ Yoast SEO plugin. -->","yoast_head_json":{"title":"Bloom Earrings \u2013 L\u00e9g\u00e8ret\u00e9 et nature - la mollla\u00ae","robots":{"index":"index","follow":"follow","max-snippet":"max-snippet:-1","max-image-preview":"max-image-preview:large","max-video-preview":"max-video-preview:-1"},"canonical":"https:\/\/lamollla.com\/fr\/produit\/bloom-earrings-legerete-et-nature\/","og_locale":"fr_FR","og_type":"article","og_title":"Bloom Earrings \u2013 L\u00e9g\u00e8ret\u00e9 et nature - la mollla\u00ae","og_description":"Les boucles d\u2019oreilles BLOOM sont r\u00e9alis\u00e9es \u00e0 partir de micro-ressorts en acier inoxydable, inspir\u00e9es par la forme d\u2019une fleur en pleine floraison. Mesurant 5,5 cm de long, elles sont l\u00e9g\u00e8rement pendantes et apportent un mouvement subtil. Simples mais distinctives, elles sont parfaites pour ceux qui recherchent des boucles d\u2019oreilles modernes, l\u00e9g\u00e8res et faciles \u00e0 porter ... Lire plus","og_url":"https:\/\/lamollla.com\/fr\/produit\/bloom-earrings-legerete-et-nature\/","og_site_name":"la mollla\u00ae","article_publisher":"https:\/\/www.facebook.com\/TizianaRedavidAteliers","article_modified_time":"2026-01-22T04:12:21+00:00","og_image":[{"width":1333,"height":2000,"url":"https:\/\/lamollla.com\/wp-content\/uploads\/2025\/05\/003__K7A2363-1-web.jpg","type":"image\/jpeg"}],"twitter_card":"summary_large_image","twitter_misc":{"Dur\u00e9e de lecture estim\u00e9e":"1 minute"},"schema":{"@context":"https:\/\/schema.org","@graph":[{"@type":"WebPage","@id":"https:\/\/lamollla.com\/fr\/produit\/bloom-earrings-legerete-et-nature\/","url":"https:\/\/lamollla.com\/fr\/produit\/bloom-earrings-legerete-et-nature\/","name":"Bloom Earrings \u2013 L\u00e9g\u00e8ret\u00e9 et nature - la mollla\u00ae","isPartOf":{"@id":"https:\/\/lamollla.com\/fr\/#website"},"primaryImageOfPage":{"@id":"https:\/\/lamollla.com\/fr\/produit\/bloom-earrings-legerete-et-nature\/#primaryimage"},"image":{"@id":"https:\/\/lamollla.com\/fr\/produit\/bloom-earrings-legerete-et-nature\/#primaryimage"},"thumbnailUrl":"https:\/\/lamollla.com\/wp-content\/uploads\/2025\/05\/003__K7A2363-1-web.jpg","datePublished":"2025-05-23T07:25:00+00:00","dateModified":"2026-01-22T04:12:21+00:00","breadcrumb":{"@id":"https:\/\/lamollla.com\/fr\/produit\/bloom-earrings-legerete-et-nature\/#breadcrumb"},"inLanguage":"fr-FR","potentialAction":[{"@type":"ReadAction","target":["https:\/\/lamollla.com\/fr\/produit\/bloom-earrings-legerete-et-nature\/"]}]},{"@type":"ImageObject","inLanguage":"fr-FR","@id":"https:\/\/lamollla.com\/fr\/produit\/bloom-earrings-legerete-et-nature\/#primaryimage","url":"https:\/\/lamollla.com\/wp-content\/uploads\/2025\/05\/003__K7A2363-1-web.jpg","contentUrl":"https:\/\/lamollla.com\/wp-content\/uploads\/2025\/05\/003__K7A2363-1-web.jpg","width":1333,"height":2000},{"@type":"BreadcrumbList","@id":"https:\/\/lamollla.com\/fr\/produit\/bloom-earrings-legerete-et-nature\/#breadcrumb","itemListElement":[{"@type":"ListItem","position":1,"name":"Home","item":"https:\/\/lamollla.com\/fr\/"},{"@type":"ListItem","position":2,"name":"Boutique","item":"https:\/\/lamollla.com\/fr\/boutique\/"},{"@type":"ListItem","position":3,"name":"Bloom Earrings \u2013 L\u00e9g\u00e8ret\u00e9 et nature"}]},{"@type":"WebSite","@id":"https:\/\/lamollla.com\/fr\/#website","url":"https:\/\/lamollla.com\/fr\/","name":"la mollla\u00ae","description":"","publisher":{"@id":"https:\/\/lamollla.com\/fr\/#organization"},"potentialAction":[{"@type":"SearchAction","target":{"@type":"EntryPoint","urlTemplate":"https:\/\/lamollla.com\/fr\/?s={search_term_string}"},"query-input":{"@type":"PropertyValueSpecification","valueRequired":true,"valueName":"search_term_string"}}],"inLanguage":"fr-FR"},{"@type":"Organization","@id":"https:\/\/lamollla.com\/fr\/#organization","name":"Soci\u00e9t\u00e9 Eolienne","url":"https:\/\/lamollla.com\/fr\/","logo":{"@type":"ImageObject","inLanguage":"fr-FR","@id":"https:\/\/lamollla.com\/fr\/#\/schema\/logo\/image\/","url":"https:\/\/lamollla.com\/wp-content\/uploads\/2020\/09\/logo-lamollla@2x.png","contentUrl":"https:\/\/lamollla.com\/wp-content\/uploads\/2020\/09\/logo-lamollla@2x.png","width":968,"height":212,"caption":"Soci\u00e9t\u00e9 Eolienne"},"image":{"@id":"https:\/\/lamollla.com\/fr\/#\/schema\/logo\/image\/"},"sameAs":["https:\/\/www.facebook.com\/TizianaRedavidAteliers","https:\/\/www.instagram.com\/tizianaredavidesign\/","https:\/\/www.pinterest.it\/tizianaredavid\/"]}]}},"_links":{"self":[{"href":"https:\/\/lamollla.com\/fr\/wp-json\/wp\/v2\/product\/13806","targetHints":{"allow":["GET"]}}],"collection":[{"href":"https:\/\/lamollla.com\/fr\/wp-json\/wp\/v2\/product"}],"about":[{"href":"https:\/\/lamollla.com\/fr\/wp-json\/wp\/v2\/types\/product"}],"wp:featuredmedia":[{"embeddable":true,"href":"https:\/\/lamollla.com\/fr\/wp-json\/wp\/v2\/media\/13808"}],"wp:attachment":[{"href":"https:\/\/lamollla.com\/fr\/wp-json\/wp\/v2\/media?parent=13806"}],"wp:term":[{"taxonomy":"product_brand","embeddable":true,"href":"https:\/\/lamollla.com\/fr\/wp-json\/wp\/v2\/product_brand?post=13806"},{"taxonomy":"product_cat","embeddable":true,"href":"https:\/\/lamollla.com\/fr\/wp-json\/wp\/v2\/product_cat?post=13806"},{"taxonomy":"product_tag","embeddable":true,"href":"https:\/\/lamollla.com\/fr\/wp-json\/wp\/v2\/product_tag?post=13806"}],"curies":[{"name":"wp","href":"https:\/\/api.w.org\/{rel}","templated":true}]}}