{"id":13733,"date":"2025-05-23T07:44:59","date_gmt":"2025-05-23T05:44:59","guid":{"rendered":"https:\/\/lamollla.com\/?post_type=product&#038;p=13733"},"modified":"2025-05-26T16:57:32","modified_gmt":"2025-05-26T14:57:32","slug":"flow-steel-necklace","status":"publish","type":"product","link":"https:\/\/lamollla.com\/fr\/produit\/flow-steel-necklace\/","title":{"rendered":"Flow Steel Necklace"},"content":{"rendered":"<p><b>Collier en acier inoxydable avec fermoir magn\u00e9tique \u2013 Essentiel et polyvalent<\/b><\/p>\n<p><span style=\"font-weight: 400;\">Un collier \u00e9pur\u00e9 et distinctif en acier inoxydable, qui associe deux textures subtilement contrast\u00e9es pour une touche de modernit\u00e9.<\/span><span style=\"font-weight: 400;\"><br \/>\n<\/span><span style=\"font-weight: 400;\">L\u00e9ger et facile \u00e0 porter, il se ferme en toute s\u00e9curit\u00e9 gr\u00e2ce \u00e0 notre fermoir magn\u00e9tique con\u00e7u sur mesure \u2013 simple, s\u00fbr et \u00e9l\u00e9gant.<\/span><\/p>\n<p><span style=\"font-weight: 400;\">Une pi\u00e8ce minimaliste con\u00e7ue pour toutes les occasions, du quotidien aux moments plus formels, toujours avec une note de caract\u00e8re.<\/span><\/p>\n<p><span style=\"font-weight: 400;\">Authentique, fabriqu\u00e9 en Italie et en France, notre bijou est con\u00e7u avec un haut niveau de qualit\u00e9 \u00e0 Turin et \u00e0 Paris, avec l\u2019aide de notre r\u00e9seau historique de fournisseurs italiens.<\/span><span style=\"font-weight: 400;\"><br \/>\n<\/span><span style=\"font-weight: 400;\">Issu d\u2019un design industriel rigoureux.<\/span><span style=\"font-weight: 400;\"><br \/>\n<\/span><span style=\"font-weight: 400;\">Avec les soins appropri\u00e9s, il est fait pour durer \u00e9ternellement.<\/span><span style=\"font-weight: 400;\"><br \/>\n<\/span><span style=\"font-weight: 400;\">Chaque collier est compos\u00e9 de ressorts originaux de haute qualit\u00e9 en acier inoxydable pur.<\/span><\/p>\n<p><span style=\"font-weight: 400;\">Design Tiziana Redavid for la mollla<\/span><span style=\"font-weight: 400;\"><br \/>\n<\/span><span style=\"font-weight: 400;\">Beware of imitations<\/span><\/p>\n","protected":false},"excerpt":{"rendered":"<p>Collier en acier inoxydable avec fermoir magn\u00e9tique \u2013 Essentiel et polyvalent Un collier \u00e9pur\u00e9 et distinctif en acier inoxydable, qui associe deux textures subtilement contrast\u00e9es pour une touche de modernit\u00e9. L\u00e9ger et facile \u00e0 porter, il se ferme en toute s\u00e9curit\u00e9 gr\u00e2ce \u00e0 notre fermoir magn\u00e9tique con\u00e7u sur mesure \u2013 simple, s\u00fbr et \u00e9l\u00e9gant. Une &#8230; <a title=\"Flow Steel Necklace\" class=\"read-more\" href=\"https:\/\/lamollla.com\/fr\/produit\/flow-steel-necklace\/\" aria-label=\"En savoir plus sur Flow Steel Necklace\">Lire plus<\/a><\/p>\n","protected":false},"featured_media":13735,"template":"","meta":{"_uf_show_specific_survey":0,"_uf_disable_surveys":false},"product_brand":[],"product_cat":[121,229],"product_tag":[243],"class_list":{"0":"post-13733","1":"product","2":"type-product","3":"status-publish","4":"has-post-thumbnail","6":"product_cat-collier","7":"product_cat-flow-fr","8":"product_tag-online-fr","9":"product_shipping_class-coll-saut-fr","11":"first","12":"instock","13":"taxable","14":"shipping-taxable","15":"purchasable","16":"product-type-simple"},"yoast_head":"<!-- This site is optimized with the Yoast SEO plugin v26.8 - https:\/\/yoast.com\/product\/yoast-seo-wordpress\/ -->\n<title>Flow Steel Necklace - la mollla\u00ae<\/title>\n<meta name=\"robots\" content=\"index, follow, max-snippet:-1, max-image-preview:large, max-video-preview:-1\" \/>\n<link rel=\"canonical\" href=\"https:\/\/lamollla.com\/fr\/produit\/flow-steel-necklace\/\" \/>\n<meta property=\"og:locale\" content=\"fr_FR\" \/>\n<meta property=\"og:type\" content=\"article\" \/>\n<meta property=\"og:title\" content=\"Flow Steel Necklace - la mollla\u00ae\" \/>\n<meta property=\"og:description\" content=\"Collier en acier inoxydable avec fermoir magn\u00e9tique \u2013 Essentiel et polyvalent Un collier \u00e9pur\u00e9 et distinctif en acier inoxydable, qui associe deux textures subtilement contrast\u00e9es pour une touche de modernit\u00e9. L\u00e9ger et facile \u00e0 porter, il se ferme en toute s\u00e9curit\u00e9 gr\u00e2ce \u00e0 notre fermoir magn\u00e9tique con\u00e7u sur mesure \u2013 simple, s\u00fbr et \u00e9l\u00e9gant. Une ... Lire plus\" \/>\n<meta property=\"og:url\" content=\"https:\/\/lamollla.com\/fr\/produit\/flow-steel-necklace\/\" \/>\n<meta property=\"og:site_name\" content=\"la mollla\u00ae\" \/>\n<meta property=\"article:publisher\" content=\"https:\/\/www.facebook.com\/TizianaRedavidAteliers\" \/>\n<meta property=\"article:modified_time\" content=\"2025-05-26T14:57:32+00:00\" \/>\n<meta property=\"og:image\" content=\"https:\/\/lamollla.com\/wp-content\/uploads\/2025\/05\/24A9662_web-819x1024.jpg\" \/>\n\t<meta property=\"og:image:width\" content=\"819\" \/>\n\t<meta property=\"og:image:height\" content=\"1024\" \/>\n\t<meta property=\"og:image:type\" content=\"image\/jpeg\" \/>\n<meta name=\"twitter:card\" content=\"summary_large_image\" \/>\n<meta name=\"twitter:label1\" content=\"Dur\u00e9e de lecture estim\u00e9e\" \/>\n\t<meta name=\"twitter:data1\" content=\"1 minute\" \/>\n<script type=\"application\/ld+json\" class=\"yoast-schema-graph\">{\"@context\":\"https:\/\/schema.org\",\"@graph\":[{\"@type\":\"WebPage\",\"@id\":\"https:\/\/lamollla.com\/fr\/produit\/flow-steel-necklace\/\",\"url\":\"https:\/\/lamollla.com\/fr\/produit\/flow-steel-necklace\/\",\"name\":\"Flow Steel Necklace - la mollla\u00ae\",\"isPartOf\":{\"@id\":\"https:\/\/lamollla.com\/fr\/#website\"},\"primaryImageOfPage\":{\"@id\":\"https:\/\/lamollla.com\/fr\/produit\/flow-steel-necklace\/#primaryimage\"},\"image\":{\"@id\":\"https:\/\/lamollla.com\/fr\/produit\/flow-steel-necklace\/#primaryimage\"},\"thumbnailUrl\":\"https:\/\/lamollla.com\/wp-content\/uploads\/2025\/05\/24A9662_web.jpg\",\"datePublished\":\"2025-05-23T05:44:59+00:00\",\"dateModified\":\"2025-05-26T14:57:32+00:00\",\"breadcrumb\":{\"@id\":\"https:\/\/lamollla.com\/fr\/produit\/flow-steel-necklace\/#breadcrumb\"},\"inLanguage\":\"fr-FR\",\"potentialAction\":[{\"@type\":\"ReadAction\",\"target\":[\"https:\/\/lamollla.com\/fr\/produit\/flow-steel-necklace\/\"]}]},{\"@type\":\"ImageObject\",\"inLanguage\":\"fr-FR\",\"@id\":\"https:\/\/lamollla.com\/fr\/produit\/flow-steel-necklace\/#primaryimage\",\"url\":\"https:\/\/lamollla.com\/wp-content\/uploads\/2025\/05\/24A9662_web.jpg\",\"contentUrl\":\"https:\/\/lamollla.com\/wp-content\/uploads\/2025\/05\/24A9662_web.jpg\",\"width\":1600,\"height\":2000},{\"@type\":\"BreadcrumbList\",\"@id\":\"https:\/\/lamollla.com\/fr\/produit\/flow-steel-necklace\/#breadcrumb\",\"itemListElement\":[{\"@type\":\"ListItem\",\"position\":1,\"name\":\"Home\",\"item\":\"https:\/\/lamollla.com\/fr\/\"},{\"@type\":\"ListItem\",\"position\":2,\"name\":\"Boutique\",\"item\":\"https:\/\/lamollla.com\/fr\/boutique\/\"},{\"@type\":\"ListItem\",\"position\":3,\"name\":\"Flow Steel Necklace\"}]},{\"@type\":\"WebSite\",\"@id\":\"https:\/\/lamollla.com\/fr\/#website\",\"url\":\"https:\/\/lamollla.com\/fr\/\",\"name\":\"la mollla\u00ae\",\"description\":\"\",\"publisher\":{\"@id\":\"https:\/\/lamollla.com\/fr\/#organization\"},\"potentialAction\":[{\"@type\":\"SearchAction\",\"target\":{\"@type\":\"EntryPoint\",\"urlTemplate\":\"https:\/\/lamollla.com\/fr\/?s={search_term_string}\"},\"query-input\":{\"@type\":\"PropertyValueSpecification\",\"valueRequired\":true,\"valueName\":\"search_term_string\"}}],\"inLanguage\":\"fr-FR\"},{\"@type\":\"Organization\",\"@id\":\"https:\/\/lamollla.com\/fr\/#organization\",\"name\":\"Soci\u00e9t\u00e9 Eolienne\",\"url\":\"https:\/\/lamollla.com\/fr\/\",\"logo\":{\"@type\":\"ImageObject\",\"inLanguage\":\"fr-FR\",\"@id\":\"https:\/\/lamollla.com\/fr\/#\/schema\/logo\/image\/\",\"url\":\"https:\/\/lamollla.com\/wp-content\/uploads\/2020\/09\/logo-lamollla@2x.png\",\"contentUrl\":\"https:\/\/lamollla.com\/wp-content\/uploads\/2020\/09\/logo-lamollla@2x.png\",\"width\":968,\"height\":212,\"caption\":\"Soci\u00e9t\u00e9 Eolienne\"},\"image\":{\"@id\":\"https:\/\/lamollla.com\/fr\/#\/schema\/logo\/image\/\"},\"sameAs\":[\"https:\/\/www.facebook.com\/TizianaRedavidAteliers\",\"https:\/\/www.instagram.com\/tizianaredavidesign\/\",\"https:\/\/www.pinterest.it\/tizianaredavid\/\"]}]}<\/script>\n<!-- \/ Yoast SEO plugin. -->","yoast_head_json":{"title":"Flow Steel Necklace - la mollla\u00ae","robots":{"index":"index","follow":"follow","max-snippet":"max-snippet:-1","max-image-preview":"max-image-preview:large","max-video-preview":"max-video-preview:-1"},"canonical":"https:\/\/lamollla.com\/fr\/produit\/flow-steel-necklace\/","og_locale":"fr_FR","og_type":"article","og_title":"Flow Steel Necklace - la mollla\u00ae","og_description":"Collier en acier inoxydable avec fermoir magn\u00e9tique \u2013 Essentiel et polyvalent Un collier \u00e9pur\u00e9 et distinctif en acier inoxydable, qui associe deux textures subtilement contrast\u00e9es pour une touche de modernit\u00e9. L\u00e9ger et facile \u00e0 porter, il se ferme en toute s\u00e9curit\u00e9 gr\u00e2ce \u00e0 notre fermoir magn\u00e9tique con\u00e7u sur mesure \u2013 simple, s\u00fbr et \u00e9l\u00e9gant. Une ... Lire plus","og_url":"https:\/\/lamollla.com\/fr\/produit\/flow-steel-necklace\/","og_site_name":"la mollla\u00ae","article_publisher":"https:\/\/www.facebook.com\/TizianaRedavidAteliers","article_modified_time":"2025-05-26T14:57:32+00:00","og_image":[{"width":819,"height":1024,"url":"https:\/\/lamollla.com\/wp-content\/uploads\/2025\/05\/24A9662_web-819x1024.jpg","type":"image\/jpeg"}],"twitter_card":"summary_large_image","twitter_misc":{"Dur\u00e9e de lecture estim\u00e9e":"1 minute"},"schema":{"@context":"https:\/\/schema.org","@graph":[{"@type":"WebPage","@id":"https:\/\/lamollla.com\/fr\/produit\/flow-steel-necklace\/","url":"https:\/\/lamollla.com\/fr\/produit\/flow-steel-necklace\/","name":"Flow Steel Necklace - la mollla\u00ae","isPartOf":{"@id":"https:\/\/lamollla.com\/fr\/#website"},"primaryImageOfPage":{"@id":"https:\/\/lamollla.com\/fr\/produit\/flow-steel-necklace\/#primaryimage"},"image":{"@id":"https:\/\/lamollla.com\/fr\/produit\/flow-steel-necklace\/#primaryimage"},"thumbnailUrl":"https:\/\/lamollla.com\/wp-content\/uploads\/2025\/05\/24A9662_web.jpg","datePublished":"2025-05-23T05:44:59+00:00","dateModified":"2025-05-26T14:57:32+00:00","breadcrumb":{"@id":"https:\/\/lamollla.com\/fr\/produit\/flow-steel-necklace\/#breadcrumb"},"inLanguage":"fr-FR","potentialAction":[{"@type":"ReadAction","target":["https:\/\/lamollla.com\/fr\/produit\/flow-steel-necklace\/"]}]},{"@type":"ImageObject","inLanguage":"fr-FR","@id":"https:\/\/lamollla.com\/fr\/produit\/flow-steel-necklace\/#primaryimage","url":"https:\/\/lamollla.com\/wp-content\/uploads\/2025\/05\/24A9662_web.jpg","contentUrl":"https:\/\/lamollla.com\/wp-content\/uploads\/2025\/05\/24A9662_web.jpg","width":1600,"height":2000},{"@type":"BreadcrumbList","@id":"https:\/\/lamollla.com\/fr\/produit\/flow-steel-necklace\/#breadcrumb","itemListElement":[{"@type":"ListItem","position":1,"name":"Home","item":"https:\/\/lamollla.com\/fr\/"},{"@type":"ListItem","position":2,"name":"Boutique","item":"https:\/\/lamollla.com\/fr\/boutique\/"},{"@type":"ListItem","position":3,"name":"Flow Steel Necklace"}]},{"@type":"WebSite","@id":"https:\/\/lamollla.com\/fr\/#website","url":"https:\/\/lamollla.com\/fr\/","name":"la mollla\u00ae","description":"","publisher":{"@id":"https:\/\/lamollla.com\/fr\/#organization"},"potentialAction":[{"@type":"SearchAction","target":{"@type":"EntryPoint","urlTemplate":"https:\/\/lamollla.com\/fr\/?s={search_term_string}"},"query-input":{"@type":"PropertyValueSpecification","valueRequired":true,"valueName":"search_term_string"}}],"inLanguage":"fr-FR"},{"@type":"Organization","@id":"https:\/\/lamollla.com\/fr\/#organization","name":"Soci\u00e9t\u00e9 Eolienne","url":"https:\/\/lamollla.com\/fr\/","logo":{"@type":"ImageObject","inLanguage":"fr-FR","@id":"https:\/\/lamollla.com\/fr\/#\/schema\/logo\/image\/","url":"https:\/\/lamollla.com\/wp-content\/uploads\/2020\/09\/logo-lamollla@2x.png","contentUrl":"https:\/\/lamollla.com\/wp-content\/uploads\/2020\/09\/logo-lamollla@2x.png","width":968,"height":212,"caption":"Soci\u00e9t\u00e9 Eolienne"},"image":{"@id":"https:\/\/lamollla.com\/fr\/#\/schema\/logo\/image\/"},"sameAs":["https:\/\/www.facebook.com\/TizianaRedavidAteliers","https:\/\/www.instagram.com\/tizianaredavidesign\/","https:\/\/www.pinterest.it\/tizianaredavid\/"]}]}},"_links":{"self":[{"href":"https:\/\/lamollla.com\/fr\/wp-json\/wp\/v2\/product\/13733","targetHints":{"allow":["GET"]}}],"collection":[{"href":"https:\/\/lamollla.com\/fr\/wp-json\/wp\/v2\/product"}],"about":[{"href":"https:\/\/lamollla.com\/fr\/wp-json\/wp\/v2\/types\/product"}],"wp:featuredmedia":[{"embeddable":true,"href":"https:\/\/lamollla.com\/fr\/wp-json\/wp\/v2\/media\/13735"}],"wp:attachment":[{"href":"https:\/\/lamollla.com\/fr\/wp-json\/wp\/v2\/media?parent=13733"}],"wp:term":[{"taxonomy":"product_brand","embeddable":true,"href":"https:\/\/lamollla.com\/fr\/wp-json\/wp\/v2\/product_brand?post=13733"},{"taxonomy":"product_cat","embeddable":true,"href":"https:\/\/lamollla.com\/fr\/wp-json\/wp\/v2\/product_cat?post=13733"},{"taxonomy":"product_tag","embeddable":true,"href":"https:\/\/lamollla.com\/fr\/wp-json\/wp\/v2\/product_tag?post=13733"}],"curies":[{"name":"wp","href":"https:\/\/api.w.org\/{rel}","templated":true}]}}