{"id":13602,"date":"2025-05-21T12:11:40","date_gmt":"2025-05-21T10:11:41","guid":{"rendered":"https:\/\/lamollla.com\/?post_type=product&#038;p=13602"},"modified":"2025-05-26T15:50:25","modified_gmt":"2025-05-26T13:50:25","slug":"bronze-bracelet-elegance-intemporelle","status":"publish","type":"product","link":"https:\/\/lamollla.com\/fr\/produit\/bronze-bracelet-elegance-intemporelle\/","title":{"rendered":"Bronze Bracelet \u2013 \u00c9l\u00e9gance intemporelle"},"content":{"rendered":"<p><span style=\"font-weight: 400;\">Le <\/span><b>Bronze Bracelet<\/b><span style=\"font-weight: 400;\"> est une cr\u00e9ation qui c\u00e9l\u00e8bre l\u2019artisanat de l\u2019acier inoxydable.<\/span><span style=\"font-weight: 400;\"><br \/>\n<\/span><span style=\"font-weight: 400;\">Les micro-ressorts en acier sont trait\u00e9s par diff\u00e9rentes m\u00e9thodes pour obtenir la finition bronze, qui s\u2019harmonisent en parfaite symbiose.<\/span><\/p>\n<p><span style=\"font-weight: 400;\">La chaleur et la richesse du bronze fusionnent, donnant naissance \u00e0 un bijou au caract\u00e8re affirm\u00e9 mais d\u00e9licatement raffin\u00e9, qui raconte une histoire d\u2019\u00e9l\u00e9gance et de pr\u00e9cision.<\/span><\/p>\n<p><span style=\"font-weight: 400;\">Chaque bracelet lamollla est le fruit d\u2019une recherche continue, o\u00f9 la mati\u00e8re se transforme en une marque distinctive.<\/span><span style=\"font-weight: 400;\"><br \/>\n<\/span><span style=\"font-weight: 400;\">La technique de coloration de l\u2019acier conf\u00e8re \u00e0 chaque pi\u00e8ce une personnalit\u00e9 unique, tout en conservant un design minimaliste qui s\u2019adapte parfaitement \u00e0 tous les styles.<\/span><\/p>\n<p><b>Mat\u00e9riau :<\/b><span style=\"font-weight: 400;\"> Micro-ressorts en acier inoxydable avec finition bronze<\/span><span style=\"font-weight: 400;\"><br \/>\n<\/span><b>Design :<\/b><span style=\"font-weight: 400;\"> Minimaliste et industriel, parfait pour un look sophistiqu\u00e9<\/span><span style=\"font-weight: 400;\"><br \/>\n<\/span><b>Fabrication :<\/b><span style=\"font-weight: 400;\"> Fait main, en Italie et en France<\/span><span style=\"font-weight: 400;\"><br \/>\n<\/span><b>Propri\u00e9t\u00e9s :<\/b><span style=\"font-weight: 400;\"> Hypoallerg\u00e9nique, durable et r\u00e9sistant<\/span><span style=\"font-weight: 400;\"><br \/>\n<\/span><b>Adapt\u00e9 \u00e0 :<\/b><span style=\"font-weight: 400;\"> Toutes les occasions, du jour \u00e0 la nuit, pour ceux qui appr\u00e9cient les bijoux intemporels \u00e0 l\u2019esprit moderne<\/span><\/p>\n<p><span style=\"font-weight: 400;\">Avec le <\/span><b>Bronze Bracelet<\/b><span style=\"font-weight: 400;\">, l\u2019\u00e9l\u00e9gance prend forme dans une \u00e9treinte m\u00e9tallique \u2013 un bijou qui parle d\u2019artisanat, de recherche et de passion.<\/span><\/p>\n<p><span style=\"font-weight: 400;\">Design Tiziana Redavid pour la mollla, 1997<\/span><span style=\"font-weight: 400;\"><br \/>\n<\/span><span style=\"font-weight: 400;\">Attention aux imitations<\/span><\/p>\n","protected":false},"excerpt":{"rendered":"<p><span style=\"font-weight: 400;\">Set compos\u00e9 de 60 ressorts trait\u00e9s bronze.<\/span><\/p>\n","protected":false},"featured_media":13606,"template":"","meta":{"_uf_show_specific_survey":0,"_uf_disable_surveys":false},"product_brand":[],"product_cat":[97,101],"product_tag":[243],"class_list":{"0":"post-13602","1":"product","2":"type-product","3":"status-publish","4":"has-post-thumbnail","6":"product_cat-bracelet-fr","7":"product_cat-sel-poivre-fr","8":"product_tag-online-fr","9":"product_shipping_class-bra-fr","11":"first","12":"instock","13":"taxable","14":"shipping-taxable","15":"purchasable","16":"product-type-variable"},"yoast_head":"<!-- This site is optimized with the Yoast SEO plugin v26.8 - https:\/\/yoast.com\/product\/yoast-seo-wordpress\/ -->\n<title>Bronze Bracelet \u2013 \u00c9l\u00e9gance intemporelle - la mollla\u00ae<\/title>\n<meta name=\"robots\" content=\"index, follow, max-snippet:-1, max-image-preview:large, max-video-preview:-1\" \/>\n<link rel=\"canonical\" href=\"https:\/\/lamollla.com\/fr\/produit\/bronze-bracelet-elegance-intemporelle\/\" \/>\n<meta property=\"og:locale\" content=\"fr_FR\" \/>\n<meta property=\"og:type\" content=\"article\" \/>\n<meta property=\"og:title\" content=\"Bronze Bracelet \u2013 \u00c9l\u00e9gance intemporelle - la mollla\u00ae\" \/>\n<meta property=\"og:description\" content=\"Set compos\u00e9 de 60 ressorts trait\u00e9s bronze.\" \/>\n<meta property=\"og:url\" content=\"https:\/\/lamollla.com\/fr\/produit\/bronze-bracelet-elegance-intemporelle\/\" \/>\n<meta property=\"og:site_name\" content=\"la mollla\u00ae\" \/>\n<meta property=\"article:publisher\" content=\"https:\/\/www.facebook.com\/TizianaRedavidAteliers\" \/>\n<meta property=\"article:modified_time\" content=\"2025-05-26T13:50:25+00:00\" \/>\n<meta property=\"og:image\" content=\"https:\/\/lamollla.com\/wp-content\/uploads\/2025\/05\/K7A7903-web-682x1024.jpg\" \/>\n\t<meta property=\"og:image:width\" content=\"682\" \/>\n\t<meta property=\"og:image:height\" content=\"1024\" \/>\n\t<meta property=\"og:image:type\" content=\"image\/jpeg\" \/>\n<meta name=\"twitter:card\" content=\"summary_large_image\" \/>\n<meta name=\"twitter:label1\" content=\"Dur\u00e9e de lecture estim\u00e9e\" \/>\n\t<meta name=\"twitter:data1\" content=\"2 minutes\" \/>\n<script type=\"application\/ld+json\" class=\"yoast-schema-graph\">{\"@context\":\"https:\/\/schema.org\",\"@graph\":[{\"@type\":\"WebPage\",\"@id\":\"https:\/\/lamollla.com\/fr\/produit\/bronze-bracelet-elegance-intemporelle\/\",\"url\":\"https:\/\/lamollla.com\/fr\/produit\/bronze-bracelet-elegance-intemporelle\/\",\"name\":\"Bronze Bracelet \u2013 \u00c9l\u00e9gance intemporelle - la mollla\u00ae\",\"isPartOf\":{\"@id\":\"https:\/\/lamollla.com\/fr\/#website\"},\"primaryImageOfPage\":{\"@id\":\"https:\/\/lamollla.com\/fr\/produit\/bronze-bracelet-elegance-intemporelle\/#primaryimage\"},\"image\":{\"@id\":\"https:\/\/lamollla.com\/fr\/produit\/bronze-bracelet-elegance-intemporelle\/#primaryimage\"},\"thumbnailUrl\":\"https:\/\/lamollla.com\/wp-content\/uploads\/2025\/05\/K7A7903-web.jpg\",\"datePublished\":\"2025-05-21T10:11:41+00:00\",\"dateModified\":\"2025-05-26T13:50:25+00:00\",\"breadcrumb\":{\"@id\":\"https:\/\/lamollla.com\/fr\/produit\/bronze-bracelet-elegance-intemporelle\/#breadcrumb\"},\"inLanguage\":\"fr-FR\",\"potentialAction\":[{\"@type\":\"ReadAction\",\"target\":[\"https:\/\/lamollla.com\/fr\/produit\/bronze-bracelet-elegance-intemporelle\/\"]}]},{\"@type\":\"ImageObject\",\"inLanguage\":\"fr-FR\",\"@id\":\"https:\/\/lamollla.com\/fr\/produit\/bronze-bracelet-elegance-intemporelle\/#primaryimage\",\"url\":\"https:\/\/lamollla.com\/wp-content\/uploads\/2025\/05\/K7A7903-web.jpg\",\"contentUrl\":\"https:\/\/lamollla.com\/wp-content\/uploads\/2025\/05\/K7A7903-web.jpg\",\"width\":1333,\"height\":2000},{\"@type\":\"BreadcrumbList\",\"@id\":\"https:\/\/lamollla.com\/fr\/produit\/bronze-bracelet-elegance-intemporelle\/#breadcrumb\",\"itemListElement\":[{\"@type\":\"ListItem\",\"position\":1,\"name\":\"Home\",\"item\":\"https:\/\/lamollla.com\/fr\/\"},{\"@type\":\"ListItem\",\"position\":2,\"name\":\"Boutique\",\"item\":\"https:\/\/lamollla.com\/fr\/boutique\/\"},{\"@type\":\"ListItem\",\"position\":3,\"name\":\"Bronze Bracelet \u2013 \u00c9l\u00e9gance intemporelle\"}]},{\"@type\":\"WebSite\",\"@id\":\"https:\/\/lamollla.com\/fr\/#website\",\"url\":\"https:\/\/lamollla.com\/fr\/\",\"name\":\"la mollla\u00ae\",\"description\":\"\",\"publisher\":{\"@id\":\"https:\/\/lamollla.com\/fr\/#organization\"},\"potentialAction\":[{\"@type\":\"SearchAction\",\"target\":{\"@type\":\"EntryPoint\",\"urlTemplate\":\"https:\/\/lamollla.com\/fr\/?s={search_term_string}\"},\"query-input\":{\"@type\":\"PropertyValueSpecification\",\"valueRequired\":true,\"valueName\":\"search_term_string\"}}],\"inLanguage\":\"fr-FR\"},{\"@type\":\"Organization\",\"@id\":\"https:\/\/lamollla.com\/fr\/#organization\",\"name\":\"Soci\u00e9t\u00e9 Eolienne\",\"url\":\"https:\/\/lamollla.com\/fr\/\",\"logo\":{\"@type\":\"ImageObject\",\"inLanguage\":\"fr-FR\",\"@id\":\"https:\/\/lamollla.com\/fr\/#\/schema\/logo\/image\/\",\"url\":\"https:\/\/lamollla.com\/wp-content\/uploads\/2020\/09\/logo-lamollla@2x.png\",\"contentUrl\":\"https:\/\/lamollla.com\/wp-content\/uploads\/2020\/09\/logo-lamollla@2x.png\",\"width\":968,\"height\":212,\"caption\":\"Soci\u00e9t\u00e9 Eolienne\"},\"image\":{\"@id\":\"https:\/\/lamollla.com\/fr\/#\/schema\/logo\/image\/\"},\"sameAs\":[\"https:\/\/www.facebook.com\/TizianaRedavidAteliers\",\"https:\/\/www.instagram.com\/tizianaredavidesign\/\",\"https:\/\/www.pinterest.it\/tizianaredavid\/\"]}]}<\/script>\n<!-- \/ Yoast SEO plugin. -->","yoast_head_json":{"title":"Bronze Bracelet \u2013 \u00c9l\u00e9gance intemporelle - la mollla\u00ae","robots":{"index":"index","follow":"follow","max-snippet":"max-snippet:-1","max-image-preview":"max-image-preview:large","max-video-preview":"max-video-preview:-1"},"canonical":"https:\/\/lamollla.com\/fr\/produit\/bronze-bracelet-elegance-intemporelle\/","og_locale":"fr_FR","og_type":"article","og_title":"Bronze Bracelet \u2013 \u00c9l\u00e9gance intemporelle - la mollla\u00ae","og_description":"Set compos\u00e9 de 60 ressorts trait\u00e9s bronze.","og_url":"https:\/\/lamollla.com\/fr\/produit\/bronze-bracelet-elegance-intemporelle\/","og_site_name":"la mollla\u00ae","article_publisher":"https:\/\/www.facebook.com\/TizianaRedavidAteliers","article_modified_time":"2025-05-26T13:50:25+00:00","og_image":[{"width":682,"height":1024,"url":"https:\/\/lamollla.com\/wp-content\/uploads\/2025\/05\/K7A7903-web-682x1024.jpg","type":"image\/jpeg"}],"twitter_card":"summary_large_image","twitter_misc":{"Dur\u00e9e de lecture estim\u00e9e":"2 minutes"},"schema":{"@context":"https:\/\/schema.org","@graph":[{"@type":"WebPage","@id":"https:\/\/lamollla.com\/fr\/produit\/bronze-bracelet-elegance-intemporelle\/","url":"https:\/\/lamollla.com\/fr\/produit\/bronze-bracelet-elegance-intemporelle\/","name":"Bronze Bracelet \u2013 \u00c9l\u00e9gance intemporelle - la mollla\u00ae","isPartOf":{"@id":"https:\/\/lamollla.com\/fr\/#website"},"primaryImageOfPage":{"@id":"https:\/\/lamollla.com\/fr\/produit\/bronze-bracelet-elegance-intemporelle\/#primaryimage"},"image":{"@id":"https:\/\/lamollla.com\/fr\/produit\/bronze-bracelet-elegance-intemporelle\/#primaryimage"},"thumbnailUrl":"https:\/\/lamollla.com\/wp-content\/uploads\/2025\/05\/K7A7903-web.jpg","datePublished":"2025-05-21T10:11:41+00:00","dateModified":"2025-05-26T13:50:25+00:00","breadcrumb":{"@id":"https:\/\/lamollla.com\/fr\/produit\/bronze-bracelet-elegance-intemporelle\/#breadcrumb"},"inLanguage":"fr-FR","potentialAction":[{"@type":"ReadAction","target":["https:\/\/lamollla.com\/fr\/produit\/bronze-bracelet-elegance-intemporelle\/"]}]},{"@type":"ImageObject","inLanguage":"fr-FR","@id":"https:\/\/lamollla.com\/fr\/produit\/bronze-bracelet-elegance-intemporelle\/#primaryimage","url":"https:\/\/lamollla.com\/wp-content\/uploads\/2025\/05\/K7A7903-web.jpg","contentUrl":"https:\/\/lamollla.com\/wp-content\/uploads\/2025\/05\/K7A7903-web.jpg","width":1333,"height":2000},{"@type":"BreadcrumbList","@id":"https:\/\/lamollla.com\/fr\/produit\/bronze-bracelet-elegance-intemporelle\/#breadcrumb","itemListElement":[{"@type":"ListItem","position":1,"name":"Home","item":"https:\/\/lamollla.com\/fr\/"},{"@type":"ListItem","position":2,"name":"Boutique","item":"https:\/\/lamollla.com\/fr\/boutique\/"},{"@type":"ListItem","position":3,"name":"Bronze Bracelet \u2013 \u00c9l\u00e9gance intemporelle"}]},{"@type":"WebSite","@id":"https:\/\/lamollla.com\/fr\/#website","url":"https:\/\/lamollla.com\/fr\/","name":"la mollla\u00ae","description":"","publisher":{"@id":"https:\/\/lamollla.com\/fr\/#organization"},"potentialAction":[{"@type":"SearchAction","target":{"@type":"EntryPoint","urlTemplate":"https:\/\/lamollla.com\/fr\/?s={search_term_string}"},"query-input":{"@type":"PropertyValueSpecification","valueRequired":true,"valueName":"search_term_string"}}],"inLanguage":"fr-FR"},{"@type":"Organization","@id":"https:\/\/lamollla.com\/fr\/#organization","name":"Soci\u00e9t\u00e9 Eolienne","url":"https:\/\/lamollla.com\/fr\/","logo":{"@type":"ImageObject","inLanguage":"fr-FR","@id":"https:\/\/lamollla.com\/fr\/#\/schema\/logo\/image\/","url":"https:\/\/lamollla.com\/wp-content\/uploads\/2020\/09\/logo-lamollla@2x.png","contentUrl":"https:\/\/lamollla.com\/wp-content\/uploads\/2020\/09\/logo-lamollla@2x.png","width":968,"height":212,"caption":"Soci\u00e9t\u00e9 Eolienne"},"image":{"@id":"https:\/\/lamollla.com\/fr\/#\/schema\/logo\/image\/"},"sameAs":["https:\/\/www.facebook.com\/TizianaRedavidAteliers","https:\/\/www.instagram.com\/tizianaredavidesign\/","https:\/\/www.pinterest.it\/tizianaredavid\/"]}]}},"_links":{"self":[{"href":"https:\/\/lamollla.com\/fr\/wp-json\/wp\/v2\/product\/13602","targetHints":{"allow":["GET"]}}],"collection":[{"href":"https:\/\/lamollla.com\/fr\/wp-json\/wp\/v2\/product"}],"about":[{"href":"https:\/\/lamollla.com\/fr\/wp-json\/wp\/v2\/types\/product"}],"wp:featuredmedia":[{"embeddable":true,"href":"https:\/\/lamollla.com\/fr\/wp-json\/wp\/v2\/media\/13606"}],"wp:attachment":[{"href":"https:\/\/lamollla.com\/fr\/wp-json\/wp\/v2\/media?parent=13602"}],"wp:term":[{"taxonomy":"product_brand","embeddable":true,"href":"https:\/\/lamollla.com\/fr\/wp-json\/wp\/v2\/product_brand?post=13602"},{"taxonomy":"product_cat","embeddable":true,"href":"https:\/\/lamollla.com\/fr\/wp-json\/wp\/v2\/product_cat?post=13602"},{"taxonomy":"product_tag","embeddable":true,"href":"https:\/\/lamollla.com\/fr\/wp-json\/wp\/v2\/product_tag?post=13602"}],"curies":[{"name":"wp","href":"https:\/\/api.w.org\/{rel}","templated":true}]}}