{"id":6118,"date":"2022-11-08T17:22:50","date_gmt":"2022-11-08T16:22:50","guid":{"rendered":"https:\/\/lamollla.com\/?page_id=6118"},"modified":"2022-11-09T10:58:08","modified_gmt":"2022-11-09T09:58:08","slug":"l-inspiration","status":"publish","type":"page","link":"https:\/\/lamollla.com\/fr\/a-propos\/l-inspiration\/","title":{"rendered":"L&#8217;inspiration"},"content":{"rendered":"\t\t<div data-elementor-type=\"wp-page\" data-elementor-id=\"6118\" class=\"elementor elementor-6118 elementor-6116\" data-elementor-post-type=\"page\">\n\t\t\t\t\t\t<section class=\"elementor-section elementor-top-section elementor-element elementor-element-de222b6 elementor-section-boxed elementor-section-height-default elementor-section-height-default\" data-id=\"de222b6\" data-element_type=\"section\">\n\t\t\t\t\t\t<div class=\"elementor-container elementor-column-gap-default\">\n\t\t\t\t\t<div class=\"elementor-column elementor-col-100 elementor-top-column elementor-element elementor-element-1fcbc50\" data-id=\"1fcbc50\" data-element_type=\"column\">\n\t\t\t<div class=\"elementor-widget-wrap elementor-element-populated\">\n\t\t\t\t\t\t<div class=\"elementor-element elementor-element-098f770 elementor-widget elementor-widget-heading\" data-id=\"098f770\" data-element_type=\"widget\" data-widget_type=\"heading.default\">\n\t\t\t\t<div class=\"elementor-widget-container\">\n\t\t\t\t\t<h2 class=\"elementor-heading-title elementor-size-default\">Tous les composants des bijoux la mollla sont con\u00e7us en interne. Nous s\u00e9lectionnons des micro ressorts en acier inoxydable et les assemblons \u00e0 Paris. \n<\/h2>\t\t\t\t<\/div>\n\t\t\t\t<\/div>\n\t\t\t\t\t<\/div>\n\t\t<\/div>\n\t\t\t\t\t<\/div>\n\t\t<\/section>\n\t\t\t\t<section class=\"elementor-section elementor-top-section elementor-element elementor-element-f75a2fa elementor-section-full_width elementor-section-stretched elementor-section-height-default elementor-section-height-default elementor-invisible\" data-id=\"f75a2fa\" data-element_type=\"section\" data-settings=\"{&quot;animation&quot;:&quot;slideInUp&quot;,&quot;stretch_section&quot;:&quot;section-stretched&quot;}\">\n\t\t\t\t\t\t<div class=\"elementor-container elementor-column-gap-default\">\n\t\t\t\t\t<div class=\"elementor-column elementor-col-50 elementor-top-column elementor-element elementor-element-bac747d\" data-id=\"bac747d\" data-element_type=\"column\">\n\t\t\t<div class=\"elementor-widget-wrap elementor-element-populated\">\n\t\t\t\t\t\t<div class=\"elementor-element elementor-element-b3a47e9 elementor-widget elementor-widget-text-editor\" data-id=\"b3a47e9\" data-element_type=\"widget\" data-widget_type=\"text-editor.default\">\n\t\t\t\t<div class=\"elementor-widget-container\">\n\t\t\t\t\t\t\t\t\t<p><strong>Nos bijoux sont une combinaison raffin\u00e9e et \u00e9quilibr\u00e9e de design fran\u00e7ais et italien ainsi que de composants Made in Italy, savamment assembl\u00e9s dans nos ateliers de Turin et de Paris.<\/strong><\/p><p>La mollla est la seule marque europ\u00e9enne repr\u00e9sentant pleinement l&#8217;union entre l&#8217;Italie et la France.<\/p><p>Contrairement \u00e0 la plupart des marques, pour lesquelles il est pratiquement impossible aujourd&#8217;hui de fabriquer un objet de design sans utiliser des composants import\u00e9s par des Pays extra-europ\u00e9ens, la mollla maintient sa production \u00e0 100% europ\u00e9enne, en r\u00e9ussissant ainsi l\u00e0 o\u00f9 beaucoup ont \u00e9chou\u00e9.<\/p><p>\u00c0 la mollla, nous savons comment combiner le savoir-faire industriel italien avec l&#8217;extraordinaire ma\u00eetrise du \u201cBel Paese\u201d, qui s&#8217;exprime largement dans nos bijoux con\u00e7us et fabriqu\u00e9s entre Paris et Turin.<\/p><p>Nous proposons un design et un style italo-fran\u00e7ais combin\u00e9s \u00e0 un Made in Italy de la plus haute qualit\u00e9.<\/p><p>Les ressorts que nous utilisons sont fabriqu\u00e9s et assembl\u00e9s en Italie, soit par nous, soit par nos partenaires. L&#8217;une de nos valeurs est, en effet, de favoriser le bien-\u00eatre des personnes qui travaillent avec nous.<\/p><p><strong>Nos produits sont issus de la r\u00e9utilisation int\u00e9grale de composants industriels, qui deviennent des bijoux gr\u00e2ce \u00e0 la vision artistique de Tiziana Redavid.<\/strong><\/p><p>Les ressorts en acier inoxydable ont des caract\u00e9ristiques essentielles qui r\u00e9pondent parfaitement \u00e0 notre philosophie de production.<\/p><p>Ils repr\u00e9sentent la l\u00e9g\u00e8ret\u00e9 et la solidit\u00e9, l&#8217;innovation et la simplicit\u00e9, la solidit\u00e9 et l&#8217;\u00e9lasticit\u00e9, la brillance et le soyeux, l&#8217;anticonformisme et la durabilit\u00e9, la force et la douceur.<\/p>\t\t\t\t\t\t\t\t<\/div>\n\t\t\t\t<\/div>\n\t\t\t\t\t<\/div>\n\t\t<\/div>\n\t\t\t\t<div class=\"elementor-column elementor-col-50 elementor-top-column elementor-element elementor-element-0964b3f\" data-id=\"0964b3f\" data-element_type=\"column\">\n\t\t\t<div class=\"elementor-widget-wrap elementor-element-populated\">\n\t\t\t\t\t\t<div class=\"elementor-element elementor-element-219c87b elementor-widget elementor-widget-image\" data-id=\"219c87b\" data-element_type=\"widget\" data-widget_type=\"image.default\">\n\t\t\t\t<div class=\"elementor-widget-container\">\n\t\t\t\t\t\t\t\t\t\t\t\t\t\t\t<img loading=\"lazy\" decoding=\"async\" width=\"750\" height=\"1000\" src=\"https:\/\/lamollla.com\/wp-content\/uploads\/2020\/08\/sep-or-tasca.jpg\" class=\"attachment-large size-large wp-image-3169\" alt=\"\" srcset=\"https:\/\/lamollla.com\/wp-content\/uploads\/2020\/08\/sep-or-tasca.jpg 750w, https:\/\/lamollla.com\/wp-content\/uploads\/2020\/08\/sep-or-tasca-600x800.jpg 600w\" sizes=\"auto, (max-width: 750px) 100vw, 750px\" \/>\t\t\t\t\t\t\t\t\t\t\t\t\t\t\t<\/div>\n\t\t\t\t<\/div>\n\t\t\t\t\t<\/div>\n\t\t<\/div>\n\t\t\t\t\t<\/div>\n\t\t<\/section>\n\t\t\t\t<section class=\"elementor-section elementor-top-section elementor-element elementor-element-bbe6639 elementor-section-boxed elementor-section-height-default elementor-section-height-default\" data-id=\"bbe6639\" data-element_type=\"section\">\n\t\t\t\t\t\t<div class=\"elementor-container elementor-column-gap-default\">\n\t\t\t\t\t<div class=\"elementor-column elementor-col-100 elementor-top-column elementor-element elementor-element-07d3d0b\" data-id=\"07d3d0b\" data-element_type=\"column\">\n\t\t\t<div class=\"elementor-widget-wrap elementor-element-populated\">\n\t\t\t\t\t\t<div class=\"elementor-element elementor-element-09aa797 elementor-blockquote--skin-quotation elementor-widget elementor-widget-blockquote\" data-id=\"09aa797\" data-element_type=\"widget\" data-widget_type=\"blockquote.default\">\n\t\t\t\t<div class=\"elementor-widget-container\">\n\t\t\t\t\t\t\t<blockquote class=\"elementor-blockquote\">\n\t\t\t<p class=\"elementor-blockquote__content\">\n\t\t\t\tCeux qui portent nos bijoux savent qu'ils peuvent exprimer pleinement leur fascinante complexit\u00e9 d'\u00eatres humains.\t\t\t<\/p>\n\t\t\t\t\t<\/blockquote>\n\t\t\t\t\t\t<\/div>\n\t\t\t\t<\/div>\n\t\t\t\t\t<\/div>\n\t\t<\/div>\n\t\t\t\t\t<\/div>\n\t\t<\/section>\n\t\t\t\t<section class=\"elementor-section elementor-top-section elementor-element elementor-element-8846d93 elementor-section-full_width elementor-section-stretched elementor-section-height-default elementor-section-height-default elementor-invisible\" data-id=\"8846d93\" data-element_type=\"section\" data-settings=\"{&quot;animation&quot;:&quot;slideInUp&quot;,&quot;stretch_section&quot;:&quot;section-stretched&quot;}\">\n\t\t\t\t\t\t<div class=\"elementor-container elementor-column-gap-default\">\n\t\t\t\t\t<div class=\"elementor-column elementor-col-50 elementor-top-column elementor-element elementor-element-c2cb3bd\" data-id=\"c2cb3bd\" data-element_type=\"column\">\n\t\t\t<div class=\"elementor-widget-wrap elementor-element-populated\">\n\t\t\t\t\t\t<div class=\"elementor-element elementor-element-5fdb056 elementor-widget elementor-widget-image\" data-id=\"5fdb056\" data-element_type=\"widget\" data-widget_type=\"image.default\">\n\t\t\t\t<div class=\"elementor-widget-container\">\n\t\t\t\t\t\t\t\t\t\t\t\t\t\t\t<img loading=\"lazy\" decoding=\"async\" width=\"1333\" height=\"2000\" src=\"https:\/\/lamollla.com\/wp-content\/uploads\/2021\/12\/O1A9693web.jpg\" class=\"attachment-full size-full wp-image-4987\" alt=\"\" srcset=\"https:\/\/lamollla.com\/wp-content\/uploads\/2021\/12\/O1A9693web.jpg 1333w, https:\/\/lamollla.com\/wp-content\/uploads\/2021\/12\/O1A9693web-800x1200.jpg 800w, https:\/\/lamollla.com\/wp-content\/uploads\/2021\/12\/O1A9693web-200x300.jpg 200w, https:\/\/lamollla.com\/wp-content\/uploads\/2021\/12\/O1A9693web-682x1024.jpg 682w, https:\/\/lamollla.com\/wp-content\/uploads\/2021\/12\/O1A9693web-768x1152.jpg 768w, https:\/\/lamollla.com\/wp-content\/uploads\/2021\/12\/O1A9693web-1024x1536.jpg 1024w\" sizes=\"auto, (max-width: 1333px) 100vw, 1333px\" \/>\t\t\t\t\t\t\t\t\t\t\t\t\t\t\t<\/div>\n\t\t\t\t<\/div>\n\t\t\t\t\t<\/div>\n\t\t<\/div>\n\t\t\t\t<div class=\"elementor-column elementor-col-50 elementor-top-column elementor-element elementor-element-1e4f994\" data-id=\"1e4f994\" data-element_type=\"column\">\n\t\t\t<div class=\"elementor-widget-wrap elementor-element-populated\">\n\t\t\t\t\t\t<div class=\"elementor-element elementor-element-4638a1e elementor-widget elementor-widget-heading\" data-id=\"4638a1e\" data-element_type=\"widget\" data-widget_type=\"heading.default\">\n\t\t\t\t<div class=\"elementor-widget-container\">\n\t\t\t\t\t<h2 class=\"elementor-heading-title elementor-size-default\"><b>L'inspiration derri\u00e8re nos bijoux<\/b><\/h2>\t\t\t\t<\/div>\n\t\t\t\t<\/div>\n\t\t\t\t<div class=\"elementor-element elementor-element-368123d elementor-widget elementor-widget-text-editor\" data-id=\"368123d\" data-element_type=\"widget\" data-widget_type=\"text-editor.default\">\n\t\t\t\t<div class=\"elementor-widget-container\">\n\t\t\t\t\t\t\t\t\t<p>Les bijoux en acier inoxydable de la mollla sont n\u00e9s de la vision artistique de Tiziana Redavid &#8211; designer, peintre, architecte et directrice cr\u00e9ative de la marque.<\/p><p>Les bijoux naissent de l&#8217;intuition de Tiziana, plus pr\u00e9cis\u00e9ment de son amour pour les usines et ce monde industriel qu&#8217;elle observait lorsqu&#8217;elle \u00e9tait enfant \u00e0 Turin.<\/p><p>Gr\u00e2ce au design de Tiziana, l&#8217;acier inoxydable &#8211; une mati\u00e8re dot\u00e9e d&#8217;une excellente r\u00e9sistance m\u00e9canique et \u00e0 la corrosion &#8211; devient ductile. Il devient un fil qui peut \u00eatre enroul\u00e9 pour devenir un ressort ou plut\u00f4t un micro ressort.<\/p><p>L&#8217;inspiration pour chaque bijou est la vie elle-m\u00eame, les voyages de notre corps et de notre esprit.<br \/>L&#8217;inspiration vient de ce que Tiziana voit dans le monde et de ce qu&#8217;elle voit en elle m\u00eame.<br \/>C&#8217;est son exp\u00e9rience de la vie. La douleur et le bonheur. Le soleil et la lumi\u00e8re, mais aussi le brouillard et les ombres.<\/p><h2>L&#8217;inspiration vient de ce qu&#8217;elle mange, de ce qu&#8217;elle boit : de ce qu&#8217;elle ressent.<\/h2><p>Son inspiration vient de sa capacit\u00e9 \u00e0 fa\u00e7onner des composants industriels afin d&#8217;en faire des \u0153uvres d&#8217;art et des bijoux de qualit\u00e9.<\/p>\t\t\t\t\t\t\t\t<\/div>\n\t\t\t\t<\/div>\n\t\t\t\t\t<\/div>\n\t\t<\/div>\n\t\t\t\t\t<\/div>\n\t\t<\/section>\n\t\t\t\t<section class=\"elementor-section elementor-top-section elementor-element elementor-element-818a7dc elementor-section-boxed elementor-section-height-default elementor-section-height-default\" data-id=\"818a7dc\" data-element_type=\"section\">\n\t\t\t\t\t\t<div class=\"elementor-container elementor-column-gap-default\">\n\t\t\t\t\t<div class=\"elementor-column elementor-col-100 elementor-top-column elementor-element elementor-element-defd8d7\" data-id=\"defd8d7\" data-element_type=\"column\">\n\t\t\t<div class=\"elementor-widget-wrap elementor-element-populated\">\n\t\t\t\t\t\t<div class=\"elementor-element elementor-element-11098de elementor-widget elementor-widget-heading\" data-id=\"11098de\" data-element_type=\"widget\" data-widget_type=\"heading.default\">\n\t\t\t\t<div class=\"elementor-widget-container\">\n\t\t\t\t\t<h2 class=\"elementor-heading-title elementor-size-default\">la mollla Paris: bijoux pour femmes fabriqu\u00e9s en Italie et con\u00e7us en France\nNous combinons le design fran\u00e7ais et le savoir-faire italien. \nNos bijoux sont fabriqu\u00e9s \u00e0 partir de ressorts en acier inoxydable certifi\u00e9s assembl\u00e9s en Italie. <\/h2>\t\t\t\t<\/div>\n\t\t\t\t<\/div>\n\t\t\t\t\t<\/div>\n\t\t<\/div>\n\t\t\t\t\t<\/div>\n\t\t<\/section>\n\t\t\t\t<section class=\"elementor-section elementor-top-section elementor-element elementor-element-b17e93c elementor-section-stretched elementor-section-boxed elementor-section-height-default elementor-section-height-default\" data-id=\"b17e93c\" data-element_type=\"section\" data-settings=\"{&quot;stretch_section&quot;:&quot;section-stretched&quot;,&quot;background_background&quot;:&quot;classic&quot;}\">\n\t\t\t\t\t\t<div class=\"elementor-container elementor-column-gap-default\">\n\t\t\t\t\t<div class=\"elementor-column elementor-col-100 elementor-top-column elementor-element elementor-element-d39a09f\" data-id=\"d39a09f\" data-element_type=\"column\">\n\t\t\t<div class=\"elementor-widget-wrap elementor-element-populated\">\n\t\t\t\t\t\t<div class=\"elementor-element elementor-element-0802d6e elementor-skin-carousel elementor-widget elementor-widget-media-carousel\" data-id=\"0802d6e\" data-element_type=\"widget\" data-settings=\"{&quot;slides_per_view&quot;:&quot;3&quot;,&quot;slides_to_scroll&quot;:&quot;1&quot;,&quot;skin&quot;:&quot;carousel&quot;,&quot;effect&quot;:&quot;slide&quot;,&quot;speed&quot;:500,&quot;autoplay&quot;:&quot;yes&quot;,&quot;autoplay_speed&quot;:5000,&quot;loop&quot;:&quot;yes&quot;,&quot;pause_on_hover&quot;:&quot;yes&quot;,&quot;pause_on_interaction&quot;:&quot;yes&quot;,&quot;space_between&quot;:{&quot;unit&quot;:&quot;px&quot;,&quot;size&quot;:10,&quot;sizes&quot;:[]},&quot;space_between_tablet&quot;:{&quot;unit&quot;:&quot;px&quot;,&quot;size&quot;:10,&quot;sizes&quot;:[]},&quot;space_between_mobile&quot;:{&quot;unit&quot;:&quot;px&quot;,&quot;size&quot;:10,&quot;sizes&quot;:[]}}\" data-widget_type=\"media-carousel.default\">\n\t\t\t\t<div class=\"elementor-widget-container\">\n\t\t\t\t\t\t\t\t\t<div class=\"elementor-swiper\">\n\t\t\t\t\t<div class=\"elementor-main-swiper swiper\" role=\"region\" aria-roledescription=\"carousel\" aria-label=\"Diapositives\">\n\t\t\t\t<div class=\"swiper-wrapper\">\n\t\t\t\t\t\t\t\t\t\t\t<div class=\"swiper-slide\" role=\"group\" aria-roledescription=\"slide\">\n\t\t\t\t\t\t\t\t\t<div class=\"elementor-carousel-image\" role=\"img\" aria-label=\"twistcollnoeu_lamollla_0332_web\" style=\"background-image: url(&#039;https:\/\/lamollla.com\/wp-content\/uploads\/2020\/07\/twistcollnoeu_lamollla_0332_web.jpg&#039;)\">\n\n\t\t\t\n\t\t\t\t\t<\/div>\n\t\t\t\t\t\t\t\t<\/div>\n\t\t\t\t\t\t\t\t\t\t\t<div class=\"swiper-slide\" role=\"group\" aria-roledescription=\"slide\">\n\t\t\t\t\t\t\t\t\t<div class=\"elementor-carousel-image\" role=\"img\" aria-label=\"pepcoll_lamollla_0051_web\" style=\"background-image: url(&#039;https:\/\/lamollla.com\/wp-content\/uploads\/2020\/07\/pepcoll_lamollla_0051_web.jpg&#039;)\">\n\n\t\t\t\n\t\t\t\t\t<\/div>\n\t\t\t\t\t\t\t\t<\/div>\n\t\t\t\t\t\t\t\t\t\t\t<div class=\"swiper-slide\" role=\"group\" aria-roledescription=\"slide\">\n\t\t\t\t\t\t\t\t\t<div class=\"elementor-carousel-image\" role=\"img\" aria-label=\"twistcollcourt_lamollla_0344_web\" style=\"background-image: url(&#039;https:\/\/lamollla.com\/wp-content\/uploads\/2020\/07\/twistcollcourt_lamollla_0344_web.jpg&#039;)\">\n\n\t\t\t\n\t\t\t\t\t<\/div>\n\t\t\t\t\t\t\t\t<\/div>\n\t\t\t\t\t\t\t\t\t\t\t<div class=\"swiper-slide\" role=\"group\" aria-roledescription=\"slide\">\n\t\t\t\t\t\t\t\t\t<div class=\"elementor-carousel-image\" role=\"img\" aria-label=\"chicpend_lamollla_0019_web\" style=\"background-image: url(&#039;https:\/\/lamollla.com\/wp-content\/uploads\/2020\/07\/chicpend_lamollla_0019_web.jpg&#039;)\">\n\n\t\t\t\n\t\t\t\t\t<\/div>\n\t\t\t\t\t\t\t\t<\/div>\n\t\t\t\t\t\t\t\t\t<\/div>\n\t\t\t\t\t\t\t\t\t\t\t\t\t\t\t\t\t\t\t\t\t<\/div>\n\t\t\t\t<\/div>\n\t\t\t\t\t\t\t\t<\/div>\n\t\t\t\t<\/div>\n\t\t\t\t\t<\/div>\n\t\t<\/div>\n\t\t\t\t\t<\/div>\n\t\t<\/section>\n\t\t\t\t<\/div>\n\t\t","protected":false},"excerpt":{"rendered":"<p>Tous les composants des bijoux la mollla sont con\u00e7us en interne. Nous s\u00e9lectionnons des micro ressorts en acier inoxydable et les assemblons \u00e0 Paris. Nos bijoux sont une combinaison raffin\u00e9e et \u00e9quilibr\u00e9e de design fran\u00e7ais et italien ainsi que de composants Made in Italy, savamment assembl\u00e9s dans nos ateliers de Turin et de Paris. La &#8230; <a title=\"L&#8217;inspiration\" class=\"read-more\" href=\"https:\/\/lamollla.com\/fr\/a-propos\/l-inspiration\/\" aria-label=\"En savoir plus sur L&#8217;inspiration\">Lire plus<\/a><\/p>\n","protected":false},"author":1,"featured_media":0,"parent":3619,"menu_order":0,"comment_status":"closed","ping_status":"closed","template":"elementor_header_footer","meta":{"_uf_show_specific_survey":0,"_uf_disable_surveys":false,"footnotes":""},"class_list":["post-6118","page","type-page","status-publish"],"yoast_head":"<!-- This site is optimized with the Yoast SEO plugin v26.8 - https:\/\/yoast.com\/product\/yoast-seo-wordpress\/ -->\n<title>L&#039;inspiration - la mollla\u00ae<\/title>\n<meta name=\"robots\" content=\"index, follow, max-snippet:-1, max-image-preview:large, max-video-preview:-1\" \/>\n<link rel=\"canonical\" href=\"https:\/\/lamollla.com\/fr\/a-propos\/l-inspiration\/\" \/>\n<meta property=\"og:locale\" content=\"fr_FR\" \/>\n<meta property=\"og:type\" content=\"article\" \/>\n<meta property=\"og:title\" content=\"L&#039;inspiration - la mollla\u00ae\" \/>\n<meta property=\"og:description\" content=\"Tous les composants des bijoux la mollla sont con\u00e7us en interne. Nous s\u00e9lectionnons des micro ressorts en acier inoxydable et les assemblons \u00e0 Paris. Nos bijoux sont une combinaison raffin\u00e9e et \u00e9quilibr\u00e9e de design fran\u00e7ais et italien ainsi que de composants Made in Italy, savamment assembl\u00e9s dans nos ateliers de Turin et de Paris. La ... Lire plus\" \/>\n<meta property=\"og:url\" content=\"https:\/\/lamollla.com\/fr\/a-propos\/l-inspiration\/\" \/>\n<meta property=\"og:site_name\" content=\"la mollla\u00ae\" \/>\n<meta property=\"article:publisher\" content=\"https:\/\/www.facebook.com\/TizianaRedavidAteliers\" \/>\n<meta property=\"article:modified_time\" content=\"2022-11-09T09:58:08+00:00\" \/>\n<meta property=\"og:image\" content=\"https:\/\/lamollla.com\/wp-content\/uploads\/2020\/08\/sep-or-tasca.jpg\" \/>\n<meta name=\"twitter:card\" content=\"summary_large_image\" \/>\n<meta name=\"twitter:label1\" content=\"Dur\u00e9e de lecture estim\u00e9e\" \/>\n\t<meta name=\"twitter:data1\" content=\"3 minutes\" \/>\n<script type=\"application\/ld+json\" class=\"yoast-schema-graph\">{\"@context\":\"https:\/\/schema.org\",\"@graph\":[{\"@type\":\"WebPage\",\"@id\":\"https:\/\/lamollla.com\/fr\/a-propos\/l-inspiration\/\",\"url\":\"https:\/\/lamollla.com\/fr\/a-propos\/l-inspiration\/\",\"name\":\"L'inspiration - la mollla\u00ae\",\"isPartOf\":{\"@id\":\"https:\/\/lamollla.com\/fr\/#website\"},\"primaryImageOfPage\":{\"@id\":\"https:\/\/lamollla.com\/fr\/a-propos\/l-inspiration\/#primaryimage\"},\"image\":{\"@id\":\"https:\/\/lamollla.com\/fr\/a-propos\/l-inspiration\/#primaryimage\"},\"thumbnailUrl\":\"https:\/\/lamollla.com\/wp-content\/uploads\/2020\/08\/sep-or-tasca.jpg\",\"datePublished\":\"2022-11-08T16:22:50+00:00\",\"dateModified\":\"2022-11-09T09:58:08+00:00\",\"breadcrumb\":{\"@id\":\"https:\/\/lamollla.com\/fr\/a-propos\/l-inspiration\/#breadcrumb\"},\"inLanguage\":\"fr-FR\",\"potentialAction\":[{\"@type\":\"ReadAction\",\"target\":[\"https:\/\/lamollla.com\/fr\/a-propos\/l-inspiration\/\"]}]},{\"@type\":\"ImageObject\",\"inLanguage\":\"fr-FR\",\"@id\":\"https:\/\/lamollla.com\/fr\/a-propos\/l-inspiration\/#primaryimage\",\"url\":\"https:\/\/lamollla.com\/wp-content\/uploads\/2020\/08\/sep-or-tasca.jpg\",\"contentUrl\":\"https:\/\/lamollla.com\/wp-content\/uploads\/2020\/08\/sep-or-tasca.jpg\"},{\"@type\":\"BreadcrumbList\",\"@id\":\"https:\/\/lamollla.com\/fr\/a-propos\/l-inspiration\/#breadcrumb\",\"itemListElement\":[{\"@type\":\"ListItem\",\"position\":1,\"name\":\"Home\",\"item\":\"https:\/\/lamollla.com\/fr\/\"},{\"@type\":\"ListItem\",\"position\":2,\"name\":\"A&#8217; propos\",\"item\":\"https:\/\/lamollla.com\/fr\/a-propos\/\"},{\"@type\":\"ListItem\",\"position\":3,\"name\":\"L&#8217;inspiration\"}]},{\"@type\":\"WebSite\",\"@id\":\"https:\/\/lamollla.com\/fr\/#website\",\"url\":\"https:\/\/lamollla.com\/fr\/\",\"name\":\"la mollla\u00ae\",\"description\":\"\",\"publisher\":{\"@id\":\"https:\/\/lamollla.com\/fr\/#organization\"},\"potentialAction\":[{\"@type\":\"SearchAction\",\"target\":{\"@type\":\"EntryPoint\",\"urlTemplate\":\"https:\/\/lamollla.com\/fr\/?s={search_term_string}\"},\"query-input\":{\"@type\":\"PropertyValueSpecification\",\"valueRequired\":true,\"valueName\":\"search_term_string\"}}],\"inLanguage\":\"fr-FR\"},{\"@type\":\"Organization\",\"@id\":\"https:\/\/lamollla.com\/fr\/#organization\",\"name\":\"Soci\u00e9t\u00e9 Eolienne\",\"url\":\"https:\/\/lamollla.com\/fr\/\",\"logo\":{\"@type\":\"ImageObject\",\"inLanguage\":\"fr-FR\",\"@id\":\"https:\/\/lamollla.com\/fr\/#\/schema\/logo\/image\/\",\"url\":\"https:\/\/lamollla.com\/wp-content\/uploads\/2020\/09\/logo-lamollla@2x.png\",\"contentUrl\":\"https:\/\/lamollla.com\/wp-content\/uploads\/2020\/09\/logo-lamollla@2x.png\",\"width\":968,\"height\":212,\"caption\":\"Soci\u00e9t\u00e9 Eolienne\"},\"image\":{\"@id\":\"https:\/\/lamollla.com\/fr\/#\/schema\/logo\/image\/\"},\"sameAs\":[\"https:\/\/www.facebook.com\/TizianaRedavidAteliers\",\"https:\/\/www.instagram.com\/tizianaredavidesign\/\",\"https:\/\/www.pinterest.it\/tizianaredavid\/\"]}]}<\/script>\n<!-- \/ Yoast SEO plugin. -->","yoast_head_json":{"title":"L'inspiration - la mollla\u00ae","robots":{"index":"index","follow":"follow","max-snippet":"max-snippet:-1","max-image-preview":"max-image-preview:large","max-video-preview":"max-video-preview:-1"},"canonical":"https:\/\/lamollla.com\/fr\/a-propos\/l-inspiration\/","og_locale":"fr_FR","og_type":"article","og_title":"L'inspiration - la mollla\u00ae","og_description":"Tous les composants des bijoux la mollla sont con\u00e7us en interne. Nous s\u00e9lectionnons des micro ressorts en acier inoxydable et les assemblons \u00e0 Paris. Nos bijoux sont une combinaison raffin\u00e9e et \u00e9quilibr\u00e9e de design fran\u00e7ais et italien ainsi que de composants Made in Italy, savamment assembl\u00e9s dans nos ateliers de Turin et de Paris. La ... Lire plus","og_url":"https:\/\/lamollla.com\/fr\/a-propos\/l-inspiration\/","og_site_name":"la mollla\u00ae","article_publisher":"https:\/\/www.facebook.com\/TizianaRedavidAteliers","article_modified_time":"2022-11-09T09:58:08+00:00","og_image":[{"url":"https:\/\/lamollla.com\/wp-content\/uploads\/2020\/08\/sep-or-tasca.jpg","type":"","width":"","height":""}],"twitter_card":"summary_large_image","twitter_misc":{"Dur\u00e9e de lecture estim\u00e9e":"3 minutes"},"schema":{"@context":"https:\/\/schema.org","@graph":[{"@type":"WebPage","@id":"https:\/\/lamollla.com\/fr\/a-propos\/l-inspiration\/","url":"https:\/\/lamollla.com\/fr\/a-propos\/l-inspiration\/","name":"L'inspiration - la mollla\u00ae","isPartOf":{"@id":"https:\/\/lamollla.com\/fr\/#website"},"primaryImageOfPage":{"@id":"https:\/\/lamollla.com\/fr\/a-propos\/l-inspiration\/#primaryimage"},"image":{"@id":"https:\/\/lamollla.com\/fr\/a-propos\/l-inspiration\/#primaryimage"},"thumbnailUrl":"https:\/\/lamollla.com\/wp-content\/uploads\/2020\/08\/sep-or-tasca.jpg","datePublished":"2022-11-08T16:22:50+00:00","dateModified":"2022-11-09T09:58:08+00:00","breadcrumb":{"@id":"https:\/\/lamollla.com\/fr\/a-propos\/l-inspiration\/#breadcrumb"},"inLanguage":"fr-FR","potentialAction":[{"@type":"ReadAction","target":["https:\/\/lamollla.com\/fr\/a-propos\/l-inspiration\/"]}]},{"@type":"ImageObject","inLanguage":"fr-FR","@id":"https:\/\/lamollla.com\/fr\/a-propos\/l-inspiration\/#primaryimage","url":"https:\/\/lamollla.com\/wp-content\/uploads\/2020\/08\/sep-or-tasca.jpg","contentUrl":"https:\/\/lamollla.com\/wp-content\/uploads\/2020\/08\/sep-or-tasca.jpg"},{"@type":"BreadcrumbList","@id":"https:\/\/lamollla.com\/fr\/a-propos\/l-inspiration\/#breadcrumb","itemListElement":[{"@type":"ListItem","position":1,"name":"Home","item":"https:\/\/lamollla.com\/fr\/"},{"@type":"ListItem","position":2,"name":"A&#8217; propos","item":"https:\/\/lamollla.com\/fr\/a-propos\/"},{"@type":"ListItem","position":3,"name":"L&#8217;inspiration"}]},{"@type":"WebSite","@id":"https:\/\/lamollla.com\/fr\/#website","url":"https:\/\/lamollla.com\/fr\/","name":"la mollla\u00ae","description":"","publisher":{"@id":"https:\/\/lamollla.com\/fr\/#organization"},"potentialAction":[{"@type":"SearchAction","target":{"@type":"EntryPoint","urlTemplate":"https:\/\/lamollla.com\/fr\/?s={search_term_string}"},"query-input":{"@type":"PropertyValueSpecification","valueRequired":true,"valueName":"search_term_string"}}],"inLanguage":"fr-FR"},{"@type":"Organization","@id":"https:\/\/lamollla.com\/fr\/#organization","name":"Soci\u00e9t\u00e9 Eolienne","url":"https:\/\/lamollla.com\/fr\/","logo":{"@type":"ImageObject","inLanguage":"fr-FR","@id":"https:\/\/lamollla.com\/fr\/#\/schema\/logo\/image\/","url":"https:\/\/lamollla.com\/wp-content\/uploads\/2020\/09\/logo-lamollla@2x.png","contentUrl":"https:\/\/lamollla.com\/wp-content\/uploads\/2020\/09\/logo-lamollla@2x.png","width":968,"height":212,"caption":"Soci\u00e9t\u00e9 Eolienne"},"image":{"@id":"https:\/\/lamollla.com\/fr\/#\/schema\/logo\/image\/"},"sameAs":["https:\/\/www.facebook.com\/TizianaRedavidAteliers","https:\/\/www.instagram.com\/tizianaredavidesign\/","https:\/\/www.pinterest.it\/tizianaredavid\/"]}]}},"_links":{"self":[{"href":"https:\/\/lamollla.com\/fr\/wp-json\/wp\/v2\/pages\/6118","targetHints":{"allow":["GET"]}}],"collection":[{"href":"https:\/\/lamollla.com\/fr\/wp-json\/wp\/v2\/pages"}],"about":[{"href":"https:\/\/lamollla.com\/fr\/wp-json\/wp\/v2\/types\/page"}],"author":[{"embeddable":true,"href":"https:\/\/lamollla.com\/fr\/wp-json\/wp\/v2\/users\/1"}],"replies":[{"embeddable":true,"href":"https:\/\/lamollla.com\/fr\/wp-json\/wp\/v2\/comments?post=6118"}],"version-history":[{"count":6,"href":"https:\/\/lamollla.com\/fr\/wp-json\/wp\/v2\/pages\/6118\/revisions"}],"predecessor-version":[{"id":6152,"href":"https:\/\/lamollla.com\/fr\/wp-json\/wp\/v2\/pages\/6118\/revisions\/6152"}],"up":[{"embeddable":true,"href":"https:\/\/lamollla.com\/fr\/wp-json\/wp\/v2\/pages\/3619"}],"wp:attachment":[{"href":"https:\/\/lamollla.com\/fr\/wp-json\/wp\/v2\/media?parent=6118"}],"curies":[{"name":"wp","href":"https:\/\/api.w.org\/{rel}","templated":true}]}}