{"id":3641,"date":"2020-10-17T21:08:22","date_gmt":"2020-10-17T19:08:22","guid":{"rendered":"https:\/\/lamollla.com\/return-and-refund-policy\/"},"modified":"2021-10-20T18:29:03","modified_gmt":"2021-10-20T16:29:03","slug":"return-and-refund-policy","status":"publish","type":"page","link":"https:\/\/lamollla.com\/fr\/return-and-refund-policy\/","title":{"rendered":"Politique de retour et de remboursement"},"content":{"rendered":"\n<p>Nous appr\u00e9cions vraiment l&#8217;int\u00e9r\u00eat que vous portez \u00e0 nos produits.<\/p>\n\n\n\n<p>Nous faisons tout ce qui est possible pour livrer les produits dans des conditions parfaites, et nous prenons soin de chaque \u00e9tape, de la production \u00e0 l&#8217;emballage et \u00e0 l&#8217;exp\u00e9dition pour y parvenir.<\/p>\n\n\n\n<p>Nous ne remboursons ou ne rempla\u00e7ons donc les articles que s&#8217;ils sont d\u00e9fectueux ou endommag\u00e9s.<\/p>\n\n\n\n<p>Si vous recevez l&#8217;article avec des d\u00e9fauts ou des dommages, veuillez le signaler d\u00e8s que possible : pour obtenir un remboursement, les articles doivent \u00eatre signal\u00e9s dans les 14 jours suivant la livraison.<\/p>\n\n\n\n<p>En cas de doutes, de questions ou de demandes de renseignements, veuillez nous contacter en utilisant notre <a href=\"https:\/\/lamollla.com\/fr\/contact\/\">page Contact.<\/a><\/p>\n","protected":false},"excerpt":{"rendered":"<p>Nous appr\u00e9cions vraiment l&#8217;int\u00e9r\u00eat que vous portez \u00e0 nos produits. Nous faisons tout ce qui est possible pour livrer les produits dans des conditions parfaites, et nous prenons soin de chaque \u00e9tape, de la production \u00e0 l&#8217;emballage et \u00e0 l&#8217;exp\u00e9dition pour y parvenir. Nous ne remboursons ou ne rempla\u00e7ons donc les articles que s&#8217;ils sont &#8230; <a title=\"Politique de retour et de remboursement\" class=\"read-more\" href=\"https:\/\/lamollla.com\/fr\/return-and-refund-policy\/\" aria-label=\"En savoir plus sur Politique de retour et de remboursement\">Lire plus<\/a><\/p>\n","protected":false},"author":1,"featured_media":0,"parent":0,"menu_order":0,"comment_status":"closed","ping_status":"closed","template":"","meta":{"_uf_show_specific_survey":0,"_uf_disable_surveys":false,"footnotes":""},"class_list":["post-3641","page","type-page","status-publish"],"yoast_head":"<!-- This site is optimized with the Yoast SEO plugin v26.8 - https:\/\/yoast.com\/product\/yoast-seo-wordpress\/ -->\n<title>Politique de retour et de remboursement - la mollla\u00ae<\/title>\n<meta name=\"robots\" content=\"index, follow, max-snippet:-1, max-image-preview:large, max-video-preview:-1\" \/>\n<link rel=\"canonical\" href=\"https:\/\/lamollla.com\/fr\/return-and-refund-policy\/\" \/>\n<meta property=\"og:locale\" content=\"fr_FR\" \/>\n<meta property=\"og:type\" content=\"article\" \/>\n<meta property=\"og:title\" content=\"Politique de retour et de remboursement - la mollla\u00ae\" \/>\n<meta property=\"og:description\" content=\"Nous appr\u00e9cions vraiment l&#8217;int\u00e9r\u00eat que vous portez \u00e0 nos produits. Nous faisons tout ce qui est possible pour livrer les produits dans des conditions parfaites, et nous prenons soin de chaque \u00e9tape, de la production \u00e0 l&#8217;emballage et \u00e0 l&#8217;exp\u00e9dition pour y parvenir. Nous ne remboursons ou ne rempla\u00e7ons donc les articles que s&#8217;ils sont ... Lire plus\" \/>\n<meta property=\"og:url\" content=\"https:\/\/lamollla.com\/fr\/return-and-refund-policy\/\" \/>\n<meta property=\"og:site_name\" content=\"la mollla\u00ae\" \/>\n<meta property=\"article:publisher\" content=\"https:\/\/www.facebook.com\/TizianaRedavidAteliers\" \/>\n<meta property=\"article:modified_time\" content=\"2021-10-20T16:29:03+00:00\" \/>\n<meta name=\"twitter:card\" content=\"summary_large_image\" \/>\n<meta name=\"twitter:label1\" content=\"Dur\u00e9e de lecture estim\u00e9e\" \/>\n\t<meta name=\"twitter:data1\" content=\"1 minute\" \/>\n<script type=\"application\/ld+json\" class=\"yoast-schema-graph\">{\"@context\":\"https:\/\/schema.org\",\"@graph\":[{\"@type\":\"WebPage\",\"@id\":\"https:\/\/lamollla.com\/fr\/return-and-refund-policy\/\",\"url\":\"https:\/\/lamollla.com\/fr\/return-and-refund-policy\/\",\"name\":\"Politique de retour et de remboursement - la mollla\u00ae\",\"isPartOf\":{\"@id\":\"https:\/\/lamollla.com\/fr\/#website\"},\"datePublished\":\"2020-10-17T19:08:22+00:00\",\"dateModified\":\"2021-10-20T16:29:03+00:00\",\"breadcrumb\":{\"@id\":\"https:\/\/lamollla.com\/fr\/return-and-refund-policy\/#breadcrumb\"},\"inLanguage\":\"fr-FR\",\"potentialAction\":[{\"@type\":\"ReadAction\",\"target\":[\"https:\/\/lamollla.com\/fr\/return-and-refund-policy\/\"]}]},{\"@type\":\"BreadcrumbList\",\"@id\":\"https:\/\/lamollla.com\/fr\/return-and-refund-policy\/#breadcrumb\",\"itemListElement\":[{\"@type\":\"ListItem\",\"position\":1,\"name\":\"Home\",\"item\":\"https:\/\/lamollla.com\/fr\/\"},{\"@type\":\"ListItem\",\"position\":2,\"name\":\"Politique de retour et de remboursement\"}]},{\"@type\":\"WebSite\",\"@id\":\"https:\/\/lamollla.com\/fr\/#website\",\"url\":\"https:\/\/lamollla.com\/fr\/\",\"name\":\"la mollla\u00ae\",\"description\":\"\",\"publisher\":{\"@id\":\"https:\/\/lamollla.com\/fr\/#organization\"},\"potentialAction\":[{\"@type\":\"SearchAction\",\"target\":{\"@type\":\"EntryPoint\",\"urlTemplate\":\"https:\/\/lamollla.com\/fr\/?s={search_term_string}\"},\"query-input\":{\"@type\":\"PropertyValueSpecification\",\"valueRequired\":true,\"valueName\":\"search_term_string\"}}],\"inLanguage\":\"fr-FR\"},{\"@type\":\"Organization\",\"@id\":\"https:\/\/lamollla.com\/fr\/#organization\",\"name\":\"Soci\u00e9t\u00e9 Eolienne\",\"url\":\"https:\/\/lamollla.com\/fr\/\",\"logo\":{\"@type\":\"ImageObject\",\"inLanguage\":\"fr-FR\",\"@id\":\"https:\/\/lamollla.com\/fr\/#\/schema\/logo\/image\/\",\"url\":\"https:\/\/lamollla.com\/wp-content\/uploads\/2020\/09\/logo-lamollla@2x.png\",\"contentUrl\":\"https:\/\/lamollla.com\/wp-content\/uploads\/2020\/09\/logo-lamollla@2x.png\",\"width\":968,\"height\":212,\"caption\":\"Soci\u00e9t\u00e9 Eolienne\"},\"image\":{\"@id\":\"https:\/\/lamollla.com\/fr\/#\/schema\/logo\/image\/\"},\"sameAs\":[\"https:\/\/www.facebook.com\/TizianaRedavidAteliers\",\"https:\/\/www.instagram.com\/tizianaredavidesign\/\",\"https:\/\/www.pinterest.it\/tizianaredavid\/\"]}]}<\/script>\n<!-- \/ Yoast SEO plugin. -->","yoast_head_json":{"title":"Politique de retour et de remboursement - la mollla\u00ae","robots":{"index":"index","follow":"follow","max-snippet":"max-snippet:-1","max-image-preview":"max-image-preview:large","max-video-preview":"max-video-preview:-1"},"canonical":"https:\/\/lamollla.com\/fr\/return-and-refund-policy\/","og_locale":"fr_FR","og_type":"article","og_title":"Politique de retour et de remboursement - la mollla\u00ae","og_description":"Nous appr\u00e9cions vraiment l&#8217;int\u00e9r\u00eat que vous portez \u00e0 nos produits. Nous faisons tout ce qui est possible pour livrer les produits dans des conditions parfaites, et nous prenons soin de chaque \u00e9tape, de la production \u00e0 l&#8217;emballage et \u00e0 l&#8217;exp\u00e9dition pour y parvenir. Nous ne remboursons ou ne rempla\u00e7ons donc les articles que s&#8217;ils sont ... Lire plus","og_url":"https:\/\/lamollla.com\/fr\/return-and-refund-policy\/","og_site_name":"la mollla\u00ae","article_publisher":"https:\/\/www.facebook.com\/TizianaRedavidAteliers","article_modified_time":"2021-10-20T16:29:03+00:00","twitter_card":"summary_large_image","twitter_misc":{"Dur\u00e9e de lecture estim\u00e9e":"1 minute"},"schema":{"@context":"https:\/\/schema.org","@graph":[{"@type":"WebPage","@id":"https:\/\/lamollla.com\/fr\/return-and-refund-policy\/","url":"https:\/\/lamollla.com\/fr\/return-and-refund-policy\/","name":"Politique de retour et de remboursement - la mollla\u00ae","isPartOf":{"@id":"https:\/\/lamollla.com\/fr\/#website"},"datePublished":"2020-10-17T19:08:22+00:00","dateModified":"2021-10-20T16:29:03+00:00","breadcrumb":{"@id":"https:\/\/lamollla.com\/fr\/return-and-refund-policy\/#breadcrumb"},"inLanguage":"fr-FR","potentialAction":[{"@type":"ReadAction","target":["https:\/\/lamollla.com\/fr\/return-and-refund-policy\/"]}]},{"@type":"BreadcrumbList","@id":"https:\/\/lamollla.com\/fr\/return-and-refund-policy\/#breadcrumb","itemListElement":[{"@type":"ListItem","position":1,"name":"Home","item":"https:\/\/lamollla.com\/fr\/"},{"@type":"ListItem","position":2,"name":"Politique de retour et de remboursement"}]},{"@type":"WebSite","@id":"https:\/\/lamollla.com\/fr\/#website","url":"https:\/\/lamollla.com\/fr\/","name":"la mollla\u00ae","description":"","publisher":{"@id":"https:\/\/lamollla.com\/fr\/#organization"},"potentialAction":[{"@type":"SearchAction","target":{"@type":"EntryPoint","urlTemplate":"https:\/\/lamollla.com\/fr\/?s={search_term_string}"},"query-input":{"@type":"PropertyValueSpecification","valueRequired":true,"valueName":"search_term_string"}}],"inLanguage":"fr-FR"},{"@type":"Organization","@id":"https:\/\/lamollla.com\/fr\/#organization","name":"Soci\u00e9t\u00e9 Eolienne","url":"https:\/\/lamollla.com\/fr\/","logo":{"@type":"ImageObject","inLanguage":"fr-FR","@id":"https:\/\/lamollla.com\/fr\/#\/schema\/logo\/image\/","url":"https:\/\/lamollla.com\/wp-content\/uploads\/2020\/09\/logo-lamollla@2x.png","contentUrl":"https:\/\/lamollla.com\/wp-content\/uploads\/2020\/09\/logo-lamollla@2x.png","width":968,"height":212,"caption":"Soci\u00e9t\u00e9 Eolienne"},"image":{"@id":"https:\/\/lamollla.com\/fr\/#\/schema\/logo\/image\/"},"sameAs":["https:\/\/www.facebook.com\/TizianaRedavidAteliers","https:\/\/www.instagram.com\/tizianaredavidesign\/","https:\/\/www.pinterest.it\/tizianaredavid\/"]}]}},"_links":{"self":[{"href":"https:\/\/lamollla.com\/fr\/wp-json\/wp\/v2\/pages\/3641","targetHints":{"allow":["GET"]}}],"collection":[{"href":"https:\/\/lamollla.com\/fr\/wp-json\/wp\/v2\/pages"}],"about":[{"href":"https:\/\/lamollla.com\/fr\/wp-json\/wp\/v2\/types\/page"}],"author":[{"embeddable":true,"href":"https:\/\/lamollla.com\/fr\/wp-json\/wp\/v2\/users\/1"}],"replies":[{"embeddable":true,"href":"https:\/\/lamollla.com\/fr\/wp-json\/wp\/v2\/comments?post=3641"}],"version-history":[{"count":4,"href":"https:\/\/lamollla.com\/fr\/wp-json\/wp\/v2\/pages\/3641\/revisions"}],"predecessor-version":[{"id":3685,"href":"https:\/\/lamollla.com\/fr\/wp-json\/wp\/v2\/pages\/3641\/revisions\/3685"}],"wp:attachment":[{"href":"https:\/\/lamollla.com\/fr\/wp-json\/wp\/v2\/media?parent=3641"}],"curies":[{"name":"wp","href":"https:\/\/api.w.org\/{rel}","templated":true}]}}