{"id":3634,"date":"2020-09-25T12:02:04","date_gmt":"2020-09-25T10:02:04","guid":{"rendered":"https:\/\/lamollla.com\/ordine-effettuato\/"},"modified":"2021-10-20T18:24:41","modified_gmt":"2021-10-20T16:24:41","slug":"ordine-effettuato","status":"publish","type":"page","link":"https:\/\/lamollla.com\/fr\/ordine-effettuato\/","title":{"rendered":"Commande Compl\u00e9t\u00e9e"},"content":{"rendered":"\n<p>Merci de passer une commande sur notre site web !<\/p>\n\n\n\n<p>Votre transaction a \u00e9t\u00e9 effectu\u00e9e. Vous recevrez un re\u00e7u par e-mail avec tous les d\u00e9tails de votre achat et de votre paiement.<\/p>\n\n\n\n<p>Vous pouvez vous connecter \u00e0 votre compte PayPal pour consulter les d\u00e9tails de la transaction.<\/p>\n\n\n\n<p>Maintenant vous pouvez continuer dans notre magasin.<\/p>\n\n\n\n<p>Merci pour votre achat, n&#8217;h\u00e9sitez pas \u00e0 nous contacter en cas de besoin.<\/p>\n","protected":false},"excerpt":{"rendered":"<p>Merci de passer une commande sur notre site web ! Votre transaction a \u00e9t\u00e9 effectu\u00e9e. Vous recevrez un re\u00e7u par e-mail avec tous les d\u00e9tails de votre achat et de votre paiement. Vous pouvez vous connecter \u00e0 votre compte PayPal pour consulter les d\u00e9tails de la transaction. Maintenant vous pouvez continuer dans notre magasin. Merci &#8230; <a title=\"Commande Compl\u00e9t\u00e9e\" class=\"read-more\" href=\"https:\/\/lamollla.com\/fr\/ordine-effettuato\/\" aria-label=\"En savoir plus sur Commande Compl\u00e9t\u00e9e\">Lire plus<\/a><\/p>\n","protected":false},"author":1,"featured_media":0,"parent":0,"menu_order":0,"comment_status":"closed","ping_status":"closed","template":"","meta":{"_uf_show_specific_survey":0,"_uf_disable_surveys":false,"footnotes":""},"class_list":["post-3634","page","type-page","status-publish"],"yoast_head":"<!-- This site is optimized with the Yoast SEO plugin v26.8 - https:\/\/yoast.com\/product\/yoast-seo-wordpress\/ -->\n<title>Commande Compl\u00e9t\u00e9e - la mollla\u00ae<\/title>\n<meta name=\"robots\" content=\"index, follow, max-snippet:-1, max-image-preview:large, max-video-preview:-1\" \/>\n<link rel=\"canonical\" href=\"https:\/\/lamollla.com\/fr\/ordine-effettuato\/\" \/>\n<meta property=\"og:locale\" content=\"fr_FR\" \/>\n<meta property=\"og:type\" content=\"article\" \/>\n<meta property=\"og:title\" content=\"Commande Compl\u00e9t\u00e9e - la mollla\u00ae\" \/>\n<meta property=\"og:description\" content=\"Merci de passer une commande sur notre site web ! Votre transaction a \u00e9t\u00e9 effectu\u00e9e. Vous recevrez un re\u00e7u par e-mail avec tous les d\u00e9tails de votre achat et de votre paiement. Vous pouvez vous connecter \u00e0 votre compte PayPal pour consulter les d\u00e9tails de la transaction. Maintenant vous pouvez continuer dans notre magasin. Merci ... Lire plus\" \/>\n<meta property=\"og:url\" content=\"https:\/\/lamollla.com\/fr\/ordine-effettuato\/\" \/>\n<meta property=\"og:site_name\" content=\"la mollla\u00ae\" \/>\n<meta property=\"article:publisher\" content=\"https:\/\/www.facebook.com\/TizianaRedavidAteliers\" \/>\n<meta property=\"article:modified_time\" content=\"2021-10-20T16:24:41+00:00\" \/>\n<meta name=\"twitter:card\" content=\"summary_large_image\" \/>\n<meta name=\"twitter:label1\" content=\"Dur\u00e9e de lecture estim\u00e9e\" \/>\n\t<meta name=\"twitter:data1\" content=\"1 minute\" \/>\n<script type=\"application\/ld+json\" class=\"yoast-schema-graph\">{\"@context\":\"https:\/\/schema.org\",\"@graph\":[{\"@type\":\"WebPage\",\"@id\":\"https:\/\/lamollla.com\/fr\/ordine-effettuato\/\",\"url\":\"https:\/\/lamollla.com\/fr\/ordine-effettuato\/\",\"name\":\"Commande Compl\u00e9t\u00e9e - la mollla\u00ae\",\"isPartOf\":{\"@id\":\"https:\/\/lamollla.com\/fr\/#website\"},\"datePublished\":\"2020-09-25T10:02:04+00:00\",\"dateModified\":\"2021-10-20T16:24:41+00:00\",\"breadcrumb\":{\"@id\":\"https:\/\/lamollla.com\/fr\/ordine-effettuato\/#breadcrumb\"},\"inLanguage\":\"fr-FR\",\"potentialAction\":[{\"@type\":\"ReadAction\",\"target\":[\"https:\/\/lamollla.com\/fr\/ordine-effettuato\/\"]}]},{\"@type\":\"BreadcrumbList\",\"@id\":\"https:\/\/lamollla.com\/fr\/ordine-effettuato\/#breadcrumb\",\"itemListElement\":[{\"@type\":\"ListItem\",\"position\":1,\"name\":\"Home\",\"item\":\"https:\/\/lamollla.com\/fr\/\"},{\"@type\":\"ListItem\",\"position\":2,\"name\":\"Commande Compl\u00e9t\u00e9e\"}]},{\"@type\":\"WebSite\",\"@id\":\"https:\/\/lamollla.com\/fr\/#website\",\"url\":\"https:\/\/lamollla.com\/fr\/\",\"name\":\"la mollla\u00ae\",\"description\":\"\",\"publisher\":{\"@id\":\"https:\/\/lamollla.com\/fr\/#organization\"},\"potentialAction\":[{\"@type\":\"SearchAction\",\"target\":{\"@type\":\"EntryPoint\",\"urlTemplate\":\"https:\/\/lamollla.com\/fr\/?s={search_term_string}\"},\"query-input\":{\"@type\":\"PropertyValueSpecification\",\"valueRequired\":true,\"valueName\":\"search_term_string\"}}],\"inLanguage\":\"fr-FR\"},{\"@type\":\"Organization\",\"@id\":\"https:\/\/lamollla.com\/fr\/#organization\",\"name\":\"Soci\u00e9t\u00e9 Eolienne\",\"url\":\"https:\/\/lamollla.com\/fr\/\",\"logo\":{\"@type\":\"ImageObject\",\"inLanguage\":\"fr-FR\",\"@id\":\"https:\/\/lamollla.com\/fr\/#\/schema\/logo\/image\/\",\"url\":\"https:\/\/lamollla.com\/wp-content\/uploads\/2020\/09\/logo-lamollla@2x.png\",\"contentUrl\":\"https:\/\/lamollla.com\/wp-content\/uploads\/2020\/09\/logo-lamollla@2x.png\",\"width\":968,\"height\":212,\"caption\":\"Soci\u00e9t\u00e9 Eolienne\"},\"image\":{\"@id\":\"https:\/\/lamollla.com\/fr\/#\/schema\/logo\/image\/\"},\"sameAs\":[\"https:\/\/www.facebook.com\/TizianaRedavidAteliers\",\"https:\/\/www.instagram.com\/tizianaredavidesign\/\",\"https:\/\/www.pinterest.it\/tizianaredavid\/\"]}]}<\/script>\n<!-- \/ Yoast SEO plugin. -->","yoast_head_json":{"title":"Commande Compl\u00e9t\u00e9e - la mollla\u00ae","robots":{"index":"index","follow":"follow","max-snippet":"max-snippet:-1","max-image-preview":"max-image-preview:large","max-video-preview":"max-video-preview:-1"},"canonical":"https:\/\/lamollla.com\/fr\/ordine-effettuato\/","og_locale":"fr_FR","og_type":"article","og_title":"Commande Compl\u00e9t\u00e9e - la mollla\u00ae","og_description":"Merci de passer une commande sur notre site web ! Votre transaction a \u00e9t\u00e9 effectu\u00e9e. Vous recevrez un re\u00e7u par e-mail avec tous les d\u00e9tails de votre achat et de votre paiement. Vous pouvez vous connecter \u00e0 votre compte PayPal pour consulter les d\u00e9tails de la transaction. Maintenant vous pouvez continuer dans notre magasin. Merci ... Lire plus","og_url":"https:\/\/lamollla.com\/fr\/ordine-effettuato\/","og_site_name":"la mollla\u00ae","article_publisher":"https:\/\/www.facebook.com\/TizianaRedavidAteliers","article_modified_time":"2021-10-20T16:24:41+00:00","twitter_card":"summary_large_image","twitter_misc":{"Dur\u00e9e de lecture estim\u00e9e":"1 minute"},"schema":{"@context":"https:\/\/schema.org","@graph":[{"@type":"WebPage","@id":"https:\/\/lamollla.com\/fr\/ordine-effettuato\/","url":"https:\/\/lamollla.com\/fr\/ordine-effettuato\/","name":"Commande Compl\u00e9t\u00e9e - la mollla\u00ae","isPartOf":{"@id":"https:\/\/lamollla.com\/fr\/#website"},"datePublished":"2020-09-25T10:02:04+00:00","dateModified":"2021-10-20T16:24:41+00:00","breadcrumb":{"@id":"https:\/\/lamollla.com\/fr\/ordine-effettuato\/#breadcrumb"},"inLanguage":"fr-FR","potentialAction":[{"@type":"ReadAction","target":["https:\/\/lamollla.com\/fr\/ordine-effettuato\/"]}]},{"@type":"BreadcrumbList","@id":"https:\/\/lamollla.com\/fr\/ordine-effettuato\/#breadcrumb","itemListElement":[{"@type":"ListItem","position":1,"name":"Home","item":"https:\/\/lamollla.com\/fr\/"},{"@type":"ListItem","position":2,"name":"Commande Compl\u00e9t\u00e9e"}]},{"@type":"WebSite","@id":"https:\/\/lamollla.com\/fr\/#website","url":"https:\/\/lamollla.com\/fr\/","name":"la mollla\u00ae","description":"","publisher":{"@id":"https:\/\/lamollla.com\/fr\/#organization"},"potentialAction":[{"@type":"SearchAction","target":{"@type":"EntryPoint","urlTemplate":"https:\/\/lamollla.com\/fr\/?s={search_term_string}"},"query-input":{"@type":"PropertyValueSpecification","valueRequired":true,"valueName":"search_term_string"}}],"inLanguage":"fr-FR"},{"@type":"Organization","@id":"https:\/\/lamollla.com\/fr\/#organization","name":"Soci\u00e9t\u00e9 Eolienne","url":"https:\/\/lamollla.com\/fr\/","logo":{"@type":"ImageObject","inLanguage":"fr-FR","@id":"https:\/\/lamollla.com\/fr\/#\/schema\/logo\/image\/","url":"https:\/\/lamollla.com\/wp-content\/uploads\/2020\/09\/logo-lamollla@2x.png","contentUrl":"https:\/\/lamollla.com\/wp-content\/uploads\/2020\/09\/logo-lamollla@2x.png","width":968,"height":212,"caption":"Soci\u00e9t\u00e9 Eolienne"},"image":{"@id":"https:\/\/lamollla.com\/fr\/#\/schema\/logo\/image\/"},"sameAs":["https:\/\/www.facebook.com\/TizianaRedavidAteliers","https:\/\/www.instagram.com\/tizianaredavidesign\/","https:\/\/www.pinterest.it\/tizianaredavid\/"]}]}},"_links":{"self":[{"href":"https:\/\/lamollla.com\/fr\/wp-json\/wp\/v2\/pages\/3634","targetHints":{"allow":["GET"]}}],"collection":[{"href":"https:\/\/lamollla.com\/fr\/wp-json\/wp\/v2\/pages"}],"about":[{"href":"https:\/\/lamollla.com\/fr\/wp-json\/wp\/v2\/types\/page"}],"author":[{"embeddable":true,"href":"https:\/\/lamollla.com\/fr\/wp-json\/wp\/v2\/users\/1"}],"replies":[{"embeddable":true,"href":"https:\/\/lamollla.com\/fr\/wp-json\/wp\/v2\/comments?post=3634"}],"version-history":[{"count":3,"href":"https:\/\/lamollla.com\/fr\/wp-json\/wp\/v2\/pages\/3634\/revisions"}],"predecessor-version":[{"id":3677,"href":"https:\/\/lamollla.com\/fr\/wp-json\/wp\/v2\/pages\/3634\/revisions\/3677"}],"wp:attachment":[{"href":"https:\/\/lamollla.com\/fr\/wp-json\/wp\/v2\/media?parent=3634"}],"curies":[{"name":"wp","href":"https:\/\/api.w.org\/{rel}","templated":true}]}}