{"id":3626,"date":"2020-10-17T19:32:07","date_gmt":"2020-10-17T17:32:07","guid":{"rendered":"https:\/\/lamollla.com\/delivery-policy\/"},"modified":"2021-10-20T17:57:39","modified_gmt":"2021-10-20T15:57:39","slug":"delivery-policy","status":"publish","type":"page","link":"https:\/\/lamollla.com\/fr\/delivery-policy\/","title":{"rendered":"Politique de livraison"},"content":{"rendered":"\n<h2 class=\"wp-block-heading\">COMBIEN DE TEMPS PREND LA LIVRAISON?<\/h2>\n\n\n\n<p>Toutes les commandes sont promises \u00e0 \u00eatre trait\u00e9es et exp\u00e9di\u00e9es dans les 3 \u00e0 5 jours ouvrables via la poste fran\u00e7aise et la formule Collissimo. Nous ferons de notre mieux pour que votre commande soit emball\u00e9e et exp\u00e9di\u00e9e d\u00e8s que possible !<br>En raison de notre situation mondiale actuelle concernant COVID-19, toutes les exp\u00e9ditions (internationales et nationales) connaissent des retards.<br>Vous recevrez un e-mail de confirmation de commande, suivi d&#8217;une confirmation d&#8217;exp\u00e9dition, avec num\u00e9ro de suivi lorsque vos goodies seront en route !<br>Une fois que votre commande a \u00e9t\u00e9 exp\u00e9di\u00e9e et est entre les mains du transporteur, nous nous attendons \u00e0 des retards sur les dates d&#8217;exp\u00e9dition, de livraison et d&#8217;arriv\u00e9e. L&#8217;exp\u00e9dition internationale conna\u00eet des retards allant jusqu&#8217;\u00e0 6 semaines.<\/p>\n\n\n\n<h2 class=\"wp-block-heading\">O\u00f9 livrez-vous?<\/h2>\n\n\n\n<p>Nous livrons \u00e0 l&#8217;international.<\/p>\n\n\n\n<p>En raison de notre situation mondiale actuelle concernant COVID-19, toutes les exp\u00e9ditions (internationales et nationales) connaissent des retards et certains pays ont suspendu l&#8217;exp\u00e9dition, nous nous r\u00e9servons le droit d&#8217;annuler les commandes pass\u00e9es \u00e0 partir de pays vers lesquels nous ne pouvons pas exp\u00e9dier pendant cette p\u00e9riode.<\/p>\n\n\n\n<h2 class=\"wp-block-heading\">DE QUELS DROITS D&#8217;EXP\u00c9DITION, FRAIS OU TAXES SUIS-JE RESPONSABLE\u00a0?<\/h2>\n\n\n\n<p>Les acheteurs sont responsables de tous les frais d&#8217;exp\u00e9dition, y compris les droits de douane internationaux, la TVA ou les taxes \u00e0 l&#8217;importation. Chaque pays a ses propres lois et r\u00e8glements. Les droits d&#8217;importation, les taxes et les frais ne sont pas inclus dans le prix de l&#8217;article ou les frais d&#8217;exp\u00e9dition. Vous serez responsable de ces co\u00fbts suppl\u00e9mentaires si cela peut se produire.<\/p>\n","protected":false},"excerpt":{"rendered":"<p>COMBIEN DE TEMPS PREND LA LIVRAISON? Toutes les commandes sont promises \u00e0 \u00eatre trait\u00e9es et exp\u00e9di\u00e9es dans les 3 \u00e0 5 jours ouvrables via la poste fran\u00e7aise et la formule Collissimo. Nous ferons de notre mieux pour que votre commande soit emball\u00e9e et exp\u00e9di\u00e9e d\u00e8s que possible !En raison de notre situation mondiale actuelle concernant &#8230; <a title=\"Politique de livraison\" class=\"read-more\" href=\"https:\/\/lamollla.com\/fr\/delivery-policy\/\" aria-label=\"En savoir plus sur Politique de livraison\">Lire plus<\/a><\/p>\n","protected":false},"author":1,"featured_media":0,"parent":0,"menu_order":0,"comment_status":"closed","ping_status":"closed","template":"","meta":{"_uf_show_specific_survey":0,"_uf_disable_surveys":false,"footnotes":""},"class_list":["post-3626","page","type-page","status-publish"],"yoast_head":"<!-- This site is optimized with the Yoast SEO plugin v26.8 - https:\/\/yoast.com\/product\/yoast-seo-wordpress\/ -->\n<title>Politique de livraison - la mollla\u00ae<\/title>\n<meta name=\"robots\" content=\"index, follow, max-snippet:-1, max-image-preview:large, max-video-preview:-1\" \/>\n<link rel=\"canonical\" href=\"https:\/\/lamollla.com\/fr\/delivery-policy\/\" \/>\n<meta property=\"og:locale\" content=\"fr_FR\" \/>\n<meta property=\"og:type\" content=\"article\" \/>\n<meta property=\"og:title\" content=\"Politique de livraison - la mollla\u00ae\" \/>\n<meta property=\"og:description\" content=\"COMBIEN DE TEMPS PREND LA LIVRAISON? Toutes les commandes sont promises \u00e0 \u00eatre trait\u00e9es et exp\u00e9di\u00e9es dans les 3 \u00e0 5 jours ouvrables via la poste fran\u00e7aise et la formule Collissimo. Nous ferons de notre mieux pour que votre commande soit emball\u00e9e et exp\u00e9di\u00e9e d\u00e8s que possible !En raison de notre situation mondiale actuelle concernant ... Lire plus\" \/>\n<meta property=\"og:url\" content=\"https:\/\/lamollla.com\/fr\/delivery-policy\/\" \/>\n<meta property=\"og:site_name\" content=\"la mollla\u00ae\" \/>\n<meta property=\"article:publisher\" content=\"https:\/\/www.facebook.com\/TizianaRedavidAteliers\" \/>\n<meta property=\"article:modified_time\" content=\"2021-10-20T15:57:39+00:00\" \/>\n<meta name=\"twitter:card\" content=\"summary_large_image\" \/>\n<meta name=\"twitter:label1\" content=\"Dur\u00e9e de lecture estim\u00e9e\" \/>\n\t<meta name=\"twitter:data1\" content=\"2 minutes\" \/>\n<script type=\"application\/ld+json\" class=\"yoast-schema-graph\">{\"@context\":\"https:\/\/schema.org\",\"@graph\":[{\"@type\":\"WebPage\",\"@id\":\"https:\/\/lamollla.com\/fr\/delivery-policy\/\",\"url\":\"https:\/\/lamollla.com\/fr\/delivery-policy\/\",\"name\":\"Politique de livraison - la mollla\u00ae\",\"isPartOf\":{\"@id\":\"https:\/\/lamollla.com\/fr\/#website\"},\"datePublished\":\"2020-10-17T17:32:07+00:00\",\"dateModified\":\"2021-10-20T15:57:39+00:00\",\"breadcrumb\":{\"@id\":\"https:\/\/lamollla.com\/fr\/delivery-policy\/#breadcrumb\"},\"inLanguage\":\"fr-FR\",\"potentialAction\":[{\"@type\":\"ReadAction\",\"target\":[\"https:\/\/lamollla.com\/fr\/delivery-policy\/\"]}]},{\"@type\":\"BreadcrumbList\",\"@id\":\"https:\/\/lamollla.com\/fr\/delivery-policy\/#breadcrumb\",\"itemListElement\":[{\"@type\":\"ListItem\",\"position\":1,\"name\":\"Home\",\"item\":\"https:\/\/lamollla.com\/fr\/\"},{\"@type\":\"ListItem\",\"position\":2,\"name\":\"Politique de livraison\"}]},{\"@type\":\"WebSite\",\"@id\":\"https:\/\/lamollla.com\/fr\/#website\",\"url\":\"https:\/\/lamollla.com\/fr\/\",\"name\":\"la mollla\u00ae\",\"description\":\"\",\"publisher\":{\"@id\":\"https:\/\/lamollla.com\/fr\/#organization\"},\"potentialAction\":[{\"@type\":\"SearchAction\",\"target\":{\"@type\":\"EntryPoint\",\"urlTemplate\":\"https:\/\/lamollla.com\/fr\/?s={search_term_string}\"},\"query-input\":{\"@type\":\"PropertyValueSpecification\",\"valueRequired\":true,\"valueName\":\"search_term_string\"}}],\"inLanguage\":\"fr-FR\"},{\"@type\":\"Organization\",\"@id\":\"https:\/\/lamollla.com\/fr\/#organization\",\"name\":\"Soci\u00e9t\u00e9 Eolienne\",\"url\":\"https:\/\/lamollla.com\/fr\/\",\"logo\":{\"@type\":\"ImageObject\",\"inLanguage\":\"fr-FR\",\"@id\":\"https:\/\/lamollla.com\/fr\/#\/schema\/logo\/image\/\",\"url\":\"https:\/\/lamollla.com\/wp-content\/uploads\/2020\/09\/logo-lamollla@2x.png\",\"contentUrl\":\"https:\/\/lamollla.com\/wp-content\/uploads\/2020\/09\/logo-lamollla@2x.png\",\"width\":968,\"height\":212,\"caption\":\"Soci\u00e9t\u00e9 Eolienne\"},\"image\":{\"@id\":\"https:\/\/lamollla.com\/fr\/#\/schema\/logo\/image\/\"},\"sameAs\":[\"https:\/\/www.facebook.com\/TizianaRedavidAteliers\",\"https:\/\/www.instagram.com\/tizianaredavidesign\/\",\"https:\/\/www.pinterest.it\/tizianaredavid\/\"]}]}<\/script>\n<!-- \/ Yoast SEO plugin. -->","yoast_head_json":{"title":"Politique de livraison - la mollla\u00ae","robots":{"index":"index","follow":"follow","max-snippet":"max-snippet:-1","max-image-preview":"max-image-preview:large","max-video-preview":"max-video-preview:-1"},"canonical":"https:\/\/lamollla.com\/fr\/delivery-policy\/","og_locale":"fr_FR","og_type":"article","og_title":"Politique de livraison - la mollla\u00ae","og_description":"COMBIEN DE TEMPS PREND LA LIVRAISON? Toutes les commandes sont promises \u00e0 \u00eatre trait\u00e9es et exp\u00e9di\u00e9es dans les 3 \u00e0 5 jours ouvrables via la poste fran\u00e7aise et la formule Collissimo. Nous ferons de notre mieux pour que votre commande soit emball\u00e9e et exp\u00e9di\u00e9e d\u00e8s que possible !En raison de notre situation mondiale actuelle concernant ... Lire plus","og_url":"https:\/\/lamollla.com\/fr\/delivery-policy\/","og_site_name":"la mollla\u00ae","article_publisher":"https:\/\/www.facebook.com\/TizianaRedavidAteliers","article_modified_time":"2021-10-20T15:57:39+00:00","twitter_card":"summary_large_image","twitter_misc":{"Dur\u00e9e de lecture estim\u00e9e":"2 minutes"},"schema":{"@context":"https:\/\/schema.org","@graph":[{"@type":"WebPage","@id":"https:\/\/lamollla.com\/fr\/delivery-policy\/","url":"https:\/\/lamollla.com\/fr\/delivery-policy\/","name":"Politique de livraison - la mollla\u00ae","isPartOf":{"@id":"https:\/\/lamollla.com\/fr\/#website"},"datePublished":"2020-10-17T17:32:07+00:00","dateModified":"2021-10-20T15:57:39+00:00","breadcrumb":{"@id":"https:\/\/lamollla.com\/fr\/delivery-policy\/#breadcrumb"},"inLanguage":"fr-FR","potentialAction":[{"@type":"ReadAction","target":["https:\/\/lamollla.com\/fr\/delivery-policy\/"]}]},{"@type":"BreadcrumbList","@id":"https:\/\/lamollla.com\/fr\/delivery-policy\/#breadcrumb","itemListElement":[{"@type":"ListItem","position":1,"name":"Home","item":"https:\/\/lamollla.com\/fr\/"},{"@type":"ListItem","position":2,"name":"Politique de livraison"}]},{"@type":"WebSite","@id":"https:\/\/lamollla.com\/fr\/#website","url":"https:\/\/lamollla.com\/fr\/","name":"la mollla\u00ae","description":"","publisher":{"@id":"https:\/\/lamollla.com\/fr\/#organization"},"potentialAction":[{"@type":"SearchAction","target":{"@type":"EntryPoint","urlTemplate":"https:\/\/lamollla.com\/fr\/?s={search_term_string}"},"query-input":{"@type":"PropertyValueSpecification","valueRequired":true,"valueName":"search_term_string"}}],"inLanguage":"fr-FR"},{"@type":"Organization","@id":"https:\/\/lamollla.com\/fr\/#organization","name":"Soci\u00e9t\u00e9 Eolienne","url":"https:\/\/lamollla.com\/fr\/","logo":{"@type":"ImageObject","inLanguage":"fr-FR","@id":"https:\/\/lamollla.com\/fr\/#\/schema\/logo\/image\/","url":"https:\/\/lamollla.com\/wp-content\/uploads\/2020\/09\/logo-lamollla@2x.png","contentUrl":"https:\/\/lamollla.com\/wp-content\/uploads\/2020\/09\/logo-lamollla@2x.png","width":968,"height":212,"caption":"Soci\u00e9t\u00e9 Eolienne"},"image":{"@id":"https:\/\/lamollla.com\/fr\/#\/schema\/logo\/image\/"},"sameAs":["https:\/\/www.facebook.com\/TizianaRedavidAteliers","https:\/\/www.instagram.com\/tizianaredavidesign\/","https:\/\/www.pinterest.it\/tizianaredavid\/"]}]}},"_links":{"self":[{"href":"https:\/\/lamollla.com\/fr\/wp-json\/wp\/v2\/pages\/3626","targetHints":{"allow":["GET"]}}],"collection":[{"href":"https:\/\/lamollla.com\/fr\/wp-json\/wp\/v2\/pages"}],"about":[{"href":"https:\/\/lamollla.com\/fr\/wp-json\/wp\/v2\/types\/page"}],"author":[{"embeddable":true,"href":"https:\/\/lamollla.com\/fr\/wp-json\/wp\/v2\/users\/1"}],"replies":[{"embeddable":true,"href":"https:\/\/lamollla.com\/fr\/wp-json\/wp\/v2\/comments?post=3626"}],"version-history":[{"count":4,"href":"https:\/\/lamollla.com\/fr\/wp-json\/wp\/v2\/pages\/3626\/revisions"}],"predecessor-version":[{"id":3673,"href":"https:\/\/lamollla.com\/fr\/wp-json\/wp\/v2\/pages\/3626\/revisions\/3673"}],"wp:attachment":[{"href":"https:\/\/lamollla.com\/fr\/wp-json\/wp\/v2\/media?parent=3626"}],"curies":[{"name":"wp","href":"https:\/\/api.w.org\/{rel}","templated":true}]}}