{"id":6505,"date":"2022-11-14T18:36:49","date_gmt":"2022-11-14T17:36:49","guid":{"rendered":"https:\/\/lamollla.com\/?post_type=product&#038;p=6505"},"modified":"2025-05-26T17:06:05","modified_gmt":"2025-05-26T15:06:05","slug":"twist-kurze-halskette","status":"publish","type":"product","link":"https:\/\/lamollla.com\/de\/produkt\/twist-kurze-halskette\/","title":{"rendered":"Twist Kurze Halskette"},"content":{"rendered":"<p><b>TWIST \u2013 Kurze Edelstahl-Halskette \u2013 Praktische Eleganz im minimalistischen Choker-Stil<\/b><\/p>\n<p><span style=\"font-weight: 400;\">Die kurze Version der <\/span><b>TWIST<\/b><span style=\"font-weight: 400;\">-Kette bringt denselben Glanz, dieselbe Klarheit und das moderne Design in ein kompakteres, chokerartiges Format \u2013 ideal f\u00fcr den Alltag.<\/span><span style=\"font-weight: 400;\"><br \/>\n<\/span><span style=\"font-weight: 400;\">Gefertigt aus flexiblem Edelstahldraht, liegt sie angenehm am Hals an und reflektiert das Licht mit subtiler Raffinesse.<\/span><span style=\"font-weight: 400;\"><br \/>\n<\/span><span style=\"font-weight: 400;\">Ihre klare, minimalistische Silhouette macht sie zur perfekten Wahl f\u00fcr alle, die m\u00fchelose Eleganz mit einem zeitgem\u00e4\u00dfen Touch bevorzugen.<\/span><\/p>\n<p><span style=\"font-weight: 400;\">Abgeschlossen mit unserem eigens gestalteten Magnetverschluss, handgefertigt und graviert mit dem Namen <\/span><i><span style=\"font-weight: 400;\">la mollla\u00ae<\/span><\/i><span style=\"font-weight: 400;\">, vereint diese Kette Funktionalit\u00e4t und Originalit\u00e4t in einem zeitlosen St\u00fcck.<\/span><span style=\"font-weight: 400;\"><br \/>\n<\/span><b>TWIST Short<\/b><span style=\"font-weight: 400;\"> ist der ideale Edelstahl-Choker f\u00fcr alle, die Stil, Komfort und Design mit Aussage sch\u00e4tzen.<\/span><\/p>\n<p><span style=\"font-weight: 400;\">Authentisch, hergestellt in Italien und Frankreich: Unsere Schmuckst\u00fccke entstehen mit h\u00f6chstem Anspruch in Turin und Paris \u2013 mit Hilfe unseres langj\u00e4hrigen Netzwerks italienischer Zulieferer.<\/span><span style=\"font-weight: 400;\"><br \/>\n<\/span><span style=\"font-weight: 400;\">Entstanden aus strengem Industriedesign.<\/span><span style=\"font-weight: 400;\"><br \/>\n<\/span><span style=\"font-weight: 400;\">Bei richtiger Pflege h\u00e4lt dieses Schmuckst\u00fcck ein Leben lang.<\/span><span style=\"font-weight: 400;\"><br \/>\n<\/span><span style=\"font-weight: 400;\">Jede Halskette besteht aus originalen, hochwertigen Federn aus reinem Edelstahl.<\/span><\/p>\n<p><span style=\"font-weight: 400;\">Design Tiziana Redavid for la mollla<\/span><span style=\"font-weight: 400;\"><br \/>\n<\/span><span style=\"font-weight: 400;\">Beware of imitations<\/span><\/p>\n","protected":false},"excerpt":{"rendered":"<p><span style=\"font-weight: 400;\">L\u00e4nge: 51 cm<\/span><\/p>\n","protected":false},"featured_media":6509,"template":"","meta":{"_uf_show_specific_survey":0,"_uf_disable_surveys":false},"product_brand":[],"product_cat":[165,179],"product_tag":[242],"class_list":{"0":"post-6505","1":"product","2":"type-product","3":"status-publish","4":"has-post-thumbnail","6":"product_cat-halsbaender","7":"product_cat-twist-de","8":"product_tag-online-de","9":"product_shipping_class-coll-saut-de","11":"first","12":"instock","13":"taxable","14":"shipping-taxable","15":"purchasable","16":"product-type-simple"},"yoast_head":"<!-- This site is optimized with the Yoast SEO plugin v26.8 - https:\/\/yoast.com\/product\/yoast-seo-wordpress\/ -->\n<title>Twist Kurze Halskette - la mollla\u00ae<\/title>\n<meta name=\"robots\" content=\"index, follow, max-snippet:-1, max-image-preview:large, max-video-preview:-1\" \/>\n<link rel=\"canonical\" href=\"https:\/\/lamollla.com\/de\/produkt\/twist-kurze-halskette\/\" \/>\n<meta property=\"og:locale\" content=\"de_DE\" \/>\n<meta property=\"og:type\" content=\"article\" \/>\n<meta property=\"og:title\" content=\"Twist Kurze Halskette - la mollla\u00ae\" \/>\n<meta property=\"og:description\" content=\"L\u00e4nge: 51 cm\" \/>\n<meta property=\"og:url\" content=\"https:\/\/lamollla.com\/de\/produkt\/twist-kurze-halskette\/\" \/>\n<meta property=\"og:site_name\" content=\"la mollla\u00ae\" \/>\n<meta property=\"article:publisher\" content=\"https:\/\/www.facebook.com\/TizianaRedavidAteliers\" \/>\n<meta property=\"article:modified_time\" content=\"2025-05-26T15:06:05+00:00\" \/>\n<meta property=\"og:image\" content=\"https:\/\/lamollla.com\/wp-content\/uploads\/2022\/11\/twist_short_necklace-model_web-1024x1024.jpg\" \/>\n\t<meta property=\"og:image:width\" content=\"1024\" \/>\n\t<meta property=\"og:image:height\" content=\"1024\" \/>\n\t<meta property=\"og:image:type\" content=\"image\/jpeg\" \/>\n<meta name=\"twitter:card\" content=\"summary_large_image\" \/>\n<meta name=\"twitter:label1\" content=\"Gesch\u00e4tzte Lesezeit\" \/>\n\t<meta name=\"twitter:data1\" content=\"1\u00a0Minute\" \/>\n<script type=\"application\/ld+json\" class=\"yoast-schema-graph\">{\"@context\":\"https:\/\/schema.org\",\"@graph\":[{\"@type\":\"WebPage\",\"@id\":\"https:\/\/lamollla.com\/de\/produkt\/twist-kurze-halskette\/\",\"url\":\"https:\/\/lamollla.com\/de\/produkt\/twist-kurze-halskette\/\",\"name\":\"Twist Kurze Halskette - la mollla\u00ae\",\"isPartOf\":{\"@id\":\"https:\/\/lamollla.com\/de\/#website\"},\"primaryImageOfPage\":{\"@id\":\"https:\/\/lamollla.com\/de\/produkt\/twist-kurze-halskette\/#primaryimage\"},\"image\":{\"@id\":\"https:\/\/lamollla.com\/de\/produkt\/twist-kurze-halskette\/#primaryimage\"},\"thumbnailUrl\":\"https:\/\/lamollla.com\/wp-content\/uploads\/2022\/11\/twist_short_necklace-model_web.jpg\",\"datePublished\":\"2022-11-14T17:36:49+00:00\",\"dateModified\":\"2025-05-26T15:06:05+00:00\",\"breadcrumb\":{\"@id\":\"https:\/\/lamollla.com\/de\/produkt\/twist-kurze-halskette\/#breadcrumb\"},\"inLanguage\":\"de\",\"potentialAction\":[{\"@type\":\"ReadAction\",\"target\":[\"https:\/\/lamollla.com\/de\/produkt\/twist-kurze-halskette\/\"]}]},{\"@type\":\"ImageObject\",\"inLanguage\":\"de\",\"@id\":\"https:\/\/lamollla.com\/de\/produkt\/twist-kurze-halskette\/#primaryimage\",\"url\":\"https:\/\/lamollla.com\/wp-content\/uploads\/2022\/11\/twist_short_necklace-model_web.jpg\",\"contentUrl\":\"https:\/\/lamollla.com\/wp-content\/uploads\/2022\/11\/twist_short_necklace-model_web.jpg\",\"width\":2000,\"height\":2000},{\"@type\":\"BreadcrumbList\",\"@id\":\"https:\/\/lamollla.com\/de\/produkt\/twist-kurze-halskette\/#breadcrumb\",\"itemListElement\":[{\"@type\":\"ListItem\",\"position\":1,\"name\":\"Home\",\"item\":\"https:\/\/lamollla.com\/de\/\"},{\"@type\":\"ListItem\",\"position\":2,\"name\":\"Negozio\",\"item\":\"https:\/\/lamollla.com\/de\/negozio\/\"},{\"@type\":\"ListItem\",\"position\":3,\"name\":\"Twist Kurze Halskette\"}]},{\"@type\":\"WebSite\",\"@id\":\"https:\/\/lamollla.com\/de\/#website\",\"url\":\"https:\/\/lamollla.com\/de\/\",\"name\":\"la mollla\u00ae\",\"description\":\"\",\"publisher\":{\"@id\":\"https:\/\/lamollla.com\/de\/#organization\"},\"potentialAction\":[{\"@type\":\"SearchAction\",\"target\":{\"@type\":\"EntryPoint\",\"urlTemplate\":\"https:\/\/lamollla.com\/de\/?s={search_term_string}\"},\"query-input\":{\"@type\":\"PropertyValueSpecification\",\"valueRequired\":true,\"valueName\":\"search_term_string\"}}],\"inLanguage\":\"de\"},{\"@type\":\"Organization\",\"@id\":\"https:\/\/lamollla.com\/de\/#organization\",\"name\":\"Soci\u00e9t\u00e9 Eolienne\",\"url\":\"https:\/\/lamollla.com\/de\/\",\"logo\":{\"@type\":\"ImageObject\",\"inLanguage\":\"de\",\"@id\":\"https:\/\/lamollla.com\/de\/#\/schema\/logo\/image\/\",\"url\":\"https:\/\/lamollla.com\/wp-content\/uploads\/2020\/09\/logo-lamollla@2x.png\",\"contentUrl\":\"https:\/\/lamollla.com\/wp-content\/uploads\/2020\/09\/logo-lamollla@2x.png\",\"width\":968,\"height\":212,\"caption\":\"Soci\u00e9t\u00e9 Eolienne\"},\"image\":{\"@id\":\"https:\/\/lamollla.com\/de\/#\/schema\/logo\/image\/\"},\"sameAs\":[\"https:\/\/www.facebook.com\/TizianaRedavidAteliers\",\"https:\/\/www.instagram.com\/tizianaredavidesign\/\",\"https:\/\/www.pinterest.it\/tizianaredavid\/\"]}]}<\/script>\n<!-- \/ Yoast SEO plugin. -->","yoast_head_json":{"title":"Twist Kurze Halskette - la mollla\u00ae","robots":{"index":"index","follow":"follow","max-snippet":"max-snippet:-1","max-image-preview":"max-image-preview:large","max-video-preview":"max-video-preview:-1"},"canonical":"https:\/\/lamollla.com\/de\/produkt\/twist-kurze-halskette\/","og_locale":"de_DE","og_type":"article","og_title":"Twist Kurze Halskette - la mollla\u00ae","og_description":"L\u00e4nge: 51 cm","og_url":"https:\/\/lamollla.com\/de\/produkt\/twist-kurze-halskette\/","og_site_name":"la mollla\u00ae","article_publisher":"https:\/\/www.facebook.com\/TizianaRedavidAteliers","article_modified_time":"2025-05-26T15:06:05+00:00","og_image":[{"width":1024,"height":1024,"url":"https:\/\/lamollla.com\/wp-content\/uploads\/2022\/11\/twist_short_necklace-model_web-1024x1024.jpg","type":"image\/jpeg"}],"twitter_card":"summary_large_image","twitter_misc":{"Gesch\u00e4tzte Lesezeit":"1\u00a0Minute"},"schema":{"@context":"https:\/\/schema.org","@graph":[{"@type":"WebPage","@id":"https:\/\/lamollla.com\/de\/produkt\/twist-kurze-halskette\/","url":"https:\/\/lamollla.com\/de\/produkt\/twist-kurze-halskette\/","name":"Twist Kurze Halskette - la mollla\u00ae","isPartOf":{"@id":"https:\/\/lamollla.com\/de\/#website"},"primaryImageOfPage":{"@id":"https:\/\/lamollla.com\/de\/produkt\/twist-kurze-halskette\/#primaryimage"},"image":{"@id":"https:\/\/lamollla.com\/de\/produkt\/twist-kurze-halskette\/#primaryimage"},"thumbnailUrl":"https:\/\/lamollla.com\/wp-content\/uploads\/2022\/11\/twist_short_necklace-model_web.jpg","datePublished":"2022-11-14T17:36:49+00:00","dateModified":"2025-05-26T15:06:05+00:00","breadcrumb":{"@id":"https:\/\/lamollla.com\/de\/produkt\/twist-kurze-halskette\/#breadcrumb"},"inLanguage":"de","potentialAction":[{"@type":"ReadAction","target":["https:\/\/lamollla.com\/de\/produkt\/twist-kurze-halskette\/"]}]},{"@type":"ImageObject","inLanguage":"de","@id":"https:\/\/lamollla.com\/de\/produkt\/twist-kurze-halskette\/#primaryimage","url":"https:\/\/lamollla.com\/wp-content\/uploads\/2022\/11\/twist_short_necklace-model_web.jpg","contentUrl":"https:\/\/lamollla.com\/wp-content\/uploads\/2022\/11\/twist_short_necklace-model_web.jpg","width":2000,"height":2000},{"@type":"BreadcrumbList","@id":"https:\/\/lamollla.com\/de\/produkt\/twist-kurze-halskette\/#breadcrumb","itemListElement":[{"@type":"ListItem","position":1,"name":"Home","item":"https:\/\/lamollla.com\/de\/"},{"@type":"ListItem","position":2,"name":"Negozio","item":"https:\/\/lamollla.com\/de\/negozio\/"},{"@type":"ListItem","position":3,"name":"Twist Kurze Halskette"}]},{"@type":"WebSite","@id":"https:\/\/lamollla.com\/de\/#website","url":"https:\/\/lamollla.com\/de\/","name":"la mollla\u00ae","description":"","publisher":{"@id":"https:\/\/lamollla.com\/de\/#organization"},"potentialAction":[{"@type":"SearchAction","target":{"@type":"EntryPoint","urlTemplate":"https:\/\/lamollla.com\/de\/?s={search_term_string}"},"query-input":{"@type":"PropertyValueSpecification","valueRequired":true,"valueName":"search_term_string"}}],"inLanguage":"de"},{"@type":"Organization","@id":"https:\/\/lamollla.com\/de\/#organization","name":"Soci\u00e9t\u00e9 Eolienne","url":"https:\/\/lamollla.com\/de\/","logo":{"@type":"ImageObject","inLanguage":"de","@id":"https:\/\/lamollla.com\/de\/#\/schema\/logo\/image\/","url":"https:\/\/lamollla.com\/wp-content\/uploads\/2020\/09\/logo-lamollla@2x.png","contentUrl":"https:\/\/lamollla.com\/wp-content\/uploads\/2020\/09\/logo-lamollla@2x.png","width":968,"height":212,"caption":"Soci\u00e9t\u00e9 Eolienne"},"image":{"@id":"https:\/\/lamollla.com\/de\/#\/schema\/logo\/image\/"},"sameAs":["https:\/\/www.facebook.com\/TizianaRedavidAteliers","https:\/\/www.instagram.com\/tizianaredavidesign\/","https:\/\/www.pinterest.it\/tizianaredavid\/"]}]}},"_links":{"self":[{"href":"https:\/\/lamollla.com\/de\/wp-json\/wp\/v2\/product\/6505","targetHints":{"allow":["GET"]}}],"collection":[{"href":"https:\/\/lamollla.com\/de\/wp-json\/wp\/v2\/product"}],"about":[{"href":"https:\/\/lamollla.com\/de\/wp-json\/wp\/v2\/types\/product"}],"wp:featuredmedia":[{"embeddable":true,"href":"https:\/\/lamollla.com\/de\/wp-json\/wp\/v2\/media\/6509"}],"wp:attachment":[{"href":"https:\/\/lamollla.com\/de\/wp-json\/wp\/v2\/media?parent=6505"}],"wp:term":[{"taxonomy":"product_brand","embeddable":true,"href":"https:\/\/lamollla.com\/de\/wp-json\/wp\/v2\/product_brand?post=6505"},{"taxonomy":"product_cat","embeddable":true,"href":"https:\/\/lamollla.com\/de\/wp-json\/wp\/v2\/product_cat?post=6505"},{"taxonomy":"product_tag","embeddable":true,"href":"https:\/\/lamollla.com\/de\/wp-json\/wp\/v2\/product_tag?post=6505"}],"curies":[{"name":"wp","href":"https:\/\/api.w.org\/{rel}","templated":true}]}}