{"id":4807,"date":"2020-08-01T14:48:18","date_gmt":"2021-12-05T23:20:23","guid":{"rendered":"https:\/\/lamollla.com\/product\/porc-epic-ring-2\/"},"modified":"2024-12-16T15:32:03","modified_gmt":"2024-12-16T14:32:03","slug":"porc-epic-ring","status":"publish","type":"product","link":"https:\/\/lamollla.com\/de\/produkt\/porc-epic-ring\/","title":{"rendered":"Porc \u00e9pic Ring"},"content":{"rendered":"<p>Ein Igel, ein Stachelschwein, ein Seestern, eine wertvolle Koralle: Die Familie PORC EPIC ist aus der Beobachtung der Natur und der Tierwelt und der Liebe zum Leben und seinen Formen entstanden.<br \/>\nBeim \u00dcbergang von der Natur zur Fabrik wollten wir den Unterschied zwischen Sein und Schein herausstellen.<br \/>\nIn der Tat kann dieser Schmuck auf den ersten Blick spitz, feindselig und aggressiv wirken.<br \/>\nDie magische Wirkung entfaltet sich beim Anfassen: erst durch Ber\u00fchrung erf\u00e4hrt man, wie weich und samtig diese Schmuckst\u00fccke sind.<br \/>\nPORC EPIC besticht durch Aussagekraft. Wer diesen Schmuck tr\u00e4gt, vermittelt eine pr\u00e4zise Botschaft: Kraft und Sanftheit k\u00f6nnen in jeder Seele koexistieren, in Gemeinschaft mit der Natur, die uns umgibt, und das zu jeder Tageszeit.<br \/>\nUnser Edelstahl- und Magnetverschluss rundet das Schmuckst\u00fcck ab: mit dem Markennamen versehen und St\u00fcck f\u00fcr St\u00fcck speziell entworfen, hergestellt, graviert und montiert.<\/p>\n<p>Authentisch, Made in Italy und France, wird unser Schmuck mit einem hohen Produktionsniveau in Turin und Paris mit Hilfe unseres langj\u00e4hrigen Netzwerks von italienischen Lieferanten hergestellt.<br \/>\nSie sind das Ergebnis eines strengen Industriedesigns.<br \/>\nMit der richtigen Pflege sollten sie ewig halten.<br \/>\nJeder Ring besteht aus originalen, hochwertigen Federn aus reinem Edelstahl.<br \/>\nVorsicht vor Nachahmungen.<\/p>\n","protected":false},"excerpt":{"rendered":"<p>Ein Igel, ein Stachelschwein, ein Seestern, eine wertvolle Koralle: Die Familie PORC EPIC ist aus der Beobachtung der Natur und der Tierwelt und der Liebe zum Leben und seinen Formen entstanden. Beim \u00dcbergang von der Natur zur Fabrik wollten wir den Unterschied zwischen Sein und Schein herausstellen. In der Tat kann dieser Schmuck auf den &#8230; <a title=\"Porc \u00e9pic Ring\" class=\"read-more\" href=\"https:\/\/lamollla.com\/de\/produkt\/porc-epic-ring\/\" aria-label=\"Mehr Informationen \u00fcber Porc \u00e9pic Ring\">Weiterlesen &#8230;<\/a><\/p>\n","protected":false},"featured_media":5280,"template":"","meta":{"_uf_show_specific_survey":0,"_uf_disable_surveys":false},"product_brand":[],"product_cat":[170,184],"product_tag":[242],"class_list":{"0":"post-4807","1":"product","2":"type-product","3":"status-publish","4":"has-post-thumbnail","6":"product_cat-porc-epic-de","7":"product_cat-ringe","8":"product_tag-online-de","9":"product_shipping_class-bo-bag-pend-de","11":"first","12":"instock","13":"taxable","14":"shipping-taxable","15":"purchasable","16":"product-type-variable"},"yoast_head":"<!-- This site is optimized with the Yoast SEO plugin v26.8 - https:\/\/yoast.com\/product\/yoast-seo-wordpress\/ -->\n<title>Porc \u00e9pic Ring - la mollla\u00ae<\/title>\n<meta name=\"robots\" content=\"index, follow, max-snippet:-1, max-image-preview:large, max-video-preview:-1\" \/>\n<link rel=\"canonical\" href=\"https:\/\/lamollla.com\/de\/produkt\/porc-epic-ring\/\" \/>\n<meta property=\"og:locale\" content=\"de_DE\" \/>\n<meta property=\"og:type\" content=\"article\" \/>\n<meta property=\"og:title\" content=\"Porc \u00e9pic Ring - la mollla\u00ae\" \/>\n<meta property=\"og:description\" content=\"Ein Igel, ein Stachelschwein, ein Seestern, eine wertvolle Koralle: Die Familie PORC EPIC ist aus der Beobachtung der Natur und der Tierwelt und der Liebe zum Leben und seinen Formen entstanden. Beim \u00dcbergang von der Natur zur Fabrik wollten wir den Unterschied zwischen Sein und Schein herausstellen. In der Tat kann dieser Schmuck auf den ... Weiterlesen ...\" \/>\n<meta property=\"og:url\" content=\"https:\/\/lamollla.com\/de\/produkt\/porc-epic-ring\/\" \/>\n<meta property=\"og:site_name\" content=\"la mollla\u00ae\" \/>\n<meta property=\"article:publisher\" content=\"https:\/\/www.facebook.com\/TizianaRedavidAteliers\" \/>\n<meta property=\"article:modified_time\" content=\"2024-12-16T14:32:03+00:00\" \/>\n<meta property=\"og:image\" content=\"https:\/\/lamollla.com\/wp-content\/uploads\/2020\/07\/porcbag_lamollla_0915web.jpg\" \/>\n\t<meta property=\"og:image:width\" content=\"1333\" \/>\n\t<meta property=\"og:image:height\" content=\"2000\" \/>\n\t<meta property=\"og:image:type\" content=\"image\/jpeg\" \/>\n<meta name=\"twitter:card\" content=\"summary_large_image\" \/>\n<meta name=\"twitter:label1\" content=\"Gesch\u00e4tzte Lesezeit\" \/>\n\t<meta name=\"twitter:data1\" content=\"1\u00a0Minute\" \/>\n<script type=\"application\/ld+json\" class=\"yoast-schema-graph\">{\"@context\":\"https:\/\/schema.org\",\"@graph\":[{\"@type\":\"WebPage\",\"@id\":\"https:\/\/lamollla.com\/de\/produkt\/porc-epic-ring\/\",\"url\":\"https:\/\/lamollla.com\/de\/produkt\/porc-epic-ring\/\",\"name\":\"Porc \u00e9pic Ring - la mollla\u00ae\",\"isPartOf\":{\"@id\":\"https:\/\/lamollla.com\/de\/#website\"},\"primaryImageOfPage\":{\"@id\":\"https:\/\/lamollla.com\/de\/produkt\/porc-epic-ring\/#primaryimage\"},\"image\":{\"@id\":\"https:\/\/lamollla.com\/de\/produkt\/porc-epic-ring\/#primaryimage\"},\"thumbnailUrl\":\"https:\/\/lamollla.com\/wp-content\/uploads\/2020\/07\/porcbag_lamollla_0915web.jpg\",\"datePublished\":\"2021-12-05T23:20:23+00:00\",\"dateModified\":\"2024-12-16T14:32:03+00:00\",\"breadcrumb\":{\"@id\":\"https:\/\/lamollla.com\/de\/produkt\/porc-epic-ring\/#breadcrumb\"},\"inLanguage\":\"de\",\"potentialAction\":[{\"@type\":\"ReadAction\",\"target\":[\"https:\/\/lamollla.com\/de\/produkt\/porc-epic-ring\/\"]}]},{\"@type\":\"ImageObject\",\"inLanguage\":\"de\",\"@id\":\"https:\/\/lamollla.com\/de\/produkt\/porc-epic-ring\/#primaryimage\",\"url\":\"https:\/\/lamollla.com\/wp-content\/uploads\/2020\/07\/porcbag_lamollla_0915web.jpg\",\"contentUrl\":\"https:\/\/lamollla.com\/wp-content\/uploads\/2020\/07\/porcbag_lamollla_0915web.jpg\",\"width\":1333,\"height\":2000},{\"@type\":\"BreadcrumbList\",\"@id\":\"https:\/\/lamollla.com\/de\/produkt\/porc-epic-ring\/#breadcrumb\",\"itemListElement\":[{\"@type\":\"ListItem\",\"position\":1,\"name\":\"Home\",\"item\":\"https:\/\/lamollla.com\/de\/\"},{\"@type\":\"ListItem\",\"position\":2,\"name\":\"Negozio\",\"item\":\"https:\/\/lamollla.com\/de\/negozio\/\"},{\"@type\":\"ListItem\",\"position\":3,\"name\":\"Porc \u00e9pic Ring\"}]},{\"@type\":\"WebSite\",\"@id\":\"https:\/\/lamollla.com\/de\/#website\",\"url\":\"https:\/\/lamollla.com\/de\/\",\"name\":\"la mollla\u00ae\",\"description\":\"\",\"publisher\":{\"@id\":\"https:\/\/lamollla.com\/de\/#organization\"},\"potentialAction\":[{\"@type\":\"SearchAction\",\"target\":{\"@type\":\"EntryPoint\",\"urlTemplate\":\"https:\/\/lamollla.com\/de\/?s={search_term_string}\"},\"query-input\":{\"@type\":\"PropertyValueSpecification\",\"valueRequired\":true,\"valueName\":\"search_term_string\"}}],\"inLanguage\":\"de\"},{\"@type\":\"Organization\",\"@id\":\"https:\/\/lamollla.com\/de\/#organization\",\"name\":\"Soci\u00e9t\u00e9 Eolienne\",\"url\":\"https:\/\/lamollla.com\/de\/\",\"logo\":{\"@type\":\"ImageObject\",\"inLanguage\":\"de\",\"@id\":\"https:\/\/lamollla.com\/de\/#\/schema\/logo\/image\/\",\"url\":\"https:\/\/lamollla.com\/wp-content\/uploads\/2020\/09\/logo-lamollla@2x.png\",\"contentUrl\":\"https:\/\/lamollla.com\/wp-content\/uploads\/2020\/09\/logo-lamollla@2x.png\",\"width\":968,\"height\":212,\"caption\":\"Soci\u00e9t\u00e9 Eolienne\"},\"image\":{\"@id\":\"https:\/\/lamollla.com\/de\/#\/schema\/logo\/image\/\"},\"sameAs\":[\"https:\/\/www.facebook.com\/TizianaRedavidAteliers\",\"https:\/\/www.instagram.com\/tizianaredavidesign\/\",\"https:\/\/www.pinterest.it\/tizianaredavid\/\"]}]}<\/script>\n<!-- \/ Yoast SEO plugin. -->","yoast_head_json":{"title":"Porc \u00e9pic Ring - la mollla\u00ae","robots":{"index":"index","follow":"follow","max-snippet":"max-snippet:-1","max-image-preview":"max-image-preview:large","max-video-preview":"max-video-preview:-1"},"canonical":"https:\/\/lamollla.com\/de\/produkt\/porc-epic-ring\/","og_locale":"de_DE","og_type":"article","og_title":"Porc \u00e9pic Ring - la mollla\u00ae","og_description":"Ein Igel, ein Stachelschwein, ein Seestern, eine wertvolle Koralle: Die Familie PORC EPIC ist aus der Beobachtung der Natur und der Tierwelt und der Liebe zum Leben und seinen Formen entstanden. Beim \u00dcbergang von der Natur zur Fabrik wollten wir den Unterschied zwischen Sein und Schein herausstellen. In der Tat kann dieser Schmuck auf den ... Weiterlesen ...","og_url":"https:\/\/lamollla.com\/de\/produkt\/porc-epic-ring\/","og_site_name":"la mollla\u00ae","article_publisher":"https:\/\/www.facebook.com\/TizianaRedavidAteliers","article_modified_time":"2024-12-16T14:32:03+00:00","og_image":[{"width":1333,"height":2000,"url":"https:\/\/lamollla.com\/wp-content\/uploads\/2020\/07\/porcbag_lamollla_0915web.jpg","type":"image\/jpeg"}],"twitter_card":"summary_large_image","twitter_misc":{"Gesch\u00e4tzte Lesezeit":"1\u00a0Minute"},"schema":{"@context":"https:\/\/schema.org","@graph":[{"@type":"WebPage","@id":"https:\/\/lamollla.com\/de\/produkt\/porc-epic-ring\/","url":"https:\/\/lamollla.com\/de\/produkt\/porc-epic-ring\/","name":"Porc \u00e9pic Ring - la mollla\u00ae","isPartOf":{"@id":"https:\/\/lamollla.com\/de\/#website"},"primaryImageOfPage":{"@id":"https:\/\/lamollla.com\/de\/produkt\/porc-epic-ring\/#primaryimage"},"image":{"@id":"https:\/\/lamollla.com\/de\/produkt\/porc-epic-ring\/#primaryimage"},"thumbnailUrl":"https:\/\/lamollla.com\/wp-content\/uploads\/2020\/07\/porcbag_lamollla_0915web.jpg","datePublished":"2021-12-05T23:20:23+00:00","dateModified":"2024-12-16T14:32:03+00:00","breadcrumb":{"@id":"https:\/\/lamollla.com\/de\/produkt\/porc-epic-ring\/#breadcrumb"},"inLanguage":"de","potentialAction":[{"@type":"ReadAction","target":["https:\/\/lamollla.com\/de\/produkt\/porc-epic-ring\/"]}]},{"@type":"ImageObject","inLanguage":"de","@id":"https:\/\/lamollla.com\/de\/produkt\/porc-epic-ring\/#primaryimage","url":"https:\/\/lamollla.com\/wp-content\/uploads\/2020\/07\/porcbag_lamollla_0915web.jpg","contentUrl":"https:\/\/lamollla.com\/wp-content\/uploads\/2020\/07\/porcbag_lamollla_0915web.jpg","width":1333,"height":2000},{"@type":"BreadcrumbList","@id":"https:\/\/lamollla.com\/de\/produkt\/porc-epic-ring\/#breadcrumb","itemListElement":[{"@type":"ListItem","position":1,"name":"Home","item":"https:\/\/lamollla.com\/de\/"},{"@type":"ListItem","position":2,"name":"Negozio","item":"https:\/\/lamollla.com\/de\/negozio\/"},{"@type":"ListItem","position":3,"name":"Porc \u00e9pic Ring"}]},{"@type":"WebSite","@id":"https:\/\/lamollla.com\/de\/#website","url":"https:\/\/lamollla.com\/de\/","name":"la mollla\u00ae","description":"","publisher":{"@id":"https:\/\/lamollla.com\/de\/#organization"},"potentialAction":[{"@type":"SearchAction","target":{"@type":"EntryPoint","urlTemplate":"https:\/\/lamollla.com\/de\/?s={search_term_string}"},"query-input":{"@type":"PropertyValueSpecification","valueRequired":true,"valueName":"search_term_string"}}],"inLanguage":"de"},{"@type":"Organization","@id":"https:\/\/lamollla.com\/de\/#organization","name":"Soci\u00e9t\u00e9 Eolienne","url":"https:\/\/lamollla.com\/de\/","logo":{"@type":"ImageObject","inLanguage":"de","@id":"https:\/\/lamollla.com\/de\/#\/schema\/logo\/image\/","url":"https:\/\/lamollla.com\/wp-content\/uploads\/2020\/09\/logo-lamollla@2x.png","contentUrl":"https:\/\/lamollla.com\/wp-content\/uploads\/2020\/09\/logo-lamollla@2x.png","width":968,"height":212,"caption":"Soci\u00e9t\u00e9 Eolienne"},"image":{"@id":"https:\/\/lamollla.com\/de\/#\/schema\/logo\/image\/"},"sameAs":["https:\/\/www.facebook.com\/TizianaRedavidAteliers","https:\/\/www.instagram.com\/tizianaredavidesign\/","https:\/\/www.pinterest.it\/tizianaredavid\/"]}]}},"_links":{"self":[{"href":"https:\/\/lamollla.com\/de\/wp-json\/wp\/v2\/product\/4807","targetHints":{"allow":["GET"]}}],"collection":[{"href":"https:\/\/lamollla.com\/de\/wp-json\/wp\/v2\/product"}],"about":[{"href":"https:\/\/lamollla.com\/de\/wp-json\/wp\/v2\/types\/product"}],"wp:featuredmedia":[{"embeddable":true,"href":"https:\/\/lamollla.com\/de\/wp-json\/wp\/v2\/media\/5280"}],"wp:attachment":[{"href":"https:\/\/lamollla.com\/de\/wp-json\/wp\/v2\/media?parent=4807"}],"wp:term":[{"taxonomy":"product_brand","embeddable":true,"href":"https:\/\/lamollla.com\/de\/wp-json\/wp\/v2\/product_brand?post=4807"},{"taxonomy":"product_cat","embeddable":true,"href":"https:\/\/lamollla.com\/de\/wp-json\/wp\/v2\/product_cat?post=4807"},{"taxonomy":"product_tag","embeddable":true,"href":"https:\/\/lamollla.com\/de\/wp-json\/wp\/v2\/product_tag?post=4807"}],"curies":[{"name":"wp","href":"https:\/\/api.w.org\/{rel}","templated":true}]}}