{"id":4801,"date":"2020-08-01T15:11:27","date_gmt":"2021-12-05T23:17:37","guid":{"rendered":"https:\/\/lamollla.com\/product\/tiziana-ringe\/"},"modified":"2025-05-26T16:18:30","modified_gmt":"2025-05-26T14:18:30","slug":"tiziana-ring","status":"publish","type":"product","link":"https:\/\/lamollla.com\/de\/produkt\/tiziana-ring\/","title":{"rendered":"Tiziana Ring \u2013 Struktur und Eleganz"},"content":{"rendered":"<p><span style=\"font-weight: 400;\">Entworfen im Jahr 1998<\/span><\/p>\n<ul>\n<li><strong>Gr\u00f6\u00dfe M entspricht der europ\u00e4ischen Gr\u00f6\u00dfe 54\/55.<\/strong><\/li>\n<li><strong>Gr\u00f6\u00dfe L entspricht der europ\u00e4ischen Gr\u00f6\u00dfe 58\/59.<\/strong><\/li>\n<\/ul>\n<p><span style=\"font-weight: 400;\">Bitte \u00fcberpr\u00fcfen Sie vor dem Versand Ihrer Bestellung sorgf\u00e4ltig Ihre Ringgr\u00f6\u00dfe, da der <\/span><b>Tiziana Ring<\/b><span style=\"font-weight: 400;\">, bestehend aus 10 Federn, eher eng sitzt.<\/span><span style=\"font-weight: 400;\"><br \/>\n<\/span><span style=\"font-weight: 400;\">Die Gr\u00f6\u00dfe Small ist nicht in unserem Katalog enthalten, aber unsere Standardbezeichnungen \u201eMedium\u201c und \u201eLarge\u201c entsprechen den EU-Gr\u00f6\u00dfen 54\/55 bzw. 58\/59.<\/span><span style=\"font-weight: 400;\"><br \/>\n<\/span><span style=\"font-weight: 400;\">Beachten Sie auch, dass unser Ring \u2013 im Gegensatz zu einem traditionellen Modell \u2013 eine r\u00f6hrenf\u00f6rmige Form mit einer H\u00f6he von etwa 1,3 cm hat, die durchschnittlich bis zur Mitte des Fingers reicht.<\/span><\/p>\n<p><span style=\"font-weight: 400;\">Alle Gr\u00f6\u00dfen des <\/span><b>Tiziana Rings<\/b><span style=\"font-weight: 400;\"> sind leicht anpassbar, da die Federn elastisch sind und sich wunderbar Ihrem K\u00f6rper anpassen\u2026 erwarten Sie keine Wunder \u2013 aber fast!<\/span><\/p>\n<p><span style=\"font-weight: 400;\">Tiziana Redavid entwickelte diesen Ring aus der Idee feiner Str\u00e4nge, die sich vervielfachen und Ihrer Hand ein markantes, originelles und zugleich schlichtes Objekt schenken: ein gro\u00dfartiger 14-mm-Turm auf Ihrem Finger.<\/span><\/p>\n<p><b>Material<\/b><b><br \/>\n<\/b><span style=\"font-weight: 400;\">Gl\u00e4nzender und satinierter Edelstahl<\/span><span style=\"font-weight: 400;\"><br \/>\n<\/span><span style=\"font-weight: 400;\">Geformt in Form von Federn<\/span><\/p>\n<p><span style=\"font-weight: 400;\">Authentisch, hergestellt in Italien und Frankreich: Unsere Schmuckst\u00fccke werden mit h\u00f6chstem Anspruch in Turin und Paris gefertigt \u2013 mit Hilfe unseres langj\u00e4hrigen Netzwerks italienischer Zulieferer.<\/span><span style=\"font-weight: 400;\"><br \/>\n<\/span><span style=\"font-weight: 400;\">Entstanden aus strengem Industriedesign.<\/span><span style=\"font-weight: 400;\"><br \/>\n<\/span><span style=\"font-weight: 400;\">Bei richtiger Pflege ist der Ring f\u00fcr die Ewigkeit gemacht.<\/span><span style=\"font-weight: 400;\"><br \/>\n<\/span><span style=\"font-weight: 400;\">Jeder Ring besteht aus originalen, hochwertigen Federn aus reinem Edelstahl.<\/span><\/p>\n<p><span style=\"font-weight: 400;\">Design Tiziana Redavid for la mollla in 1998<\/span><span style=\"font-weight: 400;\"><br \/>\n<\/span><span style=\"font-weight: 400;\">Beware of imitations<\/span><\/p>\n","protected":false},"excerpt":{"rendered":"<p><span style=\"font-weight: 400;\">Set aus 10 Edelstahlfedern.<\/span><span style=\"font-weight: 400;\"><br \/>\n<\/span><span style=\"font-weight: 400;\">Gr\u00f6\u00dfe M: entspricht EU-Gr\u00f6\u00dfe 54\/55<\/span><span style=\"font-weight: 400;\"><br \/>\n<\/span><span style=\"font-weight: 400;\">Gr\u00f6\u00dfe L: entspricht EU-Gr\u00f6\u00dfe 58\/59<\/span><\/p>\n","protected":false},"featured_media":13302,"template":"","meta":{"_uf_show_specific_survey":0,"_uf_disable_surveys":false},"product_brand":[],"product_cat":[184,178],"product_tag":[242],"class_list":{"0":"post-4801","1":"product","2":"type-product","3":"status-publish","4":"has-post-thumbnail","6":"product_cat-ringe","7":"product_cat-tiziana-de","8":"product_tag-online-de","9":"product_shipping_class-bo-bag-pend-de","11":"first","12":"instock","13":"taxable","14":"shipping-taxable","15":"purchasable","16":"product-type-variable"},"yoast_head":"<!-- This site is optimized with the Yoast SEO plugin v26.8 - https:\/\/yoast.com\/product\/yoast-seo-wordpress\/ -->\n<title>Tiziana Ring \u2013 Struktur und Eleganz - la mollla\u00ae<\/title>\n<meta name=\"robots\" content=\"index, follow, max-snippet:-1, max-image-preview:large, max-video-preview:-1\" \/>\n<link rel=\"canonical\" href=\"https:\/\/lamollla.com\/de\/produkt\/tiziana-ring\/\" \/>\n<meta property=\"og:locale\" content=\"de_DE\" \/>\n<meta property=\"og:type\" content=\"article\" \/>\n<meta property=\"og:title\" content=\"Tiziana Ring \u2013 Struktur und Eleganz - la mollla\u00ae\" \/>\n<meta property=\"og:description\" content=\"Set aus 10 Edelstahlfedern. Gr\u00f6\u00dfe M: entspricht EU-Gr\u00f6\u00dfe 54\/55 Gr\u00f6\u00dfe L: entspricht EU-Gr\u00f6\u00dfe 58\/59\" \/>\n<meta property=\"og:url\" content=\"https:\/\/lamollla.com\/de\/produkt\/tiziana-ring\/\" \/>\n<meta property=\"og:site_name\" content=\"la mollla\u00ae\" \/>\n<meta property=\"article:publisher\" content=\"https:\/\/www.facebook.com\/TizianaRedavidAteliers\" \/>\n<meta property=\"article:modified_time\" content=\"2025-05-26T14:18:30+00:00\" \/>\n<meta property=\"og:image\" content=\"https:\/\/lamollla.com\/wp-content\/uploads\/2020\/08\/035__K7A2488-1-web-682x1024.jpg\" \/>\n\t<meta property=\"og:image:width\" content=\"682\" \/>\n\t<meta property=\"og:image:height\" content=\"1024\" \/>\n\t<meta property=\"og:image:type\" content=\"image\/jpeg\" \/>\n<meta name=\"twitter:card\" content=\"summary_large_image\" \/>\n<meta name=\"twitter:label1\" content=\"Gesch\u00e4tzte Lesezeit\" \/>\n\t<meta name=\"twitter:data1\" content=\"2\u00a0Minuten\" \/>\n<script type=\"application\/ld+json\" class=\"yoast-schema-graph\">{\"@context\":\"https:\/\/schema.org\",\"@graph\":[{\"@type\":\"WebPage\",\"@id\":\"https:\/\/lamollla.com\/de\/produkt\/tiziana-ring\/\",\"url\":\"https:\/\/lamollla.com\/de\/produkt\/tiziana-ring\/\",\"name\":\"Tiziana Ring \u2013 Struktur und Eleganz - la mollla\u00ae\",\"isPartOf\":{\"@id\":\"https:\/\/lamollla.com\/de\/#website\"},\"primaryImageOfPage\":{\"@id\":\"https:\/\/lamollla.com\/de\/produkt\/tiziana-ring\/#primaryimage\"},\"image\":{\"@id\":\"https:\/\/lamollla.com\/de\/produkt\/tiziana-ring\/#primaryimage\"},\"thumbnailUrl\":\"https:\/\/lamollla.com\/wp-content\/uploads\/2020\/08\/035__K7A2488-1-web.jpg\",\"datePublished\":\"2021-12-05T23:17:37+00:00\",\"dateModified\":\"2025-05-26T14:18:30+00:00\",\"breadcrumb\":{\"@id\":\"https:\/\/lamollla.com\/de\/produkt\/tiziana-ring\/#breadcrumb\"},\"inLanguage\":\"de\",\"potentialAction\":[{\"@type\":\"ReadAction\",\"target\":[\"https:\/\/lamollla.com\/de\/produkt\/tiziana-ring\/\"]}]},{\"@type\":\"ImageObject\",\"inLanguage\":\"de\",\"@id\":\"https:\/\/lamollla.com\/de\/produkt\/tiziana-ring\/#primaryimage\",\"url\":\"https:\/\/lamollla.com\/wp-content\/uploads\/2020\/08\/035__K7A2488-1-web.jpg\",\"contentUrl\":\"https:\/\/lamollla.com\/wp-content\/uploads\/2020\/08\/035__K7A2488-1-web.jpg\",\"width\":1333,\"height\":2000},{\"@type\":\"BreadcrumbList\",\"@id\":\"https:\/\/lamollla.com\/de\/produkt\/tiziana-ring\/#breadcrumb\",\"itemListElement\":[{\"@type\":\"ListItem\",\"position\":1,\"name\":\"Home\",\"item\":\"https:\/\/lamollla.com\/de\/\"},{\"@type\":\"ListItem\",\"position\":2,\"name\":\"Negozio\",\"item\":\"https:\/\/lamollla.com\/de\/negozio\/\"},{\"@type\":\"ListItem\",\"position\":3,\"name\":\"Tiziana Ring \u2013 Struktur und Eleganz\"}]},{\"@type\":\"WebSite\",\"@id\":\"https:\/\/lamollla.com\/de\/#website\",\"url\":\"https:\/\/lamollla.com\/de\/\",\"name\":\"la mollla\u00ae\",\"description\":\"\",\"publisher\":{\"@id\":\"https:\/\/lamollla.com\/de\/#organization\"},\"potentialAction\":[{\"@type\":\"SearchAction\",\"target\":{\"@type\":\"EntryPoint\",\"urlTemplate\":\"https:\/\/lamollla.com\/de\/?s={search_term_string}\"},\"query-input\":{\"@type\":\"PropertyValueSpecification\",\"valueRequired\":true,\"valueName\":\"search_term_string\"}}],\"inLanguage\":\"de\"},{\"@type\":\"Organization\",\"@id\":\"https:\/\/lamollla.com\/de\/#organization\",\"name\":\"Soci\u00e9t\u00e9 Eolienne\",\"url\":\"https:\/\/lamollla.com\/de\/\",\"logo\":{\"@type\":\"ImageObject\",\"inLanguage\":\"de\",\"@id\":\"https:\/\/lamollla.com\/de\/#\/schema\/logo\/image\/\",\"url\":\"https:\/\/lamollla.com\/wp-content\/uploads\/2020\/09\/logo-lamollla@2x.png\",\"contentUrl\":\"https:\/\/lamollla.com\/wp-content\/uploads\/2020\/09\/logo-lamollla@2x.png\",\"width\":968,\"height\":212,\"caption\":\"Soci\u00e9t\u00e9 Eolienne\"},\"image\":{\"@id\":\"https:\/\/lamollla.com\/de\/#\/schema\/logo\/image\/\"},\"sameAs\":[\"https:\/\/www.facebook.com\/TizianaRedavidAteliers\",\"https:\/\/www.instagram.com\/tizianaredavidesign\/\",\"https:\/\/www.pinterest.it\/tizianaredavid\/\"]}]}<\/script>\n<!-- \/ Yoast SEO plugin. -->","yoast_head_json":{"title":"Tiziana Ring \u2013 Struktur und Eleganz - la mollla\u00ae","robots":{"index":"index","follow":"follow","max-snippet":"max-snippet:-1","max-image-preview":"max-image-preview:large","max-video-preview":"max-video-preview:-1"},"canonical":"https:\/\/lamollla.com\/de\/produkt\/tiziana-ring\/","og_locale":"de_DE","og_type":"article","og_title":"Tiziana Ring \u2013 Struktur und Eleganz - la mollla\u00ae","og_description":"Set aus 10 Edelstahlfedern. Gr\u00f6\u00dfe M: entspricht EU-Gr\u00f6\u00dfe 54\/55 Gr\u00f6\u00dfe L: entspricht EU-Gr\u00f6\u00dfe 58\/59","og_url":"https:\/\/lamollla.com\/de\/produkt\/tiziana-ring\/","og_site_name":"la mollla\u00ae","article_publisher":"https:\/\/www.facebook.com\/TizianaRedavidAteliers","article_modified_time":"2025-05-26T14:18:30+00:00","og_image":[{"width":682,"height":1024,"url":"https:\/\/lamollla.com\/wp-content\/uploads\/2020\/08\/035__K7A2488-1-web-682x1024.jpg","type":"image\/jpeg"}],"twitter_card":"summary_large_image","twitter_misc":{"Gesch\u00e4tzte Lesezeit":"2\u00a0Minuten"},"schema":{"@context":"https:\/\/schema.org","@graph":[{"@type":"WebPage","@id":"https:\/\/lamollla.com\/de\/produkt\/tiziana-ring\/","url":"https:\/\/lamollla.com\/de\/produkt\/tiziana-ring\/","name":"Tiziana Ring \u2013 Struktur und Eleganz - la mollla\u00ae","isPartOf":{"@id":"https:\/\/lamollla.com\/de\/#website"},"primaryImageOfPage":{"@id":"https:\/\/lamollla.com\/de\/produkt\/tiziana-ring\/#primaryimage"},"image":{"@id":"https:\/\/lamollla.com\/de\/produkt\/tiziana-ring\/#primaryimage"},"thumbnailUrl":"https:\/\/lamollla.com\/wp-content\/uploads\/2020\/08\/035__K7A2488-1-web.jpg","datePublished":"2021-12-05T23:17:37+00:00","dateModified":"2025-05-26T14:18:30+00:00","breadcrumb":{"@id":"https:\/\/lamollla.com\/de\/produkt\/tiziana-ring\/#breadcrumb"},"inLanguage":"de","potentialAction":[{"@type":"ReadAction","target":["https:\/\/lamollla.com\/de\/produkt\/tiziana-ring\/"]}]},{"@type":"ImageObject","inLanguage":"de","@id":"https:\/\/lamollla.com\/de\/produkt\/tiziana-ring\/#primaryimage","url":"https:\/\/lamollla.com\/wp-content\/uploads\/2020\/08\/035__K7A2488-1-web.jpg","contentUrl":"https:\/\/lamollla.com\/wp-content\/uploads\/2020\/08\/035__K7A2488-1-web.jpg","width":1333,"height":2000},{"@type":"BreadcrumbList","@id":"https:\/\/lamollla.com\/de\/produkt\/tiziana-ring\/#breadcrumb","itemListElement":[{"@type":"ListItem","position":1,"name":"Home","item":"https:\/\/lamollla.com\/de\/"},{"@type":"ListItem","position":2,"name":"Negozio","item":"https:\/\/lamollla.com\/de\/negozio\/"},{"@type":"ListItem","position":3,"name":"Tiziana Ring \u2013 Struktur und Eleganz"}]},{"@type":"WebSite","@id":"https:\/\/lamollla.com\/de\/#website","url":"https:\/\/lamollla.com\/de\/","name":"la mollla\u00ae","description":"","publisher":{"@id":"https:\/\/lamollla.com\/de\/#organization"},"potentialAction":[{"@type":"SearchAction","target":{"@type":"EntryPoint","urlTemplate":"https:\/\/lamollla.com\/de\/?s={search_term_string}"},"query-input":{"@type":"PropertyValueSpecification","valueRequired":true,"valueName":"search_term_string"}}],"inLanguage":"de"},{"@type":"Organization","@id":"https:\/\/lamollla.com\/de\/#organization","name":"Soci\u00e9t\u00e9 Eolienne","url":"https:\/\/lamollla.com\/de\/","logo":{"@type":"ImageObject","inLanguage":"de","@id":"https:\/\/lamollla.com\/de\/#\/schema\/logo\/image\/","url":"https:\/\/lamollla.com\/wp-content\/uploads\/2020\/09\/logo-lamollla@2x.png","contentUrl":"https:\/\/lamollla.com\/wp-content\/uploads\/2020\/09\/logo-lamollla@2x.png","width":968,"height":212,"caption":"Soci\u00e9t\u00e9 Eolienne"},"image":{"@id":"https:\/\/lamollla.com\/de\/#\/schema\/logo\/image\/"},"sameAs":["https:\/\/www.facebook.com\/TizianaRedavidAteliers","https:\/\/www.instagram.com\/tizianaredavidesign\/","https:\/\/www.pinterest.it\/tizianaredavid\/"]}]}},"_links":{"self":[{"href":"https:\/\/lamollla.com\/de\/wp-json\/wp\/v2\/product\/4801","targetHints":{"allow":["GET"]}}],"collection":[{"href":"https:\/\/lamollla.com\/de\/wp-json\/wp\/v2\/product"}],"about":[{"href":"https:\/\/lamollla.com\/de\/wp-json\/wp\/v2\/types\/product"}],"wp:featuredmedia":[{"embeddable":true,"href":"https:\/\/lamollla.com\/de\/wp-json\/wp\/v2\/media\/13302"}],"wp:attachment":[{"href":"https:\/\/lamollla.com\/de\/wp-json\/wp\/v2\/media?parent=4801"}],"wp:term":[{"taxonomy":"product_brand","embeddable":true,"href":"https:\/\/lamollla.com\/de\/wp-json\/wp\/v2\/product_brand?post=4801"},{"taxonomy":"product_cat","embeddable":true,"href":"https:\/\/lamollla.com\/de\/wp-json\/wp\/v2\/product_cat?post=4801"},{"taxonomy":"product_tag","embeddable":true,"href":"https:\/\/lamollla.com\/de\/wp-json\/wp\/v2\/product_tag?post=4801"}],"curies":[{"name":"wp","href":"https:\/\/api.w.org\/{rel}","templated":true}]}}