{"id":4786,"date":"2020-08-01T02:15:02","date_gmt":"2021-12-05T22:49:33","guid":{"rendered":"https:\/\/lamollla.com\/product\/epi-ohrringe\/"},"modified":"2024-12-16T15:32:06","modified_gmt":"2024-12-16T14:32:06","slug":"epi-earrings","status":"publish","type":"product","link":"https:\/\/lamollla.com\/de\/produkt\/epi-earrings\/","title":{"rendered":"\u00c9pi Ohrringe"},"content":{"rendered":"<p>Die Familie EPI entstand an einem sch\u00f6nen Sommertag, als sich unsere Designerin und K\u00fcnstlerin Tiziana Redavid inmitten der Kornfelder befand und sich vorstellte, wie der Weizen ihren K\u00f6rper auf spontane und gl\u00e4nzende Weise umh\u00fcllen k\u00f6nnte und ihm somit Glanz, W\u00e4rme, Geborgenheit und Einzigartigkeit verleihen k\u00f6nnte.<br \/>\nBei jeder Bewegung liegen die Perlen anders auf dem K\u00f6rper auf: als w\u00fcrde der Blick in ein imagin\u00e4res Weizenfeld eintauchen, das von einem warmen, sanften Wind gestreichelt wird.<br \/>\nAuf dem St\u00fcck f\u00fcr St\u00fcck entworfenen, gefertigten, gravierten und montierten Edelstahl- und Magnetverschluss wird die Kette mit dem Namen der Marke veredelt.<\/p>\n<p>Authentisch, Made in Italy und France, wird unser Schmuck mit einem hohen Produktionsniveau in Turin und Paris mit Hilfe unseres langj\u00e4hrigen Netzwerks von italienischen Lieferanten hergestellt.<br \/>\nSie sind das Ergebnis eines strengen Industriedesigns.<br \/>\nMit der richtigen Pflege sollten sie ewig halten.<br \/>\nJeder Ohrring besteht aus originalen, hochwertigen Federn aus reinem Edelstahl.<\/p>\n<p><strong>Vorsicht vor Nachahmungen.<\/strong><\/p>\n","protected":false},"excerpt":{"rendered":"<p>Die Familie EPI entstand an einem sch\u00f6nen Sommertag, als sich unsere Designerin und K\u00fcnstlerin Tiziana Redavid inmitten der Kornfelder befand und sich vorstellte, wie der Weizen ihren K\u00f6rper auf spontane und gl\u00e4nzende Weise umh\u00fcllen k\u00f6nnte und ihm somit Glanz, W\u00e4rme, Geborgenheit und Einzigartigkeit verleihen k\u00f6nnte. Bei jeder Bewegung liegen die Perlen anders auf dem K\u00f6rper &#8230; <a title=\"\u00c9pi Ohrringe\" class=\"read-more\" href=\"https:\/\/lamollla.com\/de\/produkt\/epi-earrings\/\" aria-label=\"Mehr Informationen \u00fcber \u00c9pi Ohrringe\">Weiterlesen &#8230;<\/a><\/p>\n","protected":false},"featured_media":7092,"template":"","meta":{"_uf_show_specific_survey":0,"_uf_disable_surveys":false},"product_brand":[],"product_cat":[152,150],"product_tag":[242],"class_list":{"0":"post-4786","1":"product","2":"type-product","3":"status-publish","4":"has-post-thumbnail","6":"product_cat-epi-de","7":"product_cat-ohrringe","8":"product_tag-online-de","9":"product_shipping_class-bo-bag-pend-de","11":"first","12":"instock","13":"taxable","14":"shipping-taxable","15":"purchasable","16":"product-type-simple"},"yoast_head":"<!-- This site is optimized with the Yoast SEO plugin v26.8 - https:\/\/yoast.com\/product\/yoast-seo-wordpress\/ -->\n<title>\u00c9pi Ohrringe - la mollla\u00ae<\/title>\n<meta name=\"robots\" content=\"index, follow, max-snippet:-1, max-image-preview:large, max-video-preview:-1\" \/>\n<link rel=\"canonical\" href=\"https:\/\/lamollla.com\/de\/produkt\/epi-earrings\/\" \/>\n<meta property=\"og:locale\" content=\"de_DE\" \/>\n<meta property=\"og:type\" content=\"article\" \/>\n<meta property=\"og:title\" content=\"\u00c9pi Ohrringe - la mollla\u00ae\" \/>\n<meta property=\"og:description\" content=\"Die Familie EPI entstand an einem sch\u00f6nen Sommertag, als sich unsere Designerin und K\u00fcnstlerin Tiziana Redavid inmitten der Kornfelder befand und sich vorstellte, wie der Weizen ihren K\u00f6rper auf spontane und gl\u00e4nzende Weise umh\u00fcllen k\u00f6nnte und ihm somit Glanz, W\u00e4rme, Geborgenheit und Einzigartigkeit verleihen k\u00f6nnte. Bei jeder Bewegung liegen die Perlen anders auf dem K\u00f6rper ... Weiterlesen ...\" \/>\n<meta property=\"og:url\" content=\"https:\/\/lamollla.com\/de\/produkt\/epi-earrings\/\" \/>\n<meta property=\"og:site_name\" content=\"la mollla\u00ae\" \/>\n<meta property=\"article:publisher\" content=\"https:\/\/www.facebook.com\/TizianaRedavidAteliers\" \/>\n<meta property=\"article:modified_time\" content=\"2024-12-16T14:32:06+00:00\" \/>\n<meta property=\"og:image\" content=\"https:\/\/lamollla.com\/wp-content\/uploads\/2020\/08\/epi_earrings-01.jpeg\" \/>\n\t<meta property=\"og:image:width\" content=\"1333\" \/>\n\t<meta property=\"og:image:height\" content=\"1333\" \/>\n\t<meta property=\"og:image:type\" content=\"image\/jpeg\" \/>\n<meta name=\"twitter:card\" content=\"summary_large_image\" \/>\n<meta name=\"twitter:label1\" content=\"Gesch\u00e4tzte Lesezeit\" \/>\n\t<meta name=\"twitter:data1\" content=\"1\u00a0Minute\" \/>\n<script type=\"application\/ld+json\" class=\"yoast-schema-graph\">{\"@context\":\"https:\/\/schema.org\",\"@graph\":[{\"@type\":\"WebPage\",\"@id\":\"https:\/\/lamollla.com\/de\/produkt\/epi-earrings\/\",\"url\":\"https:\/\/lamollla.com\/de\/produkt\/epi-earrings\/\",\"name\":\"\u00c9pi Ohrringe - la mollla\u00ae\",\"isPartOf\":{\"@id\":\"https:\/\/lamollla.com\/de\/#website\"},\"primaryImageOfPage\":{\"@id\":\"https:\/\/lamollla.com\/de\/produkt\/epi-earrings\/#primaryimage\"},\"image\":{\"@id\":\"https:\/\/lamollla.com\/de\/produkt\/epi-earrings\/#primaryimage\"},\"thumbnailUrl\":\"https:\/\/lamollla.com\/wp-content\/uploads\/2020\/08\/epi_earrings-01.jpeg\",\"datePublished\":\"2021-12-05T22:49:33+00:00\",\"dateModified\":\"2024-12-16T14:32:06+00:00\",\"breadcrumb\":{\"@id\":\"https:\/\/lamollla.com\/de\/produkt\/epi-earrings\/#breadcrumb\"},\"inLanguage\":\"de\",\"potentialAction\":[{\"@type\":\"ReadAction\",\"target\":[\"https:\/\/lamollla.com\/de\/produkt\/epi-earrings\/\"]}]},{\"@type\":\"ImageObject\",\"inLanguage\":\"de\",\"@id\":\"https:\/\/lamollla.com\/de\/produkt\/epi-earrings\/#primaryimage\",\"url\":\"https:\/\/lamollla.com\/wp-content\/uploads\/2020\/08\/epi_earrings-01.jpeg\",\"contentUrl\":\"https:\/\/lamollla.com\/wp-content\/uploads\/2020\/08\/epi_earrings-01.jpeg\",\"width\":1333,\"height\":1333},{\"@type\":\"BreadcrumbList\",\"@id\":\"https:\/\/lamollla.com\/de\/produkt\/epi-earrings\/#breadcrumb\",\"itemListElement\":[{\"@type\":\"ListItem\",\"position\":1,\"name\":\"Home\",\"item\":\"https:\/\/lamollla.com\/de\/\"},{\"@type\":\"ListItem\",\"position\":2,\"name\":\"Negozio\",\"item\":\"https:\/\/lamollla.com\/de\/negozio\/\"},{\"@type\":\"ListItem\",\"position\":3,\"name\":\"\u00c9pi Ohrringe\"}]},{\"@type\":\"WebSite\",\"@id\":\"https:\/\/lamollla.com\/de\/#website\",\"url\":\"https:\/\/lamollla.com\/de\/\",\"name\":\"la mollla\u00ae\",\"description\":\"\",\"publisher\":{\"@id\":\"https:\/\/lamollla.com\/de\/#organization\"},\"potentialAction\":[{\"@type\":\"SearchAction\",\"target\":{\"@type\":\"EntryPoint\",\"urlTemplate\":\"https:\/\/lamollla.com\/de\/?s={search_term_string}\"},\"query-input\":{\"@type\":\"PropertyValueSpecification\",\"valueRequired\":true,\"valueName\":\"search_term_string\"}}],\"inLanguage\":\"de\"},{\"@type\":\"Organization\",\"@id\":\"https:\/\/lamollla.com\/de\/#organization\",\"name\":\"Soci\u00e9t\u00e9 Eolienne\",\"url\":\"https:\/\/lamollla.com\/de\/\",\"logo\":{\"@type\":\"ImageObject\",\"inLanguage\":\"de\",\"@id\":\"https:\/\/lamollla.com\/de\/#\/schema\/logo\/image\/\",\"url\":\"https:\/\/lamollla.com\/wp-content\/uploads\/2020\/09\/logo-lamollla@2x.png\",\"contentUrl\":\"https:\/\/lamollla.com\/wp-content\/uploads\/2020\/09\/logo-lamollla@2x.png\",\"width\":968,\"height\":212,\"caption\":\"Soci\u00e9t\u00e9 Eolienne\"},\"image\":{\"@id\":\"https:\/\/lamollla.com\/de\/#\/schema\/logo\/image\/\"},\"sameAs\":[\"https:\/\/www.facebook.com\/TizianaRedavidAteliers\",\"https:\/\/www.instagram.com\/tizianaredavidesign\/\",\"https:\/\/www.pinterest.it\/tizianaredavid\/\"]}]}<\/script>\n<!-- \/ Yoast SEO plugin. -->","yoast_head_json":{"title":"\u00c9pi Ohrringe - la mollla\u00ae","robots":{"index":"index","follow":"follow","max-snippet":"max-snippet:-1","max-image-preview":"max-image-preview:large","max-video-preview":"max-video-preview:-1"},"canonical":"https:\/\/lamollla.com\/de\/produkt\/epi-earrings\/","og_locale":"de_DE","og_type":"article","og_title":"\u00c9pi Ohrringe - la mollla\u00ae","og_description":"Die Familie EPI entstand an einem sch\u00f6nen Sommertag, als sich unsere Designerin und K\u00fcnstlerin Tiziana Redavid inmitten der Kornfelder befand und sich vorstellte, wie der Weizen ihren K\u00f6rper auf spontane und gl\u00e4nzende Weise umh\u00fcllen k\u00f6nnte und ihm somit Glanz, W\u00e4rme, Geborgenheit und Einzigartigkeit verleihen k\u00f6nnte. Bei jeder Bewegung liegen die Perlen anders auf dem K\u00f6rper ... Weiterlesen ...","og_url":"https:\/\/lamollla.com\/de\/produkt\/epi-earrings\/","og_site_name":"la mollla\u00ae","article_publisher":"https:\/\/www.facebook.com\/TizianaRedavidAteliers","article_modified_time":"2024-12-16T14:32:06+00:00","og_image":[{"width":1333,"height":1333,"url":"https:\/\/lamollla.com\/wp-content\/uploads\/2020\/08\/epi_earrings-01.jpeg","type":"image\/jpeg"}],"twitter_card":"summary_large_image","twitter_misc":{"Gesch\u00e4tzte Lesezeit":"1\u00a0Minute"},"schema":{"@context":"https:\/\/schema.org","@graph":[{"@type":"WebPage","@id":"https:\/\/lamollla.com\/de\/produkt\/epi-earrings\/","url":"https:\/\/lamollla.com\/de\/produkt\/epi-earrings\/","name":"\u00c9pi Ohrringe - la mollla\u00ae","isPartOf":{"@id":"https:\/\/lamollla.com\/de\/#website"},"primaryImageOfPage":{"@id":"https:\/\/lamollla.com\/de\/produkt\/epi-earrings\/#primaryimage"},"image":{"@id":"https:\/\/lamollla.com\/de\/produkt\/epi-earrings\/#primaryimage"},"thumbnailUrl":"https:\/\/lamollla.com\/wp-content\/uploads\/2020\/08\/epi_earrings-01.jpeg","datePublished":"2021-12-05T22:49:33+00:00","dateModified":"2024-12-16T14:32:06+00:00","breadcrumb":{"@id":"https:\/\/lamollla.com\/de\/produkt\/epi-earrings\/#breadcrumb"},"inLanguage":"de","potentialAction":[{"@type":"ReadAction","target":["https:\/\/lamollla.com\/de\/produkt\/epi-earrings\/"]}]},{"@type":"ImageObject","inLanguage":"de","@id":"https:\/\/lamollla.com\/de\/produkt\/epi-earrings\/#primaryimage","url":"https:\/\/lamollla.com\/wp-content\/uploads\/2020\/08\/epi_earrings-01.jpeg","contentUrl":"https:\/\/lamollla.com\/wp-content\/uploads\/2020\/08\/epi_earrings-01.jpeg","width":1333,"height":1333},{"@type":"BreadcrumbList","@id":"https:\/\/lamollla.com\/de\/produkt\/epi-earrings\/#breadcrumb","itemListElement":[{"@type":"ListItem","position":1,"name":"Home","item":"https:\/\/lamollla.com\/de\/"},{"@type":"ListItem","position":2,"name":"Negozio","item":"https:\/\/lamollla.com\/de\/negozio\/"},{"@type":"ListItem","position":3,"name":"\u00c9pi Ohrringe"}]},{"@type":"WebSite","@id":"https:\/\/lamollla.com\/de\/#website","url":"https:\/\/lamollla.com\/de\/","name":"la mollla\u00ae","description":"","publisher":{"@id":"https:\/\/lamollla.com\/de\/#organization"},"potentialAction":[{"@type":"SearchAction","target":{"@type":"EntryPoint","urlTemplate":"https:\/\/lamollla.com\/de\/?s={search_term_string}"},"query-input":{"@type":"PropertyValueSpecification","valueRequired":true,"valueName":"search_term_string"}}],"inLanguage":"de"},{"@type":"Organization","@id":"https:\/\/lamollla.com\/de\/#organization","name":"Soci\u00e9t\u00e9 Eolienne","url":"https:\/\/lamollla.com\/de\/","logo":{"@type":"ImageObject","inLanguage":"de","@id":"https:\/\/lamollla.com\/de\/#\/schema\/logo\/image\/","url":"https:\/\/lamollla.com\/wp-content\/uploads\/2020\/09\/logo-lamollla@2x.png","contentUrl":"https:\/\/lamollla.com\/wp-content\/uploads\/2020\/09\/logo-lamollla@2x.png","width":968,"height":212,"caption":"Soci\u00e9t\u00e9 Eolienne"},"image":{"@id":"https:\/\/lamollla.com\/de\/#\/schema\/logo\/image\/"},"sameAs":["https:\/\/www.facebook.com\/TizianaRedavidAteliers","https:\/\/www.instagram.com\/tizianaredavidesign\/","https:\/\/www.pinterest.it\/tizianaredavid\/"]}]}},"_links":{"self":[{"href":"https:\/\/lamollla.com\/de\/wp-json\/wp\/v2\/product\/4786","targetHints":{"allow":["GET"]}}],"collection":[{"href":"https:\/\/lamollla.com\/de\/wp-json\/wp\/v2\/product"}],"about":[{"href":"https:\/\/lamollla.com\/de\/wp-json\/wp\/v2\/types\/product"}],"wp:featuredmedia":[{"embeddable":true,"href":"https:\/\/lamollla.com\/de\/wp-json\/wp\/v2\/media\/7092"}],"wp:attachment":[{"href":"https:\/\/lamollla.com\/de\/wp-json\/wp\/v2\/media?parent=4786"}],"wp:term":[{"taxonomy":"product_brand","embeddable":true,"href":"https:\/\/lamollla.com\/de\/wp-json\/wp\/v2\/product_brand?post=4786"},{"taxonomy":"product_cat","embeddable":true,"href":"https:\/\/lamollla.com\/de\/wp-json\/wp\/v2\/product_cat?post=4786"},{"taxonomy":"product_tag","embeddable":true,"href":"https:\/\/lamollla.com\/de\/wp-json\/wp\/v2\/product_tag?post=4786"}],"curies":[{"name":"wp","href":"https:\/\/api.w.org\/{rel}","templated":true}]}}