{"id":4775,"date":"2020-08-05T00:32:09","date_gmt":"2021-12-05T22:41:59","guid":{"rendered":"https:\/\/lamollla.com\/product\/n1-acier-ohrringe\/"},"modified":"2025-06-01T18:26:36","modified_gmt":"2025-06-01T16:26:36","slug":"n1-edelstahl-ohrringe","status":"publish","type":"product","link":"https:\/\/lamollla.com\/de\/produkt\/n1-edelstahl-ohrringe\/","title":{"rendered":"N1 Edelstahl-Ohrringe"},"content":{"rendered":"<p><span style=\"font-weight: 400;\">Skulpturale Leichtigkeit und Alltagseleganz<\/span><\/p>\n<p><span style=\"font-weight: 400;\">Die Familie N\u00b01 entstand aus Tiziana Redavids Leidenschaft f\u00fcr Modularit\u00e4t.<\/span><span style=\"font-weight: 400;\"><br \/>\n<\/span><span style=\"font-weight: 400;\">Nach dem ikonischen 97-Armband begann sie, Edelstahldraht in neuen Formen zu gestalten \u2013 mit kreativer Intuition und in vielf\u00e4ltigen Dimensionen und Kompositionen.<\/span><\/p>\n<p><span style=\"font-weight: 400;\">Die N\u00b01 Ohrringe sind Teil dieser Entwicklung: gefertigt aus kleinen Edelstahl-Mikrofedern, bewegen sie sich im Einklang mit dem K\u00f6rper, ohne sich zu verheddern oder ihre Form zu verlieren.<\/span><span style=\"font-weight: 400;\"><br \/>\n<\/span><span style=\"font-weight: 400;\">Jedes Paar wird von Hand Ring f\u00fcr Ring zusammengesetzt \u2013 Ausdruck des durchdachten Designprozesses, der <\/span><i><span style=\"font-weight: 400;\">la mollla\u00ae<\/span><\/i><span style=\"font-weight: 400;\">ausmacht.<\/span><\/p>\n<p><span style=\"font-weight: 400;\">Mit einer L\u00e4nge von 3,8 cm und einer Breite von 2,5 cm sowie einem Gewicht von 6,5 Gramm sind diese Ohrringe leicht, aber ausdrucksstark \u2013 so leicht, dass man sie kaum sp\u00fcrt, aber mit starker visueller Pr\u00e4senz.<\/span><span style=\"font-weight: 400;\"><br \/>\n<\/span><span style=\"font-weight: 400;\">Ihr Rhythmus ist gleichzeitig geordnet und unregelm\u00e4\u00dfig und reflektiert das Licht bei jeder Bewegung auf vielf\u00e4ltige Weise.<\/span><\/p>\n<p><span style=\"font-weight: 400;\">Perfekt vom Morgen bis zum Abend: Die Linie N\u00b01 ist f\u00fcr den Alltag gemacht \u2013 wasserabweisend, schnelltrocknend und unempfindlich gegen\u00fcber Sonne und Sand \u2013 der ideale Reisebegleiter.<\/span><span style=\"font-weight: 400;\"><br \/>\n<\/span><span style=\"font-weight: 400;\">Jedes Paar ist mit einem ma\u00dfgefertigten magnetischen Edelstahlverschluss versehen, der von Hand graviert und montiert wurde und stolz den Namen <\/span><i><span style=\"font-weight: 400;\">la mollla\u00ae<\/span><\/i><span style=\"font-weight: 400;\"> tr\u00e4gt.<\/span><\/p>\n<p><span style=\"font-weight: 400;\">Authentisch, hergestellt in Italien und Frankreich: Unsere Schmuckst\u00fccke entstehen mit h\u00f6chstem Anspruch in Turin und Paris \u2013 mit Hilfe unseres langj\u00e4hrigen Netzwerks italienischer Zulieferer.<\/span><span style=\"font-weight: 400;\"><br \/>\n<\/span><span style=\"font-weight: 400;\">Entstanden aus strengem Industriedesign.<\/span><span style=\"font-weight: 400;\"><br \/>\n<\/span><span style=\"font-weight: 400;\">Bei richtiger Pflege h\u00e4lt dieses Schmuckst\u00fcck ein Leben lang.<\/span><span style=\"font-weight: 400;\"><br \/>\n<\/span><span style=\"font-weight: 400;\">Jeder Ohrring besteht aus originalen, hochwertigen Federn aus reinem Edelstahl.<\/span><\/p>\n<p><b>Design Tiziana Redavid for la mollla\u00ae, 1998<\/b><b><br \/>\n<\/b><b>Beware of imitations<\/b><\/p>\n","protected":false},"excerpt":{"rendered":"<p>Skulpturale Leichtigkeit und Alltagseleganz Die Familie N\u00b01 entstand aus Tiziana Redavids Leidenschaft f\u00fcr Modularit\u00e4t. Nach dem ikonischen 97-Armband begann sie, Edelstahldraht in neuen Formen zu gestalten \u2013 mit kreativer Intuition und in vielf\u00e4ltigen Dimensionen und Kompositionen. Die N\u00b01 Ohrringe sind Teil dieser Entwicklung: gefertigt aus kleinen Edelstahl-Mikrofedern, bewegen sie sich im Einklang mit dem K\u00f6rper, &#8230; <a title=\"N1 Edelstahl-Ohrringe\" class=\"read-more\" href=\"https:\/\/lamollla.com\/de\/produkt\/n1-edelstahl-ohrringe\/\" aria-label=\"Mehr Informationen \u00fcber N1 Edelstahl-Ohrringe\">Weiterlesen &#8230;<\/a><\/p>\n","protected":false},"featured_media":5088,"template":"","meta":{"_uf_show_specific_survey":0,"_uf_disable_surveys":false},"product_brand":[],"product_cat":[162,150],"product_tag":[242],"class_list":{"0":"post-4775","1":"product","2":"type-product","3":"status-publish","4":"has-post-thumbnail","6":"product_cat-n1-de","7":"product_cat-ohrringe","8":"product_tag-online-de","9":"product_shipping_class-bo-bag-pend-de","11":"first","12":"instock","13":"taxable","14":"shipping-taxable","15":"purchasable","16":"product-type-simple"},"yoast_head":"<!-- This site is optimized with the Yoast SEO plugin v26.8 - https:\/\/yoast.com\/product\/yoast-seo-wordpress\/ -->\n<title>N1 Edelstahl-Ohrringe - la mollla\u00ae<\/title>\n<meta name=\"robots\" content=\"index, follow, max-snippet:-1, max-image-preview:large, max-video-preview:-1\" \/>\n<link rel=\"canonical\" href=\"https:\/\/lamollla.com\/de\/produkt\/n1-edelstahl-ohrringe\/\" \/>\n<meta property=\"og:locale\" content=\"de_DE\" \/>\n<meta property=\"og:type\" content=\"article\" \/>\n<meta property=\"og:title\" content=\"N1 Edelstahl-Ohrringe - la mollla\u00ae\" \/>\n<meta property=\"og:description\" content=\"Skulpturale Leichtigkeit und Alltagseleganz Die Familie N\u00b01 entstand aus Tiziana Redavids Leidenschaft f\u00fcr Modularit\u00e4t. Nach dem ikonischen 97-Armband begann sie, Edelstahldraht in neuen Formen zu gestalten \u2013 mit kreativer Intuition und in vielf\u00e4ltigen Dimensionen und Kompositionen. Die N\u00b01 Ohrringe sind Teil dieser Entwicklung: gefertigt aus kleinen Edelstahl-Mikrofedern, bewegen sie sich im Einklang mit dem K\u00f6rper, ... Weiterlesen ...\" \/>\n<meta property=\"og:url\" content=\"https:\/\/lamollla.com\/de\/produkt\/n1-edelstahl-ohrringe\/\" \/>\n<meta property=\"og:site_name\" content=\"la mollla\u00ae\" \/>\n<meta property=\"article:publisher\" content=\"https:\/\/www.facebook.com\/TizianaRedavidAteliers\" \/>\n<meta property=\"article:modified_time\" content=\"2025-06-01T16:26:36+00:00\" \/>\n<meta property=\"og:image\" content=\"https:\/\/lamollla.com\/wp-content\/uploads\/2020\/07\/n1bo_lamollla_0248_web.jpg\" \/>\n\t<meta property=\"og:image:width\" content=\"1333\" \/>\n\t<meta property=\"og:image:height\" content=\"2000\" \/>\n\t<meta property=\"og:image:type\" content=\"image\/jpeg\" \/>\n<meta name=\"twitter:card\" content=\"summary_large_image\" \/>\n<meta name=\"twitter:label1\" content=\"Gesch\u00e4tzte Lesezeit\" \/>\n\t<meta name=\"twitter:data1\" content=\"2\u00a0Minuten\" \/>\n<script type=\"application\/ld+json\" class=\"yoast-schema-graph\">{\"@context\":\"https:\/\/schema.org\",\"@graph\":[{\"@type\":\"WebPage\",\"@id\":\"https:\/\/lamollla.com\/de\/produkt\/n1-edelstahl-ohrringe\/\",\"url\":\"https:\/\/lamollla.com\/de\/produkt\/n1-edelstahl-ohrringe\/\",\"name\":\"N1 Edelstahl-Ohrringe - la mollla\u00ae\",\"isPartOf\":{\"@id\":\"https:\/\/lamollla.com\/de\/#website\"},\"primaryImageOfPage\":{\"@id\":\"https:\/\/lamollla.com\/de\/produkt\/n1-edelstahl-ohrringe\/#primaryimage\"},\"image\":{\"@id\":\"https:\/\/lamollla.com\/de\/produkt\/n1-edelstahl-ohrringe\/#primaryimage\"},\"thumbnailUrl\":\"https:\/\/lamollla.com\/wp-content\/uploads\/2020\/07\/n1bo_lamollla_0248_web.jpg\",\"datePublished\":\"2021-12-05T22:41:59+00:00\",\"dateModified\":\"2025-06-01T16:26:36+00:00\",\"breadcrumb\":{\"@id\":\"https:\/\/lamollla.com\/de\/produkt\/n1-edelstahl-ohrringe\/#breadcrumb\"},\"inLanguage\":\"de\",\"potentialAction\":[{\"@type\":\"ReadAction\",\"target\":[\"https:\/\/lamollla.com\/de\/produkt\/n1-edelstahl-ohrringe\/\"]}]},{\"@type\":\"ImageObject\",\"inLanguage\":\"de\",\"@id\":\"https:\/\/lamollla.com\/de\/produkt\/n1-edelstahl-ohrringe\/#primaryimage\",\"url\":\"https:\/\/lamollla.com\/wp-content\/uploads\/2020\/07\/n1bo_lamollla_0248_web.jpg\",\"contentUrl\":\"https:\/\/lamollla.com\/wp-content\/uploads\/2020\/07\/n1bo_lamollla_0248_web.jpg\",\"width\":1333,\"height\":2000},{\"@type\":\"BreadcrumbList\",\"@id\":\"https:\/\/lamollla.com\/de\/produkt\/n1-edelstahl-ohrringe\/#breadcrumb\",\"itemListElement\":[{\"@type\":\"ListItem\",\"position\":1,\"name\":\"Home\",\"item\":\"https:\/\/lamollla.com\/de\/\"},{\"@type\":\"ListItem\",\"position\":2,\"name\":\"Negozio\",\"item\":\"https:\/\/lamollla.com\/de\/negozio\/\"},{\"@type\":\"ListItem\",\"position\":3,\"name\":\"N1 Edelstahl-Ohrringe\"}]},{\"@type\":\"WebSite\",\"@id\":\"https:\/\/lamollla.com\/de\/#website\",\"url\":\"https:\/\/lamollla.com\/de\/\",\"name\":\"la mollla\u00ae\",\"description\":\"\",\"publisher\":{\"@id\":\"https:\/\/lamollla.com\/de\/#organization\"},\"potentialAction\":[{\"@type\":\"SearchAction\",\"target\":{\"@type\":\"EntryPoint\",\"urlTemplate\":\"https:\/\/lamollla.com\/de\/?s={search_term_string}\"},\"query-input\":{\"@type\":\"PropertyValueSpecification\",\"valueRequired\":true,\"valueName\":\"search_term_string\"}}],\"inLanguage\":\"de\"},{\"@type\":\"Organization\",\"@id\":\"https:\/\/lamollla.com\/de\/#organization\",\"name\":\"Soci\u00e9t\u00e9 Eolienne\",\"url\":\"https:\/\/lamollla.com\/de\/\",\"logo\":{\"@type\":\"ImageObject\",\"inLanguage\":\"de\",\"@id\":\"https:\/\/lamollla.com\/de\/#\/schema\/logo\/image\/\",\"url\":\"https:\/\/lamollla.com\/wp-content\/uploads\/2020\/09\/logo-lamollla@2x.png\",\"contentUrl\":\"https:\/\/lamollla.com\/wp-content\/uploads\/2020\/09\/logo-lamollla@2x.png\",\"width\":968,\"height\":212,\"caption\":\"Soci\u00e9t\u00e9 Eolienne\"},\"image\":{\"@id\":\"https:\/\/lamollla.com\/de\/#\/schema\/logo\/image\/\"},\"sameAs\":[\"https:\/\/www.facebook.com\/TizianaRedavidAteliers\",\"https:\/\/www.instagram.com\/tizianaredavidesign\/\",\"https:\/\/www.pinterest.it\/tizianaredavid\/\"]}]}<\/script>\n<!-- \/ Yoast SEO plugin. -->","yoast_head_json":{"title":"N1 Edelstahl-Ohrringe - la mollla\u00ae","robots":{"index":"index","follow":"follow","max-snippet":"max-snippet:-1","max-image-preview":"max-image-preview:large","max-video-preview":"max-video-preview:-1"},"canonical":"https:\/\/lamollla.com\/de\/produkt\/n1-edelstahl-ohrringe\/","og_locale":"de_DE","og_type":"article","og_title":"N1 Edelstahl-Ohrringe - la mollla\u00ae","og_description":"Skulpturale Leichtigkeit und Alltagseleganz Die Familie N\u00b01 entstand aus Tiziana Redavids Leidenschaft f\u00fcr Modularit\u00e4t. Nach dem ikonischen 97-Armband begann sie, Edelstahldraht in neuen Formen zu gestalten \u2013 mit kreativer Intuition und in vielf\u00e4ltigen Dimensionen und Kompositionen. Die N\u00b01 Ohrringe sind Teil dieser Entwicklung: gefertigt aus kleinen Edelstahl-Mikrofedern, bewegen sie sich im Einklang mit dem K\u00f6rper, ... Weiterlesen ...","og_url":"https:\/\/lamollla.com\/de\/produkt\/n1-edelstahl-ohrringe\/","og_site_name":"la mollla\u00ae","article_publisher":"https:\/\/www.facebook.com\/TizianaRedavidAteliers","article_modified_time":"2025-06-01T16:26:36+00:00","og_image":[{"width":1333,"height":2000,"url":"https:\/\/lamollla.com\/wp-content\/uploads\/2020\/07\/n1bo_lamollla_0248_web.jpg","type":"image\/jpeg"}],"twitter_card":"summary_large_image","twitter_misc":{"Gesch\u00e4tzte Lesezeit":"2\u00a0Minuten"},"schema":{"@context":"https:\/\/schema.org","@graph":[{"@type":"WebPage","@id":"https:\/\/lamollla.com\/de\/produkt\/n1-edelstahl-ohrringe\/","url":"https:\/\/lamollla.com\/de\/produkt\/n1-edelstahl-ohrringe\/","name":"N1 Edelstahl-Ohrringe - la mollla\u00ae","isPartOf":{"@id":"https:\/\/lamollla.com\/de\/#website"},"primaryImageOfPage":{"@id":"https:\/\/lamollla.com\/de\/produkt\/n1-edelstahl-ohrringe\/#primaryimage"},"image":{"@id":"https:\/\/lamollla.com\/de\/produkt\/n1-edelstahl-ohrringe\/#primaryimage"},"thumbnailUrl":"https:\/\/lamollla.com\/wp-content\/uploads\/2020\/07\/n1bo_lamollla_0248_web.jpg","datePublished":"2021-12-05T22:41:59+00:00","dateModified":"2025-06-01T16:26:36+00:00","breadcrumb":{"@id":"https:\/\/lamollla.com\/de\/produkt\/n1-edelstahl-ohrringe\/#breadcrumb"},"inLanguage":"de","potentialAction":[{"@type":"ReadAction","target":["https:\/\/lamollla.com\/de\/produkt\/n1-edelstahl-ohrringe\/"]}]},{"@type":"ImageObject","inLanguage":"de","@id":"https:\/\/lamollla.com\/de\/produkt\/n1-edelstahl-ohrringe\/#primaryimage","url":"https:\/\/lamollla.com\/wp-content\/uploads\/2020\/07\/n1bo_lamollla_0248_web.jpg","contentUrl":"https:\/\/lamollla.com\/wp-content\/uploads\/2020\/07\/n1bo_lamollla_0248_web.jpg","width":1333,"height":2000},{"@type":"BreadcrumbList","@id":"https:\/\/lamollla.com\/de\/produkt\/n1-edelstahl-ohrringe\/#breadcrumb","itemListElement":[{"@type":"ListItem","position":1,"name":"Home","item":"https:\/\/lamollla.com\/de\/"},{"@type":"ListItem","position":2,"name":"Negozio","item":"https:\/\/lamollla.com\/de\/negozio\/"},{"@type":"ListItem","position":3,"name":"N1 Edelstahl-Ohrringe"}]},{"@type":"WebSite","@id":"https:\/\/lamollla.com\/de\/#website","url":"https:\/\/lamollla.com\/de\/","name":"la mollla\u00ae","description":"","publisher":{"@id":"https:\/\/lamollla.com\/de\/#organization"},"potentialAction":[{"@type":"SearchAction","target":{"@type":"EntryPoint","urlTemplate":"https:\/\/lamollla.com\/de\/?s={search_term_string}"},"query-input":{"@type":"PropertyValueSpecification","valueRequired":true,"valueName":"search_term_string"}}],"inLanguage":"de"},{"@type":"Organization","@id":"https:\/\/lamollla.com\/de\/#organization","name":"Soci\u00e9t\u00e9 Eolienne","url":"https:\/\/lamollla.com\/de\/","logo":{"@type":"ImageObject","inLanguage":"de","@id":"https:\/\/lamollla.com\/de\/#\/schema\/logo\/image\/","url":"https:\/\/lamollla.com\/wp-content\/uploads\/2020\/09\/logo-lamollla@2x.png","contentUrl":"https:\/\/lamollla.com\/wp-content\/uploads\/2020\/09\/logo-lamollla@2x.png","width":968,"height":212,"caption":"Soci\u00e9t\u00e9 Eolienne"},"image":{"@id":"https:\/\/lamollla.com\/de\/#\/schema\/logo\/image\/"},"sameAs":["https:\/\/www.facebook.com\/TizianaRedavidAteliers","https:\/\/www.instagram.com\/tizianaredavidesign\/","https:\/\/www.pinterest.it\/tizianaredavid\/"]}]}},"_links":{"self":[{"href":"https:\/\/lamollla.com\/de\/wp-json\/wp\/v2\/product\/4775","targetHints":{"allow":["GET"]}}],"collection":[{"href":"https:\/\/lamollla.com\/de\/wp-json\/wp\/v2\/product"}],"about":[{"href":"https:\/\/lamollla.com\/de\/wp-json\/wp\/v2\/types\/product"}],"wp:featuredmedia":[{"embeddable":true,"href":"https:\/\/lamollla.com\/de\/wp-json\/wp\/v2\/media\/5088"}],"wp:attachment":[{"href":"https:\/\/lamollla.com\/de\/wp-json\/wp\/v2\/media?parent=4775"}],"wp:term":[{"taxonomy":"product_brand","embeddable":true,"href":"https:\/\/lamollla.com\/de\/wp-json\/wp\/v2\/product_brand?post=4775"},{"taxonomy":"product_cat","embeddable":true,"href":"https:\/\/lamollla.com\/de\/wp-json\/wp\/v2\/product_cat?post=4775"},{"taxonomy":"product_tag","embeddable":true,"href":"https:\/\/lamollla.com\/de\/wp-json\/wp\/v2\/product_tag?post=4775"}],"curies":[{"name":"wp","href":"https:\/\/api.w.org\/{rel}","templated":true}]}}