{"id":4763,"date":"2020-08-01T02:21:47","date_gmt":"2021-12-05T22:33:15","guid":{"rendered":"https:\/\/lamollla.com\/product\/kabel-halsbaender\/"},"modified":"2025-05-26T17:08:46","modified_gmt":"2025-05-26T15:08:46","slug":"kabel-halskette","status":"publish","type":"product","link":"https:\/\/lamollla.com\/de\/produkt\/kabel-halskette\/","title":{"rendered":"Kabel Halskette"},"content":{"rendered":"<p><b>KABEL \u2013 Mehrstr\u00e4ngige Edelstahl-Halskette \u2013 Strukturierte Eleganz im Lagen-Design<\/b><\/p>\n<p><b>KABEL<\/b><span style=\"font-weight: 400;\"> ist ein essentielles und zugleich wirkungsvolles Schmuckst\u00fcck aus sieben feinen Edelstahlstr\u00e4ngen, die \u00fcbereinander gelegt eine markante, elegante Silhouette bilden.<\/span><span style=\"font-weight: 400;\"><br \/>\n<\/span><span style=\"font-weight: 400;\">Das k\u00fcrzeste Element misst 46 cm im Umfang und legt sich elegant um den Hals, w\u00e4hrend die Schichtung dem Outfit Tiefe und Pers\u00f6nlichkeit verleiht.<\/span><\/p>\n<p><span style=\"font-weight: 400;\">Leicht und zugleich architektonisch \u2013 diese Halskette ist ideal f\u00fcr alle, die modernen Schmuck mit klarer, grafischer Ausstrahlung sch\u00e4tzen.<\/span><span style=\"font-weight: 400;\"><br \/>\n<\/span><span style=\"font-weight: 400;\">Abgeschlossen mit unserem individuell gestalteten Magnetverschluss, gefertigt und graviert mit dem Namen <\/span><i><span style=\"font-weight: 400;\">la mollla\u00ae<\/span><\/i><span style=\"font-weight: 400;\"> \u2013 wo Funktion auf handwerkliches Detail trifft.<\/span><\/p>\n<p><b>KABEL<\/b><span style=\"font-weight: 400;\"> ist die ideale Wahl f\u00fcr alle, die eine mehrlagige Edelstahlkette mit zeitlosem Stil und zeitgem\u00e4\u00dfem Flair suchen.<\/span><\/p>\n<p><span style=\"font-weight: 400;\">Authentisch, hergestellt in Italien und Frankreich: Unsere Schmuckst\u00fccke werden mit h\u00f6chstem Anspruch in Turin und Paris gefertigt \u2013 mit Hilfe unseres langj\u00e4hrigen Netzwerks italienischer Zulieferer.<\/span><span style=\"font-weight: 400;\"><br \/>\n<\/span><span style=\"font-weight: 400;\">Entstanden aus strengem Industriedesign.<\/span><span style=\"font-weight: 400;\"><br \/>\n<\/span><span style=\"font-weight: 400;\">Bei richtiger Pflege h\u00e4lt dieses Schmuckst\u00fcck ein Leben lang.<\/span><span style=\"font-weight: 400;\"><br \/>\n<\/span><span style=\"font-weight: 400;\">Jede Halskette besteht aus originalen, hochwertigen Federn aus reinem Edelstahl.<\/span><\/p>\n<p><span style=\"font-weight: 400;\">Design Tiziana Redavid for la mollla<\/span><span style=\"font-weight: 400;\"><br \/>\n<\/span><span style=\"font-weight: 400;\">Beware of imitations<\/span><\/p>\n","protected":false},"excerpt":{"rendered":"<p><span style=\"font-weight: 400;\">L\u00e4nge: 46 cm (k\u00fcrzestes Element)<\/span><\/p>\n","protected":false},"featured_media":13783,"template":"","meta":{"_uf_show_specific_survey":0,"_uf_disable_surveys":false},"product_brand":[],"product_cat":[165,155],"product_tag":[242],"class_list":{"0":"post-4763","1":"product","2":"type-product","3":"status-publish","4":"has-post-thumbnail","6":"product_cat-halsbaender","7":"product_cat-kabel-de","8":"product_tag-online-de","9":"product_shipping_class-coll-saut-de","11":"first","12":"instock","13":"taxable","14":"shipping-taxable","15":"purchasable","16":"product-type-simple"},"yoast_head":"<!-- This site is optimized with the Yoast SEO plugin v26.8 - https:\/\/yoast.com\/product\/yoast-seo-wordpress\/ -->\n<title>Kabel Halskette - la mollla\u00ae<\/title>\n<meta name=\"robots\" content=\"index, follow, max-snippet:-1, max-image-preview:large, max-video-preview:-1\" \/>\n<link rel=\"canonical\" href=\"https:\/\/lamollla.com\/de\/produkt\/kabel-halskette\/\" \/>\n<meta property=\"og:locale\" content=\"de_DE\" \/>\n<meta property=\"og:type\" content=\"article\" \/>\n<meta property=\"og:title\" content=\"Kabel Halskette - la mollla\u00ae\" \/>\n<meta property=\"og:description\" content=\"L\u00e4nge: 46 cm (k\u00fcrzestes Element)\" \/>\n<meta property=\"og:url\" content=\"https:\/\/lamollla.com\/de\/produkt\/kabel-halskette\/\" \/>\n<meta property=\"og:site_name\" content=\"la mollla\u00ae\" \/>\n<meta property=\"article:publisher\" content=\"https:\/\/www.facebook.com\/TizianaRedavidAteliers\" \/>\n<meta property=\"article:modified_time\" content=\"2025-05-26T15:08:46+00:00\" \/>\n<meta property=\"og:image\" content=\"https:\/\/lamollla.com\/wp-content\/uploads\/2020\/08\/K7A7505-web-682x1024.jpg\" \/>\n\t<meta property=\"og:image:width\" content=\"682\" \/>\n\t<meta property=\"og:image:height\" content=\"1024\" \/>\n\t<meta property=\"og:image:type\" content=\"image\/jpeg\" \/>\n<meta name=\"twitter:card\" content=\"summary_large_image\" \/>\n<meta name=\"twitter:label1\" content=\"Gesch\u00e4tzte Lesezeit\" \/>\n\t<meta name=\"twitter:data1\" content=\"1\u00a0Minute\" \/>\n<script type=\"application\/ld+json\" class=\"yoast-schema-graph\">{\"@context\":\"https:\/\/schema.org\",\"@graph\":[{\"@type\":\"WebPage\",\"@id\":\"https:\/\/lamollla.com\/de\/produkt\/kabel-halskette\/\",\"url\":\"https:\/\/lamollla.com\/de\/produkt\/kabel-halskette\/\",\"name\":\"Kabel Halskette - la mollla\u00ae\",\"isPartOf\":{\"@id\":\"https:\/\/lamollla.com\/de\/#website\"},\"primaryImageOfPage\":{\"@id\":\"https:\/\/lamollla.com\/de\/produkt\/kabel-halskette\/#primaryimage\"},\"image\":{\"@id\":\"https:\/\/lamollla.com\/de\/produkt\/kabel-halskette\/#primaryimage\"},\"thumbnailUrl\":\"https:\/\/lamollla.com\/wp-content\/uploads\/2020\/08\/K7A7505-web.jpg\",\"datePublished\":\"2021-12-05T22:33:15+00:00\",\"dateModified\":\"2025-05-26T15:08:46+00:00\",\"breadcrumb\":{\"@id\":\"https:\/\/lamollla.com\/de\/produkt\/kabel-halskette\/#breadcrumb\"},\"inLanguage\":\"de\",\"potentialAction\":[{\"@type\":\"ReadAction\",\"target\":[\"https:\/\/lamollla.com\/de\/produkt\/kabel-halskette\/\"]}]},{\"@type\":\"ImageObject\",\"inLanguage\":\"de\",\"@id\":\"https:\/\/lamollla.com\/de\/produkt\/kabel-halskette\/#primaryimage\",\"url\":\"https:\/\/lamollla.com\/wp-content\/uploads\/2020\/08\/K7A7505-web.jpg\",\"contentUrl\":\"https:\/\/lamollla.com\/wp-content\/uploads\/2020\/08\/K7A7505-web.jpg\",\"width\":1333,\"height\":2000},{\"@type\":\"BreadcrumbList\",\"@id\":\"https:\/\/lamollla.com\/de\/produkt\/kabel-halskette\/#breadcrumb\",\"itemListElement\":[{\"@type\":\"ListItem\",\"position\":1,\"name\":\"Home\",\"item\":\"https:\/\/lamollla.com\/de\/\"},{\"@type\":\"ListItem\",\"position\":2,\"name\":\"Negozio\",\"item\":\"https:\/\/lamollla.com\/de\/negozio\/\"},{\"@type\":\"ListItem\",\"position\":3,\"name\":\"Kabel Halskette\"}]},{\"@type\":\"WebSite\",\"@id\":\"https:\/\/lamollla.com\/de\/#website\",\"url\":\"https:\/\/lamollla.com\/de\/\",\"name\":\"la mollla\u00ae\",\"description\":\"\",\"publisher\":{\"@id\":\"https:\/\/lamollla.com\/de\/#organization\"},\"potentialAction\":[{\"@type\":\"SearchAction\",\"target\":{\"@type\":\"EntryPoint\",\"urlTemplate\":\"https:\/\/lamollla.com\/de\/?s={search_term_string}\"},\"query-input\":{\"@type\":\"PropertyValueSpecification\",\"valueRequired\":true,\"valueName\":\"search_term_string\"}}],\"inLanguage\":\"de\"},{\"@type\":\"Organization\",\"@id\":\"https:\/\/lamollla.com\/de\/#organization\",\"name\":\"Soci\u00e9t\u00e9 Eolienne\",\"url\":\"https:\/\/lamollla.com\/de\/\",\"logo\":{\"@type\":\"ImageObject\",\"inLanguage\":\"de\",\"@id\":\"https:\/\/lamollla.com\/de\/#\/schema\/logo\/image\/\",\"url\":\"https:\/\/lamollla.com\/wp-content\/uploads\/2020\/09\/logo-lamollla@2x.png\",\"contentUrl\":\"https:\/\/lamollla.com\/wp-content\/uploads\/2020\/09\/logo-lamollla@2x.png\",\"width\":968,\"height\":212,\"caption\":\"Soci\u00e9t\u00e9 Eolienne\"},\"image\":{\"@id\":\"https:\/\/lamollla.com\/de\/#\/schema\/logo\/image\/\"},\"sameAs\":[\"https:\/\/www.facebook.com\/TizianaRedavidAteliers\",\"https:\/\/www.instagram.com\/tizianaredavidesign\/\",\"https:\/\/www.pinterest.it\/tizianaredavid\/\"]}]}<\/script>\n<!-- \/ Yoast SEO plugin. -->","yoast_head_json":{"title":"Kabel Halskette - la mollla\u00ae","robots":{"index":"index","follow":"follow","max-snippet":"max-snippet:-1","max-image-preview":"max-image-preview:large","max-video-preview":"max-video-preview:-1"},"canonical":"https:\/\/lamollla.com\/de\/produkt\/kabel-halskette\/","og_locale":"de_DE","og_type":"article","og_title":"Kabel Halskette - la mollla\u00ae","og_description":"L\u00e4nge: 46 cm (k\u00fcrzestes Element)","og_url":"https:\/\/lamollla.com\/de\/produkt\/kabel-halskette\/","og_site_name":"la mollla\u00ae","article_publisher":"https:\/\/www.facebook.com\/TizianaRedavidAteliers","article_modified_time":"2025-05-26T15:08:46+00:00","og_image":[{"width":682,"height":1024,"url":"https:\/\/lamollla.com\/wp-content\/uploads\/2020\/08\/K7A7505-web-682x1024.jpg","type":"image\/jpeg"}],"twitter_card":"summary_large_image","twitter_misc":{"Gesch\u00e4tzte Lesezeit":"1\u00a0Minute"},"schema":{"@context":"https:\/\/schema.org","@graph":[{"@type":"WebPage","@id":"https:\/\/lamollla.com\/de\/produkt\/kabel-halskette\/","url":"https:\/\/lamollla.com\/de\/produkt\/kabel-halskette\/","name":"Kabel Halskette - la mollla\u00ae","isPartOf":{"@id":"https:\/\/lamollla.com\/de\/#website"},"primaryImageOfPage":{"@id":"https:\/\/lamollla.com\/de\/produkt\/kabel-halskette\/#primaryimage"},"image":{"@id":"https:\/\/lamollla.com\/de\/produkt\/kabel-halskette\/#primaryimage"},"thumbnailUrl":"https:\/\/lamollla.com\/wp-content\/uploads\/2020\/08\/K7A7505-web.jpg","datePublished":"2021-12-05T22:33:15+00:00","dateModified":"2025-05-26T15:08:46+00:00","breadcrumb":{"@id":"https:\/\/lamollla.com\/de\/produkt\/kabel-halskette\/#breadcrumb"},"inLanguage":"de","potentialAction":[{"@type":"ReadAction","target":["https:\/\/lamollla.com\/de\/produkt\/kabel-halskette\/"]}]},{"@type":"ImageObject","inLanguage":"de","@id":"https:\/\/lamollla.com\/de\/produkt\/kabel-halskette\/#primaryimage","url":"https:\/\/lamollla.com\/wp-content\/uploads\/2020\/08\/K7A7505-web.jpg","contentUrl":"https:\/\/lamollla.com\/wp-content\/uploads\/2020\/08\/K7A7505-web.jpg","width":1333,"height":2000},{"@type":"BreadcrumbList","@id":"https:\/\/lamollla.com\/de\/produkt\/kabel-halskette\/#breadcrumb","itemListElement":[{"@type":"ListItem","position":1,"name":"Home","item":"https:\/\/lamollla.com\/de\/"},{"@type":"ListItem","position":2,"name":"Negozio","item":"https:\/\/lamollla.com\/de\/negozio\/"},{"@type":"ListItem","position":3,"name":"Kabel Halskette"}]},{"@type":"WebSite","@id":"https:\/\/lamollla.com\/de\/#website","url":"https:\/\/lamollla.com\/de\/","name":"la mollla\u00ae","description":"","publisher":{"@id":"https:\/\/lamollla.com\/de\/#organization"},"potentialAction":[{"@type":"SearchAction","target":{"@type":"EntryPoint","urlTemplate":"https:\/\/lamollla.com\/de\/?s={search_term_string}"},"query-input":{"@type":"PropertyValueSpecification","valueRequired":true,"valueName":"search_term_string"}}],"inLanguage":"de"},{"@type":"Organization","@id":"https:\/\/lamollla.com\/de\/#organization","name":"Soci\u00e9t\u00e9 Eolienne","url":"https:\/\/lamollla.com\/de\/","logo":{"@type":"ImageObject","inLanguage":"de","@id":"https:\/\/lamollla.com\/de\/#\/schema\/logo\/image\/","url":"https:\/\/lamollla.com\/wp-content\/uploads\/2020\/09\/logo-lamollla@2x.png","contentUrl":"https:\/\/lamollla.com\/wp-content\/uploads\/2020\/09\/logo-lamollla@2x.png","width":968,"height":212,"caption":"Soci\u00e9t\u00e9 Eolienne"},"image":{"@id":"https:\/\/lamollla.com\/de\/#\/schema\/logo\/image\/"},"sameAs":["https:\/\/www.facebook.com\/TizianaRedavidAteliers","https:\/\/www.instagram.com\/tizianaredavidesign\/","https:\/\/www.pinterest.it\/tizianaredavid\/"]}]}},"_links":{"self":[{"href":"https:\/\/lamollla.com\/de\/wp-json\/wp\/v2\/product\/4763","targetHints":{"allow":["GET"]}}],"collection":[{"href":"https:\/\/lamollla.com\/de\/wp-json\/wp\/v2\/product"}],"about":[{"href":"https:\/\/lamollla.com\/de\/wp-json\/wp\/v2\/types\/product"}],"wp:featuredmedia":[{"embeddable":true,"href":"https:\/\/lamollla.com\/de\/wp-json\/wp\/v2\/media\/13783"}],"wp:attachment":[{"href":"https:\/\/lamollla.com\/de\/wp-json\/wp\/v2\/media?parent=4763"}],"wp:term":[{"taxonomy":"product_brand","embeddable":true,"href":"https:\/\/lamollla.com\/de\/wp-json\/wp\/v2\/product_brand?post=4763"},{"taxonomy":"product_cat","embeddable":true,"href":"https:\/\/lamollla.com\/de\/wp-json\/wp\/v2\/product_cat?post=4763"},{"taxonomy":"product_tag","embeddable":true,"href":"https:\/\/lamollla.com\/de\/wp-json\/wp\/v2\/product_tag?post=4763"}],"curies":[{"name":"wp","href":"https:\/\/api.w.org\/{rel}","templated":true}]}}