{"id":4758,"date":"2020-08-01T14:39:51","date_gmt":"2020-08-01T12:39:51","guid":{"rendered":"https:\/\/lamollla.com\/product\/n-4-halsbaender\/"},"modified":"2024-12-16T15:32:04","modified_gmt":"2024-12-16T14:32:04","slug":"n-4-necklace","status":"publish","type":"product","link":"https:\/\/lamollla.com\/de\/produkt\/n-4-necklace\/","title":{"rendered":"N\u00b0 4 Halsb\u00e4nder"},"content":{"rendered":"<p>Die Familie TIZIANA, zu der auch die Kette N4 geh\u00f6rt, entwickelt sich st\u00e4ndig weiter.<br \/>\nSie ist aus der Vorliebe unserer Gr\u00fcnderin zu Vielfachen entstanden, mit denen Tiziana so gerne experimentiert.<br \/>\nN4 ist nicht einfach ein reiner Edelstahldraht, der sich geschmeidig \u00fcber den K\u00f6rper legt, sondern eine k\u00fcnstlerische Komposition, die aus einem oder tausend Dr\u00e4hten bestehen kann, je nachdem, wie man sich in diesem Moment f\u00fchlt.<br \/>\nEine Halskette, die Ver\u00e4nderung, Dynamik und pers\u00f6nliche Entwicklung zum Ausdruck bringt: perfekt f\u00fcr alle, die sich von der Masse abheben und ein inneres Licht tiefen Bewusstseins ausstrahlen wollen.<\/p>\n<p>Authentisch, Made in Italy und France, wird unser Schmuck mit einem hohen Produktionsniveau in Turin und Paris mit Hilfe unseres langj\u00e4hrigen Netzwerks von italienischen Lieferanten hergestellt.<br \/>\nSie sind das Ergebnis eines strengen Industriedesigns.<br \/>\nMit der richtigen Pflege sollten sie ewig halten.<br \/>\nJedes Halsband besteht aus originalen, hochwertigen Federn aus reinem Edelstahl.<br \/>\nVorsicht vor Nachahmungen.<\/p>\n","protected":false},"excerpt":{"rendered":"<p>Gr\u00f6\u00dfe: 120 cm. Set besteht aus 10 Str\u00e4ngen.<\/p>\n","protected":false},"featured_media":16467,"template":"","meta":{"_uf_show_specific_survey":0,"_uf_disable_surveys":false},"product_brand":[],"product_cat":[165,183],"product_tag":[242],"class_list":{"0":"post-4758","1":"product","2":"type-product","3":"status-publish","4":"has-post-thumbnail","6":"product_cat-halsbaender","7":"product_cat-n4-de","8":"product_tag-online-de","9":"product_shipping_class-coll-saut-de","11":"first","12":"instock","13":"taxable","14":"shipping-taxable","15":"purchasable","16":"product-type-simple"},"yoast_head":"<!-- This site is optimized with the Yoast SEO plugin v26.8 - https:\/\/yoast.com\/product\/yoast-seo-wordpress\/ -->\n<title>N\u00b0 4 Halsb\u00e4nder - la mollla\u00ae<\/title>\n<meta name=\"robots\" content=\"index, follow, max-snippet:-1, max-image-preview:large, max-video-preview:-1\" \/>\n<link rel=\"canonical\" href=\"https:\/\/lamollla.com\/de\/produkt\/n-4-necklace\/\" \/>\n<meta property=\"og:locale\" content=\"de_DE\" \/>\n<meta property=\"og:type\" content=\"article\" \/>\n<meta property=\"og:title\" content=\"N\u00b0 4 Halsb\u00e4nder - la mollla\u00ae\" \/>\n<meta property=\"og:description\" content=\"Gr\u00f6\u00dfe: 120 cm. Set besteht aus 10 Str\u00e4ngen.\" \/>\n<meta property=\"og:url\" content=\"https:\/\/lamollla.com\/de\/produkt\/n-4-necklace\/\" \/>\n<meta property=\"og:site_name\" content=\"la mollla\u00ae\" \/>\n<meta property=\"article:publisher\" content=\"https:\/\/www.facebook.com\/TizianaRedavidAteliers\" \/>\n<meta property=\"article:modified_time\" content=\"2024-12-16T14:32:04+00:00\" \/>\n<meta property=\"og:image\" content=\"https:\/\/lamollla.com\/wp-content\/uploads\/2020\/07\/n4coll_lamollla_0336_web.jpg\" \/>\n\t<meta property=\"og:image:width\" content=\"1333\" \/>\n\t<meta property=\"og:image:height\" content=\"2000\" \/>\n\t<meta property=\"og:image:type\" content=\"image\/jpeg\" \/>\n<meta name=\"twitter:card\" content=\"summary_large_image\" \/>\n<meta name=\"twitter:label1\" content=\"Gesch\u00e4tzte Lesezeit\" \/>\n\t<meta name=\"twitter:data1\" content=\"1\u00a0Minute\" \/>\n<script type=\"application\/ld+json\" class=\"yoast-schema-graph\">{\"@context\":\"https:\/\/schema.org\",\"@graph\":[{\"@type\":\"WebPage\",\"@id\":\"https:\/\/lamollla.com\/de\/produkt\/n-4-necklace\/\",\"url\":\"https:\/\/lamollla.com\/de\/produkt\/n-4-necklace\/\",\"name\":\"N\u00b0 4 Halsb\u00e4nder - la mollla\u00ae\",\"isPartOf\":{\"@id\":\"https:\/\/lamollla.com\/de\/#website\"},\"primaryImageOfPage\":{\"@id\":\"https:\/\/lamollla.com\/de\/produkt\/n-4-necklace\/#primaryimage\"},\"image\":{\"@id\":\"https:\/\/lamollla.com\/de\/produkt\/n-4-necklace\/#primaryimage\"},\"thumbnailUrl\":\"https:\/\/lamollla.com\/wp-content\/uploads\/2020\/08\/K7A7868-web.jpeg\",\"datePublished\":\"2020-08-01T12:39:51+00:00\",\"dateModified\":\"2024-12-16T14:32:04+00:00\",\"breadcrumb\":{\"@id\":\"https:\/\/lamollla.com\/de\/produkt\/n-4-necklace\/#breadcrumb\"},\"inLanguage\":\"de\",\"potentialAction\":[{\"@type\":\"ReadAction\",\"target\":[\"https:\/\/lamollla.com\/de\/produkt\/n-4-necklace\/\"]}]},{\"@type\":\"ImageObject\",\"inLanguage\":\"de\",\"@id\":\"https:\/\/lamollla.com\/de\/produkt\/n-4-necklace\/#primaryimage\",\"url\":\"https:\/\/lamollla.com\/wp-content\/uploads\/2020\/08\/K7A7868-web.jpeg\",\"contentUrl\":\"https:\/\/lamollla.com\/wp-content\/uploads\/2020\/08\/K7A7868-web.jpeg\",\"width\":800,\"height\":1200},{\"@type\":\"BreadcrumbList\",\"@id\":\"https:\/\/lamollla.com\/de\/produkt\/n-4-necklace\/#breadcrumb\",\"itemListElement\":[{\"@type\":\"ListItem\",\"position\":1,\"name\":\"Home\",\"item\":\"https:\/\/lamollla.com\/de\/\"},{\"@type\":\"ListItem\",\"position\":2,\"name\":\"Negozio\",\"item\":\"https:\/\/lamollla.com\/de\/negozio\/\"},{\"@type\":\"ListItem\",\"position\":3,\"name\":\"N\u00b0 4 Halsb\u00e4nder\"}]},{\"@type\":\"WebSite\",\"@id\":\"https:\/\/lamollla.com\/de\/#website\",\"url\":\"https:\/\/lamollla.com\/de\/\",\"name\":\"la mollla\u00ae\",\"description\":\"\",\"publisher\":{\"@id\":\"https:\/\/lamollla.com\/de\/#organization\"},\"potentialAction\":[{\"@type\":\"SearchAction\",\"target\":{\"@type\":\"EntryPoint\",\"urlTemplate\":\"https:\/\/lamollla.com\/de\/?s={search_term_string}\"},\"query-input\":{\"@type\":\"PropertyValueSpecification\",\"valueRequired\":true,\"valueName\":\"search_term_string\"}}],\"inLanguage\":\"de\"},{\"@type\":\"Organization\",\"@id\":\"https:\/\/lamollla.com\/de\/#organization\",\"name\":\"Soci\u00e9t\u00e9 Eolienne\",\"url\":\"https:\/\/lamollla.com\/de\/\",\"logo\":{\"@type\":\"ImageObject\",\"inLanguage\":\"de\",\"@id\":\"https:\/\/lamollla.com\/de\/#\/schema\/logo\/image\/\",\"url\":\"https:\/\/lamollla.com\/wp-content\/uploads\/2020\/09\/logo-lamollla@2x.png\",\"contentUrl\":\"https:\/\/lamollla.com\/wp-content\/uploads\/2020\/09\/logo-lamollla@2x.png\",\"width\":968,\"height\":212,\"caption\":\"Soci\u00e9t\u00e9 Eolienne\"},\"image\":{\"@id\":\"https:\/\/lamollla.com\/de\/#\/schema\/logo\/image\/\"},\"sameAs\":[\"https:\/\/www.facebook.com\/TizianaRedavidAteliers\",\"https:\/\/www.instagram.com\/tizianaredavidesign\/\",\"https:\/\/www.pinterest.it\/tizianaredavid\/\"]}]}<\/script>\n<!-- \/ Yoast SEO plugin. -->","yoast_head_json":{"title":"N\u00b0 4 Halsb\u00e4nder - la mollla\u00ae","robots":{"index":"index","follow":"follow","max-snippet":"max-snippet:-1","max-image-preview":"max-image-preview:large","max-video-preview":"max-video-preview:-1"},"canonical":"https:\/\/lamollla.com\/de\/produkt\/n-4-necklace\/","og_locale":"de_DE","og_type":"article","og_title":"N\u00b0 4 Halsb\u00e4nder - la mollla\u00ae","og_description":"Gr\u00f6\u00dfe: 120 cm. Set besteht aus 10 Str\u00e4ngen.","og_url":"https:\/\/lamollla.com\/de\/produkt\/n-4-necklace\/","og_site_name":"la mollla\u00ae","article_publisher":"https:\/\/www.facebook.com\/TizianaRedavidAteliers","article_modified_time":"2024-12-16T14:32:04+00:00","og_image":[{"width":1333,"height":2000,"url":"https:\/\/lamollla.com\/wp-content\/uploads\/2020\/07\/n4coll_lamollla_0336_web.jpg","type":"image\/jpeg"}],"twitter_card":"summary_large_image","twitter_misc":{"Gesch\u00e4tzte Lesezeit":"1\u00a0Minute"},"schema":{"@context":"https:\/\/schema.org","@graph":[{"@type":"WebPage","@id":"https:\/\/lamollla.com\/de\/produkt\/n-4-necklace\/","url":"https:\/\/lamollla.com\/de\/produkt\/n-4-necklace\/","name":"N\u00b0 4 Halsb\u00e4nder - la mollla\u00ae","isPartOf":{"@id":"https:\/\/lamollla.com\/de\/#website"},"primaryImageOfPage":{"@id":"https:\/\/lamollla.com\/de\/produkt\/n-4-necklace\/#primaryimage"},"image":{"@id":"https:\/\/lamollla.com\/de\/produkt\/n-4-necklace\/#primaryimage"},"thumbnailUrl":"https:\/\/lamollla.com\/wp-content\/uploads\/2020\/08\/K7A7868-web.jpeg","datePublished":"2020-08-01T12:39:51+00:00","dateModified":"2024-12-16T14:32:04+00:00","breadcrumb":{"@id":"https:\/\/lamollla.com\/de\/produkt\/n-4-necklace\/#breadcrumb"},"inLanguage":"de","potentialAction":[{"@type":"ReadAction","target":["https:\/\/lamollla.com\/de\/produkt\/n-4-necklace\/"]}]},{"@type":"ImageObject","inLanguage":"de","@id":"https:\/\/lamollla.com\/de\/produkt\/n-4-necklace\/#primaryimage","url":"https:\/\/lamollla.com\/wp-content\/uploads\/2020\/08\/K7A7868-web.jpeg","contentUrl":"https:\/\/lamollla.com\/wp-content\/uploads\/2020\/08\/K7A7868-web.jpeg","width":800,"height":1200},{"@type":"BreadcrumbList","@id":"https:\/\/lamollla.com\/de\/produkt\/n-4-necklace\/#breadcrumb","itemListElement":[{"@type":"ListItem","position":1,"name":"Home","item":"https:\/\/lamollla.com\/de\/"},{"@type":"ListItem","position":2,"name":"Negozio","item":"https:\/\/lamollla.com\/de\/negozio\/"},{"@type":"ListItem","position":3,"name":"N\u00b0 4 Halsb\u00e4nder"}]},{"@type":"WebSite","@id":"https:\/\/lamollla.com\/de\/#website","url":"https:\/\/lamollla.com\/de\/","name":"la mollla\u00ae","description":"","publisher":{"@id":"https:\/\/lamollla.com\/de\/#organization"},"potentialAction":[{"@type":"SearchAction","target":{"@type":"EntryPoint","urlTemplate":"https:\/\/lamollla.com\/de\/?s={search_term_string}"},"query-input":{"@type":"PropertyValueSpecification","valueRequired":true,"valueName":"search_term_string"}}],"inLanguage":"de"},{"@type":"Organization","@id":"https:\/\/lamollla.com\/de\/#organization","name":"Soci\u00e9t\u00e9 Eolienne","url":"https:\/\/lamollla.com\/de\/","logo":{"@type":"ImageObject","inLanguage":"de","@id":"https:\/\/lamollla.com\/de\/#\/schema\/logo\/image\/","url":"https:\/\/lamollla.com\/wp-content\/uploads\/2020\/09\/logo-lamollla@2x.png","contentUrl":"https:\/\/lamollla.com\/wp-content\/uploads\/2020\/09\/logo-lamollla@2x.png","width":968,"height":212,"caption":"Soci\u00e9t\u00e9 Eolienne"},"image":{"@id":"https:\/\/lamollla.com\/de\/#\/schema\/logo\/image\/"},"sameAs":["https:\/\/www.facebook.com\/TizianaRedavidAteliers","https:\/\/www.instagram.com\/tizianaredavidesign\/","https:\/\/www.pinterest.it\/tizianaredavid\/"]}]}},"_links":{"self":[{"href":"https:\/\/lamollla.com\/de\/wp-json\/wp\/v2\/product\/4758","targetHints":{"allow":["GET"]}}],"collection":[{"href":"https:\/\/lamollla.com\/de\/wp-json\/wp\/v2\/product"}],"about":[{"href":"https:\/\/lamollla.com\/de\/wp-json\/wp\/v2\/types\/product"}],"wp:featuredmedia":[{"embeddable":true,"href":"https:\/\/lamollla.com\/de\/wp-json\/wp\/v2\/media\/16467"}],"wp:attachment":[{"href":"https:\/\/lamollla.com\/de\/wp-json\/wp\/v2\/media?parent=4758"}],"wp:term":[{"taxonomy":"product_brand","embeddable":true,"href":"https:\/\/lamollla.com\/de\/wp-json\/wp\/v2\/product_brand?post=4758"},{"taxonomy":"product_cat","embeddable":true,"href":"https:\/\/lamollla.com\/de\/wp-json\/wp\/v2\/product_cat?post=4758"},{"taxonomy":"product_tag","embeddable":true,"href":"https:\/\/lamollla.com\/de\/wp-json\/wp\/v2\/product_tag?post=4758"}],"curies":[{"name":"wp","href":"https:\/\/api.w.org\/{rel}","templated":true}]}}