{"id":4729,"date":"2020-07-27T16:06:44","date_gmt":"2021-12-05T21:13:27","guid":{"rendered":"https:\/\/lamollla.com\/product\/chapelet-armbander\/"},"modified":"2025-05-26T16:13:26","modified_gmt":"2025-05-26T14:13:26","slug":"chapelet-bracelet","status":"publish","type":"product","link":"https:\/\/lamollla.com\/de\/produkt\/chapelet-bracelet\/","title":{"rendered":"Chapelet Edelstahl-Armband"},"content":{"rendered":"<p><span style=\"font-weight: 400;\">Skulpturale Leichtigkeit mit modernem Flair<\/span><\/p>\n<p><span style=\"font-weight: 400;\">Das Chapelet-Armband bringt die Essenz der ikonischen Halskette in eine raffinierte Version f\u00fcr das Handgelenk.<\/span><span style=\"font-weight: 400;\"><br \/>\n<\/span><span style=\"font-weight: 400;\">Bestehend aus 8 filigranen Edelstahl-Mikrofederelementen, vermittelt dieses Armband ein leichtes, skulpturales Gef\u00fchl mit leuchtenden Reflexen, die dezent auf der Haut spielen.<\/span><\/p>\n<p><span style=\"font-weight: 400;\">Mit einem Umfang von 18 cm sitzt es angenehm und setzt gleichzeitig ein starkes visuelles Statement mit seinem minimalistischen Charakter. Es wurde entworfen, um \u00c4sthetik und Alltagstauglichkeit in Einklang zu bringen, und wird durch sanftes \u00dcberrollen der Hand angelegt \u2013 eine charakteristische Geste, die seine besondere Identit\u00e4t unterstreicht.<\/span><\/p>\n<p><span style=\"font-weight: 400;\">Hergestellt in Italien und Frankreich nach h\u00f6chsten Produktionsstandards und einer konsequenten industriellen Designphilosophie, ist das Chapelet-Armband eine originelle Wahl f\u00fcr alle, die ein langlebiges, essentielles und modernes Accessoire suchen.<\/span><\/p>\n<p><b>Design Tiziana Redavid f\u00fcr la mollla\u00ae<\/b><\/p>\n<p><b>Beware of imitations<\/b><\/p>\n","protected":false},"excerpt":{"rendered":"<p>Gr\u00f6\u00dfe: 18 cm. Set besteht aus 8 Str\u00e4ngen.<\/p>\n","protected":false},"featured_media":13816,"template":"","meta":{"_uf_show_specific_survey":0,"_uf_disable_surveys":false},"product_brand":[],"product_cat":[143,144],"product_tag":[242],"class_list":{"0":"post-4729","1":"product","2":"type-product","3":"status-publish","4":"has-post-thumbnail","6":"product_cat-armbaender","7":"product_cat-chapelet-de","8":"product_tag-online-de","9":"product_shipping_class-bra-de","11":"first","12":"instock","13":"taxable","14":"shipping-taxable","15":"purchasable","16":"product-type-simple"},"yoast_head":"<!-- This site is optimized with the Yoast SEO plugin v26.8 - https:\/\/yoast.com\/product\/yoast-seo-wordpress\/ -->\n<title>Chapelet Edelstahl-Armband - la mollla\u00ae<\/title>\n<meta name=\"description\" content=\"Handgemacht in Italien und Frankreich. Jedes ikonische Objekt ist aus hochwertigen Edelstahlfedern gefertigt und wird in einer Andenkenbox geliefert. Unsere unverwechselbaren Designs sind zur Kennzeichnung der Authentizit\u00e4t gelabelt.\" \/>\n<meta name=\"robots\" content=\"index, follow, max-snippet:-1, max-image-preview:large, max-video-preview:-1\" \/>\n<link rel=\"canonical\" href=\"https:\/\/lamollla.com\/de\/produkt\/chapelet-bracelet\/\" \/>\n<meta property=\"og:locale\" content=\"de_DE\" \/>\n<meta property=\"og:type\" content=\"article\" \/>\n<meta property=\"og:title\" content=\"Chapelet Edelstahl-Armband - la mollla\u00ae\" \/>\n<meta property=\"og:description\" content=\"Handgemacht in Italien und Frankreich. Jedes ikonische Objekt ist aus hochwertigen Edelstahlfedern gefertigt und wird in einer Andenkenbox geliefert. Unsere unverwechselbaren Designs sind zur Kennzeichnung der Authentizit\u00e4t gelabelt.\" \/>\n<meta property=\"og:url\" content=\"https:\/\/lamollla.com\/de\/produkt\/chapelet-bracelet\/\" \/>\n<meta property=\"og:site_name\" content=\"la mollla\u00ae\" \/>\n<meta property=\"article:publisher\" content=\"https:\/\/www.facebook.com\/TizianaRedavidAteliers\" \/>\n<meta property=\"article:modified_time\" content=\"2025-05-26T14:13:26+00:00\" \/>\n<meta property=\"og:image\" content=\"https:\/\/lamollla.com\/wp-content\/uploads\/2020\/07\/K7A7468-web.jpg\" \/>\n\t<meta property=\"og:image:width\" content=\"1333\" \/>\n\t<meta property=\"og:image:height\" content=\"2000\" \/>\n\t<meta property=\"og:image:type\" content=\"image\/jpeg\" \/>\n<meta name=\"twitter:card\" content=\"summary_large_image\" \/>\n<meta name=\"twitter:label1\" content=\"Gesch\u00e4tzte Lesezeit\" \/>\n\t<meta name=\"twitter:data1\" content=\"1\u00a0Minute\" \/>\n<script type=\"application\/ld+json\" class=\"yoast-schema-graph\">{\"@context\":\"https:\/\/schema.org\",\"@graph\":[{\"@type\":\"WebPage\",\"@id\":\"https:\/\/lamollla.com\/de\/produkt\/chapelet-bracelet\/\",\"url\":\"https:\/\/lamollla.com\/de\/produkt\/chapelet-bracelet\/\",\"name\":\"Chapelet Edelstahl-Armband - la mollla\u00ae\",\"isPartOf\":{\"@id\":\"https:\/\/lamollla.com\/de\/#website\"},\"primaryImageOfPage\":{\"@id\":\"https:\/\/lamollla.com\/de\/produkt\/chapelet-bracelet\/#primaryimage\"},\"image\":{\"@id\":\"https:\/\/lamollla.com\/de\/produkt\/chapelet-bracelet\/#primaryimage\"},\"thumbnailUrl\":\"https:\/\/lamollla.com\/wp-content\/uploads\/2020\/07\/K7A7468-web.jpg\",\"datePublished\":\"2021-12-05T21:13:27+00:00\",\"dateModified\":\"2025-05-26T14:13:26+00:00\",\"description\":\"Handgemacht in Italien und Frankreich. Jedes ikonische Objekt ist aus hochwertigen Edelstahlfedern gefertigt und wird in einer Andenkenbox geliefert. Unsere unverwechselbaren Designs sind zur Kennzeichnung der Authentizit\u00e4t gelabelt.\",\"breadcrumb\":{\"@id\":\"https:\/\/lamollla.com\/de\/produkt\/chapelet-bracelet\/#breadcrumb\"},\"inLanguage\":\"de\",\"potentialAction\":[{\"@type\":\"ReadAction\",\"target\":[\"https:\/\/lamollla.com\/de\/produkt\/chapelet-bracelet\/\"]}]},{\"@type\":\"ImageObject\",\"inLanguage\":\"de\",\"@id\":\"https:\/\/lamollla.com\/de\/produkt\/chapelet-bracelet\/#primaryimage\",\"url\":\"https:\/\/lamollla.com\/wp-content\/uploads\/2020\/07\/K7A7468-web.jpg\",\"contentUrl\":\"https:\/\/lamollla.com\/wp-content\/uploads\/2020\/07\/K7A7468-web.jpg\",\"width\":1333,\"height\":2000},{\"@type\":\"BreadcrumbList\",\"@id\":\"https:\/\/lamollla.com\/de\/produkt\/chapelet-bracelet\/#breadcrumb\",\"itemListElement\":[{\"@type\":\"ListItem\",\"position\":1,\"name\":\"Home\",\"item\":\"https:\/\/lamollla.com\/de\/\"},{\"@type\":\"ListItem\",\"position\":2,\"name\":\"Negozio\",\"item\":\"https:\/\/lamollla.com\/de\/negozio\/\"},{\"@type\":\"ListItem\",\"position\":3,\"name\":\"Chapelet Edelstahl-Armband\"}]},{\"@type\":\"WebSite\",\"@id\":\"https:\/\/lamollla.com\/de\/#website\",\"url\":\"https:\/\/lamollla.com\/de\/\",\"name\":\"la mollla\u00ae\",\"description\":\"\",\"publisher\":{\"@id\":\"https:\/\/lamollla.com\/de\/#organization\"},\"potentialAction\":[{\"@type\":\"SearchAction\",\"target\":{\"@type\":\"EntryPoint\",\"urlTemplate\":\"https:\/\/lamollla.com\/de\/?s={search_term_string}\"},\"query-input\":{\"@type\":\"PropertyValueSpecification\",\"valueRequired\":true,\"valueName\":\"search_term_string\"}}],\"inLanguage\":\"de\"},{\"@type\":\"Organization\",\"@id\":\"https:\/\/lamollla.com\/de\/#organization\",\"name\":\"Soci\u00e9t\u00e9 Eolienne\",\"url\":\"https:\/\/lamollla.com\/de\/\",\"logo\":{\"@type\":\"ImageObject\",\"inLanguage\":\"de\",\"@id\":\"https:\/\/lamollla.com\/de\/#\/schema\/logo\/image\/\",\"url\":\"https:\/\/lamollla.com\/wp-content\/uploads\/2020\/09\/logo-lamollla@2x.png\",\"contentUrl\":\"https:\/\/lamollla.com\/wp-content\/uploads\/2020\/09\/logo-lamollla@2x.png\",\"width\":968,\"height\":212,\"caption\":\"Soci\u00e9t\u00e9 Eolienne\"},\"image\":{\"@id\":\"https:\/\/lamollla.com\/de\/#\/schema\/logo\/image\/\"},\"sameAs\":[\"https:\/\/www.facebook.com\/TizianaRedavidAteliers\",\"https:\/\/www.instagram.com\/tizianaredavidesign\/\",\"https:\/\/www.pinterest.it\/tizianaredavid\/\"]}]}<\/script>\n<!-- \/ Yoast SEO plugin. -->","yoast_head_json":{"title":"Chapelet Edelstahl-Armband - la mollla\u00ae","description":"Handgemacht in Italien und Frankreich. Jedes ikonische Objekt ist aus hochwertigen Edelstahlfedern gefertigt und wird in einer Andenkenbox geliefert. Unsere unverwechselbaren Designs sind zur Kennzeichnung der Authentizit\u00e4t gelabelt.","robots":{"index":"index","follow":"follow","max-snippet":"max-snippet:-1","max-image-preview":"max-image-preview:large","max-video-preview":"max-video-preview:-1"},"canonical":"https:\/\/lamollla.com\/de\/produkt\/chapelet-bracelet\/","og_locale":"de_DE","og_type":"article","og_title":"Chapelet Edelstahl-Armband - la mollla\u00ae","og_description":"Handgemacht in Italien und Frankreich. Jedes ikonische Objekt ist aus hochwertigen Edelstahlfedern gefertigt und wird in einer Andenkenbox geliefert. Unsere unverwechselbaren Designs sind zur Kennzeichnung der Authentizit\u00e4t gelabelt.","og_url":"https:\/\/lamollla.com\/de\/produkt\/chapelet-bracelet\/","og_site_name":"la mollla\u00ae","article_publisher":"https:\/\/www.facebook.com\/TizianaRedavidAteliers","article_modified_time":"2025-05-26T14:13:26+00:00","og_image":[{"width":1333,"height":2000,"url":"https:\/\/lamollla.com\/wp-content\/uploads\/2020\/07\/K7A7468-web.jpg","type":"image\/jpeg"}],"twitter_card":"summary_large_image","twitter_misc":{"Gesch\u00e4tzte Lesezeit":"1\u00a0Minute"},"schema":{"@context":"https:\/\/schema.org","@graph":[{"@type":"WebPage","@id":"https:\/\/lamollla.com\/de\/produkt\/chapelet-bracelet\/","url":"https:\/\/lamollla.com\/de\/produkt\/chapelet-bracelet\/","name":"Chapelet Edelstahl-Armband - la mollla\u00ae","isPartOf":{"@id":"https:\/\/lamollla.com\/de\/#website"},"primaryImageOfPage":{"@id":"https:\/\/lamollla.com\/de\/produkt\/chapelet-bracelet\/#primaryimage"},"image":{"@id":"https:\/\/lamollla.com\/de\/produkt\/chapelet-bracelet\/#primaryimage"},"thumbnailUrl":"https:\/\/lamollla.com\/wp-content\/uploads\/2020\/07\/K7A7468-web.jpg","datePublished":"2021-12-05T21:13:27+00:00","dateModified":"2025-05-26T14:13:26+00:00","description":"Handgemacht in Italien und Frankreich. Jedes ikonische Objekt ist aus hochwertigen Edelstahlfedern gefertigt und wird in einer Andenkenbox geliefert. Unsere unverwechselbaren Designs sind zur Kennzeichnung der Authentizit\u00e4t gelabelt.","breadcrumb":{"@id":"https:\/\/lamollla.com\/de\/produkt\/chapelet-bracelet\/#breadcrumb"},"inLanguage":"de","potentialAction":[{"@type":"ReadAction","target":["https:\/\/lamollla.com\/de\/produkt\/chapelet-bracelet\/"]}]},{"@type":"ImageObject","inLanguage":"de","@id":"https:\/\/lamollla.com\/de\/produkt\/chapelet-bracelet\/#primaryimage","url":"https:\/\/lamollla.com\/wp-content\/uploads\/2020\/07\/K7A7468-web.jpg","contentUrl":"https:\/\/lamollla.com\/wp-content\/uploads\/2020\/07\/K7A7468-web.jpg","width":1333,"height":2000},{"@type":"BreadcrumbList","@id":"https:\/\/lamollla.com\/de\/produkt\/chapelet-bracelet\/#breadcrumb","itemListElement":[{"@type":"ListItem","position":1,"name":"Home","item":"https:\/\/lamollla.com\/de\/"},{"@type":"ListItem","position":2,"name":"Negozio","item":"https:\/\/lamollla.com\/de\/negozio\/"},{"@type":"ListItem","position":3,"name":"Chapelet Edelstahl-Armband"}]},{"@type":"WebSite","@id":"https:\/\/lamollla.com\/de\/#website","url":"https:\/\/lamollla.com\/de\/","name":"la mollla\u00ae","description":"","publisher":{"@id":"https:\/\/lamollla.com\/de\/#organization"},"potentialAction":[{"@type":"SearchAction","target":{"@type":"EntryPoint","urlTemplate":"https:\/\/lamollla.com\/de\/?s={search_term_string}"},"query-input":{"@type":"PropertyValueSpecification","valueRequired":true,"valueName":"search_term_string"}}],"inLanguage":"de"},{"@type":"Organization","@id":"https:\/\/lamollla.com\/de\/#organization","name":"Soci\u00e9t\u00e9 Eolienne","url":"https:\/\/lamollla.com\/de\/","logo":{"@type":"ImageObject","inLanguage":"de","@id":"https:\/\/lamollla.com\/de\/#\/schema\/logo\/image\/","url":"https:\/\/lamollla.com\/wp-content\/uploads\/2020\/09\/logo-lamollla@2x.png","contentUrl":"https:\/\/lamollla.com\/wp-content\/uploads\/2020\/09\/logo-lamollla@2x.png","width":968,"height":212,"caption":"Soci\u00e9t\u00e9 Eolienne"},"image":{"@id":"https:\/\/lamollla.com\/de\/#\/schema\/logo\/image\/"},"sameAs":["https:\/\/www.facebook.com\/TizianaRedavidAteliers","https:\/\/www.instagram.com\/tizianaredavidesign\/","https:\/\/www.pinterest.it\/tizianaredavid\/"]}]}},"_links":{"self":[{"href":"https:\/\/lamollla.com\/de\/wp-json\/wp\/v2\/product\/4729","targetHints":{"allow":["GET"]}}],"collection":[{"href":"https:\/\/lamollla.com\/de\/wp-json\/wp\/v2\/product"}],"about":[{"href":"https:\/\/lamollla.com\/de\/wp-json\/wp\/v2\/types\/product"}],"wp:featuredmedia":[{"embeddable":true,"href":"https:\/\/lamollla.com\/de\/wp-json\/wp\/v2\/media\/13816"}],"wp:attachment":[{"href":"https:\/\/lamollla.com\/de\/wp-json\/wp\/v2\/media?parent=4729"}],"wp:term":[{"taxonomy":"product_brand","embeddable":true,"href":"https:\/\/lamollla.com\/de\/wp-json\/wp\/v2\/product_brand?post=4729"},{"taxonomy":"product_cat","embeddable":true,"href":"https:\/\/lamollla.com\/de\/wp-json\/wp\/v2\/product_cat?post=4729"},{"taxonomy":"product_tag","embeddable":true,"href":"https:\/\/lamollla.com\/de\/wp-json\/wp\/v2\/product_tag?post=4729"}],"curies":[{"name":"wp","href":"https:\/\/api.w.org\/{rel}","templated":true}]}}