{"id":4684,"date":"2020-08-04T23:31:23","date_gmt":"2021-12-05T20:30:22","guid":{"rendered":"https:\/\/lamollla.com\/product\/twist-armbaender\/"},"modified":"2025-05-26T16:10:48","modified_gmt":"2025-05-26T14:10:48","slug":"twist-edelstahl-armband","status":"publish","type":"product","link":"https:\/\/lamollla.com\/de\/produkt\/twist-edelstahl-armband\/","title":{"rendered":"Twist Edelstahl-Armband"},"content":{"rendered":"<p><span style=\"font-weight: 400;\">Skulpturale Schlichtheit mit dynamischem Twist<\/span><\/p>\n<p><span style=\"font-weight: 400;\">Das Twist-Armband vereint Klarheit, Brillanz und Bewegung der ikonischen Twist-Linie in einem raffinierten Design f\u00fcrs Handgelenk.<\/span><span style=\"font-weight: 400;\"><br \/>\n<\/span><span style=\"font-weight: 400;\">Gefertigt aus 8 feinen, flexiblen Edelstahlstr\u00e4ngen, passt es sich an und verwandelt sich \u2013 glatt oder gedreht getragen \u2013 und erzeugt subtile Variationen in Textur und Form.<\/span><span style=\"font-weight: 400;\"><br \/>\n<\/span><span style=\"font-weight: 400;\">Seine Struktur spielt mit dem Licht und erzeugt bei jeder Bewegung schimmernde Reflexe.<\/span><\/p>\n<p><span style=\"font-weight: 400;\">Erh\u00e4ltlich in zwei Gr\u00f6\u00dfen (M: 19 cm \/ L: 20 cm), legt es sich nat\u00fcrlich um das Handgelenk und schlie\u00dft sicher mit einem ma\u00dfgefertigten Magnetverschluss, der mit dem Namen <\/span><i><span style=\"font-weight: 400;\">la mollla\u00ae<\/span><\/i><span style=\"font-weight: 400;\"> graviert ist.<\/span><span style=\"font-weight: 400;\"><br \/>\n<\/span><span style=\"font-weight: 400;\">Jedes St\u00fcck ist leicht und dennoch markant \u2013 ideal f\u00fcr alle, die Innovation, Pr\u00e4zision und Eleganz ohne \u00dcberma\u00df sch\u00e4tzen.<\/span><\/p>\n<p><span style=\"font-weight: 400;\">Authentisch, hergestellt in Italien und Frankreich<\/span><span style=\"font-weight: 400;\"><br \/>\n<\/span><span style=\"font-weight: 400;\">Unser Schmuck wird mit h\u00f6chstem Qualit\u00e4tsanspruch in Turin und Paris gefertigt \u2013 mit Hilfe unseres langj\u00e4hrigen Netzwerks italienischer Lieferanten.<\/span><span style=\"font-weight: 400;\"><br \/>\n<\/span><span style=\"font-weight: 400;\">Entstanden aus strengem Industriedesign.<\/span><span style=\"font-weight: 400;\"><br \/>\n<\/span><span style=\"font-weight: 400;\">Bei richtiger Pflege h\u00e4lt es ein Leben lang.<\/span><\/p>\n<p><b>Design Tiziana Redavid f\u00fcr la mollla\u00ae<\/b><\/p>\n<p><b>Beware of imitations<\/b><\/p>\n","protected":false},"excerpt":{"rendered":"<p>Skulpturale Schlichtheit mit dynamischem Twist Das Twist-Armband vereint Klarheit, Brillanz und Bewegung der ikonischen Twist-Linie in einem raffinierten Design f\u00fcrs Handgelenk. Gefertigt aus 8 feinen, flexiblen Edelstahlstr\u00e4ngen, passt es sich an und verwandelt sich \u2013 glatt oder gedreht getragen \u2013 und erzeugt subtile Variationen in Textur und Form. Seine Struktur spielt mit dem Licht und &#8230; <a title=\"Twist Edelstahl-Armband\" class=\"read-more\" href=\"https:\/\/lamollla.com\/de\/produkt\/twist-edelstahl-armband\/\" aria-label=\"Mehr Informationen \u00fcber Twist Edelstahl-Armband\">Weiterlesen &#8230;<\/a><\/p>\n","protected":false},"featured_media":7190,"template":"","meta":{"_uf_show_specific_survey":0,"_uf_disable_surveys":false},"product_brand":[],"product_cat":[143,179],"product_tag":[242],"class_list":{"0":"post-4684","1":"product","2":"type-product","3":"status-publish","4":"has-post-thumbnail","6":"product_cat-armbaender","7":"product_cat-twist-de","8":"product_tag-online-de","9":"product_shipping_class-bra-de","11":"first","12":"instock","13":"taxable","14":"shipping-taxable","15":"purchasable","16":"product-type-variable"},"yoast_head":"<!-- This site is optimized with the Yoast SEO plugin v26.8 - https:\/\/yoast.com\/product\/yoast-seo-wordpress\/ -->\n<title>Twist Edelstahl-Armband - la mollla\u00ae<\/title>\n<meta name=\"robots\" content=\"index, follow, max-snippet:-1, max-image-preview:large, max-video-preview:-1\" \/>\n<link rel=\"canonical\" href=\"https:\/\/lamollla.com\/de\/produkt\/twist-edelstahl-armband\/\" \/>\n<meta property=\"og:locale\" content=\"de_DE\" \/>\n<meta property=\"og:type\" content=\"article\" \/>\n<meta property=\"og:title\" content=\"Twist Edelstahl-Armband - la mollla\u00ae\" \/>\n<meta property=\"og:description\" content=\"Skulpturale Schlichtheit mit dynamischem Twist Das Twist-Armband vereint Klarheit, Brillanz und Bewegung der ikonischen Twist-Linie in einem raffinierten Design f\u00fcrs Handgelenk. Gefertigt aus 8 feinen, flexiblen Edelstahlstr\u00e4ngen, passt es sich an und verwandelt sich \u2013 glatt oder gedreht getragen \u2013 und erzeugt subtile Variationen in Textur und Form. Seine Struktur spielt mit dem Licht und ... Weiterlesen ...\" \/>\n<meta property=\"og:url\" content=\"https:\/\/lamollla.com\/de\/produkt\/twist-edelstahl-armband\/\" \/>\n<meta property=\"og:site_name\" content=\"la mollla\u00ae\" \/>\n<meta property=\"article:publisher\" content=\"https:\/\/www.facebook.com\/TizianaRedavidAteliers\" \/>\n<meta property=\"article:modified_time\" content=\"2025-05-26T14:10:48+00:00\" \/>\n<meta property=\"og:image\" content=\"https:\/\/lamollla.com\/wp-content\/uploads\/2020\/08\/twist_bracelet-front-01.jpeg\" \/>\n\t<meta property=\"og:image:width\" content=\"1333\" \/>\n\t<meta property=\"og:image:height\" content=\"1333\" \/>\n\t<meta property=\"og:image:type\" content=\"image\/jpeg\" \/>\n<meta name=\"twitter:card\" content=\"summary_large_image\" \/>\n<meta name=\"twitter:label1\" content=\"Gesch\u00e4tzte Lesezeit\" \/>\n\t<meta name=\"twitter:data1\" content=\"2\u00a0Minuten\" \/>\n<script type=\"application\/ld+json\" class=\"yoast-schema-graph\">{\"@context\":\"https:\/\/schema.org\",\"@graph\":[{\"@type\":\"WebPage\",\"@id\":\"https:\/\/lamollla.com\/de\/produkt\/twist-edelstahl-armband\/\",\"url\":\"https:\/\/lamollla.com\/de\/produkt\/twist-edelstahl-armband\/\",\"name\":\"Twist Edelstahl-Armband - la mollla\u00ae\",\"isPartOf\":{\"@id\":\"https:\/\/lamollla.com\/de\/#website\"},\"primaryImageOfPage\":{\"@id\":\"https:\/\/lamollla.com\/de\/produkt\/twist-edelstahl-armband\/#primaryimage\"},\"image\":{\"@id\":\"https:\/\/lamollla.com\/de\/produkt\/twist-edelstahl-armband\/#primaryimage\"},\"thumbnailUrl\":\"https:\/\/lamollla.com\/wp-content\/uploads\/2020\/08\/twist_bracelet-front-01.jpeg\",\"datePublished\":\"2021-12-05T20:30:22+00:00\",\"dateModified\":\"2025-05-26T14:10:48+00:00\",\"breadcrumb\":{\"@id\":\"https:\/\/lamollla.com\/de\/produkt\/twist-edelstahl-armband\/#breadcrumb\"},\"inLanguage\":\"de\",\"potentialAction\":[{\"@type\":\"ReadAction\",\"target\":[\"https:\/\/lamollla.com\/de\/produkt\/twist-edelstahl-armband\/\"]}]},{\"@type\":\"ImageObject\",\"inLanguage\":\"de\",\"@id\":\"https:\/\/lamollla.com\/de\/produkt\/twist-edelstahl-armband\/#primaryimage\",\"url\":\"https:\/\/lamollla.com\/wp-content\/uploads\/2020\/08\/twist_bracelet-front-01.jpeg\",\"contentUrl\":\"https:\/\/lamollla.com\/wp-content\/uploads\/2020\/08\/twist_bracelet-front-01.jpeg\",\"width\":1333,\"height\":1333},{\"@type\":\"BreadcrumbList\",\"@id\":\"https:\/\/lamollla.com\/de\/produkt\/twist-edelstahl-armband\/#breadcrumb\",\"itemListElement\":[{\"@type\":\"ListItem\",\"position\":1,\"name\":\"Home\",\"item\":\"https:\/\/lamollla.com\/de\/\"},{\"@type\":\"ListItem\",\"position\":2,\"name\":\"Negozio\",\"item\":\"https:\/\/lamollla.com\/de\/negozio\/\"},{\"@type\":\"ListItem\",\"position\":3,\"name\":\"Twist Edelstahl-Armband\"}]},{\"@type\":\"WebSite\",\"@id\":\"https:\/\/lamollla.com\/de\/#website\",\"url\":\"https:\/\/lamollla.com\/de\/\",\"name\":\"la mollla\u00ae\",\"description\":\"\",\"publisher\":{\"@id\":\"https:\/\/lamollla.com\/de\/#organization\"},\"potentialAction\":[{\"@type\":\"SearchAction\",\"target\":{\"@type\":\"EntryPoint\",\"urlTemplate\":\"https:\/\/lamollla.com\/de\/?s={search_term_string}\"},\"query-input\":{\"@type\":\"PropertyValueSpecification\",\"valueRequired\":true,\"valueName\":\"search_term_string\"}}],\"inLanguage\":\"de\"},{\"@type\":\"Organization\",\"@id\":\"https:\/\/lamollla.com\/de\/#organization\",\"name\":\"Soci\u00e9t\u00e9 Eolienne\",\"url\":\"https:\/\/lamollla.com\/de\/\",\"logo\":{\"@type\":\"ImageObject\",\"inLanguage\":\"de\",\"@id\":\"https:\/\/lamollla.com\/de\/#\/schema\/logo\/image\/\",\"url\":\"https:\/\/lamollla.com\/wp-content\/uploads\/2020\/09\/logo-lamollla@2x.png\",\"contentUrl\":\"https:\/\/lamollla.com\/wp-content\/uploads\/2020\/09\/logo-lamollla@2x.png\",\"width\":968,\"height\":212,\"caption\":\"Soci\u00e9t\u00e9 Eolienne\"},\"image\":{\"@id\":\"https:\/\/lamollla.com\/de\/#\/schema\/logo\/image\/\"},\"sameAs\":[\"https:\/\/www.facebook.com\/TizianaRedavidAteliers\",\"https:\/\/www.instagram.com\/tizianaredavidesign\/\",\"https:\/\/www.pinterest.it\/tizianaredavid\/\"]}]}<\/script>\n<!-- \/ Yoast SEO plugin. -->","yoast_head_json":{"title":"Twist Edelstahl-Armband - la mollla\u00ae","robots":{"index":"index","follow":"follow","max-snippet":"max-snippet:-1","max-image-preview":"max-image-preview:large","max-video-preview":"max-video-preview:-1"},"canonical":"https:\/\/lamollla.com\/de\/produkt\/twist-edelstahl-armband\/","og_locale":"de_DE","og_type":"article","og_title":"Twist Edelstahl-Armband - la mollla\u00ae","og_description":"Skulpturale Schlichtheit mit dynamischem Twist Das Twist-Armband vereint Klarheit, Brillanz und Bewegung der ikonischen Twist-Linie in einem raffinierten Design f\u00fcrs Handgelenk. Gefertigt aus 8 feinen, flexiblen Edelstahlstr\u00e4ngen, passt es sich an und verwandelt sich \u2013 glatt oder gedreht getragen \u2013 und erzeugt subtile Variationen in Textur und Form. Seine Struktur spielt mit dem Licht und ... Weiterlesen ...","og_url":"https:\/\/lamollla.com\/de\/produkt\/twist-edelstahl-armband\/","og_site_name":"la mollla\u00ae","article_publisher":"https:\/\/www.facebook.com\/TizianaRedavidAteliers","article_modified_time":"2025-05-26T14:10:48+00:00","og_image":[{"width":1333,"height":1333,"url":"https:\/\/lamollla.com\/wp-content\/uploads\/2020\/08\/twist_bracelet-front-01.jpeg","type":"image\/jpeg"}],"twitter_card":"summary_large_image","twitter_misc":{"Gesch\u00e4tzte Lesezeit":"2\u00a0Minuten"},"schema":{"@context":"https:\/\/schema.org","@graph":[{"@type":"WebPage","@id":"https:\/\/lamollla.com\/de\/produkt\/twist-edelstahl-armband\/","url":"https:\/\/lamollla.com\/de\/produkt\/twist-edelstahl-armband\/","name":"Twist Edelstahl-Armband - la mollla\u00ae","isPartOf":{"@id":"https:\/\/lamollla.com\/de\/#website"},"primaryImageOfPage":{"@id":"https:\/\/lamollla.com\/de\/produkt\/twist-edelstahl-armband\/#primaryimage"},"image":{"@id":"https:\/\/lamollla.com\/de\/produkt\/twist-edelstahl-armband\/#primaryimage"},"thumbnailUrl":"https:\/\/lamollla.com\/wp-content\/uploads\/2020\/08\/twist_bracelet-front-01.jpeg","datePublished":"2021-12-05T20:30:22+00:00","dateModified":"2025-05-26T14:10:48+00:00","breadcrumb":{"@id":"https:\/\/lamollla.com\/de\/produkt\/twist-edelstahl-armband\/#breadcrumb"},"inLanguage":"de","potentialAction":[{"@type":"ReadAction","target":["https:\/\/lamollla.com\/de\/produkt\/twist-edelstahl-armband\/"]}]},{"@type":"ImageObject","inLanguage":"de","@id":"https:\/\/lamollla.com\/de\/produkt\/twist-edelstahl-armband\/#primaryimage","url":"https:\/\/lamollla.com\/wp-content\/uploads\/2020\/08\/twist_bracelet-front-01.jpeg","contentUrl":"https:\/\/lamollla.com\/wp-content\/uploads\/2020\/08\/twist_bracelet-front-01.jpeg","width":1333,"height":1333},{"@type":"BreadcrumbList","@id":"https:\/\/lamollla.com\/de\/produkt\/twist-edelstahl-armband\/#breadcrumb","itemListElement":[{"@type":"ListItem","position":1,"name":"Home","item":"https:\/\/lamollla.com\/de\/"},{"@type":"ListItem","position":2,"name":"Negozio","item":"https:\/\/lamollla.com\/de\/negozio\/"},{"@type":"ListItem","position":3,"name":"Twist Edelstahl-Armband"}]},{"@type":"WebSite","@id":"https:\/\/lamollla.com\/de\/#website","url":"https:\/\/lamollla.com\/de\/","name":"la mollla\u00ae","description":"","publisher":{"@id":"https:\/\/lamollla.com\/de\/#organization"},"potentialAction":[{"@type":"SearchAction","target":{"@type":"EntryPoint","urlTemplate":"https:\/\/lamollla.com\/de\/?s={search_term_string}"},"query-input":{"@type":"PropertyValueSpecification","valueRequired":true,"valueName":"search_term_string"}}],"inLanguage":"de"},{"@type":"Organization","@id":"https:\/\/lamollla.com\/de\/#organization","name":"Soci\u00e9t\u00e9 Eolienne","url":"https:\/\/lamollla.com\/de\/","logo":{"@type":"ImageObject","inLanguage":"de","@id":"https:\/\/lamollla.com\/de\/#\/schema\/logo\/image\/","url":"https:\/\/lamollla.com\/wp-content\/uploads\/2020\/09\/logo-lamollla@2x.png","contentUrl":"https:\/\/lamollla.com\/wp-content\/uploads\/2020\/09\/logo-lamollla@2x.png","width":968,"height":212,"caption":"Soci\u00e9t\u00e9 Eolienne"},"image":{"@id":"https:\/\/lamollla.com\/de\/#\/schema\/logo\/image\/"},"sameAs":["https:\/\/www.facebook.com\/TizianaRedavidAteliers","https:\/\/www.instagram.com\/tizianaredavidesign\/","https:\/\/www.pinterest.it\/tizianaredavid\/"]}]}},"_links":{"self":[{"href":"https:\/\/lamollla.com\/de\/wp-json\/wp\/v2\/product\/4684","targetHints":{"allow":["GET"]}}],"collection":[{"href":"https:\/\/lamollla.com\/de\/wp-json\/wp\/v2\/product"}],"about":[{"href":"https:\/\/lamollla.com\/de\/wp-json\/wp\/v2\/types\/product"}],"wp:featuredmedia":[{"embeddable":true,"href":"https:\/\/lamollla.com\/de\/wp-json\/wp\/v2\/media\/7190"}],"wp:attachment":[{"href":"https:\/\/lamollla.com\/de\/wp-json\/wp\/v2\/media?parent=4684"}],"wp:term":[{"taxonomy":"product_brand","embeddable":true,"href":"https:\/\/lamollla.com\/de\/wp-json\/wp\/v2\/product_brand?post=4684"},{"taxonomy":"product_cat","embeddable":true,"href":"https:\/\/lamollla.com\/de\/wp-json\/wp\/v2\/product_cat?post=4684"},{"taxonomy":"product_tag","embeddable":true,"href":"https:\/\/lamollla.com\/de\/wp-json\/wp\/v2\/product_tag?post=4684"}],"curies":[{"name":"wp","href":"https:\/\/api.w.org\/{rel}","templated":true}]}}