{"id":4681,"date":"2020-08-05T00:26:53","date_gmt":"2021-12-05T20:26:18","guid":{"rendered":"https:\/\/lamollla.com\/product\/n1-acier-armbander\/"},"modified":"2025-05-26T16:08:07","modified_gmt":"2025-05-26T14:08:07","slug":"n1-edelstahl-armband-bracelet","status":"publish","type":"product","link":"https:\/\/lamollla.com\/de\/produkt\/n1-edelstahl-armband-bracelet\/","title":{"rendered":"N\u00b01 Edelstahl-Armband"},"content":{"rendered":"<p><span style=\"font-weight: 400;\">Skulpturale Leichtigkeit und Alltagseleganz<\/span><\/p>\n<p><span style=\"font-weight: 400;\">Die Familie N\u00b01 entstand aus Tiziana Redavids Leidenschaft f\u00fcr Modularit\u00e4t.<\/span><span style=\"font-weight: 400;\"><br \/>\n<\/span><span style=\"font-weight: 400;\">Nach dem Erfolg des ikonischen 97-Armbands begann sie, Mikrofedern aus reinem Edelstahl in neue Formen zu bringen \u2013 Ausdruck von Bewegung, Volumen und Textur durch eine Designsprache der Schlichtheit und Pr\u00e4zision.<\/span><\/p>\n<p><span style=\"font-weight: 400;\">Das N\u00b01 Armband setzt diese Entwicklung fort mit einer raffinierten, vielschichtigen Komposition aus Edelstahlringen, die das Handgelenk in einer leichten, aber ausdrucksstarken Struktur umschlie\u00dfen.<\/span><span style=\"font-weight: 400;\"><br \/>\n<\/span><span style=\"font-weight: 400;\">Wie alle St\u00fccke der Linie bewegt es sich geschmeidig mit dem K\u00f6rper, ohne sich zu verheddern oder seine Form zu verlieren, und wird von Hand Ring f\u00fcr Ring zusammengesetzt \u2013 ein Akt handwerklicher Sorgfalt, der <\/span><i><span style=\"font-weight: 400;\">la mollla\u00ae<\/span><\/i><span style=\"font-weight: 400;\">auszeichnet.<\/span><\/p>\n<p><span style=\"font-weight: 400;\">Zum Anlegen wird das Armband einfach sanft \u00fcber die Hand gerollt \u2013 ein taktiles Ritual, das seine harmonische Beziehung zum K\u00f6rper unterstreicht.<\/span><span style=\"font-weight: 400;\"><br \/>\n<\/span><span style=\"font-weight: 400;\">Auch das Innere des Armbands besteht aus denselben Edelstahl-Mikrofedern und sorgt f\u00fcr visuelle und materielle Kontinuit\u00e4t im gesamten Schmuckst\u00fcck.<\/span><\/p>\n<p><span style=\"font-weight: 400;\">Erh\u00e4ltlich in verschiedenen Gr\u00f6\u00dfen, passt es sich nat\u00fcrlich dem Handgelenk an und wird Teil von dir \u2013 so leicht, dass man es kaum sp\u00fcrt, und dennoch voller Charakter.<\/span><span style=\"font-weight: 400;\"><br \/>\n<\/span><span style=\"font-weight: 400;\">Seine rhythmische Struktur gl\u00e4nzt auf unerwartete Weise und spiegelt bei jeder Bewegung das Wechselspiel von Ordnung und Spontaneit\u00e4t wider.<\/span><\/p>\n<p><span style=\"font-weight: 400;\">Wasserabweisend, schnelltrocknend und unempfindlich gegen\u00fcber Sonne und Sand ist das N\u00b01 Armband ein idealer Reisebegleiter \u2013 zeitlos und zugleich modern.<\/span><\/p>\n<p><span style=\"font-weight: 400;\">Authentisch, hergestellt in Italien und Frankreich<\/span><span style=\"font-weight: 400;\"><br \/>\n<\/span><span style=\"font-weight: 400;\">Gefertigt in Turin und Paris mit Unterst\u00fctzung unseres langj\u00e4hrigen Netzwerks italienischer Zulieferer, nach strengem Industriedesign und handwerklicher Expertise.<\/span><\/p>\n<p><span style=\"font-weight: 400;\">Jedes Armband besteht aus originalen, hochwertigen Federn aus reinem Edelstahl<\/span><\/p>\n<p><b>Design Tiziana Redavid f\u00fcr la mollla\u00ae, 1998<\/b><\/p>\n<p><b>Beware of imitations<\/b><\/p>\n","protected":false},"excerpt":{"rendered":"<p>Skulpturale Leichtigkeit und Alltagseleganz Die Familie N\u00b01 entstand aus Tiziana Redavids Leidenschaft f\u00fcr Modularit\u00e4t. Nach dem Erfolg des ikonischen 97-Armbands begann sie, Mikrofedern aus reinem Edelstahl in neue Formen zu bringen \u2013 Ausdruck von Bewegung, Volumen und Textur durch eine Designsprache der Schlichtheit und Pr\u00e4zision. Das N\u00b01 Armband setzt diese Entwicklung fort mit einer raffinierten, &#8230; <a title=\"N\u00b01 Edelstahl-Armband\" class=\"read-more\" href=\"https:\/\/lamollla.com\/de\/produkt\/n1-edelstahl-armband-bracelet\/\" aria-label=\"Mehr Informationen \u00fcber N\u00b01 Edelstahl-Armband\">Weiterlesen &#8230;<\/a><\/p>\n","protected":false},"featured_media":5085,"template":"","meta":{"_uf_show_specific_survey":0,"_uf_disable_surveys":false},"product_brand":[],"product_cat":[143,162],"product_tag":[242],"class_list":{"0":"post-4681","1":"product","2":"type-product","3":"status-publish","4":"has-post-thumbnail","6":"product_cat-armbaender","7":"product_cat-n1-de","8":"product_tag-online-de","9":"product_shipping_class-bra-de","11":"first","12":"instock","13":"taxable","14":"shipping-taxable","15":"purchasable","16":"product-type-variable"},"yoast_head":"<!-- This site is optimized with the Yoast SEO plugin v26.8 - https:\/\/yoast.com\/product\/yoast-seo-wordpress\/ -->\n<title>N\u00b01 Edelstahl-Armband - la mollla\u00ae<\/title>\n<meta name=\"robots\" content=\"index, follow, max-snippet:-1, max-image-preview:large, max-video-preview:-1\" \/>\n<link rel=\"canonical\" href=\"https:\/\/lamollla.com\/de\/produkt\/n1-edelstahl-armband-bracelet\/\" \/>\n<meta property=\"og:locale\" content=\"de_DE\" \/>\n<meta property=\"og:type\" content=\"article\" \/>\n<meta property=\"og:title\" content=\"N\u00b01 Edelstahl-Armband - la mollla\u00ae\" \/>\n<meta property=\"og:description\" content=\"Skulpturale Leichtigkeit und Alltagseleganz Die Familie N\u00b01 entstand aus Tiziana Redavids Leidenschaft f\u00fcr Modularit\u00e4t. Nach dem Erfolg des ikonischen 97-Armbands begann sie, Mikrofedern aus reinem Edelstahl in neue Formen zu bringen \u2013 Ausdruck von Bewegung, Volumen und Textur durch eine Designsprache der Schlichtheit und Pr\u00e4zision. Das N\u00b01 Armband setzt diese Entwicklung fort mit einer raffinierten, ... Weiterlesen ...\" \/>\n<meta property=\"og:url\" content=\"https:\/\/lamollla.com\/de\/produkt\/n1-edelstahl-armband-bracelet\/\" \/>\n<meta property=\"og:site_name\" content=\"la mollla\u00ae\" \/>\n<meta property=\"article:publisher\" content=\"https:\/\/www.facebook.com\/TizianaRedavidAteliers\" \/>\n<meta property=\"article:modified_time\" content=\"2025-05-26T14:08:07+00:00\" \/>\n<meta property=\"og:image\" content=\"https:\/\/lamollla.com\/wp-content\/uploads\/2020\/07\/n1-bra_lamollla_0200_web-e1699879698497.jpg\" \/>\n\t<meta property=\"og:image:width\" content=\"1332\" \/>\n\t<meta property=\"og:image:height\" content=\"1344\" \/>\n\t<meta property=\"og:image:type\" content=\"image\/jpeg\" \/>\n<meta name=\"twitter:card\" content=\"summary_large_image\" \/>\n<meta name=\"twitter:label1\" content=\"Gesch\u00e4tzte Lesezeit\" \/>\n\t<meta name=\"twitter:data1\" content=\"2\u00a0Minuten\" \/>\n<script type=\"application\/ld+json\" class=\"yoast-schema-graph\">{\"@context\":\"https:\/\/schema.org\",\"@graph\":[{\"@type\":\"WebPage\",\"@id\":\"https:\/\/lamollla.com\/de\/produkt\/n1-edelstahl-armband-bracelet\/\",\"url\":\"https:\/\/lamollla.com\/de\/produkt\/n1-edelstahl-armband-bracelet\/\",\"name\":\"N\u00b01 Edelstahl-Armband - la mollla\u00ae\",\"isPartOf\":{\"@id\":\"https:\/\/lamollla.com\/de\/#website\"},\"primaryImageOfPage\":{\"@id\":\"https:\/\/lamollla.com\/de\/produkt\/n1-edelstahl-armband-bracelet\/#primaryimage\"},\"image\":{\"@id\":\"https:\/\/lamollla.com\/de\/produkt\/n1-edelstahl-armband-bracelet\/#primaryimage\"},\"thumbnailUrl\":\"https:\/\/lamollla.com\/wp-content\/uploads\/2020\/07\/n1-bra_lamollla_0200_web-e1699879698497.jpg\",\"datePublished\":\"2021-12-05T20:26:18+00:00\",\"dateModified\":\"2025-05-26T14:08:07+00:00\",\"breadcrumb\":{\"@id\":\"https:\/\/lamollla.com\/de\/produkt\/n1-edelstahl-armband-bracelet\/#breadcrumb\"},\"inLanguage\":\"de\",\"potentialAction\":[{\"@type\":\"ReadAction\",\"target\":[\"https:\/\/lamollla.com\/de\/produkt\/n1-edelstahl-armband-bracelet\/\"]}]},{\"@type\":\"ImageObject\",\"inLanguage\":\"de\",\"@id\":\"https:\/\/lamollla.com\/de\/produkt\/n1-edelstahl-armband-bracelet\/#primaryimage\",\"url\":\"https:\/\/lamollla.com\/wp-content\/uploads\/2020\/07\/n1-bra_lamollla_0200_web-e1699879698497.jpg\",\"contentUrl\":\"https:\/\/lamollla.com\/wp-content\/uploads\/2020\/07\/n1-bra_lamollla_0200_web-e1699879698497.jpg\",\"width\":1332,\"height\":1344},{\"@type\":\"BreadcrumbList\",\"@id\":\"https:\/\/lamollla.com\/de\/produkt\/n1-edelstahl-armband-bracelet\/#breadcrumb\",\"itemListElement\":[{\"@type\":\"ListItem\",\"position\":1,\"name\":\"Home\",\"item\":\"https:\/\/lamollla.com\/de\/\"},{\"@type\":\"ListItem\",\"position\":2,\"name\":\"Negozio\",\"item\":\"https:\/\/lamollla.com\/de\/negozio\/\"},{\"@type\":\"ListItem\",\"position\":3,\"name\":\"N\u00b01 Edelstahl-Armband\"}]},{\"@type\":\"WebSite\",\"@id\":\"https:\/\/lamollla.com\/de\/#website\",\"url\":\"https:\/\/lamollla.com\/de\/\",\"name\":\"la mollla\u00ae\",\"description\":\"\",\"publisher\":{\"@id\":\"https:\/\/lamollla.com\/de\/#organization\"},\"potentialAction\":[{\"@type\":\"SearchAction\",\"target\":{\"@type\":\"EntryPoint\",\"urlTemplate\":\"https:\/\/lamollla.com\/de\/?s={search_term_string}\"},\"query-input\":{\"@type\":\"PropertyValueSpecification\",\"valueRequired\":true,\"valueName\":\"search_term_string\"}}],\"inLanguage\":\"de\"},{\"@type\":\"Organization\",\"@id\":\"https:\/\/lamollla.com\/de\/#organization\",\"name\":\"Soci\u00e9t\u00e9 Eolienne\",\"url\":\"https:\/\/lamollla.com\/de\/\",\"logo\":{\"@type\":\"ImageObject\",\"inLanguage\":\"de\",\"@id\":\"https:\/\/lamollla.com\/de\/#\/schema\/logo\/image\/\",\"url\":\"https:\/\/lamollla.com\/wp-content\/uploads\/2020\/09\/logo-lamollla@2x.png\",\"contentUrl\":\"https:\/\/lamollla.com\/wp-content\/uploads\/2020\/09\/logo-lamollla@2x.png\",\"width\":968,\"height\":212,\"caption\":\"Soci\u00e9t\u00e9 Eolienne\"},\"image\":{\"@id\":\"https:\/\/lamollla.com\/de\/#\/schema\/logo\/image\/\"},\"sameAs\":[\"https:\/\/www.facebook.com\/TizianaRedavidAteliers\",\"https:\/\/www.instagram.com\/tizianaredavidesign\/\",\"https:\/\/www.pinterest.it\/tizianaredavid\/\"]}]}<\/script>\n<!-- \/ Yoast SEO plugin. -->","yoast_head_json":{"title":"N\u00b01 Edelstahl-Armband - la mollla\u00ae","robots":{"index":"index","follow":"follow","max-snippet":"max-snippet:-1","max-image-preview":"max-image-preview:large","max-video-preview":"max-video-preview:-1"},"canonical":"https:\/\/lamollla.com\/de\/produkt\/n1-edelstahl-armband-bracelet\/","og_locale":"de_DE","og_type":"article","og_title":"N\u00b01 Edelstahl-Armband - la mollla\u00ae","og_description":"Skulpturale Leichtigkeit und Alltagseleganz Die Familie N\u00b01 entstand aus Tiziana Redavids Leidenschaft f\u00fcr Modularit\u00e4t. Nach dem Erfolg des ikonischen 97-Armbands begann sie, Mikrofedern aus reinem Edelstahl in neue Formen zu bringen \u2013 Ausdruck von Bewegung, Volumen und Textur durch eine Designsprache der Schlichtheit und Pr\u00e4zision. Das N\u00b01 Armband setzt diese Entwicklung fort mit einer raffinierten, ... Weiterlesen ...","og_url":"https:\/\/lamollla.com\/de\/produkt\/n1-edelstahl-armband-bracelet\/","og_site_name":"la mollla\u00ae","article_publisher":"https:\/\/www.facebook.com\/TizianaRedavidAteliers","article_modified_time":"2025-05-26T14:08:07+00:00","og_image":[{"width":1332,"height":1344,"url":"https:\/\/lamollla.com\/wp-content\/uploads\/2020\/07\/n1-bra_lamollla_0200_web-e1699879698497.jpg","type":"image\/jpeg"}],"twitter_card":"summary_large_image","twitter_misc":{"Gesch\u00e4tzte Lesezeit":"2\u00a0Minuten"},"schema":{"@context":"https:\/\/schema.org","@graph":[{"@type":"WebPage","@id":"https:\/\/lamollla.com\/de\/produkt\/n1-edelstahl-armband-bracelet\/","url":"https:\/\/lamollla.com\/de\/produkt\/n1-edelstahl-armband-bracelet\/","name":"N\u00b01 Edelstahl-Armband - la mollla\u00ae","isPartOf":{"@id":"https:\/\/lamollla.com\/de\/#website"},"primaryImageOfPage":{"@id":"https:\/\/lamollla.com\/de\/produkt\/n1-edelstahl-armband-bracelet\/#primaryimage"},"image":{"@id":"https:\/\/lamollla.com\/de\/produkt\/n1-edelstahl-armband-bracelet\/#primaryimage"},"thumbnailUrl":"https:\/\/lamollla.com\/wp-content\/uploads\/2020\/07\/n1-bra_lamollla_0200_web-e1699879698497.jpg","datePublished":"2021-12-05T20:26:18+00:00","dateModified":"2025-05-26T14:08:07+00:00","breadcrumb":{"@id":"https:\/\/lamollla.com\/de\/produkt\/n1-edelstahl-armband-bracelet\/#breadcrumb"},"inLanguage":"de","potentialAction":[{"@type":"ReadAction","target":["https:\/\/lamollla.com\/de\/produkt\/n1-edelstahl-armband-bracelet\/"]}]},{"@type":"ImageObject","inLanguage":"de","@id":"https:\/\/lamollla.com\/de\/produkt\/n1-edelstahl-armband-bracelet\/#primaryimage","url":"https:\/\/lamollla.com\/wp-content\/uploads\/2020\/07\/n1-bra_lamollla_0200_web-e1699879698497.jpg","contentUrl":"https:\/\/lamollla.com\/wp-content\/uploads\/2020\/07\/n1-bra_lamollla_0200_web-e1699879698497.jpg","width":1332,"height":1344},{"@type":"BreadcrumbList","@id":"https:\/\/lamollla.com\/de\/produkt\/n1-edelstahl-armband-bracelet\/#breadcrumb","itemListElement":[{"@type":"ListItem","position":1,"name":"Home","item":"https:\/\/lamollla.com\/de\/"},{"@type":"ListItem","position":2,"name":"Negozio","item":"https:\/\/lamollla.com\/de\/negozio\/"},{"@type":"ListItem","position":3,"name":"N\u00b01 Edelstahl-Armband"}]},{"@type":"WebSite","@id":"https:\/\/lamollla.com\/de\/#website","url":"https:\/\/lamollla.com\/de\/","name":"la mollla\u00ae","description":"","publisher":{"@id":"https:\/\/lamollla.com\/de\/#organization"},"potentialAction":[{"@type":"SearchAction","target":{"@type":"EntryPoint","urlTemplate":"https:\/\/lamollla.com\/de\/?s={search_term_string}"},"query-input":{"@type":"PropertyValueSpecification","valueRequired":true,"valueName":"search_term_string"}}],"inLanguage":"de"},{"@type":"Organization","@id":"https:\/\/lamollla.com\/de\/#organization","name":"Soci\u00e9t\u00e9 Eolienne","url":"https:\/\/lamollla.com\/de\/","logo":{"@type":"ImageObject","inLanguage":"de","@id":"https:\/\/lamollla.com\/de\/#\/schema\/logo\/image\/","url":"https:\/\/lamollla.com\/wp-content\/uploads\/2020\/09\/logo-lamollla@2x.png","contentUrl":"https:\/\/lamollla.com\/wp-content\/uploads\/2020\/09\/logo-lamollla@2x.png","width":968,"height":212,"caption":"Soci\u00e9t\u00e9 Eolienne"},"image":{"@id":"https:\/\/lamollla.com\/de\/#\/schema\/logo\/image\/"},"sameAs":["https:\/\/www.facebook.com\/TizianaRedavidAteliers","https:\/\/www.instagram.com\/tizianaredavidesign\/","https:\/\/www.pinterest.it\/tizianaredavid\/"]}]}},"_links":{"self":[{"href":"https:\/\/lamollla.com\/de\/wp-json\/wp\/v2\/product\/4681","targetHints":{"allow":["GET"]}}],"collection":[{"href":"https:\/\/lamollla.com\/de\/wp-json\/wp\/v2\/product"}],"about":[{"href":"https:\/\/lamollla.com\/de\/wp-json\/wp\/v2\/types\/product"}],"wp:featuredmedia":[{"embeddable":true,"href":"https:\/\/lamollla.com\/de\/wp-json\/wp\/v2\/media\/5085"}],"wp:attachment":[{"href":"https:\/\/lamollla.com\/de\/wp-json\/wp\/v2\/media?parent=4681"}],"wp:term":[{"taxonomy":"product_brand","embeddable":true,"href":"https:\/\/lamollla.com\/de\/wp-json\/wp\/v2\/product_brand?post=4681"},{"taxonomy":"product_cat","embeddable":true,"href":"https:\/\/lamollla.com\/de\/wp-json\/wp\/v2\/product_cat?post=4681"},{"taxonomy":"product_tag","embeddable":true,"href":"https:\/\/lamollla.com\/de\/wp-json\/wp\/v2\/product_tag?post=4681"}],"curies":[{"name":"wp","href":"https:\/\/api.w.org\/{rel}","templated":true}]}}