{"id":16777,"date":"2026-01-21T10:34:42","date_gmt":"2026-01-21T09:34:42","guid":{"rendered":"https:\/\/lamollla.com\/?post_type=product&#038;p=16777"},"modified":"2026-01-22T04:43:09","modified_gmt":"2026-01-22T03:43:09","slug":"trio-ring","status":"publish","type":"product","link":"https:\/\/lamollla.com\/de\/produkt\/trio-ring\/","title":{"rendered":"Trio-Ring"},"content":{"rendered":"<p data-start=\"1610\" data-end=\"1824\">Drei parallele Linien, ein cleveres Detail. Der Trio Ring besteht aus Edelstahl-Mikrofedern \u2014 brillant, aber satiniert, damit das Licht weich und kontrolliert bleibt statt spiegelnd zu wirken.<\/p>\n<p data-start=\"1826\" data-end=\"2152\">Die drei Str\u00e4nge werden durch eine kleine Plakette zusammengehalten, die nur auf einer Seite sitzt. Genau das macht ihn besonders: Du kannst ihn auf zwei Arten tragen. Mit sichtbarer Plakette wirkt er architektonischer und grafischer; gedreht wird er zum puren Minimal-Rhythmus \u2014 drei klare Linien, die den Finger umschlie\u00dfen.<\/p>\n<p data-start=\"2154\" data-end=\"2349\">Alle Gr\u00f6\u00dfen des Trio Rings sind ein wenig anpassungsf\u00e4hig: Weil es elastische Federn sind, haben sie die fantastische Eigenschaft, sich deinem K\u00f6rper anzupassen \u2026 erwarte keine Wunder, aber fast!<\/p>\n<p data-start=\"2351\" data-end=\"2365\"><strong data-start=\"2351\" data-end=\"2363\">Material<\/strong><\/p>\n<ul data-start=\"2366\" data-end=\"2431\">\n<li data-start=\"2366\" data-end=\"2406\">\n<p data-start=\"2368\" data-end=\"2406\">Gl\u00e4nzender und satinierter Edelstahl<\/p>\n<\/li>\n<li data-start=\"2407\" data-end=\"2431\">\n<p data-start=\"2409\" data-end=\"2431\">In Federform gefertigt<\/p>\n<\/li>\n<\/ul>\n<p data-start=\"2433\" data-end=\"2833\"><strong data-start=\"2433\" data-end=\"2448\">Authentisch<\/strong><br data-start=\"2448\" data-end=\"2451\" \/>Authentique, Made in Italy and France: Unsere Bijoux werden in Italien und Frankreich mit sehr hohem Qualit\u00e4tsanspruch gefertigt \u2013 unterst\u00fctzt durch unser langj\u00e4hriges Netzwerk italienischer Zulieferer. Sie entstehen aus strengem Industriedesign. Mit der richtigen Pflege sollen sie praktisch ewig halten. Jeder Ring besteht aus originalen, hochwertigen Federn aus reinem Edelstahl.<\/p>\n<p data-start=\"2835\" data-end=\"2871\">Design Tiziana Redavid for la mollla<\/p>\n<p data-start=\"2873\" data-end=\"2894\">Beware of imitations.<\/p>\n","protected":false},"excerpt":{"rendered":"<p data-start=\"201\" data-end=\"365\">Wendbarer Ring aus Edelstahl-Mikrofedern: drei satin-brillante Str\u00e4nge, gehalten von einer einseitigen Plakette, f\u00fcr zwei unterschiedliche Looks.<\/p>\n<p data-start=\"367\" data-end=\"375\">Size M<\/p>\n<p data-start=\"377\" data-end=\"383\">Size L<\/p>\n","protected":false},"featured_media":16800,"template":"","meta":{"_uf_show_specific_survey":0,"_uf_disable_surveys":false},"product_brand":[],"product_cat":[184,178],"product_tag":[242],"class_list":{"0":"post-16777","1":"product","2":"type-product","3":"status-publish","4":"has-post-thumbnail","6":"product_cat-ringe","7":"product_cat-tiziana-de","8":"product_tag-online-de","10":"first","11":"instock","12":"taxable","13":"shipping-taxable","14":"purchasable","15":"product-type-variable"},"yoast_head":"<!-- This site is optimized with the Yoast SEO plugin v26.8 - https:\/\/yoast.com\/product\/yoast-seo-wordpress\/ -->\n<title>Trio-Ring - la mollla\u00ae<\/title>\n<meta name=\"robots\" content=\"index, follow, max-snippet:-1, max-image-preview:large, max-video-preview:-1\" \/>\n<link rel=\"canonical\" href=\"https:\/\/lamollla.com\/de\/produkt\/trio-ring\/\" \/>\n<meta property=\"og:locale\" content=\"de_DE\" \/>\n<meta property=\"og:type\" content=\"article\" \/>\n<meta property=\"og:title\" content=\"Trio-Ring - la mollla\u00ae\" \/>\n<meta property=\"og:description\" content=\"Wendbarer Ring aus Edelstahl-Mikrofedern: drei satin-brillante Str\u00e4nge, gehalten von einer einseitigen Plakette, f\u00fcr zwei unterschiedliche Looks. Size M Size L\" \/>\n<meta property=\"og:url\" content=\"https:\/\/lamollla.com\/de\/produkt\/trio-ring\/\" \/>\n<meta property=\"og:site_name\" content=\"la mollla\u00ae\" \/>\n<meta property=\"article:publisher\" content=\"https:\/\/www.facebook.com\/TizianaRedavidAteliers\" \/>\n<meta property=\"article:modified_time\" content=\"2026-01-22T03:43:09+00:00\" \/>\n<meta property=\"og:image\" content=\"https:\/\/lamollla.com\/wp-content\/uploads\/2026\/01\/135_lamollla-web-web.webp\" \/>\n\t<meta property=\"og:image:width\" content=\"800\" \/>\n\t<meta property=\"og:image:height\" content=\"1000\" \/>\n\t<meta property=\"og:image:type\" content=\"image\/jpeg\" \/>\n<meta name=\"twitter:card\" content=\"summary_large_image\" \/>\n<meta name=\"twitter:label1\" content=\"Gesch\u00e4tzte Lesezeit\" \/>\n\t<meta name=\"twitter:data1\" content=\"1\u00a0Minute\" \/>\n<script type=\"application\/ld+json\" class=\"yoast-schema-graph\">{\"@context\":\"https:\/\/schema.org\",\"@graph\":[{\"@type\":\"WebPage\",\"@id\":\"https:\/\/lamollla.com\/de\/produkt\/trio-ring\/\",\"url\":\"https:\/\/lamollla.com\/de\/produkt\/trio-ring\/\",\"name\":\"Trio-Ring - la mollla\u00ae\",\"isPartOf\":{\"@id\":\"https:\/\/lamollla.com\/de\/#website\"},\"primaryImageOfPage\":{\"@id\":\"https:\/\/lamollla.com\/de\/produkt\/trio-ring\/#primaryimage\"},\"image\":{\"@id\":\"https:\/\/lamollla.com\/de\/produkt\/trio-ring\/#primaryimage\"},\"thumbnailUrl\":\"https:\/\/lamollla.com\/wp-content\/uploads\/2026\/01\/135_lamollla-web-web.webp\",\"datePublished\":\"2026-01-21T09:34:42+00:00\",\"dateModified\":\"2026-01-22T03:43:09+00:00\",\"breadcrumb\":{\"@id\":\"https:\/\/lamollla.com\/de\/produkt\/trio-ring\/#breadcrumb\"},\"inLanguage\":\"de\",\"potentialAction\":[{\"@type\":\"ReadAction\",\"target\":[\"https:\/\/lamollla.com\/de\/produkt\/trio-ring\/\"]}]},{\"@type\":\"ImageObject\",\"inLanguage\":\"de\",\"@id\":\"https:\/\/lamollla.com\/de\/produkt\/trio-ring\/#primaryimage\",\"url\":\"https:\/\/lamollla.com\/wp-content\/uploads\/2026\/01\/135_lamollla-web-web.webp\",\"contentUrl\":\"https:\/\/lamollla.com\/wp-content\/uploads\/2026\/01\/135_lamollla-web-web.webp\",\"width\":800,\"height\":1000},{\"@type\":\"BreadcrumbList\",\"@id\":\"https:\/\/lamollla.com\/de\/produkt\/trio-ring\/#breadcrumb\",\"itemListElement\":[{\"@type\":\"ListItem\",\"position\":1,\"name\":\"Home\",\"item\":\"https:\/\/lamollla.com\/de\/\"},{\"@type\":\"ListItem\",\"position\":2,\"name\":\"Negozio\",\"item\":\"https:\/\/lamollla.com\/de\/negozio\/\"},{\"@type\":\"ListItem\",\"position\":3,\"name\":\"Trio-Ring\"}]},{\"@type\":\"WebSite\",\"@id\":\"https:\/\/lamollla.com\/de\/#website\",\"url\":\"https:\/\/lamollla.com\/de\/\",\"name\":\"la mollla\u00ae\",\"description\":\"\",\"publisher\":{\"@id\":\"https:\/\/lamollla.com\/de\/#organization\"},\"potentialAction\":[{\"@type\":\"SearchAction\",\"target\":{\"@type\":\"EntryPoint\",\"urlTemplate\":\"https:\/\/lamollla.com\/de\/?s={search_term_string}\"},\"query-input\":{\"@type\":\"PropertyValueSpecification\",\"valueRequired\":true,\"valueName\":\"search_term_string\"}}],\"inLanguage\":\"de\"},{\"@type\":\"Organization\",\"@id\":\"https:\/\/lamollla.com\/de\/#organization\",\"name\":\"Soci\u00e9t\u00e9 Eolienne\",\"url\":\"https:\/\/lamollla.com\/de\/\",\"logo\":{\"@type\":\"ImageObject\",\"inLanguage\":\"de\",\"@id\":\"https:\/\/lamollla.com\/de\/#\/schema\/logo\/image\/\",\"url\":\"https:\/\/lamollla.com\/wp-content\/uploads\/2020\/09\/logo-lamollla@2x.png\",\"contentUrl\":\"https:\/\/lamollla.com\/wp-content\/uploads\/2020\/09\/logo-lamollla@2x.png\",\"width\":968,\"height\":212,\"caption\":\"Soci\u00e9t\u00e9 Eolienne\"},\"image\":{\"@id\":\"https:\/\/lamollla.com\/de\/#\/schema\/logo\/image\/\"},\"sameAs\":[\"https:\/\/www.facebook.com\/TizianaRedavidAteliers\",\"https:\/\/www.instagram.com\/tizianaredavidesign\/\",\"https:\/\/www.pinterest.it\/tizianaredavid\/\"]}]}<\/script>\n<!-- \/ Yoast SEO plugin. -->","yoast_head_json":{"title":"Trio-Ring - la mollla\u00ae","robots":{"index":"index","follow":"follow","max-snippet":"max-snippet:-1","max-image-preview":"max-image-preview:large","max-video-preview":"max-video-preview:-1"},"canonical":"https:\/\/lamollla.com\/de\/produkt\/trio-ring\/","og_locale":"de_DE","og_type":"article","og_title":"Trio-Ring - la mollla\u00ae","og_description":"Wendbarer Ring aus Edelstahl-Mikrofedern: drei satin-brillante Str\u00e4nge, gehalten von einer einseitigen Plakette, f\u00fcr zwei unterschiedliche Looks. Size M Size L","og_url":"https:\/\/lamollla.com\/de\/produkt\/trio-ring\/","og_site_name":"la mollla\u00ae","article_publisher":"https:\/\/www.facebook.com\/TizianaRedavidAteliers","article_modified_time":"2026-01-22T03:43:09+00:00","og_image":[{"width":800,"height":1000,"url":"https:\/\/lamollla.com\/wp-content\/uploads\/2026\/01\/135_lamollla-web-web.webp","type":"image\/jpeg"}],"twitter_card":"summary_large_image","twitter_misc":{"Gesch\u00e4tzte Lesezeit":"1\u00a0Minute"},"schema":{"@context":"https:\/\/schema.org","@graph":[{"@type":"WebPage","@id":"https:\/\/lamollla.com\/de\/produkt\/trio-ring\/","url":"https:\/\/lamollla.com\/de\/produkt\/trio-ring\/","name":"Trio-Ring - la mollla\u00ae","isPartOf":{"@id":"https:\/\/lamollla.com\/de\/#website"},"primaryImageOfPage":{"@id":"https:\/\/lamollla.com\/de\/produkt\/trio-ring\/#primaryimage"},"image":{"@id":"https:\/\/lamollla.com\/de\/produkt\/trio-ring\/#primaryimage"},"thumbnailUrl":"https:\/\/lamollla.com\/wp-content\/uploads\/2026\/01\/135_lamollla-web-web.webp","datePublished":"2026-01-21T09:34:42+00:00","dateModified":"2026-01-22T03:43:09+00:00","breadcrumb":{"@id":"https:\/\/lamollla.com\/de\/produkt\/trio-ring\/#breadcrumb"},"inLanguage":"de","potentialAction":[{"@type":"ReadAction","target":["https:\/\/lamollla.com\/de\/produkt\/trio-ring\/"]}]},{"@type":"ImageObject","inLanguage":"de","@id":"https:\/\/lamollla.com\/de\/produkt\/trio-ring\/#primaryimage","url":"https:\/\/lamollla.com\/wp-content\/uploads\/2026\/01\/135_lamollla-web-web.webp","contentUrl":"https:\/\/lamollla.com\/wp-content\/uploads\/2026\/01\/135_lamollla-web-web.webp","width":800,"height":1000},{"@type":"BreadcrumbList","@id":"https:\/\/lamollla.com\/de\/produkt\/trio-ring\/#breadcrumb","itemListElement":[{"@type":"ListItem","position":1,"name":"Home","item":"https:\/\/lamollla.com\/de\/"},{"@type":"ListItem","position":2,"name":"Negozio","item":"https:\/\/lamollla.com\/de\/negozio\/"},{"@type":"ListItem","position":3,"name":"Trio-Ring"}]},{"@type":"WebSite","@id":"https:\/\/lamollla.com\/de\/#website","url":"https:\/\/lamollla.com\/de\/","name":"la mollla\u00ae","description":"","publisher":{"@id":"https:\/\/lamollla.com\/de\/#organization"},"potentialAction":[{"@type":"SearchAction","target":{"@type":"EntryPoint","urlTemplate":"https:\/\/lamollla.com\/de\/?s={search_term_string}"},"query-input":{"@type":"PropertyValueSpecification","valueRequired":true,"valueName":"search_term_string"}}],"inLanguage":"de"},{"@type":"Organization","@id":"https:\/\/lamollla.com\/de\/#organization","name":"Soci\u00e9t\u00e9 Eolienne","url":"https:\/\/lamollla.com\/de\/","logo":{"@type":"ImageObject","inLanguage":"de","@id":"https:\/\/lamollla.com\/de\/#\/schema\/logo\/image\/","url":"https:\/\/lamollla.com\/wp-content\/uploads\/2020\/09\/logo-lamollla@2x.png","contentUrl":"https:\/\/lamollla.com\/wp-content\/uploads\/2020\/09\/logo-lamollla@2x.png","width":968,"height":212,"caption":"Soci\u00e9t\u00e9 Eolienne"},"image":{"@id":"https:\/\/lamollla.com\/de\/#\/schema\/logo\/image\/"},"sameAs":["https:\/\/www.facebook.com\/TizianaRedavidAteliers","https:\/\/www.instagram.com\/tizianaredavidesign\/","https:\/\/www.pinterest.it\/tizianaredavid\/"]}]}},"_links":{"self":[{"href":"https:\/\/lamollla.com\/de\/wp-json\/wp\/v2\/product\/16777","targetHints":{"allow":["GET"]}}],"collection":[{"href":"https:\/\/lamollla.com\/de\/wp-json\/wp\/v2\/product"}],"about":[{"href":"https:\/\/lamollla.com\/de\/wp-json\/wp\/v2\/types\/product"}],"wp:featuredmedia":[{"embeddable":true,"href":"https:\/\/lamollla.com\/de\/wp-json\/wp\/v2\/media\/16800"}],"wp:attachment":[{"href":"https:\/\/lamollla.com\/de\/wp-json\/wp\/v2\/media?parent=16777"}],"wp:term":[{"taxonomy":"product_brand","embeddable":true,"href":"https:\/\/lamollla.com\/de\/wp-json\/wp\/v2\/product_brand?post=16777"},{"taxonomy":"product_cat","embeddable":true,"href":"https:\/\/lamollla.com\/de\/wp-json\/wp\/v2\/product_cat?post=16777"},{"taxonomy":"product_tag","embeddable":true,"href":"https:\/\/lamollla.com\/de\/wp-json\/wp\/v2\/product_tag?post=16777"}],"curies":[{"name":"wp","href":"https:\/\/api.w.org\/{rel}","templated":true}]}}