{"id":13744,"date":"2025-05-23T08:06:31","date_gmt":"2025-05-23T06:06:32","guid":{"rendered":"https:\/\/lamollla.com\/?post_type=product&#038;p=13744"},"modified":"2025-05-26T16:56:01","modified_gmt":"2025-05-26T14:56:01","slug":"cut-stahlkette","status":"publish","type":"product","link":"https:\/\/lamollla.com\/de\/produkt\/cut-stahlkette\/","title":{"rendered":"Cut Stahlkette"},"content":{"rendered":"<p><b>Edelstahl-Halskette mit Magnetverschluss \u2013 Leicht, modern, minimalistisch<\/b><\/p>\n<p><span style=\"font-weight: 400;\">Diese Edelstahlkette besteht aus kleinen R\u00f6hrchen aus Mikrofedern, die sich sanft um den Hals legen und ein leichtes, angenehmes Tragegef\u00fchl bieten.<\/span><span style=\"font-weight: 400;\"><br \/>\n<\/span><span style=\"font-weight: 400;\">Das innovative Design kombiniert einzigartige Struktur und Rhythmus \u2013 ideal f\u00fcr den Alltag wie f\u00fcr besondere Anl\u00e4sse.<\/span><\/p>\n<p><span style=\"font-weight: 400;\">Ausgestattet mit unserem eigens entwickelten Magnetverschluss f\u00fcr einfaches, sicheres Schlie\u00dfen und einen eleganten Look.<\/span><span style=\"font-weight: 400;\"><br \/>\n<\/span><span style=\"font-weight: 400;\">Ein vielseitiges Edelstahl-Accessoire f\u00fcr alle, die handgefertigten, langlebigen Schmuck mit modernem Charakter sch\u00e4tzen.<\/span><\/p>\n<p><span style=\"font-weight: 400;\">Authentisch, hergestellt in Italien und Frankreich: Unsere Schmuckst\u00fccke werden mit h\u00f6chstem Anspruch in Turin und Paris gefertigt \u2013 mit Unterst\u00fctzung unseres langj\u00e4hrigen Netzwerks italienischer Zulieferer.<\/span><span style=\"font-weight: 400;\"><br \/>\n<\/span><span style=\"font-weight: 400;\">Entstanden aus strengem Industriedesign.<\/span><span style=\"font-weight: 400;\"><br \/>\n<\/span><span style=\"font-weight: 400;\">Bei richtiger Pflege h\u00e4lt dieses Schmuckst\u00fcck ein Leben lang.<\/span><span style=\"font-weight: 400;\"><br \/>\n<\/span><span style=\"font-weight: 400;\">Jede Halskette besteht aus originalen, hochwertigen Federn aus reinem Edelstahl.<\/span><\/p>\n<p><span style=\"font-weight: 400;\">Design Tiziana Redavid for la mollla<\/span><span style=\"font-weight: 400;\"><br \/>\n<\/span><span style=\"font-weight: 400;\">Beware of imitations<\/span><\/p>\n","protected":false},"excerpt":{"rendered":"<p>Edelstahl-Halskette mit Magnetverschluss \u2013 Leicht, modern, minimalistisch Diese Edelstahlkette besteht aus kleinen R\u00f6hrchen aus Mikrofedern, die sich sanft um den Hals legen und ein leichtes, angenehmes Tragegef\u00fchl bieten. Das innovative Design kombiniert einzigartige Struktur und Rhythmus \u2013 ideal f\u00fcr den Alltag wie f\u00fcr besondere Anl\u00e4sse. Ausgestattet mit unserem eigens entwickelten Magnetverschluss f\u00fcr einfaches, sicheres Schlie\u00dfen &#8230; <a title=\"Cut Stahlkette\" class=\"read-more\" href=\"https:\/\/lamollla.com\/de\/produkt\/cut-stahlkette\/\" aria-label=\"Mehr Informationen \u00fcber Cut Stahlkette\">Weiterlesen &#8230;<\/a><\/p>\n","protected":false},"featured_media":13770,"template":"","meta":{"_uf_show_specific_survey":0,"_uf_disable_surveys":false},"product_brand":[],"product_cat":[230,165],"product_tag":[242],"class_list":{"0":"post-13744","1":"product","2":"type-product","3":"status-publish","4":"has-post-thumbnail","6":"product_cat-flow-de","7":"product_cat-halsbaender","8":"product_tag-online-de","9":"product_shipping_class-coll-saut-de","11":"first","12":"instock","13":"taxable","14":"shipping-taxable","15":"purchasable","16":"product-type-simple"},"yoast_head":"<!-- This site is optimized with the Yoast SEO plugin v26.8 - https:\/\/yoast.com\/product\/yoast-seo-wordpress\/ -->\n<title>Cut Stahlkette - la mollla\u00ae<\/title>\n<meta name=\"robots\" content=\"index, follow, max-snippet:-1, max-image-preview:large, max-video-preview:-1\" \/>\n<link rel=\"canonical\" href=\"https:\/\/lamollla.com\/de\/produkt\/cut-stahlkette\/\" \/>\n<meta property=\"og:locale\" content=\"de_DE\" \/>\n<meta property=\"og:type\" content=\"article\" \/>\n<meta property=\"og:title\" content=\"Cut Stahlkette - la mollla\u00ae\" \/>\n<meta property=\"og:description\" content=\"Edelstahl-Halskette mit Magnetverschluss \u2013 Leicht, modern, minimalistisch Diese Edelstahlkette besteht aus kleinen R\u00f6hrchen aus Mikrofedern, die sich sanft um den Hals legen und ein leichtes, angenehmes Tragegef\u00fchl bieten. Das innovative Design kombiniert einzigartige Struktur und Rhythmus \u2013 ideal f\u00fcr den Alltag wie f\u00fcr besondere Anl\u00e4sse. Ausgestattet mit unserem eigens entwickelten Magnetverschluss f\u00fcr einfaches, sicheres Schlie\u00dfen ... Weiterlesen ...\" \/>\n<meta property=\"og:url\" content=\"https:\/\/lamollla.com\/de\/produkt\/cut-stahlkette\/\" \/>\n<meta property=\"og:site_name\" content=\"la mollla\u00ae\" \/>\n<meta property=\"article:publisher\" content=\"https:\/\/www.facebook.com\/TizianaRedavidAteliers\" \/>\n<meta property=\"article:modified_time\" content=\"2025-05-26T14:56:01+00:00\" \/>\n<meta property=\"og:image\" content=\"https:\/\/lamollla.com\/wp-content\/uploads\/2025\/05\/24A9672_web-819x1024.jpg\" \/>\n\t<meta property=\"og:image:width\" content=\"819\" \/>\n\t<meta property=\"og:image:height\" content=\"1024\" \/>\n\t<meta property=\"og:image:type\" content=\"image\/jpeg\" \/>\n<meta name=\"twitter:card\" content=\"summary_large_image\" \/>\n<meta name=\"twitter:label1\" content=\"Gesch\u00e4tzte Lesezeit\" \/>\n\t<meta name=\"twitter:data1\" content=\"1\u00a0Minute\" \/>\n<script type=\"application\/ld+json\" class=\"yoast-schema-graph\">{\"@context\":\"https:\/\/schema.org\",\"@graph\":[{\"@type\":\"WebPage\",\"@id\":\"https:\/\/lamollla.com\/de\/produkt\/cut-stahlkette\/\",\"url\":\"https:\/\/lamollla.com\/de\/produkt\/cut-stahlkette\/\",\"name\":\"Cut Stahlkette - la mollla\u00ae\",\"isPartOf\":{\"@id\":\"https:\/\/lamollla.com\/de\/#website\"},\"primaryImageOfPage\":{\"@id\":\"https:\/\/lamollla.com\/de\/produkt\/cut-stahlkette\/#primaryimage\"},\"image\":{\"@id\":\"https:\/\/lamollla.com\/de\/produkt\/cut-stahlkette\/#primaryimage\"},\"thumbnailUrl\":\"https:\/\/lamollla.com\/wp-content\/uploads\/2025\/05\/24A9672_web.jpg\",\"datePublished\":\"2025-05-23T06:06:32+00:00\",\"dateModified\":\"2025-05-26T14:56:01+00:00\",\"breadcrumb\":{\"@id\":\"https:\/\/lamollla.com\/de\/produkt\/cut-stahlkette\/#breadcrumb\"},\"inLanguage\":\"de\",\"potentialAction\":[{\"@type\":\"ReadAction\",\"target\":[\"https:\/\/lamollla.com\/de\/produkt\/cut-stahlkette\/\"]}]},{\"@type\":\"ImageObject\",\"inLanguage\":\"de\",\"@id\":\"https:\/\/lamollla.com\/de\/produkt\/cut-stahlkette\/#primaryimage\",\"url\":\"https:\/\/lamollla.com\/wp-content\/uploads\/2025\/05\/24A9672_web.jpg\",\"contentUrl\":\"https:\/\/lamollla.com\/wp-content\/uploads\/2025\/05\/24A9672_web.jpg\",\"width\":1600,\"height\":2000},{\"@type\":\"BreadcrumbList\",\"@id\":\"https:\/\/lamollla.com\/de\/produkt\/cut-stahlkette\/#breadcrumb\",\"itemListElement\":[{\"@type\":\"ListItem\",\"position\":1,\"name\":\"Home\",\"item\":\"https:\/\/lamollla.com\/de\/\"},{\"@type\":\"ListItem\",\"position\":2,\"name\":\"Negozio\",\"item\":\"https:\/\/lamollla.com\/de\/negozio\/\"},{\"@type\":\"ListItem\",\"position\":3,\"name\":\"Cut Stahlkette\"}]},{\"@type\":\"WebSite\",\"@id\":\"https:\/\/lamollla.com\/de\/#website\",\"url\":\"https:\/\/lamollla.com\/de\/\",\"name\":\"la mollla\u00ae\",\"description\":\"\",\"publisher\":{\"@id\":\"https:\/\/lamollla.com\/de\/#organization\"},\"potentialAction\":[{\"@type\":\"SearchAction\",\"target\":{\"@type\":\"EntryPoint\",\"urlTemplate\":\"https:\/\/lamollla.com\/de\/?s={search_term_string}\"},\"query-input\":{\"@type\":\"PropertyValueSpecification\",\"valueRequired\":true,\"valueName\":\"search_term_string\"}}],\"inLanguage\":\"de\"},{\"@type\":\"Organization\",\"@id\":\"https:\/\/lamollla.com\/de\/#organization\",\"name\":\"Soci\u00e9t\u00e9 Eolienne\",\"url\":\"https:\/\/lamollla.com\/de\/\",\"logo\":{\"@type\":\"ImageObject\",\"inLanguage\":\"de\",\"@id\":\"https:\/\/lamollla.com\/de\/#\/schema\/logo\/image\/\",\"url\":\"https:\/\/lamollla.com\/wp-content\/uploads\/2020\/09\/logo-lamollla@2x.png\",\"contentUrl\":\"https:\/\/lamollla.com\/wp-content\/uploads\/2020\/09\/logo-lamollla@2x.png\",\"width\":968,\"height\":212,\"caption\":\"Soci\u00e9t\u00e9 Eolienne\"},\"image\":{\"@id\":\"https:\/\/lamollla.com\/de\/#\/schema\/logo\/image\/\"},\"sameAs\":[\"https:\/\/www.facebook.com\/TizianaRedavidAteliers\",\"https:\/\/www.instagram.com\/tizianaredavidesign\/\",\"https:\/\/www.pinterest.it\/tizianaredavid\/\"]}]}<\/script>\n<!-- \/ Yoast SEO plugin. -->","yoast_head_json":{"title":"Cut Stahlkette - la mollla\u00ae","robots":{"index":"index","follow":"follow","max-snippet":"max-snippet:-1","max-image-preview":"max-image-preview:large","max-video-preview":"max-video-preview:-1"},"canonical":"https:\/\/lamollla.com\/de\/produkt\/cut-stahlkette\/","og_locale":"de_DE","og_type":"article","og_title":"Cut Stahlkette - la mollla\u00ae","og_description":"Edelstahl-Halskette mit Magnetverschluss \u2013 Leicht, modern, minimalistisch Diese Edelstahlkette besteht aus kleinen R\u00f6hrchen aus Mikrofedern, die sich sanft um den Hals legen und ein leichtes, angenehmes Tragegef\u00fchl bieten. Das innovative Design kombiniert einzigartige Struktur und Rhythmus \u2013 ideal f\u00fcr den Alltag wie f\u00fcr besondere Anl\u00e4sse. Ausgestattet mit unserem eigens entwickelten Magnetverschluss f\u00fcr einfaches, sicheres Schlie\u00dfen ... Weiterlesen ...","og_url":"https:\/\/lamollla.com\/de\/produkt\/cut-stahlkette\/","og_site_name":"la mollla\u00ae","article_publisher":"https:\/\/www.facebook.com\/TizianaRedavidAteliers","article_modified_time":"2025-05-26T14:56:01+00:00","og_image":[{"width":819,"height":1024,"url":"https:\/\/lamollla.com\/wp-content\/uploads\/2025\/05\/24A9672_web-819x1024.jpg","type":"image\/jpeg"}],"twitter_card":"summary_large_image","twitter_misc":{"Gesch\u00e4tzte Lesezeit":"1\u00a0Minute"},"schema":{"@context":"https:\/\/schema.org","@graph":[{"@type":"WebPage","@id":"https:\/\/lamollla.com\/de\/produkt\/cut-stahlkette\/","url":"https:\/\/lamollla.com\/de\/produkt\/cut-stahlkette\/","name":"Cut Stahlkette - la mollla\u00ae","isPartOf":{"@id":"https:\/\/lamollla.com\/de\/#website"},"primaryImageOfPage":{"@id":"https:\/\/lamollla.com\/de\/produkt\/cut-stahlkette\/#primaryimage"},"image":{"@id":"https:\/\/lamollla.com\/de\/produkt\/cut-stahlkette\/#primaryimage"},"thumbnailUrl":"https:\/\/lamollla.com\/wp-content\/uploads\/2025\/05\/24A9672_web.jpg","datePublished":"2025-05-23T06:06:32+00:00","dateModified":"2025-05-26T14:56:01+00:00","breadcrumb":{"@id":"https:\/\/lamollla.com\/de\/produkt\/cut-stahlkette\/#breadcrumb"},"inLanguage":"de","potentialAction":[{"@type":"ReadAction","target":["https:\/\/lamollla.com\/de\/produkt\/cut-stahlkette\/"]}]},{"@type":"ImageObject","inLanguage":"de","@id":"https:\/\/lamollla.com\/de\/produkt\/cut-stahlkette\/#primaryimage","url":"https:\/\/lamollla.com\/wp-content\/uploads\/2025\/05\/24A9672_web.jpg","contentUrl":"https:\/\/lamollla.com\/wp-content\/uploads\/2025\/05\/24A9672_web.jpg","width":1600,"height":2000},{"@type":"BreadcrumbList","@id":"https:\/\/lamollla.com\/de\/produkt\/cut-stahlkette\/#breadcrumb","itemListElement":[{"@type":"ListItem","position":1,"name":"Home","item":"https:\/\/lamollla.com\/de\/"},{"@type":"ListItem","position":2,"name":"Negozio","item":"https:\/\/lamollla.com\/de\/negozio\/"},{"@type":"ListItem","position":3,"name":"Cut Stahlkette"}]},{"@type":"WebSite","@id":"https:\/\/lamollla.com\/de\/#website","url":"https:\/\/lamollla.com\/de\/","name":"la mollla\u00ae","description":"","publisher":{"@id":"https:\/\/lamollla.com\/de\/#organization"},"potentialAction":[{"@type":"SearchAction","target":{"@type":"EntryPoint","urlTemplate":"https:\/\/lamollla.com\/de\/?s={search_term_string}"},"query-input":{"@type":"PropertyValueSpecification","valueRequired":true,"valueName":"search_term_string"}}],"inLanguage":"de"},{"@type":"Organization","@id":"https:\/\/lamollla.com\/de\/#organization","name":"Soci\u00e9t\u00e9 Eolienne","url":"https:\/\/lamollla.com\/de\/","logo":{"@type":"ImageObject","inLanguage":"de","@id":"https:\/\/lamollla.com\/de\/#\/schema\/logo\/image\/","url":"https:\/\/lamollla.com\/wp-content\/uploads\/2020\/09\/logo-lamollla@2x.png","contentUrl":"https:\/\/lamollla.com\/wp-content\/uploads\/2020\/09\/logo-lamollla@2x.png","width":968,"height":212,"caption":"Soci\u00e9t\u00e9 Eolienne"},"image":{"@id":"https:\/\/lamollla.com\/de\/#\/schema\/logo\/image\/"},"sameAs":["https:\/\/www.facebook.com\/TizianaRedavidAteliers","https:\/\/www.instagram.com\/tizianaredavidesign\/","https:\/\/www.pinterest.it\/tizianaredavid\/"]}]}},"_links":{"self":[{"href":"https:\/\/lamollla.com\/de\/wp-json\/wp\/v2\/product\/13744","targetHints":{"allow":["GET"]}}],"collection":[{"href":"https:\/\/lamollla.com\/de\/wp-json\/wp\/v2\/product"}],"about":[{"href":"https:\/\/lamollla.com\/de\/wp-json\/wp\/v2\/types\/product"}],"wp:featuredmedia":[{"embeddable":true,"href":"https:\/\/lamollla.com\/de\/wp-json\/wp\/v2\/media\/13770"}],"wp:attachment":[{"href":"https:\/\/lamollla.com\/de\/wp-json\/wp\/v2\/media?parent=13744"}],"wp:term":[{"taxonomy":"product_brand","embeddable":true,"href":"https:\/\/lamollla.com\/de\/wp-json\/wp\/v2\/product_brand?post=13744"},{"taxonomy":"product_cat","embeddable":true,"href":"https:\/\/lamollla.com\/de\/wp-json\/wp\/v2\/product_cat?post=13744"},{"taxonomy":"product_tag","embeddable":true,"href":"https:\/\/lamollla.com\/de\/wp-json\/wp\/v2\/product_tag?post=13744"}],"curies":[{"name":"wp","href":"https:\/\/api.w.org\/{rel}","templated":true}]}}