{"id":13732,"date":"2025-05-23T07:44:59","date_gmt":"2025-05-23T05:44:59","guid":{"rendered":"https:\/\/lamollla.com\/?post_type=product&#038;p=13732"},"modified":"2025-05-26T16:59:23","modified_gmt":"2025-05-26T14:59:23","slug":"flow-steel-necklace","status":"publish","type":"product","link":"https:\/\/lamollla.com\/de\/produkt\/flow-steel-necklace\/","title":{"rendered":"Flow Steel Necklace"},"content":{"rendered":"<p><b>Edelstahl-Halskette mit Magnetverschluss \u2013 Essenziell und vielseitig<\/b><\/p>\n<p><span style=\"font-weight: 400;\">Eine klare, charakterstarke Kette aus Edelstahl mit zwei dezent kontrastierenden Texturen \u2013 f\u00fcr einen modernen Akzent.<\/span><span style=\"font-weight: 400;\"><br \/>\n<\/span><span style=\"font-weight: 400;\">Leicht und angenehm zu tragen, l\u00e4sst sie sich dank unseres eigens entwickelten Magnetverschlusses sicher und stilvoll schlie\u00dfen \u2013 einfach, sicher, elegant.<\/span><\/p>\n<p><span style=\"font-weight: 400;\">Ein minimalistisches Schmuckst\u00fcck f\u00fcr jeden Anlass \u2013 vom Alltag bis zum festlichen Moment, immer mit einem Hauch Pers\u00f6nlichkeit.<\/span><\/p>\n<p><span style=\"font-weight: 400;\">Authentisch, hergestellt in Italien und Frankreich: Unsere Schmuckst\u00fccke werden mit h\u00f6chstem Anspruch in Turin und Paris gefertigt \u2013 mit Hilfe unseres langj\u00e4hrigen Netzwerks italienischer Zulieferer.<\/span><span style=\"font-weight: 400;\"><br \/>\n<\/span><span style=\"font-weight: 400;\">Entstanden aus strengem Industriedesign.<\/span><span style=\"font-weight: 400;\"><br \/>\n<\/span><span style=\"font-weight: 400;\">Bei richtiger Pflege h\u00e4lt dieses Schmuckst\u00fcck ein Leben lang.<\/span><span style=\"font-weight: 400;\"><br \/>\n<\/span><span style=\"font-weight: 400;\">Jede Halskette besteht aus originalen, hochwertigen Federn aus reinem Edelstahl.<\/span><\/p>\n<p><span style=\"font-weight: 400;\">Design Tiziana Redavid for la mollla<\/span><span style=\"font-weight: 400;\"><br \/>\n<\/span><span style=\"font-weight: 400;\">Beware of imitations<\/span><\/p>\n","protected":false},"excerpt":{"rendered":"<p>Edelstahl-Halskette mit Magnetverschluss \u2013 Essenziell und vielseitig Eine klare, charakterstarke Kette aus Edelstahl mit zwei dezent kontrastierenden Texturen \u2013 f\u00fcr einen modernen Akzent. Leicht und angenehm zu tragen, l\u00e4sst sie sich dank unseres eigens entwickelten Magnetverschlusses sicher und stilvoll schlie\u00dfen \u2013 einfach, sicher, elegant. Ein minimalistisches Schmuckst\u00fcck f\u00fcr jeden Anlass \u2013 vom Alltag bis zum &#8230; <a title=\"Flow Steel Necklace\" class=\"read-more\" href=\"https:\/\/lamollla.com\/de\/produkt\/flow-steel-necklace\/\" aria-label=\"Mehr Informationen \u00fcber Flow Steel Necklace\">Weiterlesen &#8230;<\/a><\/p>\n","protected":false},"featured_media":13736,"template":"","meta":{"_uf_show_specific_survey":0,"_uf_disable_surveys":false},"product_brand":[],"product_cat":[230,165],"product_tag":[242],"class_list":{"0":"post-13732","1":"product","2":"type-product","3":"status-publish","4":"has-post-thumbnail","6":"product_cat-flow-de","7":"product_cat-halsbaender","8":"product_tag-online-de","9":"product_shipping_class-coll-saut-de","11":"first","12":"instock","13":"taxable","14":"shipping-taxable","15":"purchasable","16":"product-type-simple"},"yoast_head":"<!-- This site is optimized with the Yoast SEO plugin v26.8 - https:\/\/yoast.com\/product\/yoast-seo-wordpress\/ -->\n<title>Flow Steel Necklace - la mollla\u00ae<\/title>\n<meta name=\"robots\" content=\"index, follow, max-snippet:-1, max-image-preview:large, max-video-preview:-1\" \/>\n<link rel=\"canonical\" href=\"https:\/\/lamollla.com\/de\/produkt\/flow-steel-necklace\/\" \/>\n<meta property=\"og:locale\" content=\"de_DE\" \/>\n<meta property=\"og:type\" content=\"article\" \/>\n<meta property=\"og:title\" content=\"Flow Steel Necklace - la mollla\u00ae\" \/>\n<meta property=\"og:description\" content=\"Edelstahl-Halskette mit Magnetverschluss \u2013 Essenziell und vielseitig Eine klare, charakterstarke Kette aus Edelstahl mit zwei dezent kontrastierenden Texturen \u2013 f\u00fcr einen modernen Akzent. Leicht und angenehm zu tragen, l\u00e4sst sie sich dank unseres eigens entwickelten Magnetverschlusses sicher und stilvoll schlie\u00dfen \u2013 einfach, sicher, elegant. Ein minimalistisches Schmuckst\u00fcck f\u00fcr jeden Anlass \u2013 vom Alltag bis zum ... Weiterlesen ...\" \/>\n<meta property=\"og:url\" content=\"https:\/\/lamollla.com\/de\/produkt\/flow-steel-necklace\/\" \/>\n<meta property=\"og:site_name\" content=\"la mollla\u00ae\" \/>\n<meta property=\"article:publisher\" content=\"https:\/\/www.facebook.com\/TizianaRedavidAteliers\" \/>\n<meta property=\"article:modified_time\" content=\"2025-05-26T14:59:23+00:00\" \/>\n<meta property=\"og:image\" content=\"https:\/\/lamollla.com\/wp-content\/uploads\/2025\/05\/24A9662_web-819x1024.jpg\" \/>\n\t<meta property=\"og:image:width\" content=\"819\" \/>\n\t<meta property=\"og:image:height\" content=\"1024\" \/>\n\t<meta property=\"og:image:type\" content=\"image\/jpeg\" \/>\n<meta name=\"twitter:card\" content=\"summary_large_image\" \/>\n<meta name=\"twitter:label1\" content=\"Gesch\u00e4tzte Lesezeit\" \/>\n\t<meta name=\"twitter:data1\" content=\"1\u00a0Minute\" \/>\n<script type=\"application\/ld+json\" class=\"yoast-schema-graph\">{\"@context\":\"https:\/\/schema.org\",\"@graph\":[{\"@type\":\"WebPage\",\"@id\":\"https:\/\/lamollla.com\/de\/produkt\/flow-steel-necklace\/\",\"url\":\"https:\/\/lamollla.com\/de\/produkt\/flow-steel-necklace\/\",\"name\":\"Flow Steel Necklace - la mollla\u00ae\",\"isPartOf\":{\"@id\":\"https:\/\/lamollla.com\/de\/#website\"},\"primaryImageOfPage\":{\"@id\":\"https:\/\/lamollla.com\/de\/produkt\/flow-steel-necklace\/#primaryimage\"},\"image\":{\"@id\":\"https:\/\/lamollla.com\/de\/produkt\/flow-steel-necklace\/#primaryimage\"},\"thumbnailUrl\":\"https:\/\/lamollla.com\/wp-content\/uploads\/2025\/05\/24A9662_web.jpg\",\"datePublished\":\"2025-05-23T05:44:59+00:00\",\"dateModified\":\"2025-05-26T14:59:23+00:00\",\"breadcrumb\":{\"@id\":\"https:\/\/lamollla.com\/de\/produkt\/flow-steel-necklace\/#breadcrumb\"},\"inLanguage\":\"de\",\"potentialAction\":[{\"@type\":\"ReadAction\",\"target\":[\"https:\/\/lamollla.com\/de\/produkt\/flow-steel-necklace\/\"]}]},{\"@type\":\"ImageObject\",\"inLanguage\":\"de\",\"@id\":\"https:\/\/lamollla.com\/de\/produkt\/flow-steel-necklace\/#primaryimage\",\"url\":\"https:\/\/lamollla.com\/wp-content\/uploads\/2025\/05\/24A9662_web.jpg\",\"contentUrl\":\"https:\/\/lamollla.com\/wp-content\/uploads\/2025\/05\/24A9662_web.jpg\",\"width\":1600,\"height\":2000},{\"@type\":\"BreadcrumbList\",\"@id\":\"https:\/\/lamollla.com\/de\/produkt\/flow-steel-necklace\/#breadcrumb\",\"itemListElement\":[{\"@type\":\"ListItem\",\"position\":1,\"name\":\"Home\",\"item\":\"https:\/\/lamollla.com\/de\/\"},{\"@type\":\"ListItem\",\"position\":2,\"name\":\"Negozio\",\"item\":\"https:\/\/lamollla.com\/de\/negozio\/\"},{\"@type\":\"ListItem\",\"position\":3,\"name\":\"Flow Steel Necklace\"}]},{\"@type\":\"WebSite\",\"@id\":\"https:\/\/lamollla.com\/de\/#website\",\"url\":\"https:\/\/lamollla.com\/de\/\",\"name\":\"la mollla\u00ae\",\"description\":\"\",\"publisher\":{\"@id\":\"https:\/\/lamollla.com\/de\/#organization\"},\"potentialAction\":[{\"@type\":\"SearchAction\",\"target\":{\"@type\":\"EntryPoint\",\"urlTemplate\":\"https:\/\/lamollla.com\/de\/?s={search_term_string}\"},\"query-input\":{\"@type\":\"PropertyValueSpecification\",\"valueRequired\":true,\"valueName\":\"search_term_string\"}}],\"inLanguage\":\"de\"},{\"@type\":\"Organization\",\"@id\":\"https:\/\/lamollla.com\/de\/#organization\",\"name\":\"Soci\u00e9t\u00e9 Eolienne\",\"url\":\"https:\/\/lamollla.com\/de\/\",\"logo\":{\"@type\":\"ImageObject\",\"inLanguage\":\"de\",\"@id\":\"https:\/\/lamollla.com\/de\/#\/schema\/logo\/image\/\",\"url\":\"https:\/\/lamollla.com\/wp-content\/uploads\/2020\/09\/logo-lamollla@2x.png\",\"contentUrl\":\"https:\/\/lamollla.com\/wp-content\/uploads\/2020\/09\/logo-lamollla@2x.png\",\"width\":968,\"height\":212,\"caption\":\"Soci\u00e9t\u00e9 Eolienne\"},\"image\":{\"@id\":\"https:\/\/lamollla.com\/de\/#\/schema\/logo\/image\/\"},\"sameAs\":[\"https:\/\/www.facebook.com\/TizianaRedavidAteliers\",\"https:\/\/www.instagram.com\/tizianaredavidesign\/\",\"https:\/\/www.pinterest.it\/tizianaredavid\/\"]}]}<\/script>\n<!-- \/ Yoast SEO plugin. -->","yoast_head_json":{"title":"Flow Steel Necklace - la mollla\u00ae","robots":{"index":"index","follow":"follow","max-snippet":"max-snippet:-1","max-image-preview":"max-image-preview:large","max-video-preview":"max-video-preview:-1"},"canonical":"https:\/\/lamollla.com\/de\/produkt\/flow-steel-necklace\/","og_locale":"de_DE","og_type":"article","og_title":"Flow Steel Necklace - la mollla\u00ae","og_description":"Edelstahl-Halskette mit Magnetverschluss \u2013 Essenziell und vielseitig Eine klare, charakterstarke Kette aus Edelstahl mit zwei dezent kontrastierenden Texturen \u2013 f\u00fcr einen modernen Akzent. Leicht und angenehm zu tragen, l\u00e4sst sie sich dank unseres eigens entwickelten Magnetverschlusses sicher und stilvoll schlie\u00dfen \u2013 einfach, sicher, elegant. Ein minimalistisches Schmuckst\u00fcck f\u00fcr jeden Anlass \u2013 vom Alltag bis zum ... Weiterlesen ...","og_url":"https:\/\/lamollla.com\/de\/produkt\/flow-steel-necklace\/","og_site_name":"la mollla\u00ae","article_publisher":"https:\/\/www.facebook.com\/TizianaRedavidAteliers","article_modified_time":"2025-05-26T14:59:23+00:00","og_image":[{"width":819,"height":1024,"url":"https:\/\/lamollla.com\/wp-content\/uploads\/2025\/05\/24A9662_web-819x1024.jpg","type":"image\/jpeg"}],"twitter_card":"summary_large_image","twitter_misc":{"Gesch\u00e4tzte Lesezeit":"1\u00a0Minute"},"schema":{"@context":"https:\/\/schema.org","@graph":[{"@type":"WebPage","@id":"https:\/\/lamollla.com\/de\/produkt\/flow-steel-necklace\/","url":"https:\/\/lamollla.com\/de\/produkt\/flow-steel-necklace\/","name":"Flow Steel Necklace - la mollla\u00ae","isPartOf":{"@id":"https:\/\/lamollla.com\/de\/#website"},"primaryImageOfPage":{"@id":"https:\/\/lamollla.com\/de\/produkt\/flow-steel-necklace\/#primaryimage"},"image":{"@id":"https:\/\/lamollla.com\/de\/produkt\/flow-steel-necklace\/#primaryimage"},"thumbnailUrl":"https:\/\/lamollla.com\/wp-content\/uploads\/2025\/05\/24A9662_web.jpg","datePublished":"2025-05-23T05:44:59+00:00","dateModified":"2025-05-26T14:59:23+00:00","breadcrumb":{"@id":"https:\/\/lamollla.com\/de\/produkt\/flow-steel-necklace\/#breadcrumb"},"inLanguage":"de","potentialAction":[{"@type":"ReadAction","target":["https:\/\/lamollla.com\/de\/produkt\/flow-steel-necklace\/"]}]},{"@type":"ImageObject","inLanguage":"de","@id":"https:\/\/lamollla.com\/de\/produkt\/flow-steel-necklace\/#primaryimage","url":"https:\/\/lamollla.com\/wp-content\/uploads\/2025\/05\/24A9662_web.jpg","contentUrl":"https:\/\/lamollla.com\/wp-content\/uploads\/2025\/05\/24A9662_web.jpg","width":1600,"height":2000},{"@type":"BreadcrumbList","@id":"https:\/\/lamollla.com\/de\/produkt\/flow-steel-necklace\/#breadcrumb","itemListElement":[{"@type":"ListItem","position":1,"name":"Home","item":"https:\/\/lamollla.com\/de\/"},{"@type":"ListItem","position":2,"name":"Negozio","item":"https:\/\/lamollla.com\/de\/negozio\/"},{"@type":"ListItem","position":3,"name":"Flow Steel Necklace"}]},{"@type":"WebSite","@id":"https:\/\/lamollla.com\/de\/#website","url":"https:\/\/lamollla.com\/de\/","name":"la mollla\u00ae","description":"","publisher":{"@id":"https:\/\/lamollla.com\/de\/#organization"},"potentialAction":[{"@type":"SearchAction","target":{"@type":"EntryPoint","urlTemplate":"https:\/\/lamollla.com\/de\/?s={search_term_string}"},"query-input":{"@type":"PropertyValueSpecification","valueRequired":true,"valueName":"search_term_string"}}],"inLanguage":"de"},{"@type":"Organization","@id":"https:\/\/lamollla.com\/de\/#organization","name":"Soci\u00e9t\u00e9 Eolienne","url":"https:\/\/lamollla.com\/de\/","logo":{"@type":"ImageObject","inLanguage":"de","@id":"https:\/\/lamollla.com\/de\/#\/schema\/logo\/image\/","url":"https:\/\/lamollla.com\/wp-content\/uploads\/2020\/09\/logo-lamollla@2x.png","contentUrl":"https:\/\/lamollla.com\/wp-content\/uploads\/2020\/09\/logo-lamollla@2x.png","width":968,"height":212,"caption":"Soci\u00e9t\u00e9 Eolienne"},"image":{"@id":"https:\/\/lamollla.com\/de\/#\/schema\/logo\/image\/"},"sameAs":["https:\/\/www.facebook.com\/TizianaRedavidAteliers","https:\/\/www.instagram.com\/tizianaredavidesign\/","https:\/\/www.pinterest.it\/tizianaredavid\/"]}]}},"_links":{"self":[{"href":"https:\/\/lamollla.com\/de\/wp-json\/wp\/v2\/product\/13732","targetHints":{"allow":["GET"]}}],"collection":[{"href":"https:\/\/lamollla.com\/de\/wp-json\/wp\/v2\/product"}],"about":[{"href":"https:\/\/lamollla.com\/de\/wp-json\/wp\/v2\/types\/product"}],"wp:featuredmedia":[{"embeddable":true,"href":"https:\/\/lamollla.com\/de\/wp-json\/wp\/v2\/media\/13736"}],"wp:attachment":[{"href":"https:\/\/lamollla.com\/de\/wp-json\/wp\/v2\/media?parent=13732"}],"wp:term":[{"taxonomy":"product_brand","embeddable":true,"href":"https:\/\/lamollla.com\/de\/wp-json\/wp\/v2\/product_brand?post=13732"},{"taxonomy":"product_cat","embeddable":true,"href":"https:\/\/lamollla.com\/de\/wp-json\/wp\/v2\/product_cat?post=13732"},{"taxonomy":"product_tag","embeddable":true,"href":"https:\/\/lamollla.com\/de\/wp-json\/wp\/v2\/product_tag?post=13732"}],"curies":[{"name":"wp","href":"https:\/\/api.w.org\/{rel}","templated":true}]}}