{"id":13426,"date":"2025-04-13T17:25:51","date_gmt":"2025-04-13T15:25:51","guid":{"rendered":"https:\/\/lamollla.com\/?post_type=product&#038;p=13426"},"modified":"2026-01-12T15:19:53","modified_gmt":"2026-01-12T14:19:53","slug":"armband-bronze-lack-zeitlose-eleganz","status":"publish","type":"product","link":"https:\/\/lamollla.com\/de\/produkt\/armband-bronze-lack-zeitlose-eleganz\/","title":{"rendered":"Armband Bronze Black \u2013 Zeitlose Eleganz"},"content":{"rendered":"<p><span style=\"font-weight: 400;\">Das Armband Bronze Black ist eine Kreation, die die Kunst der Edelstahlverarbeitung feiert. Die Mikrofedern aus Stahl werden mit verschiedenen Verfahren behandelt, um die Bronze- und Schwarzt\u00f6ne zu erzielen, die sich in perfekter Harmonie verbinden.<\/span><\/p>\n<p><span style=\"font-weight: 400;\">Die W\u00e4rme und Tiefe des Bronzes verschmelzen mit der Intensit\u00e4t des Schwarz zu einem Schmuckst\u00fcck mit starkem Charakter und raffinierter Ausstrahlung \u2013 ein Ausdruck von Eleganz und Pr\u00e4zision.<\/span><\/p>\n<p><span style=\"font-weight: 400;\">Jedes la mollla Armband ist das Ergebnis kontinuierlicher Forschung, bei der das Material zu einem unverwechselbaren Merkmal wird. Die F\u00e4rbetechnik verleiht jedem St\u00fcck eine einzigartige Pers\u00f6nlichkeit bei gleichzeitig minimalistischem Design \u2013 passend zu jedem Stil.<\/span><\/p>\n<ul>\n<li style=\"font-weight: 400;\" aria-level=\"1\"><b>Material:<\/b><span style=\"font-weight: 400;\"> Mikrofedern aus Edelstahl mit Bronze- und Schwarz-Finish<\/span><\/li>\n<li style=\"font-weight: 400;\" aria-level=\"1\"><b>Design:<\/b><span style=\"font-weight: 400;\"> Minimalistisch und industriell, ideal f\u00fcr einen raffinierten Look<\/span><\/li>\n<li style=\"font-weight: 400;\" aria-level=\"1\"><b>Herstellung:<\/b><span style=\"font-weight: 400;\"> Handgefertigt, in Italien und Frankreich<\/span><\/li>\n<li style=\"font-weight: 400;\" aria-level=\"1\"><b>Eigenschaften:<\/b><span style=\"font-weight: 400;\"> Hypoallergen, langlebig und widerstandsf\u00e4hig<\/span><\/li>\n<li style=\"font-weight: 400;\" aria-level=\"1\"><b>Geeignet f\u00fcr:<\/b><span style=\"font-weight: 400;\"> Alle Anl\u00e4sse, von Tag bis Nacht, f\u00fcr Liebhaber zeitloser Schmuckst\u00fccke mit modernem Geist<\/span><\/li>\n<\/ul>\n<p><span style=\"font-weight: 400;\">Mit dem Armband Bronze Black nimmt Eleganz Form an \u2013 ein Schmuckst\u00fcck, das von Handwerkskunst, Forschung und Leidenschaft erz\u00e4hlt.<\/span><\/p>\n<p><span style=\"font-weight: 400;\">Design Tiziana Redavid f\u00fcr la mollla, 1997<\/span><span style=\"font-weight: 400;\"><br \/>\n<\/span><strong>Vorsicht vor Imitationen<\/strong><\/p>\n","protected":false},"excerpt":{"rendered":"<p>Set bestehend aus 60 Edelstahlfedern: 40 bronzebeschichtet, 20 schwarzbeschichtet.<\/p>\n","protected":false},"featured_media":13434,"template":"","meta":{"_uf_show_specific_survey":0,"_uf_disable_surveys":false},"product_brand":[],"product_cat":[143,171],"product_tag":[242],"class_list":{"0":"post-13426","1":"product","2":"type-product","3":"status-publish","4":"has-post-thumbnail","6":"product_cat-armbaender","7":"product_cat-sel-poivre-de","8":"product_tag-online-de","9":"product_shipping_class-bra-de","11":"first","12":"instock","13":"taxable","14":"shipping-taxable","15":"purchasable","16":"product-type-variable"},"yoast_head":"<!-- This site is optimized with the Yoast SEO plugin v26.8 - https:\/\/yoast.com\/product\/yoast-seo-wordpress\/ -->\n<title>Armband Bronze Black \u2013 Zeitlose Eleganz - la mollla\u00ae<\/title>\n<meta name=\"robots\" content=\"index, follow, max-snippet:-1, max-image-preview:large, max-video-preview:-1\" \/>\n<link rel=\"canonical\" href=\"https:\/\/lamollla.com\/de\/produkt\/armband-bronze-lack-zeitlose-eleganz\/\" \/>\n<meta property=\"og:locale\" content=\"de_DE\" \/>\n<meta property=\"og:type\" content=\"article\" \/>\n<meta property=\"og:title\" content=\"Armband Bronze Black \u2013 Zeitlose Eleganz - la mollla\u00ae\" \/>\n<meta property=\"og:description\" content=\"Set bestehend aus 60 Edelstahlfedern: 40 bronzebeschichtet, 20 schwarzbeschichtet.\" \/>\n<meta property=\"og:url\" content=\"https:\/\/lamollla.com\/de\/produkt\/armband-bronze-lack-zeitlose-eleganz\/\" \/>\n<meta property=\"og:site_name\" content=\"la mollla\u00ae\" \/>\n<meta property=\"article:publisher\" content=\"https:\/\/www.facebook.com\/TizianaRedavidAteliers\" \/>\n<meta property=\"article:modified_time\" content=\"2026-01-12T14:19:53+00:00\" \/>\n<meta property=\"og:image\" content=\"https:\/\/lamollla.com\/wp-content\/uploads\/2025\/04\/24A9656_web-819x1024.jpg\" \/>\n\t<meta property=\"og:image:width\" content=\"819\" \/>\n\t<meta property=\"og:image:height\" content=\"1024\" \/>\n\t<meta property=\"og:image:type\" content=\"image\/jpeg\" \/>\n<meta name=\"twitter:card\" content=\"summary_large_image\" \/>\n<meta name=\"twitter:label1\" content=\"Gesch\u00e4tzte Lesezeit\" \/>\n\t<meta name=\"twitter:data1\" content=\"1\u00a0Minute\" \/>\n<script type=\"application\/ld+json\" class=\"yoast-schema-graph\">{\"@context\":\"https:\/\/schema.org\",\"@graph\":[{\"@type\":\"WebPage\",\"@id\":\"https:\/\/lamollla.com\/de\/produkt\/armband-bronze-lack-zeitlose-eleganz\/\",\"url\":\"https:\/\/lamollla.com\/de\/produkt\/armband-bronze-lack-zeitlose-eleganz\/\",\"name\":\"Armband Bronze Black \u2013 Zeitlose Eleganz - la mollla\u00ae\",\"isPartOf\":{\"@id\":\"https:\/\/lamollla.com\/de\/#website\"},\"primaryImageOfPage\":{\"@id\":\"https:\/\/lamollla.com\/de\/produkt\/armband-bronze-lack-zeitlose-eleganz\/#primaryimage\"},\"image\":{\"@id\":\"https:\/\/lamollla.com\/de\/produkt\/armband-bronze-lack-zeitlose-eleganz\/#primaryimage\"},\"thumbnailUrl\":\"https:\/\/lamollla.com\/wp-content\/uploads\/2025\/04\/24A9656_web.jpg\",\"datePublished\":\"2025-04-13T15:25:51+00:00\",\"dateModified\":\"2026-01-12T14:19:53+00:00\",\"breadcrumb\":{\"@id\":\"https:\/\/lamollla.com\/de\/produkt\/armband-bronze-lack-zeitlose-eleganz\/#breadcrumb\"},\"inLanguage\":\"de\",\"potentialAction\":[{\"@type\":\"ReadAction\",\"target\":[\"https:\/\/lamollla.com\/de\/produkt\/armband-bronze-lack-zeitlose-eleganz\/\"]}]},{\"@type\":\"ImageObject\",\"inLanguage\":\"de\",\"@id\":\"https:\/\/lamollla.com\/de\/produkt\/armband-bronze-lack-zeitlose-eleganz\/#primaryimage\",\"url\":\"https:\/\/lamollla.com\/wp-content\/uploads\/2025\/04\/24A9656_web.jpg\",\"contentUrl\":\"https:\/\/lamollla.com\/wp-content\/uploads\/2025\/04\/24A9656_web.jpg\",\"width\":1600,\"height\":2000},{\"@type\":\"BreadcrumbList\",\"@id\":\"https:\/\/lamollla.com\/de\/produkt\/armband-bronze-lack-zeitlose-eleganz\/#breadcrumb\",\"itemListElement\":[{\"@type\":\"ListItem\",\"position\":1,\"name\":\"Home\",\"item\":\"https:\/\/lamollla.com\/de\/\"},{\"@type\":\"ListItem\",\"position\":2,\"name\":\"Negozio\",\"item\":\"https:\/\/lamollla.com\/de\/negozio\/\"},{\"@type\":\"ListItem\",\"position\":3,\"name\":\"Armband Bronze Black \u2013 Zeitlose Eleganz\"}]},{\"@type\":\"WebSite\",\"@id\":\"https:\/\/lamollla.com\/de\/#website\",\"url\":\"https:\/\/lamollla.com\/de\/\",\"name\":\"la mollla\u00ae\",\"description\":\"\",\"publisher\":{\"@id\":\"https:\/\/lamollla.com\/de\/#organization\"},\"potentialAction\":[{\"@type\":\"SearchAction\",\"target\":{\"@type\":\"EntryPoint\",\"urlTemplate\":\"https:\/\/lamollla.com\/de\/?s={search_term_string}\"},\"query-input\":{\"@type\":\"PropertyValueSpecification\",\"valueRequired\":true,\"valueName\":\"search_term_string\"}}],\"inLanguage\":\"de\"},{\"@type\":\"Organization\",\"@id\":\"https:\/\/lamollla.com\/de\/#organization\",\"name\":\"Soci\u00e9t\u00e9 Eolienne\",\"url\":\"https:\/\/lamollla.com\/de\/\",\"logo\":{\"@type\":\"ImageObject\",\"inLanguage\":\"de\",\"@id\":\"https:\/\/lamollla.com\/de\/#\/schema\/logo\/image\/\",\"url\":\"https:\/\/lamollla.com\/wp-content\/uploads\/2020\/09\/logo-lamollla@2x.png\",\"contentUrl\":\"https:\/\/lamollla.com\/wp-content\/uploads\/2020\/09\/logo-lamollla@2x.png\",\"width\":968,\"height\":212,\"caption\":\"Soci\u00e9t\u00e9 Eolienne\"},\"image\":{\"@id\":\"https:\/\/lamollla.com\/de\/#\/schema\/logo\/image\/\"},\"sameAs\":[\"https:\/\/www.facebook.com\/TizianaRedavidAteliers\",\"https:\/\/www.instagram.com\/tizianaredavidesign\/\",\"https:\/\/www.pinterest.it\/tizianaredavid\/\"]}]}<\/script>\n<!-- \/ Yoast SEO plugin. -->","yoast_head_json":{"title":"Armband Bronze Black \u2013 Zeitlose Eleganz - la mollla\u00ae","robots":{"index":"index","follow":"follow","max-snippet":"max-snippet:-1","max-image-preview":"max-image-preview:large","max-video-preview":"max-video-preview:-1"},"canonical":"https:\/\/lamollla.com\/de\/produkt\/armband-bronze-lack-zeitlose-eleganz\/","og_locale":"de_DE","og_type":"article","og_title":"Armband Bronze Black \u2013 Zeitlose Eleganz - la mollla\u00ae","og_description":"Set bestehend aus 60 Edelstahlfedern: 40 bronzebeschichtet, 20 schwarzbeschichtet.","og_url":"https:\/\/lamollla.com\/de\/produkt\/armband-bronze-lack-zeitlose-eleganz\/","og_site_name":"la mollla\u00ae","article_publisher":"https:\/\/www.facebook.com\/TizianaRedavidAteliers","article_modified_time":"2026-01-12T14:19:53+00:00","og_image":[{"width":819,"height":1024,"url":"https:\/\/lamollla.com\/wp-content\/uploads\/2025\/04\/24A9656_web-819x1024.jpg","type":"image\/jpeg"}],"twitter_card":"summary_large_image","twitter_misc":{"Gesch\u00e4tzte Lesezeit":"1\u00a0Minute"},"schema":{"@context":"https:\/\/schema.org","@graph":[{"@type":"WebPage","@id":"https:\/\/lamollla.com\/de\/produkt\/armband-bronze-lack-zeitlose-eleganz\/","url":"https:\/\/lamollla.com\/de\/produkt\/armband-bronze-lack-zeitlose-eleganz\/","name":"Armband Bronze Black \u2013 Zeitlose Eleganz - la mollla\u00ae","isPartOf":{"@id":"https:\/\/lamollla.com\/de\/#website"},"primaryImageOfPage":{"@id":"https:\/\/lamollla.com\/de\/produkt\/armband-bronze-lack-zeitlose-eleganz\/#primaryimage"},"image":{"@id":"https:\/\/lamollla.com\/de\/produkt\/armband-bronze-lack-zeitlose-eleganz\/#primaryimage"},"thumbnailUrl":"https:\/\/lamollla.com\/wp-content\/uploads\/2025\/04\/24A9656_web.jpg","datePublished":"2025-04-13T15:25:51+00:00","dateModified":"2026-01-12T14:19:53+00:00","breadcrumb":{"@id":"https:\/\/lamollla.com\/de\/produkt\/armband-bronze-lack-zeitlose-eleganz\/#breadcrumb"},"inLanguage":"de","potentialAction":[{"@type":"ReadAction","target":["https:\/\/lamollla.com\/de\/produkt\/armband-bronze-lack-zeitlose-eleganz\/"]}]},{"@type":"ImageObject","inLanguage":"de","@id":"https:\/\/lamollla.com\/de\/produkt\/armband-bronze-lack-zeitlose-eleganz\/#primaryimage","url":"https:\/\/lamollla.com\/wp-content\/uploads\/2025\/04\/24A9656_web.jpg","contentUrl":"https:\/\/lamollla.com\/wp-content\/uploads\/2025\/04\/24A9656_web.jpg","width":1600,"height":2000},{"@type":"BreadcrumbList","@id":"https:\/\/lamollla.com\/de\/produkt\/armband-bronze-lack-zeitlose-eleganz\/#breadcrumb","itemListElement":[{"@type":"ListItem","position":1,"name":"Home","item":"https:\/\/lamollla.com\/de\/"},{"@type":"ListItem","position":2,"name":"Negozio","item":"https:\/\/lamollla.com\/de\/negozio\/"},{"@type":"ListItem","position":3,"name":"Armband Bronze Black \u2013 Zeitlose Eleganz"}]},{"@type":"WebSite","@id":"https:\/\/lamollla.com\/de\/#website","url":"https:\/\/lamollla.com\/de\/","name":"la mollla\u00ae","description":"","publisher":{"@id":"https:\/\/lamollla.com\/de\/#organization"},"potentialAction":[{"@type":"SearchAction","target":{"@type":"EntryPoint","urlTemplate":"https:\/\/lamollla.com\/de\/?s={search_term_string}"},"query-input":{"@type":"PropertyValueSpecification","valueRequired":true,"valueName":"search_term_string"}}],"inLanguage":"de"},{"@type":"Organization","@id":"https:\/\/lamollla.com\/de\/#organization","name":"Soci\u00e9t\u00e9 Eolienne","url":"https:\/\/lamollla.com\/de\/","logo":{"@type":"ImageObject","inLanguage":"de","@id":"https:\/\/lamollla.com\/de\/#\/schema\/logo\/image\/","url":"https:\/\/lamollla.com\/wp-content\/uploads\/2020\/09\/logo-lamollla@2x.png","contentUrl":"https:\/\/lamollla.com\/wp-content\/uploads\/2020\/09\/logo-lamollla@2x.png","width":968,"height":212,"caption":"Soci\u00e9t\u00e9 Eolienne"},"image":{"@id":"https:\/\/lamollla.com\/de\/#\/schema\/logo\/image\/"},"sameAs":["https:\/\/www.facebook.com\/TizianaRedavidAteliers","https:\/\/www.instagram.com\/tizianaredavidesign\/","https:\/\/www.pinterest.it\/tizianaredavid\/"]}]}},"_links":{"self":[{"href":"https:\/\/lamollla.com\/de\/wp-json\/wp\/v2\/product\/13426","targetHints":{"allow":["GET"]}}],"collection":[{"href":"https:\/\/lamollla.com\/de\/wp-json\/wp\/v2\/product"}],"about":[{"href":"https:\/\/lamollla.com\/de\/wp-json\/wp\/v2\/types\/product"}],"wp:featuredmedia":[{"embeddable":true,"href":"https:\/\/lamollla.com\/de\/wp-json\/wp\/v2\/media\/13434"}],"wp:attachment":[{"href":"https:\/\/lamollla.com\/de\/wp-json\/wp\/v2\/media?parent=13426"}],"wp:term":[{"taxonomy":"product_brand","embeddable":true,"href":"https:\/\/lamollla.com\/de\/wp-json\/wp\/v2\/product_brand?post=13426"},{"taxonomy":"product_cat","embeddable":true,"href":"https:\/\/lamollla.com\/de\/wp-json\/wp\/v2\/product_cat?post=13426"},{"taxonomy":"product_tag","embeddable":true,"href":"https:\/\/lamollla.com\/de\/wp-json\/wp\/v2\/product_tag?post=13426"}],"curies":[{"name":"wp","href":"https:\/\/api.w.org\/{rel}","templated":true}]}}