{"id":6117,"date":"2022-11-08T17:25:13","date_gmt":"2022-11-08T16:25:13","guid":{"rendered":"https:\/\/lamollla.com\/?page_id=6117"},"modified":"2022-11-09T10:50:40","modified_gmt":"2022-11-09T09:50:40","slug":"die-inspiration","status":"publish","type":"page","link":"https:\/\/lamollla.com\/de\/uber-uns\/die-inspiration\/","title":{"rendered":"Die Inspiration"},"content":{"rendered":"\t\t<div data-elementor-type=\"wp-page\" data-elementor-id=\"6117\" class=\"elementor elementor-6117 elementor-6116\" data-elementor-post-type=\"page\">\n\t\t\t\t\t\t<section class=\"elementor-section elementor-top-section elementor-element elementor-element-de222b6 elementor-section-boxed elementor-section-height-default elementor-section-height-default\" data-id=\"de222b6\" data-element_type=\"section\">\n\t\t\t\t\t\t<div class=\"elementor-container elementor-column-gap-default\">\n\t\t\t\t\t<div class=\"elementor-column elementor-col-100 elementor-top-column elementor-element elementor-element-1fcbc50\" data-id=\"1fcbc50\" data-element_type=\"column\">\n\t\t\t<div class=\"elementor-widget-wrap elementor-element-populated\">\n\t\t\t\t\t\t<div class=\"elementor-element elementor-element-098f770 elementor-widget elementor-widget-heading\" data-id=\"098f770\" data-element_type=\"widget\" data-widget_type=\"heading.default\">\n\t\t\t\t<div class=\"elementor-widget-container\">\n\t\t\t\t\t<h2 class=\"elementor-heading-title elementor-size-default\">Die Komponenten, aus denen der Schmuck von La Mollla hergestellt wird, werden alle nach unserem eigenen Entwurf gefertigt: Wir verwenden ausschlie\u00dflich Mikrofedern aus Edelstahl, die wir in Paris zusammensetzen.\n<\/h2>\t\t\t\t<\/div>\n\t\t\t\t<\/div>\n\t\t\t\t\t<\/div>\n\t\t<\/div>\n\t\t\t\t\t<\/div>\n\t\t<\/section>\n\t\t\t\t<section class=\"elementor-section elementor-top-section elementor-element elementor-element-f75a2fa elementor-section-full_width elementor-section-stretched elementor-section-height-default elementor-section-height-default elementor-invisible\" data-id=\"f75a2fa\" data-element_type=\"section\" data-settings=\"{&quot;animation&quot;:&quot;slideInUp&quot;,&quot;stretch_section&quot;:&quot;section-stretched&quot;}\">\n\t\t\t\t\t\t<div class=\"elementor-container elementor-column-gap-default\">\n\t\t\t\t\t<div class=\"elementor-column elementor-col-50 elementor-top-column elementor-element elementor-element-bac747d\" data-id=\"bac747d\" data-element_type=\"column\">\n\t\t\t<div class=\"elementor-widget-wrap elementor-element-populated\">\n\t\t\t\t\t\t<div class=\"elementor-element elementor-element-b3a47e9 elementor-widget elementor-widget-text-editor\" data-id=\"b3a47e9\" data-element_type=\"widget\" data-widget_type=\"text-editor.default\">\n\t\t\t\t<div class=\"elementor-widget-container\">\n\t\t\t\t\t\t\t\t\t<p>Unsere Produkte zeichnen sich durch ein ausgewogenes Verh\u00e4ltnis zwischen italienischem Design, in Italien hergestellten Komponenten und einer hervorragenden Montagewerkstatt in Paris aus.<\/p><p>La Mollla ist die einzige Marke aus dem Melting Pot, die die wahre und authentische Verbindung zwischen Italien und Frankreich, stets mit Blick auf Europa, darstellt.<\/p><p>W\u00e4hrend es f\u00fcr die meisten Marken heute praktisch unm\u00f6glich ist, ein Designobjekt ohne chinesische Komponenten herzustellen, ist La Mollla dort erfolgreich, wo viele andere versagt haben.<\/p><p>Wir von La Mollla verstehen es, das italienische industrielle Savoir-faire mit der au\u00dfergew\u00f6hnlichen Handwerkskunst des Belpaese zu verbinden, wobei unsere Objekte zwischen Paris und Turin hergestellt werden.<\/p><h2>Wir denken auf Franz\u00f6sisch, wir produzieren in Italien.<\/h2><p>Die von uns verwendeten Federn werden in Italien hergestellt und montiert, entweder von uns selbst oder von unseren Mitarbeitern: Einer unserer Grundpfeiler ist es, das Wohlergehen der Menschen zu unterst\u00fctzen, die mit uns arbeiten.<\/p><p>Unsere Schmuckst\u00fccke entstehen aus der optimalen Wiederverwendung eines industriellen Materials, das durch das k\u00fcnstlerische Gesp\u00fcr von Tiziana Redavid Schmuckform annimmt.<\/p><p>Federn aus rostfreiem Stahl, ein Material mit unerl\u00e4sslichen Eigenschaften f\u00fcr unsere Produktionsphilosophie.\u00a0<span style=\"color: var( --e-global-color-text );\">Ein Material, das Eigenschaften wie Leichtigkeit und Festigkeit, Innovation und Einfachheit, Solidit\u00e4t und Elastizit\u00e4t, Glanz und Geschmeidigkeit, Unkonventionalit\u00e4t und Nachhaltigkeit, H\u00e4rte und Weichheit besitzt.<\/span><\/p>\t\t\t\t\t\t\t\t<\/div>\n\t\t\t\t<\/div>\n\t\t\t\t\t<\/div>\n\t\t<\/div>\n\t\t\t\t<div class=\"elementor-column elementor-col-50 elementor-top-column elementor-element elementor-element-0964b3f\" data-id=\"0964b3f\" data-element_type=\"column\">\n\t\t\t<div class=\"elementor-widget-wrap elementor-element-populated\">\n\t\t\t\t\t\t<div class=\"elementor-element elementor-element-219c87b elementor-widget elementor-widget-image\" data-id=\"219c87b\" data-element_type=\"widget\" data-widget_type=\"image.default\">\n\t\t\t\t<div class=\"elementor-widget-container\">\n\t\t\t\t\t\t\t\t\t\t\t\t\t\t\t<img loading=\"lazy\" decoding=\"async\" width=\"750\" height=\"1000\" src=\"https:\/\/lamollla.com\/wp-content\/uploads\/2020\/08\/sep-or-tasca.jpg\" class=\"attachment-large size-large wp-image-4397\" alt=\"\" srcset=\"https:\/\/lamollla.com\/wp-content\/uploads\/2020\/08\/sep-or-tasca.jpg 750w, https:\/\/lamollla.com\/wp-content\/uploads\/2020\/08\/sep-or-tasca-600x800.jpg 600w\" sizes=\"auto, (max-width: 750px) 100vw, 750px\" \/>\t\t\t\t\t\t\t\t\t\t\t\t\t\t\t<\/div>\n\t\t\t\t<\/div>\n\t\t\t\t\t<\/div>\n\t\t<\/div>\n\t\t\t\t\t<\/div>\n\t\t<\/section>\n\t\t\t\t<section class=\"elementor-section elementor-top-section elementor-element elementor-element-bbe6639 elementor-section-boxed elementor-section-height-default elementor-section-height-default\" data-id=\"bbe6639\" data-element_type=\"section\">\n\t\t\t\t\t\t<div class=\"elementor-container elementor-column-gap-default\">\n\t\t\t\t\t<div class=\"elementor-column elementor-col-100 elementor-top-column elementor-element elementor-element-07d3d0b\" data-id=\"07d3d0b\" data-element_type=\"column\">\n\t\t\t<div class=\"elementor-widget-wrap elementor-element-populated\">\n\t\t\t\t\t\t<div class=\"elementor-element elementor-element-09aa797 elementor-blockquote--skin-quotation elementor-widget elementor-widget-blockquote\" data-id=\"09aa797\" data-element_type=\"widget\" data-widget_type=\"blockquote.default\">\n\t\t\t\t<div class=\"elementor-widget-container\">\n\t\t\t\t\t\t\t<blockquote class=\"elementor-blockquote\">\n\t\t\t<p class=\"elementor-blockquote__content\">\n\t\t\t\tWer unseren Schmuck tr\u00e4gt, wei\u00df, dass er sich in seiner ganzen Komplexit\u00e4t als Mensch ausdr\u00fccken kann.\t\t\t<\/p>\n\t\t\t\t\t<\/blockquote>\n\t\t\t\t\t\t<\/div>\n\t\t\t\t<\/div>\n\t\t\t\t\t<\/div>\n\t\t<\/div>\n\t\t\t\t\t<\/div>\n\t\t<\/section>\n\t\t\t\t<section class=\"elementor-section elementor-top-section elementor-element elementor-element-8846d93 elementor-section-full_width elementor-section-stretched elementor-section-height-default elementor-section-height-default elementor-invisible\" data-id=\"8846d93\" data-element_type=\"section\" data-settings=\"{&quot;animation&quot;:&quot;slideInUp&quot;,&quot;stretch_section&quot;:&quot;section-stretched&quot;}\">\n\t\t\t\t\t\t<div class=\"elementor-container elementor-column-gap-default\">\n\t\t\t\t\t<div class=\"elementor-column elementor-col-50 elementor-top-column elementor-element elementor-element-c2cb3bd\" data-id=\"c2cb3bd\" data-element_type=\"column\">\n\t\t\t<div class=\"elementor-widget-wrap elementor-element-populated\">\n\t\t\t\t\t\t<div class=\"elementor-element elementor-element-5fdb056 elementor-widget elementor-widget-image\" data-id=\"5fdb056\" data-element_type=\"widget\" data-widget_type=\"image.default\">\n\t\t\t\t<div class=\"elementor-widget-container\">\n\t\t\t\t\t\t\t\t\t\t\t\t\t\t\t<img loading=\"lazy\" decoding=\"async\" width=\"1333\" height=\"2000\" src=\"https:\/\/lamollla.com\/wp-content\/uploads\/2021\/12\/O1A9693web.jpg\" class=\"attachment-full size-full wp-image-4988\" alt=\"\" srcset=\"https:\/\/lamollla.com\/wp-content\/uploads\/2021\/12\/O1A9693web.jpg 1333w, https:\/\/lamollla.com\/wp-content\/uploads\/2021\/12\/O1A9693web-800x1200.jpg 800w, https:\/\/lamollla.com\/wp-content\/uploads\/2021\/12\/O1A9693web-200x300.jpg 200w, https:\/\/lamollla.com\/wp-content\/uploads\/2021\/12\/O1A9693web-682x1024.jpg 682w, https:\/\/lamollla.com\/wp-content\/uploads\/2021\/12\/O1A9693web-768x1152.jpg 768w, https:\/\/lamollla.com\/wp-content\/uploads\/2021\/12\/O1A9693web-1024x1536.jpg 1024w\" sizes=\"auto, (max-width: 1333px) 100vw, 1333px\" \/>\t\t\t\t\t\t\t\t\t\t\t\t\t\t\t<\/div>\n\t\t\t\t<\/div>\n\t\t\t\t\t<\/div>\n\t\t<\/div>\n\t\t\t\t<div class=\"elementor-column elementor-col-50 elementor-top-column elementor-element elementor-element-1e4f994\" data-id=\"1e4f994\" data-element_type=\"column\">\n\t\t\t<div class=\"elementor-widget-wrap elementor-element-populated\">\n\t\t\t\t\t\t<div class=\"elementor-element elementor-element-4638a1e elementor-widget elementor-widget-heading\" data-id=\"4638a1e\" data-element_type=\"widget\" data-widget_type=\"heading.default\">\n\t\t\t\t<div class=\"elementor-widget-container\">\n\t\t\t\t\t<h2 class=\"elementor-heading-title elementor-size-default\"><b>Die Inspiration f\u00fcr diese Schmuckst\u00fcck<\/b><\/h2>\t\t\t\t<\/div>\n\t\t\t\t<\/div>\n\t\t\t\t<div class=\"elementor-element elementor-element-368123d elementor-widget elementor-widget-text-editor\" data-id=\"368123d\" data-element_type=\"widget\" data-widget_type=\"text-editor.default\">\n\t\t\t\t<div class=\"elementor-widget-container\">\n\t\t\t\t\t\t\t\t\t<p>Der Edelstahlschmuck von La Mollla ist das Ergebnis der k\u00fcnstlerischen Vision von Tiziana Redavid, Designerin, Malerin, Zeichnerin, Architektin und Kreativdirektorin der Marke.<\/p><p>Schmuck, der einer Intuition entspringt: ihrer Liebe zu Fabriken, zu dieser kleinen industriellen Welt, die sie als Kind in den Turiner H\u00f6fen beobachtet hat.<\/p><p>Rostfreier Stahl, ein Material mit ausgezeichneter mechanischer Festigkeit und Korrosionsbest\u00e4ndigkeit, das sich verformen l\u00e4sst. Stahl, der nach Tizianas Design zu Draht wird.<br \/>Ein Draht, der aufgerollt zu einer Feder oder besser gesagt zu einer Mikrofeder wird.<\/p><p>Die Inspiration f\u00fcr jedes einzelne Schmuckst\u00fcck ist das Leben selbst: eine Reise von K\u00f6rper und Geist.<br \/>Was Tiziana in der Welt um sich herum sieht und was sie in sich selbst sieht.<br \/>Ihre Lebenserfahrung. Die Erfahrung von Schmerz und Freude.<br \/>Die Erfahrung von Sonne und Licht, aber auch von Nebel und Schatten.<\/p><h2>Was sie isst, was sie trinkt.<br \/>Was sie f\u00fchlt.<\/h2><p>Die Inspiration, die aus der F\u00e4higkeit entsteht, Materie zu formen, um Handwerkskunst daraus zu machen.<\/p>\t\t\t\t\t\t\t\t<\/div>\n\t\t\t\t<\/div>\n\t\t\t\t\t<\/div>\n\t\t<\/div>\n\t\t\t\t\t<\/div>\n\t\t<\/section>\n\t\t\t\t<section class=\"elementor-section elementor-top-section elementor-element elementor-element-818a7dc elementor-section-boxed elementor-section-height-default elementor-section-height-default\" data-id=\"818a7dc\" data-element_type=\"section\">\n\t\t\t\t\t\t<div class=\"elementor-container elementor-column-gap-default\">\n\t\t\t\t\t<div class=\"elementor-column elementor-col-100 elementor-top-column elementor-element elementor-element-defd8d7\" data-id=\"defd8d7\" data-element_type=\"column\">\n\t\t\t<div class=\"elementor-widget-wrap elementor-element-populated\">\n\t\t\t\t\t\t<div class=\"elementor-element elementor-element-11098de elementor-widget elementor-widget-heading\" data-id=\"11098de\" data-element_type=\"widget\" data-widget_type=\"heading.default\">\n\t\t\t\t<div class=\"elementor-widget-container\">\n\t\t\t\t\t<h2 class=\"elementor-heading-title elementor-size-default\">La Mollla Paris: Damenschmuck Made in Italy, entworfen in Frankreich und hergestellt in Italien mit Federn aus zertifiziertem Edelstahl<\/h2>\t\t\t\t<\/div>\n\t\t\t\t<\/div>\n\t\t\t\t\t<\/div>\n\t\t<\/div>\n\t\t\t\t\t<\/div>\n\t\t<\/section>\n\t\t\t\t<section class=\"elementor-section elementor-top-section elementor-element elementor-element-b17e93c elementor-section-stretched elementor-section-boxed elementor-section-height-default elementor-section-height-default\" data-id=\"b17e93c\" data-element_type=\"section\" data-settings=\"{&quot;stretch_section&quot;:&quot;section-stretched&quot;,&quot;background_background&quot;:&quot;classic&quot;}\">\n\t\t\t\t\t\t<div class=\"elementor-container elementor-column-gap-default\">\n\t\t\t\t\t<div class=\"elementor-column elementor-col-100 elementor-top-column elementor-element elementor-element-d39a09f\" data-id=\"d39a09f\" data-element_type=\"column\">\n\t\t\t<div class=\"elementor-widget-wrap elementor-element-populated\">\n\t\t\t\t\t\t<div class=\"elementor-element elementor-element-0802d6e elementor-skin-carousel elementor-widget elementor-widget-media-carousel\" data-id=\"0802d6e\" data-element_type=\"widget\" data-settings=\"{&quot;slides_per_view&quot;:&quot;3&quot;,&quot;slides_to_scroll&quot;:&quot;1&quot;,&quot;skin&quot;:&quot;carousel&quot;,&quot;effect&quot;:&quot;slide&quot;,&quot;speed&quot;:500,&quot;autoplay&quot;:&quot;yes&quot;,&quot;autoplay_speed&quot;:5000,&quot;loop&quot;:&quot;yes&quot;,&quot;pause_on_hover&quot;:&quot;yes&quot;,&quot;pause_on_interaction&quot;:&quot;yes&quot;,&quot;space_between&quot;:{&quot;unit&quot;:&quot;px&quot;,&quot;size&quot;:10,&quot;sizes&quot;:[]},&quot;space_between_tablet&quot;:{&quot;unit&quot;:&quot;px&quot;,&quot;size&quot;:10,&quot;sizes&quot;:[]},&quot;space_between_mobile&quot;:{&quot;unit&quot;:&quot;px&quot;,&quot;size&quot;:10,&quot;sizes&quot;:[]}}\" data-widget_type=\"media-carousel.default\">\n\t\t\t\t<div class=\"elementor-widget-container\">\n\t\t\t\t\t\t\t\t\t<div class=\"elementor-swiper\">\n\t\t\t\t\t<div class=\"elementor-main-swiper swiper\" role=\"region\" aria-roledescription=\"carousel\" aria-label=\"Slider\">\n\t\t\t\t<div class=\"swiper-wrapper\">\n\t\t\t\t\t\t\t\t\t\t\t<div class=\"swiper-slide\" role=\"group\" aria-roledescription=\"slide\">\n\t\t\t\t\t\t\t\t\t<div class=\"elementor-carousel-image\" role=\"img\" aria-label=\"twistcollnoeu_lamollla_0332_web\" style=\"background-image: url(&#039;https:\/\/lamollla.com\/wp-content\/uploads\/2020\/07\/twistcollnoeu_lamollla_0332_web.jpg&#039;)\">\n\n\t\t\t\n\t\t\t\t\t<\/div>\n\t\t\t\t\t\t\t\t<\/div>\n\t\t\t\t\t\t\t\t\t\t\t<div class=\"swiper-slide\" role=\"group\" aria-roledescription=\"slide\">\n\t\t\t\t\t\t\t\t\t<div class=\"elementor-carousel-image\" role=\"img\" aria-label=\"pepcoll_lamollla_0051_web\" style=\"background-image: url(&#039;https:\/\/lamollla.com\/wp-content\/uploads\/2020\/07\/pepcoll_lamollla_0051_web.jpg&#039;)\">\n\n\t\t\t\n\t\t\t\t\t<\/div>\n\t\t\t\t\t\t\t\t<\/div>\n\t\t\t\t\t\t\t\t\t\t\t<div class=\"swiper-slide\" role=\"group\" aria-roledescription=\"slide\">\n\t\t\t\t\t\t\t\t\t<div class=\"elementor-carousel-image\" role=\"img\" aria-label=\"twistcollcourt_lamollla_0344_web\" style=\"background-image: url(&#039;https:\/\/lamollla.com\/wp-content\/uploads\/2020\/07\/twistcollcourt_lamollla_0344_web.jpg&#039;)\">\n\n\t\t\t\n\t\t\t\t\t<\/div>\n\t\t\t\t\t\t\t\t<\/div>\n\t\t\t\t\t\t\t\t\t\t\t<div class=\"swiper-slide\" role=\"group\" aria-roledescription=\"slide\">\n\t\t\t\t\t\t\t\t\t<div class=\"elementor-carousel-image\" role=\"img\" aria-label=\"chicpend_lamollla_0019_web\" style=\"background-image: url(&#039;https:\/\/lamollla.com\/wp-content\/uploads\/2020\/07\/chicpend_lamollla_0019_web.jpg&#039;)\">\n\n\t\t\t\n\t\t\t\t\t<\/div>\n\t\t\t\t\t\t\t\t<\/div>\n\t\t\t\t\t\t\t\t\t<\/div>\n\t\t\t\t\t\t\t\t\t\t\t\t\t\t\t\t\t\t\t\t\t<\/div>\n\t\t\t\t<\/div>\n\t\t\t\t\t\t\t\t<\/div>\n\t\t\t\t<\/div>\n\t\t\t\t\t<\/div>\n\t\t<\/div>\n\t\t\t\t\t<\/div>\n\t\t<\/section>\n\t\t\t\t<\/div>\n\t\t","protected":false},"excerpt":{"rendered":"<p>Die Komponenten, aus denen der Schmuck von La Mollla hergestellt wird, werden alle nach unserem eigenen Entwurf gefertigt: Wir verwenden ausschlie\u00dflich Mikrofedern aus Edelstahl, die wir in Paris zusammensetzen. Unsere Produkte zeichnen sich durch ein ausgewogenes Verh\u00e4ltnis zwischen italienischem Design, in Italien hergestellten Komponenten und einer hervorragenden Montagewerkstatt in Paris aus. La Mollla ist die &#8230; <a title=\"Die Inspiration\" class=\"read-more\" href=\"https:\/\/lamollla.com\/de\/uber-uns\/die-inspiration\/\" aria-label=\"Mehr Informationen \u00fcber Die Inspiration\">Weiterlesen &#8230;<\/a><\/p>\n","protected":false},"author":1,"featured_media":0,"parent":4623,"menu_order":0,"comment_status":"closed","ping_status":"closed","template":"elementor_header_footer","meta":{"_uf_show_specific_survey":0,"_uf_disable_surveys":false,"footnotes":""},"class_list":["post-6117","page","type-page","status-publish"],"yoast_head":"<!-- This site is optimized with the Yoast SEO plugin v26.8 - https:\/\/yoast.com\/product\/yoast-seo-wordpress\/ -->\n<title>Die Inspiration - la mollla\u00ae<\/title>\n<meta name=\"robots\" content=\"index, follow, max-snippet:-1, max-image-preview:large, max-video-preview:-1\" \/>\n<link rel=\"canonical\" href=\"https:\/\/lamollla.com\/de\/uber-uns\/die-inspiration\/\" \/>\n<meta property=\"og:locale\" content=\"de_DE\" \/>\n<meta property=\"og:type\" content=\"article\" \/>\n<meta property=\"og:title\" content=\"Die Inspiration - la mollla\u00ae\" \/>\n<meta property=\"og:description\" content=\"Die Komponenten, aus denen der Schmuck von La Mollla hergestellt wird, werden alle nach unserem eigenen Entwurf gefertigt: Wir verwenden ausschlie\u00dflich Mikrofedern aus Edelstahl, die wir in Paris zusammensetzen. Unsere Produkte zeichnen sich durch ein ausgewogenes Verh\u00e4ltnis zwischen italienischem Design, in Italien hergestellten Komponenten und einer hervorragenden Montagewerkstatt in Paris aus. La Mollla ist die ... Weiterlesen ...\" \/>\n<meta property=\"og:url\" content=\"https:\/\/lamollla.com\/de\/uber-uns\/die-inspiration\/\" \/>\n<meta property=\"og:site_name\" content=\"la mollla\u00ae\" \/>\n<meta property=\"article:publisher\" content=\"https:\/\/www.facebook.com\/TizianaRedavidAteliers\" \/>\n<meta property=\"article:modified_time\" content=\"2022-11-09T09:50:40+00:00\" \/>\n<meta property=\"og:image\" content=\"https:\/\/lamollla.com\/wp-content\/uploads\/2020\/08\/sep-or-tasca.jpg\" \/>\n<meta name=\"twitter:card\" content=\"summary_large_image\" \/>\n<meta name=\"twitter:label1\" content=\"Gesch\u00e4tzte Lesezeit\" \/>\n\t<meta name=\"twitter:data1\" content=\"3\u00a0Minuten\" \/>\n<script type=\"application\/ld+json\" class=\"yoast-schema-graph\">{\"@context\":\"https:\/\/schema.org\",\"@graph\":[{\"@type\":\"WebPage\",\"@id\":\"https:\/\/lamollla.com\/de\/uber-uns\/die-inspiration\/\",\"url\":\"https:\/\/lamollla.com\/de\/uber-uns\/die-inspiration\/\",\"name\":\"Die Inspiration - la mollla\u00ae\",\"isPartOf\":{\"@id\":\"https:\/\/lamollla.com\/de\/#website\"},\"primaryImageOfPage\":{\"@id\":\"https:\/\/lamollla.com\/de\/uber-uns\/die-inspiration\/#primaryimage\"},\"image\":{\"@id\":\"https:\/\/lamollla.com\/de\/uber-uns\/die-inspiration\/#primaryimage\"},\"thumbnailUrl\":\"https:\/\/lamollla.com\/wp-content\/uploads\/2020\/08\/sep-or-tasca.jpg\",\"datePublished\":\"2022-11-08T16:25:13+00:00\",\"dateModified\":\"2022-11-09T09:50:40+00:00\",\"breadcrumb\":{\"@id\":\"https:\/\/lamollla.com\/de\/uber-uns\/die-inspiration\/#breadcrumb\"},\"inLanguage\":\"de\",\"potentialAction\":[{\"@type\":\"ReadAction\",\"target\":[\"https:\/\/lamollla.com\/de\/uber-uns\/die-inspiration\/\"]}]},{\"@type\":\"ImageObject\",\"inLanguage\":\"de\",\"@id\":\"https:\/\/lamollla.com\/de\/uber-uns\/die-inspiration\/#primaryimage\",\"url\":\"https:\/\/lamollla.com\/wp-content\/uploads\/2020\/08\/sep-or-tasca.jpg\",\"contentUrl\":\"https:\/\/lamollla.com\/wp-content\/uploads\/2020\/08\/sep-or-tasca.jpg\"},{\"@type\":\"BreadcrumbList\",\"@id\":\"https:\/\/lamollla.com\/de\/uber-uns\/die-inspiration\/#breadcrumb\",\"itemListElement\":[{\"@type\":\"ListItem\",\"position\":1,\"name\":\"Home\",\"item\":\"https:\/\/lamollla.com\/de\/\"},{\"@type\":\"ListItem\",\"position\":2,\"name\":\"\u00dcber uns\",\"item\":\"https:\/\/lamollla.com\/de\/uber-uns\/\"},{\"@type\":\"ListItem\",\"position\":3,\"name\":\"Die Inspiration\"}]},{\"@type\":\"WebSite\",\"@id\":\"https:\/\/lamollla.com\/de\/#website\",\"url\":\"https:\/\/lamollla.com\/de\/\",\"name\":\"la mollla\u00ae\",\"description\":\"\",\"publisher\":{\"@id\":\"https:\/\/lamollla.com\/de\/#organization\"},\"potentialAction\":[{\"@type\":\"SearchAction\",\"target\":{\"@type\":\"EntryPoint\",\"urlTemplate\":\"https:\/\/lamollla.com\/de\/?s={search_term_string}\"},\"query-input\":{\"@type\":\"PropertyValueSpecification\",\"valueRequired\":true,\"valueName\":\"search_term_string\"}}],\"inLanguage\":\"de\"},{\"@type\":\"Organization\",\"@id\":\"https:\/\/lamollla.com\/de\/#organization\",\"name\":\"Soci\u00e9t\u00e9 Eolienne\",\"url\":\"https:\/\/lamollla.com\/de\/\",\"logo\":{\"@type\":\"ImageObject\",\"inLanguage\":\"de\",\"@id\":\"https:\/\/lamollla.com\/de\/#\/schema\/logo\/image\/\",\"url\":\"https:\/\/lamollla.com\/wp-content\/uploads\/2020\/09\/logo-lamollla@2x.png\",\"contentUrl\":\"https:\/\/lamollla.com\/wp-content\/uploads\/2020\/09\/logo-lamollla@2x.png\",\"width\":968,\"height\":212,\"caption\":\"Soci\u00e9t\u00e9 Eolienne\"},\"image\":{\"@id\":\"https:\/\/lamollla.com\/de\/#\/schema\/logo\/image\/\"},\"sameAs\":[\"https:\/\/www.facebook.com\/TizianaRedavidAteliers\",\"https:\/\/www.instagram.com\/tizianaredavidesign\/\",\"https:\/\/www.pinterest.it\/tizianaredavid\/\"]}]}<\/script>\n<!-- \/ Yoast SEO plugin. -->","yoast_head_json":{"title":"Die Inspiration - la mollla\u00ae","robots":{"index":"index","follow":"follow","max-snippet":"max-snippet:-1","max-image-preview":"max-image-preview:large","max-video-preview":"max-video-preview:-1"},"canonical":"https:\/\/lamollla.com\/de\/uber-uns\/die-inspiration\/","og_locale":"de_DE","og_type":"article","og_title":"Die Inspiration - la mollla\u00ae","og_description":"Die Komponenten, aus denen der Schmuck von La Mollla hergestellt wird, werden alle nach unserem eigenen Entwurf gefertigt: Wir verwenden ausschlie\u00dflich Mikrofedern aus Edelstahl, die wir in Paris zusammensetzen. Unsere Produkte zeichnen sich durch ein ausgewogenes Verh\u00e4ltnis zwischen italienischem Design, in Italien hergestellten Komponenten und einer hervorragenden Montagewerkstatt in Paris aus. La Mollla ist die ... Weiterlesen ...","og_url":"https:\/\/lamollla.com\/de\/uber-uns\/die-inspiration\/","og_site_name":"la mollla\u00ae","article_publisher":"https:\/\/www.facebook.com\/TizianaRedavidAteliers","article_modified_time":"2022-11-09T09:50:40+00:00","og_image":[{"url":"https:\/\/lamollla.com\/wp-content\/uploads\/2020\/08\/sep-or-tasca.jpg","type":"","width":"","height":""}],"twitter_card":"summary_large_image","twitter_misc":{"Gesch\u00e4tzte Lesezeit":"3\u00a0Minuten"},"schema":{"@context":"https:\/\/schema.org","@graph":[{"@type":"WebPage","@id":"https:\/\/lamollla.com\/de\/uber-uns\/die-inspiration\/","url":"https:\/\/lamollla.com\/de\/uber-uns\/die-inspiration\/","name":"Die Inspiration - la mollla\u00ae","isPartOf":{"@id":"https:\/\/lamollla.com\/de\/#website"},"primaryImageOfPage":{"@id":"https:\/\/lamollla.com\/de\/uber-uns\/die-inspiration\/#primaryimage"},"image":{"@id":"https:\/\/lamollla.com\/de\/uber-uns\/die-inspiration\/#primaryimage"},"thumbnailUrl":"https:\/\/lamollla.com\/wp-content\/uploads\/2020\/08\/sep-or-tasca.jpg","datePublished":"2022-11-08T16:25:13+00:00","dateModified":"2022-11-09T09:50:40+00:00","breadcrumb":{"@id":"https:\/\/lamollla.com\/de\/uber-uns\/die-inspiration\/#breadcrumb"},"inLanguage":"de","potentialAction":[{"@type":"ReadAction","target":["https:\/\/lamollla.com\/de\/uber-uns\/die-inspiration\/"]}]},{"@type":"ImageObject","inLanguage":"de","@id":"https:\/\/lamollla.com\/de\/uber-uns\/die-inspiration\/#primaryimage","url":"https:\/\/lamollla.com\/wp-content\/uploads\/2020\/08\/sep-or-tasca.jpg","contentUrl":"https:\/\/lamollla.com\/wp-content\/uploads\/2020\/08\/sep-or-tasca.jpg"},{"@type":"BreadcrumbList","@id":"https:\/\/lamollla.com\/de\/uber-uns\/die-inspiration\/#breadcrumb","itemListElement":[{"@type":"ListItem","position":1,"name":"Home","item":"https:\/\/lamollla.com\/de\/"},{"@type":"ListItem","position":2,"name":"\u00dcber uns","item":"https:\/\/lamollla.com\/de\/uber-uns\/"},{"@type":"ListItem","position":3,"name":"Die Inspiration"}]},{"@type":"WebSite","@id":"https:\/\/lamollla.com\/de\/#website","url":"https:\/\/lamollla.com\/de\/","name":"la mollla\u00ae","description":"","publisher":{"@id":"https:\/\/lamollla.com\/de\/#organization"},"potentialAction":[{"@type":"SearchAction","target":{"@type":"EntryPoint","urlTemplate":"https:\/\/lamollla.com\/de\/?s={search_term_string}"},"query-input":{"@type":"PropertyValueSpecification","valueRequired":true,"valueName":"search_term_string"}}],"inLanguage":"de"},{"@type":"Organization","@id":"https:\/\/lamollla.com\/de\/#organization","name":"Soci\u00e9t\u00e9 Eolienne","url":"https:\/\/lamollla.com\/de\/","logo":{"@type":"ImageObject","inLanguage":"de","@id":"https:\/\/lamollla.com\/de\/#\/schema\/logo\/image\/","url":"https:\/\/lamollla.com\/wp-content\/uploads\/2020\/09\/logo-lamollla@2x.png","contentUrl":"https:\/\/lamollla.com\/wp-content\/uploads\/2020\/09\/logo-lamollla@2x.png","width":968,"height":212,"caption":"Soci\u00e9t\u00e9 Eolienne"},"image":{"@id":"https:\/\/lamollla.com\/de\/#\/schema\/logo\/image\/"},"sameAs":["https:\/\/www.facebook.com\/TizianaRedavidAteliers","https:\/\/www.instagram.com\/tizianaredavidesign\/","https:\/\/www.pinterest.it\/tizianaredavid\/"]}]}},"_links":{"self":[{"href":"https:\/\/lamollla.com\/de\/wp-json\/wp\/v2\/pages\/6117","targetHints":{"allow":["GET"]}}],"collection":[{"href":"https:\/\/lamollla.com\/de\/wp-json\/wp\/v2\/pages"}],"about":[{"href":"https:\/\/lamollla.com\/de\/wp-json\/wp\/v2\/types\/page"}],"author":[{"embeddable":true,"href":"https:\/\/lamollla.com\/de\/wp-json\/wp\/v2\/users\/1"}],"replies":[{"embeddable":true,"href":"https:\/\/lamollla.com\/de\/wp-json\/wp\/v2\/comments?post=6117"}],"version-history":[{"count":6,"href":"https:\/\/lamollla.com\/de\/wp-json\/wp\/v2\/pages\/6117\/revisions"}],"predecessor-version":[{"id":6162,"href":"https:\/\/lamollla.com\/de\/wp-json\/wp\/v2\/pages\/6117\/revisions\/6162"}],"up":[{"embeddable":true,"href":"https:\/\/lamollla.com\/de\/wp-json\/wp\/v2\/pages\/4623"}],"wp:attachment":[{"href":"https:\/\/lamollla.com\/de\/wp-json\/wp\/v2\/media?parent=6117"}],"curies":[{"name":"wp","href":"https:\/\/api.w.org\/{rel}","templated":true}]}}