{"id":4662,"date":"2020-10-17T21:08:22","date_gmt":"2020-10-17T19:08:22","guid":{"rendered":"https:\/\/lamollla.com\/return-and-refund-policy\/"},"modified":"2021-12-06T21:30:23","modified_gmt":"2021-12-06T20:30:23","slug":"return-and-refund-policy","status":"publish","type":"page","link":"https:\/\/lamollla.com\/de\/return-and-refund-policy\/","title":{"rendered":"R\u00fcckgabe- und Erstattungspolitik"},"content":{"rendered":"\n<p>Wir freuen uns sehr \u00fcber Ihr Interesse an unseren Produkten.<\/p>\n\n\n\n<p>Wir tun alles, was m\u00f6glich ist, um die Produkte in einwandfreiem Zustand zu liefern, und wir k\u00fcmmern uns um jede Phase, von der Produktion \u00fcber die Verpackung bis zum Versand, um dies zu erreichen.<\/p>\n\n\n\n<p>Daher erstatten oder ersetzen wir Artikel nur, wenn sie defekt oder besch\u00e4digt sind.<\/p>\n\n\n\n<p>Wenn Sie einen Artikel mit M\u00e4ngeln oder Sch\u00e4den erhalten, melden Sie dies bitte so schnell wie m\u00f6glich: um eine R\u00fcckerstattung zu erhalten, m\u00fcssen die Artikel innerhalb von 14 Tagen nach Lieferung gemeldet werden.<\/p>\n\n\n\n<p>Bei Zweifeln, Fragen oder Anfragen, kontaktieren Sie uns bitte \u00fcber unsere <a href=\"https:\/\/lamollla.com\/de\/kontakt\/\">Kontakt-Seite<\/a>.<\/p>\n","protected":false},"excerpt":{"rendered":"<p>Wir freuen uns sehr \u00fcber Ihr Interesse an unseren Produkten. Wir tun alles, was m\u00f6glich ist, um die Produkte in einwandfreiem Zustand zu liefern, und wir k\u00fcmmern uns um jede Phase, von der Produktion \u00fcber die Verpackung bis zum Versand, um dies zu erreichen. Daher erstatten oder ersetzen wir Artikel nur, wenn sie defekt oder &#8230; <a title=\"R\u00fcckgabe- und Erstattungspolitik\" class=\"read-more\" href=\"https:\/\/lamollla.com\/de\/return-and-refund-policy\/\" aria-label=\"Mehr Informationen \u00fcber R\u00fcckgabe- und Erstattungspolitik\">Weiterlesen &#8230;<\/a><\/p>\n","protected":false},"author":1,"featured_media":0,"parent":0,"menu_order":0,"comment_status":"closed","ping_status":"closed","template":"","meta":{"_uf_show_specific_survey":0,"_uf_disable_surveys":false,"footnotes":""},"class_list":["post-4662","page","type-page","status-publish"],"yoast_head":"<!-- This site is optimized with the Yoast SEO plugin v26.8 - https:\/\/yoast.com\/product\/yoast-seo-wordpress\/ -->\n<title>R\u00fcckgabe- und Erstattungspolitik - la mollla\u00ae<\/title>\n<meta name=\"robots\" content=\"index, follow, max-snippet:-1, max-image-preview:large, max-video-preview:-1\" \/>\n<link rel=\"canonical\" href=\"https:\/\/lamollla.com\/de\/return-and-refund-policy\/\" \/>\n<meta property=\"og:locale\" content=\"de_DE\" \/>\n<meta property=\"og:type\" content=\"article\" \/>\n<meta property=\"og:title\" content=\"R\u00fcckgabe- und Erstattungspolitik - la mollla\u00ae\" \/>\n<meta property=\"og:description\" content=\"Wir freuen uns sehr \u00fcber Ihr Interesse an unseren Produkten. Wir tun alles, was m\u00f6glich ist, um die Produkte in einwandfreiem Zustand zu liefern, und wir k\u00fcmmern uns um jede Phase, von der Produktion \u00fcber die Verpackung bis zum Versand, um dies zu erreichen. Daher erstatten oder ersetzen wir Artikel nur, wenn sie defekt oder ... Weiterlesen ...\" \/>\n<meta property=\"og:url\" content=\"https:\/\/lamollla.com\/de\/return-and-refund-policy\/\" \/>\n<meta property=\"og:site_name\" content=\"la mollla\u00ae\" \/>\n<meta property=\"article:publisher\" content=\"https:\/\/www.facebook.com\/TizianaRedavidAteliers\" \/>\n<meta property=\"article:modified_time\" content=\"2021-12-06T20:30:23+00:00\" \/>\n<meta name=\"twitter:card\" content=\"summary_large_image\" \/>\n<meta name=\"twitter:label1\" content=\"Gesch\u00e4tzte Lesezeit\" \/>\n\t<meta name=\"twitter:data1\" content=\"1\u00a0Minute\" \/>\n<script type=\"application\/ld+json\" class=\"yoast-schema-graph\">{\"@context\":\"https:\/\/schema.org\",\"@graph\":[{\"@type\":\"WebPage\",\"@id\":\"https:\/\/lamollla.com\/de\/return-and-refund-policy\/\",\"url\":\"https:\/\/lamollla.com\/de\/return-and-refund-policy\/\",\"name\":\"R\u00fcckgabe- und Erstattungspolitik - la mollla\u00ae\",\"isPartOf\":{\"@id\":\"https:\/\/lamollla.com\/de\/#website\"},\"datePublished\":\"2020-10-17T19:08:22+00:00\",\"dateModified\":\"2021-12-06T20:30:23+00:00\",\"breadcrumb\":{\"@id\":\"https:\/\/lamollla.com\/de\/return-and-refund-policy\/#breadcrumb\"},\"inLanguage\":\"de\",\"potentialAction\":[{\"@type\":\"ReadAction\",\"target\":[\"https:\/\/lamollla.com\/de\/return-and-refund-policy\/\"]}]},{\"@type\":\"BreadcrumbList\",\"@id\":\"https:\/\/lamollla.com\/de\/return-and-refund-policy\/#breadcrumb\",\"itemListElement\":[{\"@type\":\"ListItem\",\"position\":1,\"name\":\"Home\",\"item\":\"https:\/\/lamollla.com\/de\/\"},{\"@type\":\"ListItem\",\"position\":2,\"name\":\"R\u00fcckgabe- und Erstattungspolitik\"}]},{\"@type\":\"WebSite\",\"@id\":\"https:\/\/lamollla.com\/de\/#website\",\"url\":\"https:\/\/lamollla.com\/de\/\",\"name\":\"la mollla\u00ae\",\"description\":\"\",\"publisher\":{\"@id\":\"https:\/\/lamollla.com\/de\/#organization\"},\"potentialAction\":[{\"@type\":\"SearchAction\",\"target\":{\"@type\":\"EntryPoint\",\"urlTemplate\":\"https:\/\/lamollla.com\/de\/?s={search_term_string}\"},\"query-input\":{\"@type\":\"PropertyValueSpecification\",\"valueRequired\":true,\"valueName\":\"search_term_string\"}}],\"inLanguage\":\"de\"},{\"@type\":\"Organization\",\"@id\":\"https:\/\/lamollla.com\/de\/#organization\",\"name\":\"Soci\u00e9t\u00e9 Eolienne\",\"url\":\"https:\/\/lamollla.com\/de\/\",\"logo\":{\"@type\":\"ImageObject\",\"inLanguage\":\"de\",\"@id\":\"https:\/\/lamollla.com\/de\/#\/schema\/logo\/image\/\",\"url\":\"https:\/\/lamollla.com\/wp-content\/uploads\/2020\/09\/logo-lamollla@2x.png\",\"contentUrl\":\"https:\/\/lamollla.com\/wp-content\/uploads\/2020\/09\/logo-lamollla@2x.png\",\"width\":968,\"height\":212,\"caption\":\"Soci\u00e9t\u00e9 Eolienne\"},\"image\":{\"@id\":\"https:\/\/lamollla.com\/de\/#\/schema\/logo\/image\/\"},\"sameAs\":[\"https:\/\/www.facebook.com\/TizianaRedavidAteliers\",\"https:\/\/www.instagram.com\/tizianaredavidesign\/\",\"https:\/\/www.pinterest.it\/tizianaredavid\/\"]}]}<\/script>\n<!-- \/ Yoast SEO plugin. -->","yoast_head_json":{"title":"R\u00fcckgabe- und Erstattungspolitik - la mollla\u00ae","robots":{"index":"index","follow":"follow","max-snippet":"max-snippet:-1","max-image-preview":"max-image-preview:large","max-video-preview":"max-video-preview:-1"},"canonical":"https:\/\/lamollla.com\/de\/return-and-refund-policy\/","og_locale":"de_DE","og_type":"article","og_title":"R\u00fcckgabe- und Erstattungspolitik - la mollla\u00ae","og_description":"Wir freuen uns sehr \u00fcber Ihr Interesse an unseren Produkten. Wir tun alles, was m\u00f6glich ist, um die Produkte in einwandfreiem Zustand zu liefern, und wir k\u00fcmmern uns um jede Phase, von der Produktion \u00fcber die Verpackung bis zum Versand, um dies zu erreichen. Daher erstatten oder ersetzen wir Artikel nur, wenn sie defekt oder ... Weiterlesen ...","og_url":"https:\/\/lamollla.com\/de\/return-and-refund-policy\/","og_site_name":"la mollla\u00ae","article_publisher":"https:\/\/www.facebook.com\/TizianaRedavidAteliers","article_modified_time":"2021-12-06T20:30:23+00:00","twitter_card":"summary_large_image","twitter_misc":{"Gesch\u00e4tzte Lesezeit":"1\u00a0Minute"},"schema":{"@context":"https:\/\/schema.org","@graph":[{"@type":"WebPage","@id":"https:\/\/lamollla.com\/de\/return-and-refund-policy\/","url":"https:\/\/lamollla.com\/de\/return-and-refund-policy\/","name":"R\u00fcckgabe- und Erstattungspolitik - la mollla\u00ae","isPartOf":{"@id":"https:\/\/lamollla.com\/de\/#website"},"datePublished":"2020-10-17T19:08:22+00:00","dateModified":"2021-12-06T20:30:23+00:00","breadcrumb":{"@id":"https:\/\/lamollla.com\/de\/return-and-refund-policy\/#breadcrumb"},"inLanguage":"de","potentialAction":[{"@type":"ReadAction","target":["https:\/\/lamollla.com\/de\/return-and-refund-policy\/"]}]},{"@type":"BreadcrumbList","@id":"https:\/\/lamollla.com\/de\/return-and-refund-policy\/#breadcrumb","itemListElement":[{"@type":"ListItem","position":1,"name":"Home","item":"https:\/\/lamollla.com\/de\/"},{"@type":"ListItem","position":2,"name":"R\u00fcckgabe- und Erstattungspolitik"}]},{"@type":"WebSite","@id":"https:\/\/lamollla.com\/de\/#website","url":"https:\/\/lamollla.com\/de\/","name":"la mollla\u00ae","description":"","publisher":{"@id":"https:\/\/lamollla.com\/de\/#organization"},"potentialAction":[{"@type":"SearchAction","target":{"@type":"EntryPoint","urlTemplate":"https:\/\/lamollla.com\/de\/?s={search_term_string}"},"query-input":{"@type":"PropertyValueSpecification","valueRequired":true,"valueName":"search_term_string"}}],"inLanguage":"de"},{"@type":"Organization","@id":"https:\/\/lamollla.com\/de\/#organization","name":"Soci\u00e9t\u00e9 Eolienne","url":"https:\/\/lamollla.com\/de\/","logo":{"@type":"ImageObject","inLanguage":"de","@id":"https:\/\/lamollla.com\/de\/#\/schema\/logo\/image\/","url":"https:\/\/lamollla.com\/wp-content\/uploads\/2020\/09\/logo-lamollla@2x.png","contentUrl":"https:\/\/lamollla.com\/wp-content\/uploads\/2020\/09\/logo-lamollla@2x.png","width":968,"height":212,"caption":"Soci\u00e9t\u00e9 Eolienne"},"image":{"@id":"https:\/\/lamollla.com\/de\/#\/schema\/logo\/image\/"},"sameAs":["https:\/\/www.facebook.com\/TizianaRedavidAteliers","https:\/\/www.instagram.com\/tizianaredavidesign\/","https:\/\/www.pinterest.it\/tizianaredavid\/"]}]}},"_links":{"self":[{"href":"https:\/\/lamollla.com\/de\/wp-json\/wp\/v2\/pages\/4662","targetHints":{"allow":["GET"]}}],"collection":[{"href":"https:\/\/lamollla.com\/de\/wp-json\/wp\/v2\/pages"}],"about":[{"href":"https:\/\/lamollla.com\/de\/wp-json\/wp\/v2\/types\/page"}],"author":[{"embeddable":true,"href":"https:\/\/lamollla.com\/de\/wp-json\/wp\/v2\/users\/1"}],"replies":[{"embeddable":true,"href":"https:\/\/lamollla.com\/de\/wp-json\/wp\/v2\/comments?post=4662"}],"version-history":[{"count":1,"href":"https:\/\/lamollla.com\/de\/wp-json\/wp\/v2\/pages\/4662\/revisions"}],"predecessor-version":[{"id":4882,"href":"https:\/\/lamollla.com\/de\/wp-json\/wp\/v2\/pages\/4662\/revisions\/4882"}],"wp:attachment":[{"href":"https:\/\/lamollla.com\/de\/wp-json\/wp\/v2\/media?parent=4662"}],"curies":[{"name":"wp","href":"https:\/\/api.w.org\/{rel}","templated":true}]}}