{"id":4648,"date":"2020-10-17T19:32:07","date_gmt":"2020-10-17T17:32:07","guid":{"rendered":"https:\/\/lamollla.com\/delivery-policy\/"},"modified":"2021-12-06T21:24:09","modified_gmt":"2021-12-06T20:24:09","slug":"delivery-policy","status":"publish","type":"page","link":"https:\/\/lamollla.com\/de\/delivery-policy\/","title":{"rendered":"Lieferpolitik"},"content":{"rendered":"\n<h2 class=\"wp-block-heading\">WIE LANGE BRAUCHT DIE LIEFERUNG?<\/h2>\n\n\n\n<p>Alle Bestellungen werden innerhalb von 3-5 Werktagen \u00fcber die franz\u00f6sische Post und Collissimo Formula bearbeitet und versandt. Wir werden unser Bestes tun, um Ihre Bestellung so schnell wie m\u00f6glich zu verpacken und an Sie zu verschicken!<br>Aufgrund der aktuellen Weltlage in Bezug auf COVID-19 kommt es bei allen Versandarten (international und national) zu Verz\u00f6gerungen.<br>Sie erhalten eine Auftragsbest\u00e4tigung per E-Mail, gefolgt von einer Versandbest\u00e4tigung mit Tracking-Nummer, wenn Ihre Ware auf dem Weg ist!<br>Sobald Ihre Bestellung versandt wurde und sich in den H\u00e4nden des Spediteurs befindet, m\u00fcssen wir mit Verz\u00f6gerungen bei Versand, Lieferung und Ankunftsdatum rechnen. Beim internationalen Versand kann es zu Verz\u00f6gerungen von bis zu 6 Wochen kommen.<\/p>\n\n\n\n<h2 class=\"wp-block-heading\">WOHIN LIEFERN SIE?<\/h2>\n\n\n\n<p>Wir liefern international.<\/p>\n\n\n\n<p>Due to our&nbsp;current world situation regarding COVID-19 all shipping (international and domestic) are experiencing delays and some countries have suspended shipping we reserve the right to cancel orders made from countries that we are unable to ship to during this time.<\/p>\n\n\n\n<h2 class=\"wp-block-heading\">F\u00dcR WELCHE VERSANDKOSTEN, GEB\u00dcHREN ODER STEUERN BIN ICH VERPFLICHTET?<\/h2>\n\n\n\n<p>K\u00e4ufer sind f\u00fcr alle Versandkosten verantwortlich, einschlie\u00dflich internationaler Zollgeb\u00fchren, Mehrwertsteuer oder Einfuhrsteuern. Jedes Land hat seine eigenen Gesetze und Vorschriften. Einfuhrz\u00f6lle, Steuern und Geb\u00fchren sind nicht im Artikelpreis oder in den Versandkosten enthalten. Sie werden f\u00fcr diese zus\u00e4tzlichen Kosten verantwortlich sein, wenn sie anwendbar sind. \u00a0\u00a0<br><\/p>\n","protected":false},"excerpt":{"rendered":"<p>WIE LANGE BRAUCHT DIE LIEFERUNG? Alle Bestellungen werden innerhalb von 3-5 Werktagen \u00fcber die franz\u00f6sische Post und Collissimo Formula bearbeitet und versandt. Wir werden unser Bestes tun, um Ihre Bestellung so schnell wie m\u00f6glich zu verpacken und an Sie zu verschicken!Aufgrund der aktuellen Weltlage in Bezug auf COVID-19 kommt es bei allen Versandarten (international und &#8230; <a title=\"Lieferpolitik\" class=\"read-more\" href=\"https:\/\/lamollla.com\/de\/delivery-policy\/\" aria-label=\"Mehr Informationen \u00fcber Lieferpolitik\">Weiterlesen &#8230;<\/a><\/p>\n","protected":false},"author":1,"featured_media":0,"parent":0,"menu_order":0,"comment_status":"closed","ping_status":"closed","template":"","meta":{"_uf_show_specific_survey":0,"_uf_disable_surveys":false,"footnotes":""},"class_list":["post-4648","page","type-page","status-publish"],"yoast_head":"<!-- This site is optimized with the Yoast SEO plugin v26.8 - https:\/\/yoast.com\/product\/yoast-seo-wordpress\/ -->\n<title>Lieferpolitik - la mollla\u00ae<\/title>\n<meta name=\"robots\" content=\"index, follow, max-snippet:-1, max-image-preview:large, max-video-preview:-1\" \/>\n<link rel=\"canonical\" href=\"https:\/\/lamollla.com\/de\/delivery-policy\/\" \/>\n<meta property=\"og:locale\" content=\"de_DE\" \/>\n<meta property=\"og:type\" content=\"article\" \/>\n<meta property=\"og:title\" content=\"Lieferpolitik - la mollla\u00ae\" \/>\n<meta property=\"og:description\" content=\"WIE LANGE BRAUCHT DIE LIEFERUNG? Alle Bestellungen werden innerhalb von 3-5 Werktagen \u00fcber die franz\u00f6sische Post und Collissimo Formula bearbeitet und versandt. Wir werden unser Bestes tun, um Ihre Bestellung so schnell wie m\u00f6glich zu verpacken und an Sie zu verschicken!Aufgrund der aktuellen Weltlage in Bezug auf COVID-19 kommt es bei allen Versandarten (international und ... Weiterlesen ...\" \/>\n<meta property=\"og:url\" content=\"https:\/\/lamollla.com\/de\/delivery-policy\/\" \/>\n<meta property=\"og:site_name\" content=\"la mollla\u00ae\" \/>\n<meta property=\"article:publisher\" content=\"https:\/\/www.facebook.com\/TizianaRedavidAteliers\" \/>\n<meta property=\"article:modified_time\" content=\"2021-12-06T20:24:09+00:00\" \/>\n<meta name=\"twitter:card\" content=\"summary_large_image\" \/>\n<meta name=\"twitter:label1\" content=\"Gesch\u00e4tzte Lesezeit\" \/>\n\t<meta name=\"twitter:data1\" content=\"1\u00a0Minute\" \/>\n<script type=\"application\/ld+json\" class=\"yoast-schema-graph\">{\"@context\":\"https:\/\/schema.org\",\"@graph\":[{\"@type\":\"WebPage\",\"@id\":\"https:\/\/lamollla.com\/de\/delivery-policy\/\",\"url\":\"https:\/\/lamollla.com\/de\/delivery-policy\/\",\"name\":\"Lieferpolitik - la mollla\u00ae\",\"isPartOf\":{\"@id\":\"https:\/\/lamollla.com\/de\/#website\"},\"datePublished\":\"2020-10-17T17:32:07+00:00\",\"dateModified\":\"2021-12-06T20:24:09+00:00\",\"breadcrumb\":{\"@id\":\"https:\/\/lamollla.com\/de\/delivery-policy\/#breadcrumb\"},\"inLanguage\":\"de\",\"potentialAction\":[{\"@type\":\"ReadAction\",\"target\":[\"https:\/\/lamollla.com\/de\/delivery-policy\/\"]}]},{\"@type\":\"BreadcrumbList\",\"@id\":\"https:\/\/lamollla.com\/de\/delivery-policy\/#breadcrumb\",\"itemListElement\":[{\"@type\":\"ListItem\",\"position\":1,\"name\":\"Home\",\"item\":\"https:\/\/lamollla.com\/de\/\"},{\"@type\":\"ListItem\",\"position\":2,\"name\":\"Lieferpolitik\"}]},{\"@type\":\"WebSite\",\"@id\":\"https:\/\/lamollla.com\/de\/#website\",\"url\":\"https:\/\/lamollla.com\/de\/\",\"name\":\"la mollla\u00ae\",\"description\":\"\",\"publisher\":{\"@id\":\"https:\/\/lamollla.com\/de\/#organization\"},\"potentialAction\":[{\"@type\":\"SearchAction\",\"target\":{\"@type\":\"EntryPoint\",\"urlTemplate\":\"https:\/\/lamollla.com\/de\/?s={search_term_string}\"},\"query-input\":{\"@type\":\"PropertyValueSpecification\",\"valueRequired\":true,\"valueName\":\"search_term_string\"}}],\"inLanguage\":\"de\"},{\"@type\":\"Organization\",\"@id\":\"https:\/\/lamollla.com\/de\/#organization\",\"name\":\"Soci\u00e9t\u00e9 Eolienne\",\"url\":\"https:\/\/lamollla.com\/de\/\",\"logo\":{\"@type\":\"ImageObject\",\"inLanguage\":\"de\",\"@id\":\"https:\/\/lamollla.com\/de\/#\/schema\/logo\/image\/\",\"url\":\"https:\/\/lamollla.com\/wp-content\/uploads\/2020\/09\/logo-lamollla@2x.png\",\"contentUrl\":\"https:\/\/lamollla.com\/wp-content\/uploads\/2020\/09\/logo-lamollla@2x.png\",\"width\":968,\"height\":212,\"caption\":\"Soci\u00e9t\u00e9 Eolienne\"},\"image\":{\"@id\":\"https:\/\/lamollla.com\/de\/#\/schema\/logo\/image\/\"},\"sameAs\":[\"https:\/\/www.facebook.com\/TizianaRedavidAteliers\",\"https:\/\/www.instagram.com\/tizianaredavidesign\/\",\"https:\/\/www.pinterest.it\/tizianaredavid\/\"]}]}<\/script>\n<!-- \/ Yoast SEO plugin. -->","yoast_head_json":{"title":"Lieferpolitik - la mollla\u00ae","robots":{"index":"index","follow":"follow","max-snippet":"max-snippet:-1","max-image-preview":"max-image-preview:large","max-video-preview":"max-video-preview:-1"},"canonical":"https:\/\/lamollla.com\/de\/delivery-policy\/","og_locale":"de_DE","og_type":"article","og_title":"Lieferpolitik - la mollla\u00ae","og_description":"WIE LANGE BRAUCHT DIE LIEFERUNG? Alle Bestellungen werden innerhalb von 3-5 Werktagen \u00fcber die franz\u00f6sische Post und Collissimo Formula bearbeitet und versandt. Wir werden unser Bestes tun, um Ihre Bestellung so schnell wie m\u00f6glich zu verpacken und an Sie zu verschicken!Aufgrund der aktuellen Weltlage in Bezug auf COVID-19 kommt es bei allen Versandarten (international und ... Weiterlesen ...","og_url":"https:\/\/lamollla.com\/de\/delivery-policy\/","og_site_name":"la mollla\u00ae","article_publisher":"https:\/\/www.facebook.com\/TizianaRedavidAteliers","article_modified_time":"2021-12-06T20:24:09+00:00","twitter_card":"summary_large_image","twitter_misc":{"Gesch\u00e4tzte Lesezeit":"1\u00a0Minute"},"schema":{"@context":"https:\/\/schema.org","@graph":[{"@type":"WebPage","@id":"https:\/\/lamollla.com\/de\/delivery-policy\/","url":"https:\/\/lamollla.com\/de\/delivery-policy\/","name":"Lieferpolitik - la mollla\u00ae","isPartOf":{"@id":"https:\/\/lamollla.com\/de\/#website"},"datePublished":"2020-10-17T17:32:07+00:00","dateModified":"2021-12-06T20:24:09+00:00","breadcrumb":{"@id":"https:\/\/lamollla.com\/de\/delivery-policy\/#breadcrumb"},"inLanguage":"de","potentialAction":[{"@type":"ReadAction","target":["https:\/\/lamollla.com\/de\/delivery-policy\/"]}]},{"@type":"BreadcrumbList","@id":"https:\/\/lamollla.com\/de\/delivery-policy\/#breadcrumb","itemListElement":[{"@type":"ListItem","position":1,"name":"Home","item":"https:\/\/lamollla.com\/de\/"},{"@type":"ListItem","position":2,"name":"Lieferpolitik"}]},{"@type":"WebSite","@id":"https:\/\/lamollla.com\/de\/#website","url":"https:\/\/lamollla.com\/de\/","name":"la mollla\u00ae","description":"","publisher":{"@id":"https:\/\/lamollla.com\/de\/#organization"},"potentialAction":[{"@type":"SearchAction","target":{"@type":"EntryPoint","urlTemplate":"https:\/\/lamollla.com\/de\/?s={search_term_string}"},"query-input":{"@type":"PropertyValueSpecification","valueRequired":true,"valueName":"search_term_string"}}],"inLanguage":"de"},{"@type":"Organization","@id":"https:\/\/lamollla.com\/de\/#organization","name":"Soci\u00e9t\u00e9 Eolienne","url":"https:\/\/lamollla.com\/de\/","logo":{"@type":"ImageObject","inLanguage":"de","@id":"https:\/\/lamollla.com\/de\/#\/schema\/logo\/image\/","url":"https:\/\/lamollla.com\/wp-content\/uploads\/2020\/09\/logo-lamollla@2x.png","contentUrl":"https:\/\/lamollla.com\/wp-content\/uploads\/2020\/09\/logo-lamollla@2x.png","width":968,"height":212,"caption":"Soci\u00e9t\u00e9 Eolienne"},"image":{"@id":"https:\/\/lamollla.com\/de\/#\/schema\/logo\/image\/"},"sameAs":["https:\/\/www.facebook.com\/TizianaRedavidAteliers","https:\/\/www.instagram.com\/tizianaredavidesign\/","https:\/\/www.pinterest.it\/tizianaredavid\/"]}]}},"_links":{"self":[{"href":"https:\/\/lamollla.com\/de\/wp-json\/wp\/v2\/pages\/4648","targetHints":{"allow":["GET"]}}],"collection":[{"href":"https:\/\/lamollla.com\/de\/wp-json\/wp\/v2\/pages"}],"about":[{"href":"https:\/\/lamollla.com\/de\/wp-json\/wp\/v2\/types\/page"}],"author":[{"embeddable":true,"href":"https:\/\/lamollla.com\/de\/wp-json\/wp\/v2\/users\/1"}],"replies":[{"embeddable":true,"href":"https:\/\/lamollla.com\/de\/wp-json\/wp\/v2\/comments?post=4648"}],"version-history":[{"count":1,"href":"https:\/\/lamollla.com\/de\/wp-json\/wp\/v2\/pages\/4648\/revisions"}],"predecessor-version":[{"id":4877,"href":"https:\/\/lamollla.com\/de\/wp-json\/wp\/v2\/pages\/4648\/revisions\/4877"}],"wp:attachment":[{"href":"https:\/\/lamollla.com\/de\/wp-json\/wp\/v2\/media?parent=4648"}],"curies":[{"name":"wp","href":"https:\/\/api.w.org\/{rel}","templated":true}]}}